{"id":11,"date":"2015-11-12T13:16:02","date_gmt":"2015-11-12T12:16:02","guid":{"rendered":"http:\/\/grupos.unileon.es\/encuentro-protocolo\/?page_id=11"},"modified":"2016-03-11T19:02:02","modified_gmt":"2016-03-11T18:02:02","slug":"objetivos-y-tematica-especifica-para-este-encuentro","status":"publish","type":"page","link":"https:\/\/grupos.unileon.es\/encuentro-protocolo\/","title":{"rendered":"Objetivos y tem\u00e1tica espec\u00edfica para este encuentro"},"content":{"rendered":"<p><a href=\"http:\/\/grupos.unileon.es\/encuentro-protocolo\/files\/2015\/11\/LOGOTIPO-DEFINITIVO.jpg\" rel=\"attachment wp-att-457\"><img loading=\"lazy\" decoding=\"async\" class=\"alignnone wp-image-457\" src=\"http:\/\/grupos.unileon.es\/encuentro-protocolo\/files\/2015\/11\/LOGOTIPO-DEFINITIVO-300x123.jpg\" alt=\"LOGOTIPO DEFINITIVO\" width=\"612\" height=\"251\" srcset=\"https:\/\/grupos.unileon.es\/encuentro-protocolo\/files\/2015\/11\/LOGOTIPO-DEFINITIVO-300x123.jpg 300w, https:\/\/grupos.unileon.es\/encuentro-protocolo\/files\/2015\/11\/LOGOTIPO-DEFINITIVO-768x314.jpg 768w, https:\/\/grupos.unileon.es\/encuentro-protocolo\/files\/2015\/11\/LOGOTIPO-DEFINITIVO-1024x419.jpg 1024w, https:\/\/grupos.unileon.es\/encuentro-protocolo\/files\/2015\/11\/LOGOTIPO-DEFINITIVO.jpg 1463w\" sizes=\"auto, (max-width: 612px) 100vw, 612px\" \/><\/a><\/p>\n<p style=\"text-align: justify;\" align=\"justify\">En la Asamblea General de la Asociaci\u00f3n para el Estudio y la Investigaci\u00f3n del Protocolo Universitario, que tuvo lugar en la sala del Senado del Rectorado de la Universidad Nova de Lisboa, se acord\u00f3 que la Universidad de Le\u00f3n acoger\u00eda, los d\u00edas 5, 6 y 7 de mayo de 2016, el <strong>XV Encuentro de Responsables de Protocolo <\/strong><strong>y Relaciones Institucionales de las Universidades <\/strong><strong>Espa\u00f1olas<\/strong> y el <strong>VII <\/strong><strong>Encuentro <\/strong><strong>Hispano-Luso de Protocolo Universitario.<\/strong><\/p>\n<p style=\"text-align: justify;\">En esta ocasi\u00f3n con el lema \u201c<strong>Otros Protocolos<\/strong>\u201d, se pretende abordar el protocolo acad\u00e9mico seguido en otros pa\u00edses o la presentaci\u00f3n de eventos en otras instituciones u organismos, p\u00fablicos o privados, con el objetivo de enriquecer los conocimientos y promover el intercambio de experiencias, para contribuir a la mejora de la capacitaci\u00f3n profesional de los participantes y estimular la colaboraci\u00f3n interuniversitaria.<\/p>\n<p style=\"text-align: justify;\">Por otra parte, como estos encuentros est\u00e1n dirigidos a todos aquellos profesionales responsables del protocolo, de las relaciones, de la comunicaci\u00f3n institucional y de la organizaci\u00f3n de eventos en el \u00e1mbito de las universidades espa\u00f1olas y portuguesas, se destinar\u00e1 una parte de las dos jornadas t\u00e9cnicas para presentar las ponencias, o cualquier otra actividad, que sean propuestas por los miembros de la Asociaci\u00f3n para el Estudio y la Investigaci\u00f3n del Protocolo Universitario.<\/p>\n<p style=\"text-align: justify;\"><a href=\"http:\/\/grupos.unileon.es\/encuentro-protocolo\/files\/2015\/11\/13C-LOGO-AIEPU.jpg\" rel=\"attachment wp-att-263\"><img loading=\"lazy\" decoding=\"async\" class=\"wp-image-263 alignright\" src=\"http:\/\/grupos.unileon.es\/encuentro-protocolo\/files\/2015\/11\/13C-LOGO-AIEPU.jpg\" alt=\"13C LOGO AIEPU\" width=\"240\" height=\"102\" \/><\/a><\/p>\n","protected":false},"excerpt":{"rendered":"<p>En la Asamblea General de la Asociaci\u00f3n para el Estudio y la Investigaci\u00f3n del Protocolo Universitario, que tuvo lugar en la sala del Senado del Rectorado de la Universidad Nova de Lisboa, se acord\u00f3 que la Universidad de Le\u00f3n acoger\u00eda, los d\u00edas 5, 6 y 7 de mayo de 2016, el XV Encuentro de Responsables [&hellip;]<\/p>\n","protected":false},"author":50,"featured_media":0,"parent":0,"menu_order":0,"comment_status":"closed","ping_status":"closed","template":"","meta":{"footnotes":""},"class_list":["post-11","page","type-page","status-publish","hentry"],"_links":{"self":[{"href":"https:\/\/grupos.unileon.es\/encuentro-protocolo\/wp-json\/wp\/v2\/pages\/11","targetHints":{"allow":["GET"]}}],"collection":[{"href":"https:\/\/grupos.unileon.es\/encuentro-protocolo\/wp-json\/wp\/v2\/pages"}],"about":[{"href":"https:\/\/grupos.unileon.es\/encuentro-protocolo\/wp-json\/wp\/v2\/types\/page"}],"author":[{"embeddable":true,"href":"https:\/\/grupos.unileon.es\/encuentro-protocolo\/wp-json\/wp\/v2\/users\/50"}],"replies":[{"embeddable":true,"href":"https:\/\/grupos.unileon.es\/encuentro-protocolo\/wp-json\/wp\/v2\/comments?post=11"}],"version-history":[{"count":14,"href":"https:\/\/grupos.unileon.es\/encuentro-protocolo\/wp-json\/wp\/v2\/pages\/11\/revisions"}],"predecessor-version":[{"id":459,"href":"https:\/\/grupos.unileon.es\/encuentro-protocolo\/wp-json\/wp\/v2\/pages\/11\/revisions\/459"}],"wp:attachment":[{"href":"https:\/\/grupos.unileon.es\/encuentro-protocolo\/wp-json\/wp\/v2\/media?parent=11"}],"curies":[{"name":"wp","href":"https:\/\/api.w.org\/{rel}","templated":true}]}}