{"id":15,"date":"2015-11-12T13:17:42","date_gmt":"2015-11-12T12:17:42","guid":{"rendered":"http:\/\/grupos.unileon.es\/encuentro-protocolo\/?page_id=15"},"modified":"2016-01-17T13:35:55","modified_gmt":"2016-01-17T12:35:55","slug":"informacion-de-leon-capital","status":"publish","type":"page","link":"https:\/\/grupos.unileon.es\/encuentro-protocolo\/informacion-de-leon-capital\/","title":{"rendered":"Informaci\u00f3n de Le\u00f3n capital"},"content":{"rendered":"<p style=\"text-align: justify;\">La ciudad de Le\u00f3n se encuentra situada en el centro del cuadrante Noroeste de la Pen\u00ednsula Ib\u00e9rica, que agrupa el occidente de la regi\u00f3n de Castilla y Le\u00f3n junto a las regiones de Cantabria, Asturias, Galicia y Norte de Portugal, ribere\u00f1as del oc\u00e9ano Atl\u00e1ntico. Se encuentran en el eje cultural del Camino de Santiago, que en su itinerario por la provincia de Le\u00f3n conecta n\u00facleos singulares como Sahag\u00fan, Astorga, Ponferrada y Villafranca del Bierzo.<\/p>\n<p style=\"text-align: justify;\">La ciudad de Le\u00f3n est\u00e1 situada en el territorio de la Meseta Norte y la cuenca del r\u00edo Duero, a unos 830 metros de altitud y participa de un clima mediterr\u00e1neo continental. Es capital de provincia, entidad que coincide con el propio distrito universitario, aunque en realidad su \u00e1rea de influencia alcanza al Norte de la provincia de Zamora y al Oeste de la de Palencia, lo que corresponde con el dominio de una subregi\u00f3n funcional de unos seiscientos mil habitantes. A una distancia no superior a 150 kil\u00f3metros se encuentran las ciudades de Oviedo (centro universitario y regional), Gij\u00f3n (centro balneario de playa), Palencia, Valladolid (centro universitario y regional) y Zamora.<\/p>\n<p style=\"text-align: justify;\"><a href=\"http:\/\/grupos.unileon.es\/encuentro-protocolo\/files\/2015\/11\/22A-SAN-MARCOS.jpg\" rel=\"attachment wp-att-251\"><img loading=\"lazy\" decoding=\"async\" class=\"wp-image-251 aligncenter\" src=\"http:\/\/grupos.unileon.es\/encuentro-protocolo\/files\/2015\/11\/22A-SAN-MARCOS-300x84.jpg\" alt=\"22A SAN MARCOS\" width=\"600\" height=\"168\" srcset=\"https:\/\/grupos.unileon.es\/encuentro-protocolo\/files\/2015\/11\/22A-SAN-MARCOS-300x84.jpg 300w, https:\/\/grupos.unileon.es\/encuentro-protocolo\/files\/2015\/11\/22A-SAN-MARCOS-768x215.jpg 768w, https:\/\/grupos.unileon.es\/encuentro-protocolo\/files\/2015\/11\/22A-SAN-MARCOS-1024x286.jpg 1024w, https:\/\/grupos.unileon.es\/encuentro-protocolo\/files\/2015\/11\/22A-SAN-MARCOS.jpg 1109w\" sizes=\"auto, (max-width: 600px) 100vw, 600px\" \/><\/a><\/p>\n<p style=\"text-align: justify;\">Le\u00f3n es prototipo de ciudad de tama\u00f1o medio, muy adecuada para una mejor calidad de vida urbana, con una poblaci\u00f3n municipal de 134.000 habitantes, si bien su \u00e1rea urbana (junto a los municipios lim\u00edtrofes con los que participa de la misma cuenca de empleo) se aproxima a los doscientos mil habitantes, con un dominio de las actividades terciarias, destacando entre ellas la comercial y administrativa. La ciudad est\u00e1 dotada de un centro hist\u00f3rico (el Casco Antiguo, donde destacan la Catedral, San Isidoro, varios palacios, Casa de Botines de Gaud\u00ed, plaza Mayor y calle Ancha, y los contrastes entre el barrio lev\u00edtico y el popular Barrio H\u00famedo), junto a un moderno centro (el Ensanche o entorno de la calle Ordo\u00f1o), en equilibrio y complementariedad funcional entre ambos centros. Pero la ciudad es tambi\u00e9n la periferia de barrios y pol\u00edgonos residenciales y de actividades, en alg\u00fan caso de alto valor simb\u00f3lico y patrimonial (San Marcos, Auditorio, MUSAC), los espacios ribere\u00f1os del Bernesga y Tor\u00edo y los numerosos n\u00facleos pr\u00f3ximos del alfoz (santuario y aeropuerto de la Virgen del Camino). La ciudad se encuentra relativamente pr\u00f3xima a n\u00facleos y parajes de alto valor patrimonial en su extenso espacio provincial en la Meseta (bodegas-restaurante, pa\u00eds de la Maragater\u00eda, vegas y campos), la ciudad episcopal de Astorga (conjunto de la Catedral y palacio de Gaud\u00ed) y la Monta\u00f1a cant\u00e1brica (Picos de Europa, estaciones de esqu\u00ed) o en la vecina regi\u00f3n de Asturias (la Costa verde del Cant\u00e1brico).<\/p>\n<p style=\"text-align: left;\"><a href=\"http:\/\/grupos.unileon.es\/encuentro-protocolo\/files\/2015\/11\/22C-MUSAC.jpg\" rel=\"attachment wp-att-242\"><img loading=\"lazy\" decoding=\"async\" class=\"wp-image-242 alignleft\" src=\"http:\/\/grupos.unileon.es\/encuentro-protocolo\/files\/2015\/11\/22C-MUSAC-300x69.jpg\" alt=\"22C MUSAC\" width=\"600\" height=\"138\" srcset=\"https:\/\/grupos.unileon.es\/encuentro-protocolo\/files\/2015\/11\/22C-MUSAC-300x69.jpg 300w, https:\/\/grupos.unileon.es\/encuentro-protocolo\/files\/2015\/11\/22C-MUSAC.jpg 750w\" sizes=\"auto, (max-width: 600px) 100vw, 600px\" \/><\/a><\/p>\n<p style=\"text-align: left;\">Informaci\u00f3n de inter\u00e9s:<\/p>\n<p><a href=\"http:\/\/www.turismoleon.org\/turismo\/leon-ciudad.php\">www.turismoleon.org\/turismo\/leon-ciudad.php<\/a><\/p>\n<p><a href=\"https:\/\/www.youtube.com\/embed\/nuKQ4NClGwI\">https:\/\/www.youtube.com\/embed\/nuKQ4NClGwI<\/a><\/p>\n","protected":false},"excerpt":{"rendered":"<p>La ciudad de Le\u00f3n se encuentra situada en el centro del cuadrante Noroeste de la Pen\u00ednsula Ib\u00e9rica, que agrupa el occidente de la regi\u00f3n de Castilla y Le\u00f3n junto a las regiones de Cantabria, Asturias, Galicia y Norte de Portugal, ribere\u00f1as del oc\u00e9ano Atl\u00e1ntico. Se encuentran en el eje cultural del Camino de Santiago, que [&hellip;]<\/p>\n","protected":false},"author":50,"featured_media":0,"parent":0,"menu_order":0,"comment_status":"closed","ping_status":"closed","template":"","meta":{"footnotes":""},"class_list":["post-15","page","type-page","status-publish","hentry"],"_links":{"self":[{"href":"https:\/\/grupos.unileon.es\/encuentro-protocolo\/wp-json\/wp\/v2\/pages\/15","targetHints":{"allow":["GET"]}}],"collection":[{"href":"https:\/\/grupos.unileon.es\/encuentro-protocolo\/wp-json\/wp\/v2\/pages"}],"about":[{"href":"https:\/\/grupos.unileon.es\/encuentro-protocolo\/wp-json\/wp\/v2\/types\/page"}],"author":[{"embeddable":true,"href":"https:\/\/grupos.unileon.es\/encuentro-protocolo\/wp-json\/wp\/v2\/users\/50"}],"replies":[{"embeddable":true,"href":"https:\/\/grupos.unileon.es\/encuentro-protocolo\/wp-json\/wp\/v2\/comments?post=15"}],"version-history":[{"count":18,"href":"https:\/\/grupos.unileon.es\/encuentro-protocolo\/wp-json\/wp\/v2\/pages\/15\/revisions"}],"predecessor-version":[{"id":262,"href":"https:\/\/grupos.unileon.es\/encuentro-protocolo\/wp-json\/wp\/v2\/pages\/15\/revisions\/262"}],"wp:attachment":[{"href":"https:\/\/grupos.unileon.es\/encuentro-protocolo\/wp-json\/wp\/v2\/media?parent=15"}],"curies":[{"name":"wp","href":"https:\/\/api.w.org\/{rel}","templated":true}]}}