{"id":17,"date":"2015-11-12T13:17:59","date_gmt":"2015-11-12T12:17:59","guid":{"rendered":"http:\/\/grupos.unileon.es\/encuentro-protocolo\/?page_id=17"},"modified":"2016-01-17T13:51:42","modified_gmt":"2016-01-17T12:51:42","slug":"informacion-de-leon-provincia","status":"publish","type":"page","link":"https:\/\/grupos.unileon.es\/encuentro-protocolo\/informacion-de-leon-provincia\/","title":{"rendered":"Informaci\u00f3n de Le\u00f3n provincia"},"content":{"rendered":"<p><em>Informaci\u00f3n de la Provincia de Le\u00f3n (<\/em><a href=\"http:\/\/www.turisleon.com\"><em>http:\/\/www.turisleon.com<\/em><\/a><em>)<\/em><\/p>\n<p style=\"text-align: justify;\">Le\u00f3n, cruce de rutas y caminos, tiene un formidable patrimonio hist\u00f3rico fruto de la sucesi\u00f3n de gentes que pisaron estas tierras. Astures, romanos, suevos, visigodos, \u00e1rabes, reinos cristianos&#8230; todos contribuyeron a escribir una historia cuyas huellas son palpables en el car\u00e1cter de sus actuales habitantes y en los monumentos que embellecen la provincia.<\/p>\n<p style=\"text-align: justify;\">Cada rinc\u00f3n incita a recorrer una ruta a trav\u00e9s de los tiempos. En ella descubriremos el patrimonio art\u00edstico y cultural que ha depositado la historia en las tierras leonesas, desde los primeros pobladores a las manifestaciones mas vanguardistas del siglo XXI.<\/p>\n<p style=\"text-align: justify;\"><a href=\"http:\/\/grupos.unileon.es\/encuentro-protocolo\/files\/2015\/11\/23A-ASTORGA.jpg\" rel=\"attachment wp-att-268\"><img loading=\"lazy\" decoding=\"async\" class=\"wp-image-268 aligncenter\" src=\"http:\/\/grupos.unileon.es\/encuentro-protocolo\/files\/2015\/11\/23A-ASTORGA-300x143.jpg\" alt=\"23A ASTORGA\" width=\"595\" height=\"284\" srcset=\"https:\/\/grupos.unileon.es\/encuentro-protocolo\/files\/2015\/11\/23A-ASTORGA-300x143.jpg 300w, https:\/\/grupos.unileon.es\/encuentro-protocolo\/files\/2015\/11\/23A-ASTORGA.jpg 625w\" sizes=\"auto, (max-width: 595px) 100vw, 595px\" \/><\/a><\/p>\n<p style=\"text-align: justify;\">La provincia de Le\u00f3n es una de\u00a0las\u00a0m\u00e1s extensas de Espa\u00f1a. A vista de p\u00e1jaro, su vasto territorio ense\u00f1a contrastes notables: las monta\u00f1as del norte y los llanos del sur, la fertilidad de El Bierzo y la dureza de la Maragater\u00eda. Sus rios, de dispar recorrido, configuran distintas \u00e1reas donde el paisaje es notablemente diverso, con variadas combinaciones de relieve, vegetaci\u00f3n y fauna que marcan tambi\u00e9n la vida de sus habitantes, su trabajo, sus costumbres y sus tradiciones.<\/p>\n<p style=\"text-align: justify;\">La diversidad paisaj\u00edstica de Le\u00f3n ha creado m\u00faltiples h\u00e1bitats, tan dispares como originales, peculiares e, incluso, \u00fanicos. En cada uno de ellos se encuentran especies animales y vegetales de gran valor. Desde los parajes casi v\u00edrgenes, donde perviven las especies aut\u00f3ctonas, hasta las tierras labradas por el hombre, la naturaleza leonesa ofrece en cada palmo una experiencia distinta.<\/p>\n<p style=\"text-align: justify;\">La provincia leonesa es tierra de gentes laboriosas que han forjado una historia de siglos. Desde las agrestes monta\u00f1as a las inmensas llanuras, r\u00edos, valles y bosques esconden un rico patrimonio adornado con leyendas y conquistas. Huellas del pasado m\u00e1s remoto se entremezclan con pinceladas del presente m\u00e1s moderno.<\/p>\n<p style=\"text-align: justify;\">La riqueza de la provincia de Le\u00f3n, de su historia, de sus pueblos y de sus gentes se debe sobre todo al importante cruce de caminos que atraviesan todo su territorio. Rutas que conducen al viajero por parajes de belleza natural, adornados por vestigios que perduran para la contemplaci\u00f3n. El Camino de Santiago, la Ruta de la Plata y la Ruta Transcant\u00e1brica son ejes que vertebran el paso de los siglos y permiten disfrutar al visitante de los ins\u00f3litos contrastes que ofrece la provincia.<\/p>\n<p style=\"text-align: justify;\"><a href=\"http:\/\/grupos.unileon.es\/encuentro-protocolo\/files\/2015\/11\/23B-CASTRILLO-DE-LOS-POLVAZARES.jpg\" rel=\"attachment wp-att-273\"><img loading=\"lazy\" decoding=\"async\" class=\"wp-image-273 aligncenter\" src=\"http:\/\/grupos.unileon.es\/encuentro-protocolo\/files\/2015\/11\/23B-CASTRILLO-DE-LOS-POLVAZARES-300x136.jpg\" alt=\"23B CASTRILLO DE LOS POLVAZARES\" width=\"591\" height=\"267\" srcset=\"https:\/\/grupos.unileon.es\/encuentro-protocolo\/files\/2015\/11\/23B-CASTRILLO-DE-LOS-POLVAZARES-300x136.jpg 300w, https:\/\/grupos.unileon.es\/encuentro-protocolo\/files\/2015\/11\/23B-CASTRILLO-DE-LOS-POLVAZARES-768x347.jpg 768w, https:\/\/grupos.unileon.es\/encuentro-protocolo\/files\/2015\/11\/23B-CASTRILLO-DE-LOS-POLVAZARES-1024x463.jpg 1024w, https:\/\/grupos.unileon.es\/encuentro-protocolo\/files\/2015\/11\/23B-CASTRILLO-DE-LOS-POLVAZARES.jpg 1072w\" sizes=\"auto, (max-width: 591px) 100vw, 591px\" \/><\/a><\/p>\n<p style=\"text-align: justify;\">El contraste orogr\u00e1fico de la provincia de Le\u00f3n ha dado pie a la conservaci\u00f3n de distintas arquitecturas tradicionales, tal vez de las m\u00e1s interesantes y variadas de Espa\u00f1a. Casas de piedra, adobe, h\u00f3rreos, pallozas, palomares, molinos\u2026, salpican cada rinc\u00f3n de los paisajes de la tierra leonesa.<\/p>\n<p style=\"text-align: justify;\">Durante todo el a\u00f1o, fiestas populares de reconocido prestigio salpican cada punto de la provincia. Son tradiciones que han echado ra\u00edces en esta tierra recia y grata, y que sirven de reclamo, tal vez de escusa, para acoger a propios y extra\u00f1os. Son muchas las romer\u00edas, vendimias, magostos, carnavales y celebraciones que animan el calendario. Tantas como localidades, de esp\u00edritu ancestral, las fiestas son, en muchas ocasiones, la manifestaci\u00f3n del agradecimiento por las buenas cosechas, en otras, expresi\u00f3n pura de la devoci\u00f3n y, en algunas, tan s\u00f3lo el disfrute de unas tradiciones que despiertan con orgullo del letargo de los siglos.<\/p>\n<p style=\"text-align: justify;\">Embutidos, carnes y pescados, legumbres, frutas, queso, hortalizas y dulces componen productos a los que se une la gran calidad y el saber hacer de los fogones. Cabe citar tantos platos como zonas, extensos y suculentos, desde la gastronom\u00eda de monta\u00f1a a la elaborada con las truchas de los numerosos r\u00edos que recorren la provincia. Esta es tierra de vinos y variados productos merecedores del sello de Denominaci\u00f3n de Origen, Indicaci\u00f3n Geogr\u00e1fica Protegida y Marca de Calidad.<\/p>\n<p style=\"text-align: justify;\">La privilegiada geograf\u00eda de la provincia permite la pr\u00e1ctica de numerosas y variadas actividades como el esqu\u00ed en las estaciones invernales de San Isidro y Leitariegos, deportes n\u00e1uticos en r\u00edos y pantanos, espeleolog\u00eda en impresionantes cuevas como las de Valporquero, barranquismo y escalada, equitaci\u00f3n, senderismo, etc, con empresas especializadas para atender cada oferta relacionada con el ocio y el deporte.<\/p>\n","protected":false},"excerpt":{"rendered":"<p>Informaci\u00f3n de la Provincia de Le\u00f3n (http:\/\/www.turisleon.com) Le\u00f3n, cruce de rutas y caminos, tiene un formidable patrimonio hist\u00f3rico fruto de la sucesi\u00f3n de gentes que pisaron estas tierras. Astures, romanos, suevos, visigodos, \u00e1rabes, reinos cristianos&#8230; todos contribuyeron a escribir una historia cuyas huellas son palpables en el car\u00e1cter de sus actuales habitantes y en los [&hellip;]<\/p>\n","protected":false},"author":50,"featured_media":0,"parent":0,"menu_order":0,"comment_status":"closed","ping_status":"closed","template":"","meta":{"footnotes":""},"class_list":["post-17","page","type-page","status-publish","hentry"],"_links":{"self":[{"href":"https:\/\/grupos.unileon.es\/encuentro-protocolo\/wp-json\/wp\/v2\/pages\/17","targetHints":{"allow":["GET"]}}],"collection":[{"href":"https:\/\/grupos.unileon.es\/encuentro-protocolo\/wp-json\/wp\/v2\/pages"}],"about":[{"href":"https:\/\/grupos.unileon.es\/encuentro-protocolo\/wp-json\/wp\/v2\/types\/page"}],"author":[{"embeddable":true,"href":"https:\/\/grupos.unileon.es\/encuentro-protocolo\/wp-json\/wp\/v2\/users\/50"}],"replies":[{"embeddable":true,"href":"https:\/\/grupos.unileon.es\/encuentro-protocolo\/wp-json\/wp\/v2\/comments?post=17"}],"version-history":[{"count":14,"href":"https:\/\/grupos.unileon.es\/encuentro-protocolo\/wp-json\/wp\/v2\/pages\/17\/revisions"}],"predecessor-version":[{"id":280,"href":"https:\/\/grupos.unileon.es\/encuentro-protocolo\/wp-json\/wp\/v2\/pages\/17\/revisions\/280"}],"wp:attachment":[{"href":"https:\/\/grupos.unileon.es\/encuentro-protocolo\/wp-json\/wp\/v2\/media?parent=17"}],"curies":[{"name":"wp","href":"https:\/\/api.w.org\/{rel}","templated":true}]}}