{"id":19,"date":"2015-11-12T13:18:26","date_gmt":"2015-11-12T12:18:26","guid":{"rendered":"http:\/\/grupos.unileon.es\/encuentro-protocolo\/?page_id=19"},"modified":"2016-01-31T14:55:50","modified_gmt":"2016-01-31T13:55:50","slug":"personal-de-protocolo-de-la-universidad","status":"publish","type":"page","link":"https:\/\/grupos.unileon.es\/encuentro-protocolo\/personal-de-protocolo-de-la-universidad\/","title":{"rendered":"Personal de protocolo de la Universidad"},"content":{"rendered":"<p style=\"text-align: justify;\"><strong>El Reglamento de Protocolo, S\u00edmbolos, Honores y Distinciones de la Universidad de Le\u00f3n, aprobado en Consejo de Gobierno de 14\/07\/2011:<\/strong><\/p>\n<p style=\"text-align: justify;\"><a href=\"http:\/\/www.protocolouniversitario.ua.es\/recursos\/ficheros\/reglamento_de_protocolo,_simbolos,_honores_y_distinciones_universidad_de_leon.pdf\">Reglamento de protocolo, simbolos, honores y distinciones<\/a><\/p>\n<p style=\"text-align: justify;\"><a href=\"http:\/\/grupos.unileon.es\/encuentro-protocolo\/files\/2015\/11\/31A-PROTOCOLO.jpg\" rel=\"attachment wp-att-281\"><img loading=\"lazy\" decoding=\"async\" class=\"wp-image-281 aligncenter\" src=\"http:\/\/grupos.unileon.es\/encuentro-protocolo\/files\/2015\/11\/31A-PROTOCOLO-300x93.jpg\" alt=\"31A PROTOCOLO\" width=\"597\" height=\"185\" srcset=\"https:\/\/grupos.unileon.es\/encuentro-protocolo\/files\/2015\/11\/31A-PROTOCOLO-300x93.jpg 300w, https:\/\/grupos.unileon.es\/encuentro-protocolo\/files\/2015\/11\/31A-PROTOCOLO-768x238.jpg 768w, https:\/\/grupos.unileon.es\/encuentro-protocolo\/files\/2015\/11\/31A-PROTOCOLO-1024x317.jpg 1024w, https:\/\/grupos.unileon.es\/encuentro-protocolo\/files\/2015\/11\/31A-PROTOCOLO.jpg 1182w\" sizes=\"auto, (max-width: 597px) 100vw, 597px\" \/><\/a><\/p>\n<p style=\"text-align: justify;\">Surge por el deseo de unificar,\u00a0simplificar y clarificar toda la reglamentaci\u00f3n relacionada con el protocolo de la Universidad de Le\u00f3n, que hasta ese momento se encontraba dispersa, as\u00ed como de actualizarla y adecuarla a la legalidad vigente. Constituye una aspiraci\u00f3n largamente sentida en la Universidad de Le\u00f3n, siendo necesario destacar que el presente Reglamento es deudor del esfuerzo reflejado en su d\u00eda en un Borrador preparado en el a\u00f1o 2005, que, como reflejo de la continuidad que preside la vida universitaria, ha servido como impulso inicial en la preparaci\u00f3n del presente cuerpo normativo. En la medida en que cumple con el cometido mencionado \u2013de unificar, simplificar y clarificar sus disposiciones-, puede afirmarse que el presente Reglamento constituye una refundici\u00f3n, debidamente actualizada, de todo aquello que se ha considerado oportuno conservar, de modo tal que, lejos de ser fruto de la improvisaci\u00f3n, cabe destacar, por el contrario, que la regulaci\u00f3n obtenida es fruto de larga reflexi\u00f3n. Pero adem\u00e1s es justo reconocer que el presente Reglamento excede con mucho de su consideraci\u00f3n como un simple texto refundido, por cuanto es fruto, adem\u00e1s, de dos voluntades a\u00f1adidas: una, la de modificar todas aquellas disposiciones que han ido mostrando, con el paso del tiempo, alg\u00fan tipo de disfunci\u00f3n en la pr\u00e1ctica; y otra, la de colmar las lagunas y las imprecisiones que ven\u00edan suscitando dudas al respecto.<\/p>\n<p style=\"text-align: justify;\"><a href=\"http:\/\/grupos.unileon.es\/encuentro-protocolo\/files\/2015\/11\/31C-PROTOCOLO.jpg\" rel=\"attachment wp-att-293\"><img loading=\"lazy\" decoding=\"async\" class=\"wp-image-293 aligncenter\" src=\"http:\/\/grupos.unileon.es\/encuentro-protocolo\/files\/2015\/11\/31C-PROTOCOLO-300x121.jpg\" alt=\"31C PROTOCOLO\" width=\"600\" height=\"242\" srcset=\"https:\/\/grupos.unileon.es\/encuentro-protocolo\/files\/2015\/11\/31C-PROTOCOLO-300x121.jpg 300w, https:\/\/grupos.unileon.es\/encuentro-protocolo\/files\/2015\/11\/31C-PROTOCOLO-768x309.jpg 768w, https:\/\/grupos.unileon.es\/encuentro-protocolo\/files\/2015\/11\/31C-PROTOCOLO-1024x412.jpg 1024w, https:\/\/grupos.unileon.es\/encuentro-protocolo\/files\/2015\/11\/31C-PROTOCOLO.jpg 1158w\" sizes=\"auto, (max-width: 600px) 100vw, 600px\" \/><\/a>El protocolo acad\u00e9mico universitario depende org\u00e1nicamente de la Secretar\u00eda General en todos los procesos de soporte necesarios para su desarrollo b\u00e1sico, con el apoyo espec\u00edfico y personal del Jefe de Protocolo y Maestro de Ceremonias para los actos solemnes acad\u00e9micos, que ha sido asimilado, desde la fundaci\u00f3n de la Universidad de Le\u00f3n en 1979, por el Prof. E. de Luis Calabuig.<\/p>\n<p style=\"text-align: justify;\">Queda reflejado en los siguientes T\u00edtulos:<\/p>\n<p style=\"text-align: justify;\">Primero: <strong>De las Precedencias en los actos acad\u00e9micos<\/strong><\/p>\n<p style=\"text-align: justify;\">Segundo: <strong>De los S\u00edmbolos<\/strong><\/p>\n<p style=\"text-align: justify;\">Tercero: <strong>De los Honores y Distinciones<\/strong><\/p>\n<p style=\"text-align: justify;\">Cuarto: <strong>Del ceremonial de los actos acad\u00e9micos<\/strong><\/p>\n<p style=\"text-align: justify;\">Quinto: <strong>Del uso del traje acad\u00e9mico y de las insignias y condecoraciones<\/strong><\/p>\n<p style=\"text-align: justify;\">Se complementa con todas las actividades inherentes a las relaciones institucionales de la Universidad, justificadas en las actuaciones protocolarias directamente fijadas por el Rector, con el apoyo de un gabinete espec\u00edfico, y las desarrolladas por todo el equipo directivo, fundamentalmente el Vicerrectorado de Relaciones Internacionales e Institucionales. La estructura org\u00e1nica y administrativa que soporta su desarrollo, y vela por su seguimiento, depende en definitiva del Rector, pero con responsabilidad directa en la Secretar\u00eda General, que vehicula y coordina las diferentes vertientes que suponen las actuaciones, con el apoyo administrativo de la Unidad de Rectorado<\/p>\n<p style=\"text-align: justify;\"><a href=\"http:\/\/grupos.unileon.es\/encuentro-protocolo\/files\/2015\/11\/31D-PROTOCOLO.jpg\" rel=\"attachment wp-att-303\"><br \/>\n<\/a><a href=\"http:\/\/grupos.unileon.es\/encuentro-protocolo\/files\/2015\/11\/31D-PROTOCOLO-1.jpg\" rel=\"attachment wp-att-337\"><img loading=\"lazy\" decoding=\"async\" class=\"wp-image-337 aligncenter\" src=\"http:\/\/grupos.unileon.es\/encuentro-protocolo\/files\/2015\/11\/31D-PROTOCOLO-1-300x169.jpg\" alt=\"31D PROTOCOLO\" width=\"608\" height=\"342\" srcset=\"https:\/\/grupos.unileon.es\/encuentro-protocolo\/files\/2015\/11\/31D-PROTOCOLO-1-300x169.jpg 300w, https:\/\/grupos.unileon.es\/encuentro-protocolo\/files\/2015\/11\/31D-PROTOCOLO-1-768x431.jpg 768w, https:\/\/grupos.unileon.es\/encuentro-protocolo\/files\/2015\/11\/31D-PROTOCOLO-1-1024x575.jpg 1024w, https:\/\/grupos.unileon.es\/encuentro-protocolo\/files\/2015\/11\/31D-PROTOCOLO-1.jpg 1150w\" sizes=\"auto, (max-width: 608px) 100vw, 608px\" \/><\/a><\/p>\n","protected":false},"excerpt":{"rendered":"<p>El Reglamento de Protocolo, S\u00edmbolos, Honores y Distinciones de la Universidad de Le\u00f3n, aprobado en Consejo de Gobierno de 14\/07\/2011: Reglamento de protocolo, simbolos, honores y distinciones Surge por el deseo de unificar,\u00a0simplificar y clarificar toda la reglamentaci\u00f3n relacionada con el protocolo de la Universidad de Le\u00f3n, que hasta ese momento se encontraba dispersa, as\u00ed [&hellip;]<\/p>\n","protected":false},"author":50,"featured_media":0,"parent":0,"menu_order":0,"comment_status":"closed","ping_status":"closed","template":"","meta":{"footnotes":""},"class_list":["post-19","page","type-page","status-publish","hentry"],"_links":{"self":[{"href":"https:\/\/grupos.unileon.es\/encuentro-protocolo\/wp-json\/wp\/v2\/pages\/19","targetHints":{"allow":["GET"]}}],"collection":[{"href":"https:\/\/grupos.unileon.es\/encuentro-protocolo\/wp-json\/wp\/v2\/pages"}],"about":[{"href":"https:\/\/grupos.unileon.es\/encuentro-protocolo\/wp-json\/wp\/v2\/types\/page"}],"author":[{"embeddable":true,"href":"https:\/\/grupos.unileon.es\/encuentro-protocolo\/wp-json\/wp\/v2\/users\/50"}],"replies":[{"embeddable":true,"href":"https:\/\/grupos.unileon.es\/encuentro-protocolo\/wp-json\/wp\/v2\/comments?post=19"}],"version-history":[{"count":30,"href":"https:\/\/grupos.unileon.es\/encuentro-protocolo\/wp-json\/wp\/v2\/pages\/19\/revisions"}],"predecessor-version":[{"id":341,"href":"https:\/\/grupos.unileon.es\/encuentro-protocolo\/wp-json\/wp\/v2\/pages\/19\/revisions\/341"}],"wp:attachment":[{"href":"https:\/\/grupos.unileon.es\/encuentro-protocolo\/wp-json\/wp\/v2\/media?parent=19"}],"curies":[{"name":"wp","href":"https:\/\/api.w.org\/{rel}","templated":true}]}}