{"id":21,"date":"2015-11-12T13:18:46","date_gmt":"2015-11-12T12:18:46","guid":{"rendered":"http:\/\/grupos.unileon.es\/encuentro-protocolo\/?page_id=21"},"modified":"2016-03-31T09:04:19","modified_gmt":"2016-03-31T08:04:19","slug":"coordinacion-del-encuentro","status":"publish","type":"page","link":"https:\/\/grupos.unileon.es\/encuentro-protocolo\/coordinacion-del-encuentro\/","title":{"rendered":"Coordinaci\u00f3n del encuentro"},"content":{"rendered":"<p style=\"text-align: justify;\"><img loading=\"lazy\" decoding=\"async\" class=\"alignleft wp-image-1774\" style=\"margin: 10px 15px 5px 5px; float: left;\" src=\"http:\/\/grupos.unileon.es\/encuentro-protocolo\/files\/2015\/11\/COORDINADOR-2.jpg\" alt=\"\" width=\"229\" height=\"366\" \/><br \/>\nLa coordinaci\u00f3n del encuentro estar\u00e1 a cargo del Profesor Estanislao de Luis Calabuig, Maestro de Ceremonias de la Universidad de Le\u00f3n.<\/p>\n<p style=\"text-align: justify;\">El Prof. Luis Calabuig es Catedr\u00e1tico de Ecolog\u00eda y realiza su actividad acad\u00e9mica en la Facultad de Ciencias Biol\u00f3gicas y Ambientales, y en el Instituto de Medio Ambiente y Recursos Naturales de la Universidad de Le\u00f3n, e igualmente es investigador en el Instituto de Ecolog\u00eda y Ciencias Ambientales (IECA) de la Facultad de Ciencias de la Universidad de la Rep\u00fablica del Uruguay, como Profesor Titular de C\u00e1tedra. Es premio Castilla y Le\u00f3n de Protecci\u00f3n del Medio Ambiente en 2005 a t\u00edtulo personal y a los Valores Humanos en 2011 a t\u00edtulo colectivo.<\/p>\n<p style=\"text-align: justify;\">Lleva ocupando el cargo de Jefe de Protocolo en los Actos Acad\u00e9micos Solemnes de la Universidad de Le\u00f3n, como Maestro de Ceremonias, desde su fundaci\u00f3n en 1979, ininterrump\u00eddamente durante los mandatos de todos los Rectores, como cargo de confianza.<\/p>\n<p style=\"text-align: justify;\">Es autor y ponente principal del Reglamento de Protocolo, S\u00edmbolos, Honores y Distinciones de la Universidad de Le\u00f3n, aprobado en Consejo de Gobierno del 14 de julio del a\u00f1o 2011.<\/p>\n<p style=\"text-align: justify;\">Miembro y representante de la Universidad de Le\u00f3n en la Asociaci\u00f3n para el Estudio y la Investigaci\u00f3n del Protocolo Universitario, asociaci\u00f3n que agrupa a los profesionales que desarrollan su actividad en los Servicios y \u00c1reas de Protocolo y Relaciones Institucionales de las Universidades Espa\u00f1olas.<\/p>\n<p style=\"text-align: justify;\">En el XII Encuentro de responsables de Protocolo y Relaciones Institucionales de las Universidades Espa\u00f1olas y IV Encuentro Hispano-Luso de Protocolo Universitario, celebrado en Barcelona en 2013, sobre La Identidad Universitaria en el siglo XXI, present\u00f3 la ponencia \u00abInvestidura de Doctor Honoris Causa: Estudio comparativo\u00bb.<\/p>\n<p style=\"text-align: justify;\">En el XIV Encuentro de responsables de Protocolo y Relaciones Institucionales de las Universidades Espa\u00f1olas y VI Encuentro Hispano-Luso de Protocolo Universitario, celebrado en Lisboa en 2015, sobre Tradici\u00f3n y Modernidad en el Protocolo y en la Comunicaci\u00f3n Institucional, present\u00f3 la ponencia \u00abMantener la tradici\u00f3n. Un reto en \u00e9poca de cambios\u00bb.<\/p>\n<p style=\"text-align: justify;\">Actualmente es Co-coordinador del grupo de trabajo sobre \u201cEl estudio comparativo del protocolo seguido en las diferentes Comunidades Aut\u00f3nomas en la Apertura del Curso Acad\u00e9mico Universitario\u201d, como representante de la Asociaci\u00f3n para el estudio y la Investigaci\u00f3n del Protocolo Universitario, en el Grupo de Trabajo del Protocolo y Relaciones Institucionales de la Comisi\u00f3n Sectorial de Comunicaci\u00f3n de la CRUE.<\/p>\n<p style=\"text-align: justify;\">Profesor del curso de Extensi\u00f3n Universitaria sobre Protocolo, en el m\u00f3dulo correspondiente al Protocolo Universitario, impartido en la Universidad de Le\u00f3n.<\/p>\n<p style=\"text-align: justify;\">Maestro de Ceremonias de la Muy Ilustre Real e Imperial Orden y Cofrad\u00eda del Milagroso Pend\u00f3n de San Isidoro de Le\u00f3n (fundada en 1147), desde 2012, habiendo ocupado con anterioridad el Cargo de Teniente Maestro de Ceremonias desde 2004.<\/p>\n","protected":false},"excerpt":{"rendered":"<p>La coordinaci\u00f3n del encuentro estar\u00e1 a cargo del Profesor Estanislao de Luis Calabuig, Maestro de Ceremonias de la Universidad de Le\u00f3n. El Prof. Luis Calabuig es Catedr\u00e1tico de Ecolog\u00eda y realiza su actividad acad\u00e9mica en la Facultad de Ciencias Biol\u00f3gicas y Ambientales, y en el Instituto de Medio Ambiente y Recursos Naturales de la Universidad [&hellip;]<\/p>\n","protected":false},"author":50,"featured_media":0,"parent":0,"menu_order":0,"comment_status":"closed","ping_status":"closed","template":"","meta":{"footnotes":""},"class_list":["post-21","page","type-page","status-publish","hentry"],"_links":{"self":[{"href":"https:\/\/grupos.unileon.es\/encuentro-protocolo\/wp-json\/wp\/v2\/pages\/21","targetHints":{"allow":["GET"]}}],"collection":[{"href":"https:\/\/grupos.unileon.es\/encuentro-protocolo\/wp-json\/wp\/v2\/pages"}],"about":[{"href":"https:\/\/grupos.unileon.es\/encuentro-protocolo\/wp-json\/wp\/v2\/types\/page"}],"author":[{"embeddable":true,"href":"https:\/\/grupos.unileon.es\/encuentro-protocolo\/wp-json\/wp\/v2\/users\/50"}],"replies":[{"embeddable":true,"href":"https:\/\/grupos.unileon.es\/encuentro-protocolo\/wp-json\/wp\/v2\/comments?post=21"}],"version-history":[{"count":22,"href":"https:\/\/grupos.unileon.es\/encuentro-protocolo\/wp-json\/wp\/v2\/pages\/21\/revisions"}],"predecessor-version":[{"id":323,"href":"https:\/\/grupos.unileon.es\/encuentro-protocolo\/wp-json\/wp\/v2\/pages\/21\/revisions\/323"}],"wp:attachment":[{"href":"https:\/\/grupos.unileon.es\/encuentro-protocolo\/wp-json\/wp\/v2\/media?parent=21"}],"curies":[{"name":"wp","href":"https:\/\/api.w.org\/{rel}","templated":true}]}}