{"id":31,"date":"2015-11-12T13:20:33","date_gmt":"2015-11-12T12:20:33","guid":{"rendered":"http:\/\/grupos.unileon.es\/encuentro-protocolo\/?page_id=31"},"modified":"2016-04-20T11:23:04","modified_gmt":"2016-04-20T10:23:04","slug":"programa","status":"publish","type":"page","link":"https:\/\/grupos.unileon.es\/encuentro-protocolo\/programa\/","title":{"rendered":"Actividades acad\u00e9micas"},"content":{"rendered":"<h2><strong>VII ENCUENTRO HISPANO-LUSO DE PROTOCOLO UNIVERSITARIO<\/strong><\/h2>\n<h2><strong>XV ENCUENTRO DE RESPONSABLES DE PROTOCOLO Y RELACIONES INSTITUCIONALES DE LAS UNIVERSIDADES ESPA\u00d1OLAS<\/strong><\/h2>\n<p><strong><em>\u201cOTROS PROTOCOLOS\u201d<\/em><\/strong><\/p>\n<p><strong>Jueves 5 de mayo de 2016<\/strong><\/p>\n<p><strong>Rectorado de la Universidad de Le\u00f3n. Edificio El Albeitar. Sala Gord\u00f3n Ord\u00e1s.<\/strong><\/p>\n<p><strong><a href=\"http:\/\/grupos.unileon.es\/encuentro-protocolo\/files\/2015\/11\/SALA-GORD\u00d3N-ORD\u00c1S.jpg\" rel=\"attachment wp-att-305\"><img loading=\"lazy\" decoding=\"async\" class=\"wp-image-305 aligncenter\" src=\"http:\/\/grupos.unileon.es\/encuentro-protocolo\/files\/2015\/11\/SALA-GORD\u00d3N-ORD\u00c1S-300x83.jpg\" alt=\"SALA GORD\u00d3N ORD\u00c1S\" width=\"571\" height=\"158\" srcset=\"https:\/\/grupos.unileon.es\/encuentro-protocolo\/files\/2015\/11\/SALA-GORD\u00d3N-ORD\u00c1S-300x83.jpg 300w, https:\/\/grupos.unileon.es\/encuentro-protocolo\/files\/2015\/11\/SALA-GORD\u00d3N-ORD\u00c1S-768x213.jpg 768w, https:\/\/grupos.unileon.es\/encuentro-protocolo\/files\/2015\/11\/SALA-GORD\u00d3N-ORD\u00c1S-1024x285.jpg 1024w, https:\/\/grupos.unileon.es\/encuentro-protocolo\/files\/2015\/11\/SALA-GORD\u00d3N-ORD\u00c1S.jpg 1367w\" sizes=\"auto, (max-width: 571px) 100vw, 571px\" \/><\/a><\/strong><\/p>\n<table>\n<tbody>\n<tr>\n<td width=\"133\">09:00 &#8211; 10:00<\/td>\n<td width=\"443\"><strong><em>Bienvenida y entrega de documentaci\u00f3n<\/em><\/strong><\/td>\n<\/tr>\n<tr>\n<td width=\"133\">10:00 &#8211; 10:30<\/td>\n<td width=\"443\"><strong><em>Inauguraci\u00f3n oficial del Encuentro<\/em><\/strong><\/td>\n<\/tr>\n<tr>\n<td width=\"133\">10:30 &#8211; 11:30<\/td>\n<td width=\"443\"><strong><em>Sesi\u00f3n de ponencias I. Protocolos\u00a0en Universidades de otros\u00a0<\/em><\/strong><b><i>pa\u00edses\u00a0<\/i><\/b><\/p>\n<h5><strong>1.- Atribui\u00e7ao do t\u00edtulo de Doutor Honoris causa na Universidade \u00a0Portuguesa.<\/strong><\/h5>\n<h4><em>Ponente: Fernanda Mart\u00ednez Cabanelas\u00a0Ant\u00e3o<\/em><\/h4>\n<h5><strong>2.- Doctorado\u00a0Honoris Causa a la francesa.\u00a0<\/strong><\/h5>\n<h4><em>\u00a0 \u00a0 \u00a0Ponente: Hermenegildo L\u00f3pez Gonz\u00e1lez\u00a0<\/em><\/h4>\n<\/td>\n<\/tr>\n<tr>\n<td width=\"133\">11:30 &#8211; 12:00<\/td>\n<td width=\"443\"><em>Descanso<\/em><\/td>\n<\/tr>\n<tr>\n<td width=\"133\">12:00 &#8211; 13:30<\/td>\n<td width=\"443\"><strong><em>Sesi\u00f3n de ponencias II. Protocolos en Universidades de otros pa\u00edses\u00a0<\/em><\/strong><\/p>\n<h5><strong>3.- Protocolo Honoris Causa en las Universidades Brit\u00e1nicas.\u00a0<\/strong><\/h5>\n<h4><em>\u00a0 \u00a0 \u00a0Ponente: Jer\u00f3nimo Hern\u00e1ndez de Castro<\/em><\/h4>\n<h5><strong>4.- Del Templo al Estrado: Ritual, respeto y referencia en el Protocolo imperial y popular de China.<\/strong><\/h5>\n<h4><em>\u00a0 \u00a0 \u00a0Ponente: Juan Lanero Fern\u00e1ndez<\/em><\/h4>\n<p>Coloquio sesiones I y II<\/td>\n<\/tr>\n<tr>\n<td width=\"133\">13:30 &#8211; 15:00<\/td>\n<td width=\"443\"><em>Comida<\/em><\/td>\n<\/tr>\n<tr>\n<td width=\"133\">15:00 \u2013 17:00<\/td>\n<td width=\"443\"><strong><em>Sesi\u00f3n de Ponencias III: Miembros de la Asociaci\u00f3n<\/em><\/strong><\/p>\n<h5><strong>5.- XX Aniversario de la Asociaci\u00f3n para el Estudio y la Investigaci\u00f3n del Protocolo Universitario.\u00a0<\/strong><\/h5>\n<h4><em>\u00a0 \u00a0 \u00a0Ponentes: Alba Nasarre Vicente, Francisca Saravia Gonz\u00e1lez, Sagrario Grijalba Serrapio y Joaqu\u00edn Hern\u00e1ndez Arcas<\/em><\/h4>\n<h5><strong>6.- Presentaci\u00f3n de un estudio de la situaci\u00f3n actual de los puestos de trabajo encargados de la gesti\u00f3n del protocolo y las relaciones institucionales en las Universidades espa\u00f1olas.\u00a0<\/strong><\/h5>\n<h4><em>\u00a0 \u00a0 \u00a0Ponentes: Alfonso D\u00edaz Bezanilla y Joaqu\u00edn Hern\u00e1ndez Arcas.<\/em><\/h4>\n<h5><strong>7.- Apertura del Curso Acad\u00e9mico Universitario en las Comunidades Aut\u00f3nomas: estudio comparado.\u00a0<\/strong><\/h5>\n<h4><em>\u00a0 \u00a0 \u00a0Ponentes: Estanislao de Luis Calabuig y Sagrario Grijalba Serrapio<\/em><\/h4>\n<p>Coloquio sesi\u00f3n III<\/td>\n<\/tr>\n<tr>\n<td width=\"133\">17:30 &#8211; 20:00<\/td>\n<td width=\"443\"><strong><em>Actividades culturales<\/em><\/strong><\/p>\n<p><em>Recepci\u00f3n en el Ayuntamiento de Le\u00f3n y visita de la Ciudad<\/em><\/td>\n<\/tr>\n<tr>\n<td width=\"133\">21:00 &#8211; 23:00<\/td>\n<td width=\"443\">De tapas por El H\u00famedo y el Barrio Rom\u00e1ntico<\/td>\n<\/tr>\n<\/tbody>\n<\/table>\n<p><strong>Viernes 6 de mayo de 2016<\/strong><\/p>\n<p><a href=\"http:\/\/grupos.unileon.es\/encuentro-protocolo\/files\/2015\/11\/SALA-DE-JUNTAS.jpg\" rel=\"attachment wp-att-310\"><img loading=\"lazy\" decoding=\"async\" class=\"wp-image-310 aligncenter\" src=\"http:\/\/grupos.unileon.es\/encuentro-protocolo\/files\/2015\/11\/SALA-DE-JUNTAS-300x79.jpg\" alt=\"SALA DE JUNTAS\" width=\"562\" height=\"148\" srcset=\"https:\/\/grupos.unileon.es\/encuentro-protocolo\/files\/2015\/11\/SALA-DE-JUNTAS-300x79.jpg 300w, https:\/\/grupos.unileon.es\/encuentro-protocolo\/files\/2015\/11\/SALA-DE-JUNTAS-768x202.jpg 768w, https:\/\/grupos.unileon.es\/encuentro-protocolo\/files\/2015\/11\/SALA-DE-JUNTAS.jpg 995w\" sizes=\"auto, (max-width: 562px) 100vw, 562px\" \/><\/a><\/p>\n<table>\n<tbody>\n<tr>\n<td width=\"102\">09:00 -10:00<\/td>\n<td width=\"475\"><em>Asamblea General de la Asociaci\u00f3n para el Estudio y la Investigaci\u00f3n del Protocolo Universitario. Sala de Juntas del Rectorado.<\/em><\/td>\n<\/tr>\n<tr>\n<td width=\"102\">10:00 &#8211; 10:30<\/td>\n<td width=\"475\"><em>Descanso<\/em><\/td>\n<\/tr>\n<tr>\n<td width=\"102\">10:30 &#8211; 11:30<\/td>\n<td width=\"475\"><strong><em>Sesi\u00f3n de Ponencias IV. Talleres de trabajo<\/em><\/strong><\/p>\n<h5><strong>8.- El ceremonial de los Actos Acad\u00e9micos solemnes en la Universidad de Le\u00f3n.<\/strong><\/h5>\n<h4>\u00a0 \u00a0<em> \u00a0Ponente: Estanislao de Luis Calabuig<\/em><\/h4>\n<\/td>\n<\/tr>\n<tr>\n<td width=\"102\">11:30 &#8211; 12:00<\/td>\n<td width=\"475\"><em>Descanso<\/em><\/td>\n<\/tr>\n<tr>\n<td width=\"102\">12:00 &#8211; 13:30<\/td>\n<td width=\"475\"><strong><em>Sesi\u00f3n de Ponencias V. Talleres de trabajo<\/em><\/strong><\/p>\n<h5><strong>9.- Los colores del traje acad\u00e9mico: El protocolo como elemento de racionalidad.\u00a0<\/strong><\/h5>\n<h4>\u00a0 \u00a0 \u00a0<em>Ponente: Juan Jos\u00e9 Fern\u00e1ndez Dom\u00ednguez<\/em><\/h4>\n<h5><strong>10.- Taller sobre la problem\u00e1tica actual con los colores de los trajes acad\u00e9micos y las nuevas titulaciones.<\/strong><\/h5>\n<h4>\u00a0 <em>\u00a0 \u00a0Ponentes: Laura S\u00e1nchez S\u00e1nchez y Paloma N\u00fa\u00f1ez L\u00f3pez.<\/em><\/h4>\n<p>Coloquio sesiones IV y V<\/td>\n<\/tr>\n<tr>\n<td width=\"102\">13:30 &#8211; 15:00<\/td>\n<td width=\"475\"><em>Comida<\/em><\/td>\n<\/tr>\n<tr>\n<td width=\"102\">15:00 \u201317:00<\/td>\n<td width=\"475\"><strong><em>Sesi\u00f3n de ponencias. Protocolos Institucionales (VI)<\/em><\/strong><\/p>\n<h5><strong>11.-\u00a0Aproximaci\u00f3n al protocolo y ceremonial militar.<\/strong><\/h5>\n<h4><em>\u00a0 \u00a0 \u00a0Ponente: F\u00e9lix Santos Alvarez<\/em><\/h4>\n<h5><strong>12.- Protocolo Corporativo en la Empresa Mercantil.<\/strong><\/h5>\n<h4><em>\u00a0 \u00a0 \u00a0Ponente: Cristina de la Vega Guerrero<\/em><\/h4>\n<h5><strong>13.-\u00a0<\/strong><strong>La Semana Santa de Le\u00f3n:\u00a0<\/strong><strong>Un protocolo con m\u00e1s de cuatrocientos a\u00f1os de vida y que a\u00fan contin\u00faa evolucionando<\/strong><\/h5>\n<h4><em>\u00a0 \u00a0 \u00a0Ponente: Jos\u00e9 Antonio Fresno Castro<\/em><\/h4>\n<p>Coloquio sesi\u00f3n VI<\/td>\n<\/tr>\n<tr>\n<td width=\"102\">17:00 &#8211; 17:30<\/td>\n<td width=\"475\"><em>Descanso<\/em><\/td>\n<\/tr>\n<tr>\n<td width=\"102\">17:30 &#8211; 18:30<\/td>\n<td width=\"475\"><strong><em>Sesi\u00f3n de ponencias. Protocolos Institucionales (VII)<\/em><\/strong><\/p>\n<h5><strong>14.- El protocolo y la m\u00fasica. La m\u00fasica y sus protocolos.<\/strong><\/h5>\n<h4>\u00a0 \u00a0 \u00a0<em>Ponente: Juan Luis Garc\u00eda D\u00edez<\/em><\/h4>\n<p><strong>\u201cGaudeamus Igitur\u201d<\/strong><\/td>\n<\/tr>\n<tr>\n<td width=\"102\">18:30 \u201319:00<\/td>\n<td width=\"475\"><strong><em>Ceremonia de Clausura<\/em><\/strong><\/td>\n<\/tr>\n<tr>\n<td width=\"102\">21:00 &#8211; 23:00<\/td>\n<td width=\"475\"><strong><em>Cena Institucional<\/em><\/strong><\/td>\n<\/tr>\n<\/tbody>\n<\/table>\n<p><strong>S\u00e1bado 7 de mayo de 2016<\/strong><\/p>\n<p><a href=\"http:\/\/grupos.unileon.es\/encuentro-protocolo\/files\/2015\/11\/CAMINO-DE-SANTIAGO-5.jpg\" rel=\"attachment wp-att-319\"><img loading=\"lazy\" decoding=\"async\" class=\"wp-image-319 aligncenter\" src=\"http:\/\/grupos.unileon.es\/encuentro-protocolo\/files\/2015\/11\/CAMINO-DE-SANTIAGO-5.jpg\" alt=\"CAMINO DE SANTIAGO 5\" width=\"301\" height=\"72\" \/><\/a><\/p>\n<table>\n<tbody>\n<tr>\n<td width=\"102\">09:00 -16:00<\/td>\n<td width=\"475\"><strong><em>Actividades culturales:<\/em><\/strong><\/p>\n<p><strong><em>Por el Camino de Santiago en la Provincia de Le\u00f3n<\/em><\/strong><\/p>\n<p><em>Recepci\u00f3n en el Ayuntamiento de Astorga<\/em><\/p>\n<p><em>Visita guiada de la Ciudad de Astorga<\/em><\/p>\n<p><em>Visita y paseo por Castrillo de los Polvazares<\/em><\/p>\n<p><em>Degustaci\u00f3n de un Cocido Maragato<\/em><\/td>\n<\/tr>\n<\/tbody>\n<\/table>\n","protected":false},"excerpt":{"rendered":"<p>VII ENCUENTRO HISPANO-LUSO DE PROTOCOLO UNIVERSITARIO XV ENCUENTRO DE RESPONSABLES DE PROTOCOLO Y RELACIONES INSTITUCIONALES DE LAS UNIVERSIDADES ESPA\u00d1OLAS \u201cOTROS PROTOCOLOS\u201d Jueves 5 de mayo de 2016 Rectorado de la Universidad de Le\u00f3n. Edificio El Albeitar. Sala Gord\u00f3n Ord\u00e1s. 09:00 &#8211; 10:00 Bienvenida y entrega de documentaci\u00f3n 10:00 &#8211; 10:30 Inauguraci\u00f3n oficial del Encuentro 10:30 [&hellip;]<\/p>\n","protected":false},"author":50,"featured_media":0,"parent":0,"menu_order":0,"comment_status":"closed","ping_status":"closed","template":"","meta":{"footnotes":""},"class_list":["post-31","page","type-page","status-publish","hentry"],"_links":{"self":[{"href":"https:\/\/grupos.unileon.es\/encuentro-protocolo\/wp-json\/wp\/v2\/pages\/31","targetHints":{"allow":["GET"]}}],"collection":[{"href":"https:\/\/grupos.unileon.es\/encuentro-protocolo\/wp-json\/wp\/v2\/pages"}],"about":[{"href":"https:\/\/grupos.unileon.es\/encuentro-protocolo\/wp-json\/wp\/v2\/types\/page"}],"author":[{"embeddable":true,"href":"https:\/\/grupos.unileon.es\/encuentro-protocolo\/wp-json\/wp\/v2\/users\/50"}],"replies":[{"embeddable":true,"href":"https:\/\/grupos.unileon.es\/encuentro-protocolo\/wp-json\/wp\/v2\/comments?post=31"}],"version-history":[{"count":38,"href":"https:\/\/grupos.unileon.es\/encuentro-protocolo\/wp-json\/wp\/v2\/pages\/31\/revisions"}],"predecessor-version":[{"id":517,"href":"https:\/\/grupos.unileon.es\/encuentro-protocolo\/wp-json\/wp\/v2\/pages\/31\/revisions\/517"}],"wp:attachment":[{"href":"https:\/\/grupos.unileon.es\/encuentro-protocolo\/wp-json\/wp\/v2\/media?parent=31"}],"curies":[{"name":"wp","href":"https:\/\/api.w.org\/{rel}","templated":true}]}}