{"id":37,"date":"2015-11-12T13:22:22","date_gmt":"2015-11-12T12:22:22","guid":{"rendered":"http:\/\/grupos.unileon.es\/encuentro-protocolo\/?page_id=37"},"modified":"2016-01-20T13:21:27","modified_gmt":"2016-01-20T12:21:27","slug":"calendario-de-presentacion-de-ponencias","status":"publish","type":"page","link":"https:\/\/grupos.unileon.es\/encuentro-protocolo\/calendario-de-presentacion-de-ponencias\/","title":{"rendered":"Calendario de presentaci\u00f3n de ponencias"},"content":{"rendered":"<p><strong>VII ENCUENTRO HISPANO-LUSO DE PROTOCOLO UNIVERSITARIO<\/strong><\/p>\n<p><strong>\u00a0<\/strong><\/p>\n<p><strong>XV ENCUENTRO DE RESPONSABLES DE PROTOCOLO Y RELACIONES INSTITUCIONALES DE LAS UNIVERSIDADES ESPA\u00d1OLAS<\/strong><\/p>\n<p>&nbsp;<\/p>\n<p><strong>Informaci\u00f3n para la p\u00e1gina web<\/strong><\/p>\n<p>&nbsp;<\/p>\n<p><em>Apartado: Calendario de presentaci\u00f3n de ponencias<\/em><\/p>\n<p><em>\u00a0<\/em><\/p>\n<p style=\"text-align: justify;\">El formulario electr\u00f3nico para la presentaci\u00f3n de Ponencias en el Encuentro fu\u00e9 enviado por correo electr\u00f3nico a partir del 15 de diciembre de 2015.<\/p>\n<p style=\"text-align: justify;\"><a href=\"http:\/\/goo.gl\/forms\/NXyeYLUN6d\">Acceso al formulario<\/a><\/p>\n<p style=\"text-align: justify;\">La fecha l\u00edmite para enviar las propuestas est\u00e1 fijado el 29 de febrero de\u00a02016, con el fin de poder tener el programa definitivo del Encuentro con suficiente antelaci\u00f3n a su celebraci\u00f3n.<\/p>\n<p style=\"text-align: justify;\">La Organizaci\u00f3n del Encuentro contactar\u00e1 con los autores de las ponencias para fijar la fecha de entrega del trabajo definitivo.<\/p>\n<p><a href=\"http:\/\/grupos.unileon.es\/encuentro-protocolo\/files\/2015\/11\/FORMULARIO-PONENCIAS.jpg\" rel=\"attachment wp-att-332\"><img loading=\"lazy\" decoding=\"async\" class=\"alignnone wp-image-332\" src=\"http:\/\/grupos.unileon.es\/encuentro-protocolo\/files\/2015\/11\/FORMULARIO-PONENCIAS-225x300.jpg\" alt=\"FORMULARIO PONENCIAS\" width=\"593\" height=\"791\" srcset=\"https:\/\/grupos.unileon.es\/encuentro-protocolo\/files\/2015\/11\/FORMULARIO-PONENCIAS-225x300.jpg 225w, https:\/\/grupos.unileon.es\/encuentro-protocolo\/files\/2015\/11\/FORMULARIO-PONENCIAS.jpg 753w\" sizes=\"auto, (max-width: 593px) 100vw, 593px\" \/><\/a><\/p>\n","protected":false},"excerpt":{"rendered":"<p>VII ENCUENTRO HISPANO-LUSO DE PROTOCOLO UNIVERSITARIO \u00a0 XV ENCUENTRO DE RESPONSABLES DE PROTOCOLO Y RELACIONES INSTITUCIONALES DE LAS UNIVERSIDADES ESPA\u00d1OLAS &nbsp; Informaci\u00f3n para la p\u00e1gina web &nbsp; Apartado: Calendario de presentaci\u00f3n de ponencias \u00a0 El formulario electr\u00f3nico para la presentaci\u00f3n de Ponencias en el Encuentro fu\u00e9 enviado por correo electr\u00f3nico a partir del 15 de [&hellip;]<\/p>\n","protected":false},"author":50,"featured_media":0,"parent":0,"menu_order":0,"comment_status":"closed","ping_status":"closed","template":"","meta":{"footnotes":""},"class_list":["post-37","page","type-page","status-publish","hentry"],"_links":{"self":[{"href":"https:\/\/grupos.unileon.es\/encuentro-protocolo\/wp-json\/wp\/v2\/pages\/37","targetHints":{"allow":["GET"]}}],"collection":[{"href":"https:\/\/grupos.unileon.es\/encuentro-protocolo\/wp-json\/wp\/v2\/pages"}],"about":[{"href":"https:\/\/grupos.unileon.es\/encuentro-protocolo\/wp-json\/wp\/v2\/types\/page"}],"author":[{"embeddable":true,"href":"https:\/\/grupos.unileon.es\/encuentro-protocolo\/wp-json\/wp\/v2\/users\/50"}],"replies":[{"embeddable":true,"href":"https:\/\/grupos.unileon.es\/encuentro-protocolo\/wp-json\/wp\/v2\/comments?post=37"}],"version-history":[{"count":6,"href":"https:\/\/grupos.unileon.es\/encuentro-protocolo\/wp-json\/wp\/v2\/pages\/37\/revisions"}],"predecessor-version":[{"id":335,"href":"https:\/\/grupos.unileon.es\/encuentro-protocolo\/wp-json\/wp\/v2\/pages\/37\/revisions\/335"}],"wp:attachment":[{"href":"https:\/\/grupos.unileon.es\/encuentro-protocolo\/wp-json\/wp\/v2\/media?parent=37"}],"curies":[{"name":"wp","href":"https:\/\/api.w.org\/{rel}","templated":true}]}}