{"id":39,"date":"2015-11-12T13:22:42","date_gmt":"2015-11-12T12:22:42","guid":{"rendered":"http:\/\/grupos.unileon.es\/encuentro-protocolo\/?page_id=39"},"modified":"2016-04-12T20:45:36","modified_gmt":"2016-04-12T19:45:36","slug":"titulos-y-autores","status":"publish","type":"page","link":"https:\/\/grupos.unileon.es\/encuentro-protocolo\/calendario-de-presentacion-de-ponencias\/titulos-y-autores\/","title":{"rendered":"T\u00edtulos y autores"},"content":{"rendered":"<h3><strong><em>1.- Atribui\u00e7ao do t\u00edtulo de Doutor Honoris Causa na Universidade Portuguesa.\u00a0<\/em><\/strong><\/h3>\n<h4><em>\u00a0 \u00a0 <em>\u00a0Ponente: Fernanda Mart\u00ednez Cabanelas\u00a0Ant\u00e3o.\u00a0<\/em><\/em>Administradora da Universidade NOVA de Lisboa.<\/h4>\n<h3><strong><em>2.- Doctorado\u00a0Honoris Causa a la francesa.\u00a0<\/em><\/strong><\/h3>\n<p><em>\u00a0 \u00a0 \u00a0Ponente: Hermenegildo L\u00f3pez Gonz\u00e1lez .\u00a0<\/em>Director del \u00c1rea de Relaciones Internacionales de la Universidad de Le\u00f3n<\/p>\n<h3><strong><em>3.- Protocolo Honoris Causa en las Universidades Brit\u00e1nicas.\u00a0<\/em><\/strong><\/h3>\n<p><em>\u00a0 \u00a0 \u00a0Ponente: Jer\u00f3nimo Hern\u00e1ndez de Castro.\u00a0<\/em>Jefe de Protocolo del Gabinete de Comunicaci\u00f3n y Protocolo de la Universidad de Salamanca<\/p>\n<h3><strong><em>4.- Del Templo al Estrado: Ritual, respeto y referencia en el Protocolo imperial y popular de China.<\/em><\/strong><\/h3>\n<p><em>\u00a0 \u00a0 \u00a0Ponente: Ju\u00e1n Lanero Fern\u00e1ndez.\u00a0<\/em>Director del Instituto Confucio de la Universidad de Le\u00f3n<\/p>\n<h3><em><strong>5.- XX Aniversario de la Asociaci\u00f3n para el Estudio y la Investigaci\u00f3n del Protocolo Universitario.\u00a0<\/strong><\/em><\/h3>\n<p><em>\u00a0 \u00a0 \u00a0Ponentes: Alba Nasarre Vicente, Francisca Saravia Gonz\u00e1lez, Sagrario Grijalba Serrapio y Joaqu\u00edn Hern\u00e1ndez Arcas.\u00a0<\/em>Miembros de la Direcci\u00f3n de la Asociaci\u00f3n para el Estudio y la Investigaci\u00f3n del Protocolo Universitario (AEIPU).<\/p>\n<h3><strong><em>6.- Presentaci\u00f3n de un estudio de la situaci\u00f3n actual de los puestos de trabajo encargados de la gesti\u00f3n del protocolo y las relaciones institucionales en las Universidades espa\u00f1olas.\u00a0<\/em><\/strong><\/h3>\n<p><em>\u00a0 \u00a0 \u00a0Ponentes: Alfonso D\u00edaz Bezanilla y Joaqu\u00edn Hern\u00e1ndez Arcas.\u00a0<\/em>Asociaci\u00f3n para el Estudio y la Investigaci\u00f3n del Protocolo Universitario<\/p>\n<h3><strong><em>7.- Apertura del Curso Acad\u00e9mico Universitario en las Comunidades Aut\u00f3nomas: estudio comparado.\u00a0<\/em><\/strong><\/h3>\n<p><em>\u00a0 \u00a0 \u00a0Ponentes: Estanislao de Luis Calabuig y Sagrario Grijalba Serrapio. <\/em>Coordinadores del Grupo de Trabajo CRUE-AEIPU<\/p>\n<h3><strong>8.- El ceremonial de los Actos Acad\u00e9micos solemnes en la Universidad de Le\u00f3n.<\/strong><\/h3>\n<p><em>\u00a0\u00a0Ponente: Estanislao de Luis Calabuig.\u00a0<\/em>Maestro de Ceremonias de la Universidad de Le\u00f3n<\/p>\n<h3><strong>9.- Los colores del traje acad\u00e9mico: El protocolo como elemento de racionalidad.\u00a0<\/strong><\/h3>\n<p><em>Ponente: Ju\u00e1n Jos\u00e9 Fern\u00e1ndez Dom\u00ednguez.\u00a0<\/em>Decano de la Facultad de Derecho de la Universidad de Le\u00f3n<\/p>\n<h3><strong>10.- taller sobre la problem\u00e1tica actual con los colores de los trajes acad\u00e9micos y las nuevas titulaciones.<\/strong><\/h3>\n<p><em>\u00a0 \u00a0Ponentes: Laura S\u00e1nchez S\u00e1nchez y Paloma N\u00fa\u00f1ez L\u00f3pez.\u00a0Asociaci\u00f3n para el Estudio y la Investigaci\u00f3n del Protocolo Universitario.<\/em><\/p>\n<h3><strong>11.-\u00a0Aproximaci\u00f3n al protocolo y ceremonial militar.<\/strong><\/h3>\n<p><em>\u00a0 \u00a0 \u00a0Ponente: F\u00e9lix Santos \u00c1lvarez. \u00a0<\/em>Teniente Coronel de la Academia B\u00e1sica del Aire de la Virgen del Camino, Le\u00f3n. Ej\u00e9rcito del Aire. Ministerio de Defensa.<\/p>\n<h3><strong>12.-\u00a0El Protocolo en el \u00e1mbito empresarial.<\/strong><\/h3>\n<p><em>\u00a0 \u00a0 \u00a0Ponente: Cristina de la Vega Guerrero.\u00a0<\/em>Directora de Protocolo y Eventos en el Gabinete de Presidencia de Iberdrola.<\/p>\n<h3><strong>13.-\u00a0<\/strong><strong>La Semana Santa de Le\u00f3n:\u00a0<\/strong><strong>Un protocolo con m\u00e1s de cuatrocientos a\u00f1os de vida y que a\u00fan contin\u00faa evolucionando.<\/strong><\/h3>\n<p><em>\u00a0 \u00a0 \u00a0Ponente: Jos\u00e9 Antonio Fresno Castro. <\/em>Vicepresidente de la Junta Mayor de la Semana Santa de Le\u00f3n.<\/p>\n<h3><strong>14.- El protocolo y la m\u00fasica. La m\u00fasica y sus protocolos.\u00a0<\/strong><\/h3>\n<p><em>\u00a0 \u00a0 \u00a0Ponente: Ju\u00e1n Luis Garc\u00eda D\u00edez. \u00a0<\/em>Director de la Orquesta Juventudes Musicales &#8211; Universidad de Le\u00f3n<\/p>\n<p>&nbsp;<\/p>\n","protected":false},"excerpt":{"rendered":"<p>1.- Atribui\u00e7ao do t\u00edtulo de Doutor Honoris Causa na Universidade Portuguesa.\u00a0 \u00a0 \u00a0 \u00a0Ponente: Fernanda Mart\u00ednez Cabanelas\u00a0Ant\u00e3o.\u00a0Administradora da Universidade NOVA de Lisboa. 2.- Doctorado\u00a0Honoris Causa a la francesa.\u00a0 \u00a0 \u00a0 \u00a0Ponente: Hermenegildo L\u00f3pez Gonz\u00e1lez .\u00a0Director del \u00c1rea de Relaciones Internacionales de la Universidad de Le\u00f3n 3.- Protocolo Honoris Causa en las Universidades Brit\u00e1nicas.\u00a0 \u00a0 \u00a0 [&hellip;]<\/p>\n","protected":false},"author":50,"featured_media":0,"parent":37,"menu_order":0,"comment_status":"closed","ping_status":"closed","template":"","meta":{"footnotes":""},"class_list":["post-39","page","type-page","status-publish","hentry"],"_links":{"self":[{"href":"https:\/\/grupos.unileon.es\/encuentro-protocolo\/wp-json\/wp\/v2\/pages\/39","targetHints":{"allow":["GET"]}}],"collection":[{"href":"https:\/\/grupos.unileon.es\/encuentro-protocolo\/wp-json\/wp\/v2\/pages"}],"about":[{"href":"https:\/\/grupos.unileon.es\/encuentro-protocolo\/wp-json\/wp\/v2\/types\/page"}],"author":[{"embeddable":true,"href":"https:\/\/grupos.unileon.es\/encuentro-protocolo\/wp-json\/wp\/v2\/users\/50"}],"replies":[{"embeddable":true,"href":"https:\/\/grupos.unileon.es\/encuentro-protocolo\/wp-json\/wp\/v2\/comments?post=39"}],"version-history":[{"count":15,"href":"https:\/\/grupos.unileon.es\/encuentro-protocolo\/wp-json\/wp\/v2\/pages\/39\/revisions"}],"predecessor-version":[{"id":511,"href":"https:\/\/grupos.unileon.es\/encuentro-protocolo\/wp-json\/wp\/v2\/pages\/39\/revisions\/511"}],"up":[{"embeddable":true,"href":"https:\/\/grupos.unileon.es\/encuentro-protocolo\/wp-json\/wp\/v2\/pages\/37"}],"wp:attachment":[{"href":"https:\/\/grupos.unileon.es\/encuentro-protocolo\/wp-json\/wp\/v2\/media?parent=39"}],"curies":[{"name":"wp","href":"https:\/\/api.w.org\/{rel}","templated":true}]}}