{"id":49,"date":"2015-11-12T13:24:05","date_gmt":"2015-11-12T12:24:05","guid":{"rendered":"http:\/\/grupos.unileon.es\/encuentro-protocolo\/?page_id=49"},"modified":"2016-02-14T20:26:59","modified_gmt":"2016-02-14T19:26:59","slug":"inscripcion-online","status":"publish","type":"page","link":"https:\/\/grupos.unileon.es\/encuentro-protocolo\/inscripcion-online\/","title":{"rendered":"Inscripci\u00f3n online"},"content":{"rendered":"<p>El plazo para formalizar la inscripci\u00f3n finaliza el <strong>16 de abril de 2016<\/strong>.\u00a0Es necesario rellenar el <a href=\"https:\/\/goo.gl\/KxhcBk\">formulario<\/a> contestando a todos sus apartados.<\/p>\n<p>El importe de la inscripci\u00f3n tiene que ser ingresado en la cuenta:<\/p>\n<p><em><strong>ES79 2108 4200 8200 3010 1700<\/strong><\/em><\/p>\n<p>Indicar el nombre del participante y se\u00f1alar en \u00a0el apartado de concepto: <strong>Encuentro Protocolo Universitario<\/strong>.<\/p>\n<p>Enviar una copia del recibo de pago a la direcci\u00f3n del correo electr\u00f3nico de la Secretar\u00eda T\u00e9cnica del Encuentro en la Universidad de Le\u00f3n: <strong>uleepu@unileon.es<\/strong><\/p>\n<p>&nbsp;<\/p>\n<p><a href=\"https:\/\/goo.gl\/KxhcBk\" rel=\"attachment wp-att-344\"><img loading=\"lazy\" decoding=\"async\" class=\"alignnone wp-image-344\" src=\"http:\/\/grupos.unileon.es\/encuentro-protocolo\/files\/2015\/11\/pantalla-formulario-242x300.png\" alt=\"pantalla formulario\" width=\"649\" height=\"805\" srcset=\"https:\/\/grupos.unileon.es\/encuentro-protocolo\/files\/2015\/11\/pantalla-formulario-242x300.png 242w, https:\/\/grupos.unileon.es\/encuentro-protocolo\/files\/2015\/11\/pantalla-formulario.png 641w\" sizes=\"auto, (max-width: 649px) 100vw, 649px\" \/><\/a><\/p>\n","protected":false},"excerpt":{"rendered":"<p>El plazo para formalizar la inscripci\u00f3n finaliza el 16 de abril de 2016.\u00a0Es necesario rellenar el formulario contestando a todos sus apartados. El importe de la inscripci\u00f3n tiene que ser ingresado en la cuenta: ES79 2108 4200 8200 3010 1700 Indicar el nombre del participante y se\u00f1alar en \u00a0el apartado de concepto: Encuentro Protocolo Universitario. [&hellip;]<\/p>\n","protected":false},"author":50,"featured_media":0,"parent":0,"menu_order":0,"comment_status":"closed","ping_status":"closed","template":"","meta":{"footnotes":""},"class_list":["post-49","page","type-page","status-publish","hentry"],"_links":{"self":[{"href":"https:\/\/grupos.unileon.es\/encuentro-protocolo\/wp-json\/wp\/v2\/pages\/49","targetHints":{"allow":["GET"]}}],"collection":[{"href":"https:\/\/grupos.unileon.es\/encuentro-protocolo\/wp-json\/wp\/v2\/pages"}],"about":[{"href":"https:\/\/grupos.unileon.es\/encuentro-protocolo\/wp-json\/wp\/v2\/types\/page"}],"author":[{"embeddable":true,"href":"https:\/\/grupos.unileon.es\/encuentro-protocolo\/wp-json\/wp\/v2\/users\/50"}],"replies":[{"embeddable":true,"href":"https:\/\/grupos.unileon.es\/encuentro-protocolo\/wp-json\/wp\/v2\/comments?post=49"}],"version-history":[{"count":5,"href":"https:\/\/grupos.unileon.es\/encuentro-protocolo\/wp-json\/wp\/v2\/pages\/49\/revisions"}],"predecessor-version":[{"id":352,"href":"https:\/\/grupos.unileon.es\/encuentro-protocolo\/wp-json\/wp\/v2\/pages\/49\/revisions\/352"}],"wp:attachment":[{"href":"https:\/\/grupos.unileon.es\/encuentro-protocolo\/wp-json\/wp\/v2\/media?parent=49"}],"curies":[{"name":"wp","href":"https:\/\/api.w.org\/{rel}","templated":true}]}}