{"id":55,"date":"2015-11-12T13:24:43","date_gmt":"2015-11-12T12:24:43","guid":{"rendered":"http:\/\/grupos.unileon.es\/encuentro-protocolo\/?page_id=55"},"modified":"2016-01-16T14:32:38","modified_gmt":"2016-01-16T13:32:38","slug":"como-llegar-a-leon","status":"publish","type":"page","link":"https:\/\/grupos.unileon.es\/encuentro-protocolo\/como-llegar-a-leon\/","title":{"rendered":"Como llegar a Le\u00f3n"},"content":{"rendered":"<p style=\"text-align: justify;\">Desde Madrid se puede llegar a Le\u00f3n por carretera o ferrocarril. El viaje es r\u00e1pido y seguro y las conexiones diarias entre las dos ciudades son muy frecuentes. Por carretera se llega directo por la Nacional VI (A-6), hasta Benavente, donde se coge la (A-66) hasta Le\u00f3n. Se tarda algo m\u00e1s de 3 horas en recorrer los 333 km que hay entre las dos ciudades. La compa\u00f1\u00eda de autobuses ALSA tiene varias conexiones diarias que parten de la Estaci\u00f3n Sur, algunas de ellas conectando con el aeropuerto Alfonso Suarez de Madrid-Barajas.<\/p>\n<p style=\"text-align: justify;\">Le\u00f3n dispone desde hace unos meses de sistema de alta velocidad AVE de RENFE con varias conexiones en ambos sentidos y una duraci\u00f3n de poco m\u00e1s de dos horas. Le\u00f3n tambi\u00e9n cuenta con una estaci\u00f3n de ferrocarril de v\u00eda estrecha (<a href=\"http:\/\/www.feve.es\/\">FEVE<\/a>) que la comunica con Bilbao y pasa por las provincias de Vizcaya, Burgos, una peque\u00f1a parte de Cantabria, Palencia y el propio Le\u00f3n. Tambi\u00e9n cuenta con una l\u00ednea de cercan\u00edas entre Le\u00f3n y Guardo (Palencia).<\/p>\n<p style=\"text-align: justify;\">Desde Barcelona-El Prat hay vuelo directo a Le\u00f3n gestionado por la compa\u00f1\u00eda a\u00e9rea Iberia-Air Nostrum.<\/p>\n","protected":false},"excerpt":{"rendered":"<p>Desde Madrid se puede llegar a Le\u00f3n por carretera o ferrocarril. El viaje es r\u00e1pido y seguro y las conexiones diarias entre las dos ciudades son muy frecuentes. Por carretera se llega directo por la Nacional VI (A-6), hasta Benavente, donde se coge la (A-66) hasta Le\u00f3n. Se tarda algo m\u00e1s de 3 horas en [&hellip;]<\/p>\n","protected":false},"author":50,"featured_media":0,"parent":0,"menu_order":0,"comment_status":"closed","ping_status":"closed","template":"","meta":{"footnotes":""},"class_list":["post-55","page","type-page","status-publish","hentry"],"_links":{"self":[{"href":"https:\/\/grupos.unileon.es\/encuentro-protocolo\/wp-json\/wp\/v2\/pages\/55","targetHints":{"allow":["GET"]}}],"collection":[{"href":"https:\/\/grupos.unileon.es\/encuentro-protocolo\/wp-json\/wp\/v2\/pages"}],"about":[{"href":"https:\/\/grupos.unileon.es\/encuentro-protocolo\/wp-json\/wp\/v2\/types\/page"}],"author":[{"embeddable":true,"href":"https:\/\/grupos.unileon.es\/encuentro-protocolo\/wp-json\/wp\/v2\/users\/50"}],"replies":[{"embeddable":true,"href":"https:\/\/grupos.unileon.es\/encuentro-protocolo\/wp-json\/wp\/v2\/comments?post=55"}],"version-history":[{"count":3,"href":"https:\/\/grupos.unileon.es\/encuentro-protocolo\/wp-json\/wp\/v2\/pages\/55\/revisions"}],"predecessor-version":[{"id":239,"href":"https:\/\/grupos.unileon.es\/encuentro-protocolo\/wp-json\/wp\/v2\/pages\/55\/revisions\/239"}],"wp:attachment":[{"href":"https:\/\/grupos.unileon.es\/encuentro-protocolo\/wp-json\/wp\/v2\/media?parent=55"}],"curies":[{"name":"wp","href":"https:\/\/api.w.org\/{rel}","templated":true}]}}