{"id":586,"date":"2016-05-08T12:49:46","date_gmt":"2016-05-08T11:49:46","guid":{"rendered":"http:\/\/grupos.unileon.es\/encuentro-protocolo\/?page_id=586"},"modified":"2016-05-10T12:00:40","modified_gmt":"2016-05-10T11:00:40","slug":"actividades-institucionales","status":"publish","type":"page","link":"https:\/\/grupos.unileon.es\/encuentro-protocolo\/actividades-institucionales\/","title":{"rendered":"Actividades Institucionales"},"content":{"rendered":"<h1>INAUGURACI\u00d3N DEL ENCUENTRO<\/h1>\n<p style=\"text-align: justify;\">El d\u00eda 5 de mayo tuvo\u00a0lugar el inicio del Encuentro de Protocolo Universitario cuya inauguraci\u00f3n oficial se desarroll\u00f3 a partir de\u00a0las 10:00 horas en la sala Gord\u00f3n Ord\u00e1s del pabell\u00f3n El Albeitar de la Universidad de Le\u00f3n. Fue presidida por el Rector Mgfco. Prof. Juan Francisco Garci\u00e1 Mar\u00edn, acompa\u00f1ado por \u00a0el Sr. Alcalde de Le\u00f3n, D. Antonio Silv\u00e1n Rodr\u00edguez, el Sr. Alcalde de Astorga, D. Arsenio Garc\u00eda Fuertes, el C\u00f3nsul de Portugal, D. Eduardo Mat\u00edas Dias Pereira, la presidenta de la Asociaci\u00f3n para el Estudio y la Investigaci\u00f3n del Protocolo Universitario, D\u00f1a. Alba Nasarre Vicente\u00a0 de la Universidad de Barcelona, la representante de las universidades portuguesas, Prof.\u00a0 Fernanda Cabanelas Mart\u00ednez Ant\u00e1o, de la Universidade Nova de Lisboa, la Vicerrectora de Relaciones Institucionales y con la Sociedad, Prof. M\u00aa Dolores Alonso-Cort\u00e9s Fradejas y la Secretaria General, Prof. M\u00aa Pilar Guti\u00e9rrez Santiago.<\/p>\n<p><a href=\"http:\/\/grupos.unileon.es\/encuentro-protocolo\/files\/2016\/05\/inauguraci\u00f3n-e1462721462987.jpg\"><img loading=\"lazy\" decoding=\"async\" class=\"alignnone wp-image-598\" src=\"http:\/\/grupos.unileon.es\/encuentro-protocolo\/files\/2016\/05\/inauguraci\u00f3n-e1462721462987-300x150.jpg\" alt=\"inauguraci\u00f3n\" width=\"614\" height=\"307\" srcset=\"https:\/\/grupos.unileon.es\/encuentro-protocolo\/files\/2016\/05\/inauguraci\u00f3n-e1462721462987-300x150.jpg 300w, https:\/\/grupos.unileon.es\/encuentro-protocolo\/files\/2016\/05\/inauguraci\u00f3n-e1462721462987-768x385.jpg 768w, https:\/\/grupos.unileon.es\/encuentro-protocolo\/files\/2016\/05\/inauguraci\u00f3n-e1462721462987-1024x513.jpg 1024w, https:\/\/grupos.unileon.es\/encuentro-protocolo\/files\/2016\/05\/inauguraci\u00f3n-e1462721462987.jpg 1828w\" sizes=\"auto, (max-width: 614px) 100vw, 614px\" \/><\/a><\/p>\n<p style=\"text-align: justify;\">Previa introducci\u00f3n del Coordinador del Encuentro, Prof. Estanislao de Luis Calabuig, Catedr\u00e1tico de Ecolog\u00eda y maestro de Ceremonias de la Universidad de Le\u00f3n, intervinieron, la Presidenta de la AEIPU, los Alcaldes de Astorga y Le\u00f3n, cerrando el Sr. Rector para dar por inaugurado el XV Encuentro de Responsables de Protocolo y Relaciones Institucionales de las Universidades Espa\u00f1olas y VII Encuentro Hispano Luso de Protocolo Universitario.<\/p>\n<p style=\"text-align: justify;\"><a href=\"http:\/\/grupos.unileon.es\/encuentro-protocolo\/files\/2016\/05\/INTERVENCI\u00d3N-ALBA-e1462722299698.jpg\"><img loading=\"lazy\" decoding=\"async\" class=\"alignnone wp-image-602\" src=\"http:\/\/grupos.unileon.es\/encuentro-protocolo\/files\/2016\/05\/INTERVENCI\u00d3N-ALBA-e1462722299698-300x202.jpg\" alt=\"INTERVENCI\u00d3N ALBA\" width=\"613\" height=\"413\" srcset=\"https:\/\/grupos.unileon.es\/encuentro-protocolo\/files\/2016\/05\/INTERVENCI\u00d3N-ALBA-e1462722299698-300x202.jpg 300w, https:\/\/grupos.unileon.es\/encuentro-protocolo\/files\/2016\/05\/INTERVENCI\u00d3N-ALBA-e1462722299698-768x516.jpg 768w, https:\/\/grupos.unileon.es\/encuentro-protocolo\/files\/2016\/05\/INTERVENCI\u00d3N-ALBA-e1462722299698-1024x688.jpg 1024w, https:\/\/grupos.unileon.es\/encuentro-protocolo\/files\/2016\/05\/INTERVENCI\u00d3N-ALBA-e1462722299698.jpg 1771w\" sizes=\"auto, (max-width: 613px) 100vw, 613px\" \/><\/a><\/p>\n<h1 style=\"text-align: justify;\">RECEPCI\u00d3N EN EL AYUNTAMIENTO DE LE\u00d3N<\/h1>\n<p style=\"text-align: justify;\">Los participantes en el Encuentro fueron recibidos oficialmente a las 17:30 horas del d\u00eda 5 de mayo en el Sal\u00f3n de Plenos del Ayuntamiento de Le\u00f3n por D. Fernando Salguero Garc\u00eda, Primer Teniente de Alcalde. Intervinieron el Teniente de Alcalde y la Presidenta de la AEIPU, D\u00f1a. Alba Nasarre Vicente, de la Universidad de Barcelona, que estuvieron acompa\u00f1ados por el Coordinador del Encuentro, Prof. Estanislao de Luis Calabuig, \u00a0y el Secretario de la AEIPU, D. Alfonso D\u00edaz Bezanilla, de la Universidad de Cantabria.<\/p>\n<p style=\"text-align: justify;\"><a href=\"http:\/\/grupos.unileon.es\/encuentro-protocolo\/files\/2016\/05\/RECEPCI\u00d3N-AYUNTAMIENTO-1.jpg\"><img loading=\"lazy\" decoding=\"async\" class=\"alignnone wp-image-603\" src=\"http:\/\/grupos.unileon.es\/encuentro-protocolo\/files\/2016\/05\/RECEPCI\u00d3N-AYUNTAMIENTO-1-300x200.jpg\" alt=\"RECEPCI\u00d3N AYUNTAMIENTO 1\" width=\"609\" height=\"406\" srcset=\"https:\/\/grupos.unileon.es\/encuentro-protocolo\/files\/2016\/05\/RECEPCI\u00d3N-AYUNTAMIENTO-1-300x200.jpg 300w, https:\/\/grupos.unileon.es\/encuentro-protocolo\/files\/2016\/05\/RECEPCI\u00d3N-AYUNTAMIENTO-1-768x512.jpg 768w, https:\/\/grupos.unileon.es\/encuentro-protocolo\/files\/2016\/05\/RECEPCI\u00d3N-AYUNTAMIENTO-1-1024x683.jpg 1024w, https:\/\/grupos.unileon.es\/encuentro-protocolo\/files\/2016\/05\/RECEPCI\u00d3N-AYUNTAMIENTO-1.jpg 1920w\" sizes=\"auto, (max-width: 609px) 100vw, 609px\" \/><\/a><\/p>\n<p style=\"text-align: justify;\">Todos los asistentes posaron con el anfitri\u00f3n en la escalinata del Ayuntamiento para recoger la t\u00edpica instant\u00e1nea de todos los que oficialmente son recibidos en la Casa Consistorial de la Ciudad de Le\u00f3n.<\/p>\n<p style=\"text-align: justify;\"><a href=\"http:\/\/grupos.unileon.es\/encuentro-protocolo\/files\/2016\/05\/RECEPCI\u00d3N-EN-EL-AYUNTAMIENTO-2.jpg\"><img loading=\"lazy\" decoding=\"async\" class=\"alignnone wp-image-604\" src=\"http:\/\/grupos.unileon.es\/encuentro-protocolo\/files\/2016\/05\/RECEPCI\u00d3N-EN-EL-AYUNTAMIENTO-2-300x200.jpg\" alt=\"RECEPCI\u00d3N EN EL AYUNTAMIENTO 2\" width=\"604\" height=\"402\" srcset=\"https:\/\/grupos.unileon.es\/encuentro-protocolo\/files\/2016\/05\/RECEPCI\u00d3N-EN-EL-AYUNTAMIENTO-2-300x200.jpg 300w, https:\/\/grupos.unileon.es\/encuentro-protocolo\/files\/2016\/05\/RECEPCI\u00d3N-EN-EL-AYUNTAMIENTO-2-768x512.jpg 768w, https:\/\/grupos.unileon.es\/encuentro-protocolo\/files\/2016\/05\/RECEPCI\u00d3N-EN-EL-AYUNTAMIENTO-2-1024x683.jpg 1024w, https:\/\/grupos.unileon.es\/encuentro-protocolo\/files\/2016\/05\/RECEPCI\u00d3N-EN-EL-AYUNTAMIENTO-2.jpg 1920w\" sizes=\"auto, (max-width: 604px) 100vw, 604px\" \/><\/a><\/p>\n<h1 style=\"text-align: justify;\">ASAMBLEA GENERAL DE LA ASOCIACI\u00d3N<\/h1>\n<p style=\"text-align: justify;\">El d\u00eda 6 de mayo a las 09:00 horas dio comienzo la Asamblea General de la Asociaci\u00f3n para el Estudio y la Investigaci\u00f3n del Protocolo Universitario, que se desarrollo en la Sala de Juntas del Rectorado de la Universidad de Le\u00f3n.<\/p>\n<p style=\"text-align: justify;\"><a href=\"http:\/\/grupos.unileon.es\/encuentro-protocolo\/files\/2016\/05\/ASAMBLEA-AEIPU-1-e1462724479982.jpg\"><img loading=\"lazy\" decoding=\"async\" class=\"alignnone wp-image-605\" src=\"http:\/\/grupos.unileon.es\/encuentro-protocolo\/files\/2016\/05\/ASAMBLEA-AEIPU-1-e1462724479982-300x180.jpg\" alt=\"ASAMBLEA AEIPU 1\" width=\"610\" height=\"366\" srcset=\"https:\/\/grupos.unileon.es\/encuentro-protocolo\/files\/2016\/05\/ASAMBLEA-AEIPU-1-e1462724479982-300x180.jpg 300w, https:\/\/grupos.unileon.es\/encuentro-protocolo\/files\/2016\/05\/ASAMBLEA-AEIPU-1-e1462724479982-768x461.jpg 768w, https:\/\/grupos.unileon.es\/encuentro-protocolo\/files\/2016\/05\/ASAMBLEA-AEIPU-1-e1462724479982-1024x615.jpg 1024w, https:\/\/grupos.unileon.es\/encuentro-protocolo\/files\/2016\/05\/ASAMBLEA-AEIPU-1-e1462724479982.jpg 1910w\" sizes=\"auto, (max-width: 610px) 100vw, 610px\" \/><\/a><\/p>\n<p style=\"text-align: justify;\">Entre otros puntos del orden del d\u00eda, al final de la Asamblea se entreg\u00f3 la meci\u00f3n honor\u00edfica a D\u00f1a. Mar\u00eda Dolores Luj\u00e1n Albiach, Jefa del Gabinete del Rector de la Universitat de Valencia.<\/p>\n<p style=\"text-align: justify;\"><a href=\"http:\/\/grupos.unileon.es\/encuentro-protocolo\/files\/2016\/05\/ASAMBLEA-AEIPU-2-e1462724753811.jpg\"><img loading=\"lazy\" decoding=\"async\" class=\"alignnone wp-image-606\" src=\"http:\/\/grupos.unileon.es\/encuentro-protocolo\/files\/2016\/05\/ASAMBLEA-AEIPU-2-e1462724753811-300x182.jpg\" alt=\"ASAMBLEA AEIPU 2\" width=\"608\" height=\"369\" srcset=\"https:\/\/grupos.unileon.es\/encuentro-protocolo\/files\/2016\/05\/ASAMBLEA-AEIPU-2-e1462724753811-300x182.jpg 300w, https:\/\/grupos.unileon.es\/encuentro-protocolo\/files\/2016\/05\/ASAMBLEA-AEIPU-2-e1462724753811-768x467.jpg 768w, https:\/\/grupos.unileon.es\/encuentro-protocolo\/files\/2016\/05\/ASAMBLEA-AEIPU-2-e1462724753811-1024x622.jpg 1024w, https:\/\/grupos.unileon.es\/encuentro-protocolo\/files\/2016\/05\/ASAMBLEA-AEIPU-2-e1462724753811.jpg 1800w\" sizes=\"auto, (max-width: 608px) 100vw, 608px\" \/><\/a><\/p>\n<h1 style=\"text-align: justify;\">CEREMONIA DE CLAUSURA<\/h1>\n<p style=\"text-align: justify;\">El d\u00eda 6 de mayo a las 18:30 horas se realizo la ceremonia de clausura con la presencia de la Vicerrectora de Relaciones Institucionales y con la Sociedad, D\u00f1a. Mar\u00eda Dolores\u00a0Alonso-Cort\u00e9s Fradejas, que presidi\u00f3 la mesa, acompa\u00f1ada de la Presidenta de la Asociaci\u00f3n, D\u00f1a, Alba Nasarre Vicente, de la Universidad de Barcelona, el Coordinador del Encuentro, Prof. Estanislao de Luis Calabuig, de la Universidad de Le\u00f3n, D. Alfonso D\u00edaz Bezanilla, Secretario de la Asociaci\u00f3n, de la Universidad de Cantabria y D\u00f1a. Carmen Est\u00e9vez Caama\u00f1o, Jefa de la Secretar\u00eda del Rector de la Universidad de Vigo, Coordinadora del pr\u00f3ximo Encuentro de 2017.<\/p>\n<p style=\"text-align: justify;\"><a href=\"http:\/\/grupos.unileon.es\/encuentro-protocolo\/files\/2016\/05\/CLAUSURA-e1462726909976.jpg\"><img loading=\"lazy\" decoding=\"async\" class=\"alignnone wp-image-608\" src=\"http:\/\/grupos.unileon.es\/encuentro-protocolo\/files\/2016\/05\/CLAUSURA-e1462726909976-300x162.jpg\" alt=\"CLAUSURA\" width=\"600\" height=\"324\" srcset=\"https:\/\/grupos.unileon.es\/encuentro-protocolo\/files\/2016\/05\/CLAUSURA-e1462726909976-300x162.jpg 300w, https:\/\/grupos.unileon.es\/encuentro-protocolo\/files\/2016\/05\/CLAUSURA-e1462726909976-768x414.jpg 768w, https:\/\/grupos.unileon.es\/encuentro-protocolo\/files\/2016\/05\/CLAUSURA-e1462726909976-1024x552.jpg 1024w, https:\/\/grupos.unileon.es\/encuentro-protocolo\/files\/2016\/05\/CLAUSURA-e1462726909976.jpg 1915w\" sizes=\"auto, (max-width: 600px) 100vw, 600px\" \/><\/a><\/p>\n<h1 style=\"text-align: justify;\">RECEPCI\u00d3N EN EL AYUNTAMIENTO DE ASTORGA<\/h1>\n<p style=\"text-align: justify;\">El d\u00eda 7 de mayo, durante la salida por el Camino de Santiago y tras la visita de la Ciudad de Astorga, los asistentes al Encuentro fueron oficialmente recibidos, en el Sal\u00f3n de Plenos del Ayuntamiento y en nombre del Sr. Alcalde, por D\u00f1a. Silvia Cobos Carracedo, Concejala con competencias en Relaciones Institucionales y Quinto Teniente de Alcalde.<\/p>\n<p style=\"text-align: justify;\"><a href=\"http:\/\/grupos.unileon.es\/encuentro-protocolo\/files\/2016\/05\/RECEPCI\u00d3N-ASTORGA-1.jpg\"><img loading=\"lazy\" decoding=\"async\" class=\"alignnone wp-image-611\" src=\"http:\/\/grupos.unileon.es\/encuentro-protocolo\/files\/2016\/05\/RECEPCI\u00d3N-ASTORGA-1-300x200.jpg\" alt=\"RECEPCI\u00d3N ASTORGA 1\" width=\"598\" height=\"399\" srcset=\"https:\/\/grupos.unileon.es\/encuentro-protocolo\/files\/2016\/05\/RECEPCI\u00d3N-ASTORGA-1-300x200.jpg 300w, https:\/\/grupos.unileon.es\/encuentro-protocolo\/files\/2016\/05\/RECEPCI\u00d3N-ASTORGA-1-768x512.jpg 768w, https:\/\/grupos.unileon.es\/encuentro-protocolo\/files\/2016\/05\/RECEPCI\u00d3N-ASTORGA-1-1024x683.jpg 1024w, https:\/\/grupos.unileon.es\/encuentro-protocolo\/files\/2016\/05\/RECEPCI\u00d3N-ASTORGA-1.jpg 1920w\" sizes=\"auto, (max-width: 598px) 100vw, 598px\" \/><\/a>\u00a0<a href=\"http:\/\/grupos.unileon.es\/encuentro-protocolo\/files\/2016\/05\/RECEPCI\u00d3N-ASTORGA-2-1-e1462732105837.jpg\"><img loading=\"lazy\" decoding=\"async\" class=\"alignnone wp-image-613\" src=\"http:\/\/grupos.unileon.es\/encuentro-protocolo\/files\/2016\/05\/RECEPCI\u00d3N-ASTORGA-2-1-e1462732105837-259x300.jpg\" alt=\"RECEPCI\u00d3N ASTORGA 2\" width=\"599\" height=\"694\" srcset=\"https:\/\/grupos.unileon.es\/encuentro-protocolo\/files\/2016\/05\/RECEPCI\u00d3N-ASTORGA-2-1-e1462732105837-259x300.jpg 259w, https:\/\/grupos.unileon.es\/encuentro-protocolo\/files\/2016\/05\/RECEPCI\u00d3N-ASTORGA-2-1-e1462732105837-768x890.jpg 768w, https:\/\/grupos.unileon.es\/encuentro-protocolo\/files\/2016\/05\/RECEPCI\u00d3N-ASTORGA-2-1-e1462732105837-884x1024.jpg 884w, https:\/\/grupos.unileon.es\/encuentro-protocolo\/files\/2016\/05\/RECEPCI\u00d3N-ASTORGA-2-1-e1462732105837.jpg 1276w\" sizes=\"auto, (max-width: 599px) 100vw, 599px\" \/><\/a><\/p>\n<p style=\"text-align: justify;\">\n","protected":false},"excerpt":{"rendered":"<p>INAUGURACI\u00d3N DEL ENCUENTRO El d\u00eda 5 de mayo tuvo\u00a0lugar el inicio del Encuentro de Protocolo Universitario cuya inauguraci\u00f3n oficial se desarroll\u00f3 a partir de\u00a0las 10:00 horas en la sala Gord\u00f3n Ord\u00e1s del pabell\u00f3n El Albeitar de la Universidad de Le\u00f3n. Fue presidida por el Rector Mgfco. Prof. Juan Francisco Garci\u00e1 Mar\u00edn, acompa\u00f1ado por \u00a0el Sr. [&hellip;]<\/p>\n","protected":false},"author":51,"featured_media":0,"parent":0,"menu_order":0,"comment_status":"closed","ping_status":"closed","template":"","meta":{"footnotes":""},"class_list":["post-586","page","type-page","status-publish","hentry"],"_links":{"self":[{"href":"https:\/\/grupos.unileon.es\/encuentro-protocolo\/wp-json\/wp\/v2\/pages\/586","targetHints":{"allow":["GET"]}}],"collection":[{"href":"https:\/\/grupos.unileon.es\/encuentro-protocolo\/wp-json\/wp\/v2\/pages"}],"about":[{"href":"https:\/\/grupos.unileon.es\/encuentro-protocolo\/wp-json\/wp\/v2\/types\/page"}],"author":[{"embeddable":true,"href":"https:\/\/grupos.unileon.es\/encuentro-protocolo\/wp-json\/wp\/v2\/users\/51"}],"replies":[{"embeddable":true,"href":"https:\/\/grupos.unileon.es\/encuentro-protocolo\/wp-json\/wp\/v2\/comments?post=586"}],"version-history":[{"count":13,"href":"https:\/\/grupos.unileon.es\/encuentro-protocolo\/wp-json\/wp\/v2\/pages\/586\/revisions"}],"predecessor-version":[{"id":671,"href":"https:\/\/grupos.unileon.es\/encuentro-protocolo\/wp-json\/wp\/v2\/pages\/586\/revisions\/671"}],"wp:attachment":[{"href":"https:\/\/grupos.unileon.es\/encuentro-protocolo\/wp-json\/wp\/v2\/media?parent=586"}],"curies":[{"name":"wp","href":"https:\/\/api.w.org\/{rel}","templated":true}]}}