{"id":588,"date":"2016-05-08T12:53:21","date_gmt":"2016-05-08T11:53:21","guid":{"rendered":"http:\/\/grupos.unileon.es\/encuentro-protocolo\/?page_id=588"},"modified":"2016-05-09T19:48:24","modified_gmt":"2016-05-09T18:48:24","slug":"actividades-academicas","status":"publish","type":"page","link":"https:\/\/grupos.unileon.es\/encuentro-protocolo\/actividades-academicas\/","title":{"rendered":"Actividades Acad\u00e9micas"},"content":{"rendered":"<p>PONENCIAS<\/p>\n<h3><strong><em>1.- Atribui\u00e7ao do t\u00edtulo de Doutor Honoris Causa na Universidade Portuguesa.\u00a0<\/em><\/strong><\/h3>\n<h4><em>\u00a0 \u00a0 <em>\u00a0Ponente: Fernanda Mart\u00ednez Cabanelas\u00a0Ant\u00e3o.\u00a0<\/em><\/em>Administradora da Universidade NOVA de Lisboa.<\/h4>\n<p><a href=\"http:\/\/grupos.unileon.es\/encuentro-protocolo\/files\/2016\/05\/FERNANDA-CABANELAS-e1462733687223.jpg\"><img loading=\"lazy\" decoding=\"async\" class=\"wp-image-619 aligncenter\" src=\"http:\/\/grupos.unileon.es\/encuentro-protocolo\/files\/2016\/05\/FERNANDA-CABANELAS-e1462733687223-300x245.jpg\" alt=\"FERNANDA CABANELAS\" width=\"442\" height=\"361\" srcset=\"https:\/\/grupos.unileon.es\/encuentro-protocolo\/files\/2016\/05\/FERNANDA-CABANELAS-e1462733687223-300x245.jpg 300w, https:\/\/grupos.unileon.es\/encuentro-protocolo\/files\/2016\/05\/FERNANDA-CABANELAS-e1462733687223-768x627.jpg 768w, https:\/\/grupos.unileon.es\/encuentro-protocolo\/files\/2016\/05\/FERNANDA-CABANELAS-e1462733687223-1024x835.jpg 1024w, https:\/\/grupos.unileon.es\/encuentro-protocolo\/files\/2016\/05\/FERNANDA-CABANELAS-e1462733687223.jpg 1276w\" sizes=\"auto, (max-width: 442px) 100vw, 442px\" \/><\/a><\/p>\n<h3><strong><em>2.- Doctorado\u00a0Honoris Causa a la francesa.\u00a0<\/em><\/strong><\/h3>\n<p><em>\u00a0 \u00a0 \u00a0Ponente: Hermenegildo L\u00f3pez Gonz\u00e1lez .\u00a0<\/em>Director del \u00c1rea de Relaciones Internacionales de la Universidad de Le\u00f3n<\/p>\n<p><a href=\"http:\/\/grupos.unileon.es\/encuentro-protocolo\/files\/2016\/05\/HERMENEGILDO-L\u00d3PEZ-e1462733786414.jpg\"><img loading=\"lazy\" decoding=\"async\" class=\"wp-image-620 aligncenter\" src=\"http:\/\/grupos.unileon.es\/encuentro-protocolo\/files\/2016\/05\/HERMENEGILDO-L\u00d3PEZ-e1462733786414-300x231.jpg\" alt=\"HERMENEGILDO L\u00d3PEZ\" width=\"435\" height=\"335\" srcset=\"https:\/\/grupos.unileon.es\/encuentro-protocolo\/files\/2016\/05\/HERMENEGILDO-L\u00d3PEZ-e1462733786414-300x231.jpg 300w, https:\/\/grupos.unileon.es\/encuentro-protocolo\/files\/2016\/05\/HERMENEGILDO-L\u00d3PEZ-e1462733786414-768x592.jpg 768w, https:\/\/grupos.unileon.es\/encuentro-protocolo\/files\/2016\/05\/HERMENEGILDO-L\u00d3PEZ-e1462733786414-1024x790.jpg 1024w, https:\/\/grupos.unileon.es\/encuentro-protocolo\/files\/2016\/05\/HERMENEGILDO-L\u00d3PEZ-e1462733786414.jpg 1132w\" sizes=\"auto, (max-width: 435px) 100vw, 435px\" \/><\/a><\/p>\n<h3><strong><em>3.- Protocolo Honoris Causa en las Universidades Brit\u00e1nicas.\u00a0<\/em><\/strong><\/h3>\n<p><em>\u00a0 \u00a0 \u00a0Ponente: Jer\u00f3nimo Hern\u00e1ndez de Castro.\u00a0<\/em>Jefe de Protocolo del Gabinete de Comunicaci\u00f3n y Protocolo de la Universidad de Salamanca<\/p>\n<p style=\"text-align: center;\"><a href=\"http:\/\/grupos.unileon.es\/encuentro-protocolo\/files\/2016\/05\/JERO-HERN\u00c1NDEZ-e1462733989695.jpg\"><img loading=\"lazy\" decoding=\"async\" class=\"alignnone wp-image-621\" src=\"http:\/\/grupos.unileon.es\/encuentro-protocolo\/files\/2016\/05\/JERO-HERN\u00c1NDEZ-e1462733989695-300x233.jpg\" alt=\"JERO HERN\u00c1NDEZ\" width=\"430\" height=\"334\" srcset=\"https:\/\/grupos.unileon.es\/encuentro-protocolo\/files\/2016\/05\/JERO-HERN\u00c1NDEZ-e1462733989695-300x233.jpg 300w, https:\/\/grupos.unileon.es\/encuentro-protocolo\/files\/2016\/05\/JERO-HERN\u00c1NDEZ-e1462733989695-768x597.jpg 768w, https:\/\/grupos.unileon.es\/encuentro-protocolo\/files\/2016\/05\/JERO-HERN\u00c1NDEZ-e1462733989695-1024x797.jpg 1024w, https:\/\/grupos.unileon.es\/encuentro-protocolo\/files\/2016\/05\/JERO-HERN\u00c1NDEZ-e1462733989695.jpg 1382w\" sizes=\"auto, (max-width: 430px) 100vw, 430px\" \/><\/a><\/p>\n<h3><strong><em>4.- Del Templo al Estrado: Ritual, respeto y referencia en el Protocolo imperial y popular de China.<\/em><\/strong><\/h3>\n<p><em>\u00a0 \u00a0 \u00a0Ponente: Ju\u00e1n Lanero Fern\u00e1ndez.\u00a0<\/em>Director del Instituto Confucio de la Universidad de Le\u00f3n<\/p>\n<p style=\"text-align: center;\"><a href=\"http:\/\/grupos.unileon.es\/encuentro-protocolo\/files\/2016\/05\/JUAN-LANERO-e1462734067483.jpg\"><img loading=\"lazy\" decoding=\"async\" class=\"alignnone wp-image-622\" src=\"http:\/\/grupos.unileon.es\/encuentro-protocolo\/files\/2016\/05\/JUAN-LANERO-e1462734067483-300x257.jpg\" alt=\"JUAN LANERO\" width=\"418\" height=\"358\" srcset=\"https:\/\/grupos.unileon.es\/encuentro-protocolo\/files\/2016\/05\/JUAN-LANERO-e1462734067483-300x257.jpg 300w, https:\/\/grupos.unileon.es\/encuentro-protocolo\/files\/2016\/05\/JUAN-LANERO-e1462734067483-768x657.jpg 768w, https:\/\/grupos.unileon.es\/encuentro-protocolo\/files\/2016\/05\/JUAN-LANERO-e1462734067483-1024x876.jpg 1024w, https:\/\/grupos.unileon.es\/encuentro-protocolo\/files\/2016\/05\/JUAN-LANERO-e1462734067483.jpg 1166w\" sizes=\"auto, (max-width: 418px) 100vw, 418px\" \/><\/a><\/p>\n<p style=\"text-align: justify;\">Las dos sesiones de ponencias de la ma\u00f1ana del d\u00eda 5 de mayo fueron moderadas por D\u00f1a. Tonina Dur\u00e1n Uroz, Jefa del Gabinete del Rector de la Universitat Jaume I y D\u00f1a. Alicia Ca\u00f1as Sancho, Jefa de la Oficina de Apoyo Institucional \u00a0y Protocolo Acad\u00e9mico de la Universidad de Oviedo.<\/p>\n<p style=\"text-align: left;\"><a href=\"http:\/\/grupos.unileon.es\/encuentro-protocolo\/files\/2016\/05\/SESIONES-I-Y-II-e1462734535518.jpg\"><img loading=\"lazy\" decoding=\"async\" class=\"alignnone wp-image-623\" src=\"http:\/\/grupos.unileon.es\/encuentro-protocolo\/files\/2016\/05\/SESIONES-I-Y-II-e1462734535518-300x213.jpg\" alt=\"SESIONES I Y II\" width=\"620\" height=\"440\" srcset=\"https:\/\/grupos.unileon.es\/encuentro-protocolo\/files\/2016\/05\/SESIONES-I-Y-II-e1462734535518-300x213.jpg 300w, https:\/\/grupos.unileon.es\/encuentro-protocolo\/files\/2016\/05\/SESIONES-I-Y-II-e1462734535518-768x545.jpg 768w, https:\/\/grupos.unileon.es\/encuentro-protocolo\/files\/2016\/05\/SESIONES-I-Y-II-e1462734535518-1024x727.jpg 1024w, https:\/\/grupos.unileon.es\/encuentro-protocolo\/files\/2016\/05\/SESIONES-I-Y-II-e1462734535518.jpg 1718w\" sizes=\"auto, (max-width: 620px) 100vw, 620px\" \/><\/a><\/p>\n<h3><em><strong>5.- XX Aniversario de la Asociaci\u00f3n para el Estudio y la Investigaci\u00f3n del Protocolo Universitario.\u00a0<\/strong><\/em><\/h3>\n<p><em>\u00a0 \u00a0 \u00a0Ponentes: Alba Nasarre Vicente, Francisca Saravia Gonz\u00e1lez, Sagrario Grijalba Serrapio y Joaqu\u00edn Hern\u00e1ndez Arcas.\u00a0<\/em>Miembros de la Direcci\u00f3n de la Asociaci\u00f3n para el Estudio y la Investigaci\u00f3n del Protocolo Universitario (AEIPU).<\/p>\n<p><a href=\"http:\/\/grupos.unileon.es\/encuentro-protocolo\/files\/2016\/05\/XX-ANIVERSARIO-e1462734864296.jpg\"><img loading=\"lazy\" decoding=\"async\" class=\"alignnone wp-image-624\" src=\"http:\/\/grupos.unileon.es\/encuentro-protocolo\/files\/2016\/05\/XX-ANIVERSARIO-e1462734864296-300x151.jpg\" alt=\"XX ANIVERSARIO\" width=\"620\" height=\"312\" srcset=\"https:\/\/grupos.unileon.es\/encuentro-protocolo\/files\/2016\/05\/XX-ANIVERSARIO-e1462734864296-300x151.jpg 300w, https:\/\/grupos.unileon.es\/encuentro-protocolo\/files\/2016\/05\/XX-ANIVERSARIO-e1462734864296-768x386.jpg 768w, https:\/\/grupos.unileon.es\/encuentro-protocolo\/files\/2016\/05\/XX-ANIVERSARIO-e1462734864296-1024x514.jpg 1024w, https:\/\/grupos.unileon.es\/encuentro-protocolo\/files\/2016\/05\/XX-ANIVERSARIO-e1462734864296.jpg 1920w\" sizes=\"auto, (max-width: 620px) 100vw, 620px\" \/><\/a><\/p>\n<h3><strong><em>6.- Presentaci\u00f3n de un estudio de la situaci\u00f3n actual de los puestos de trabajo encargados de la gesti\u00f3n del protocolo y las relaciones institucionales en las Universidades espa\u00f1olas.\u00a0<\/em><\/strong><\/h3>\n<p><em>\u00a0 \u00a0 \u00a0Ponentes: Alfonso D\u00edaz Bezanilla y Joaqu\u00edn Hern\u00e1ndez Arcas.\u00a0<\/em>Asociaci\u00f3n para el Estudio y la Investigaci\u00f3n del Protocolo Universitario<\/p>\n<p style=\"text-align: center;\"><a href=\"http:\/\/grupos.unileon.es\/encuentro-protocolo\/files\/2016\/05\/ALFONSO-D\u00cdAZ-e1462735071583.jpg\"><img loading=\"lazy\" decoding=\"async\" class=\"wp-image-625 alignnone\" src=\"http:\/\/grupos.unileon.es\/encuentro-protocolo\/files\/2016\/05\/ALFONSO-D\u00cdAZ-e1462735071583-300x256.jpg\" alt=\"ALFONSO D\u00cdAZ\" width=\"425\" height=\"362\" srcset=\"https:\/\/grupos.unileon.es\/encuentro-protocolo\/files\/2016\/05\/ALFONSO-D\u00cdAZ-e1462735071583-300x256.jpg 300w, https:\/\/grupos.unileon.es\/encuentro-protocolo\/files\/2016\/05\/ALFONSO-D\u00cdAZ-e1462735071583-768x655.jpg 768w, https:\/\/grupos.unileon.es\/encuentro-protocolo\/files\/2016\/05\/ALFONSO-D\u00cdAZ-e1462735071583.jpg 873w\" sizes=\"auto, (max-width: 425px) 100vw, 425px\" \/><\/a><\/p>\n<h3><strong><em>7.- Apertura del Curso Acad\u00e9mico Universitario en las Comunidades Aut\u00f3nomas: estudio comparado.\u00a0<\/em><\/strong><\/h3>\n<p><em>\u00a0 \u00a0 \u00a0Ponentes: Estanislao de Luis Calabuig y Sagrario Grijalba Serrapio. <\/em>Coordinadores del Grupo de Trabajo CRUE-AEIPU<\/p>\n<p style=\"text-align: center;\"><a href=\"http:\/\/grupos.unileon.es\/encuentro-protocolo\/files\/2016\/05\/ESTANISLAO-DE-LUIS-e1462735313274.jpg\"><img loading=\"lazy\" decoding=\"async\" class=\"wp-image-626 aligncenter\" src=\"http:\/\/grupos.unileon.es\/encuentro-protocolo\/files\/2016\/05\/ESTANISLAO-DE-LUIS-e1462735313274-300x251.jpg\" alt=\"ESTANISLAO DE LUIS\" width=\"426\" height=\"357\" srcset=\"https:\/\/grupos.unileon.es\/encuentro-protocolo\/files\/2016\/05\/ESTANISLAO-DE-LUIS-e1462735313274-300x251.jpg 300w, https:\/\/grupos.unileon.es\/encuentro-protocolo\/files\/2016\/05\/ESTANISLAO-DE-LUIS-e1462735313274-768x642.jpg 768w, https:\/\/grupos.unileon.es\/encuentro-protocolo\/files\/2016\/05\/ESTANISLAO-DE-LUIS-e1462735313274.jpg 907w\" sizes=\"auto, (max-width: 426px) 100vw, 426px\" \/><\/a><\/p>\n<p style=\"text-align: left;\">La sesi\u00f3n de ponencias de la tarde\u00a0del d\u00eda 5 de mayo fue moderada por D\u00f1a. Mar\u00eda Emilia Bermejo Gregori, Jefa de Protocolo de la Universidad Miguel Hern\u00e1ndez de Elche.<\/p>\n<p style=\"text-align: left;\"><a href=\"http:\/\/grupos.unileon.es\/encuentro-protocolo\/files\/2016\/05\/MODERADORA-SESI\u00d3N-III-e1462736583542.jpg\"><img loading=\"lazy\" decoding=\"async\" class=\"alignnone wp-image-629\" src=\"http:\/\/grupos.unileon.es\/encuentro-protocolo\/files\/2016\/05\/MODERADORA-SESI\u00d3N-III-e1462736583542-300x195.jpg\" alt=\"MODERADORA SESI\u00d3N III\" width=\"606\" height=\"394\" srcset=\"https:\/\/grupos.unileon.es\/encuentro-protocolo\/files\/2016\/05\/MODERADORA-SESI\u00d3N-III-e1462736583542-300x195.jpg 300w, https:\/\/grupos.unileon.es\/encuentro-protocolo\/files\/2016\/05\/MODERADORA-SESI\u00d3N-III-e1462736583542-768x499.jpg 768w, https:\/\/grupos.unileon.es\/encuentro-protocolo\/files\/2016\/05\/MODERADORA-SESI\u00d3N-III-e1462736583542-1024x666.jpg 1024w, https:\/\/grupos.unileon.es\/encuentro-protocolo\/files\/2016\/05\/MODERADORA-SESI\u00d3N-III-e1462736583542.jpg 1372w\" sizes=\"auto, (max-width: 606px) 100vw, 606px\" \/><\/a><\/p>\n<h3><strong>8.- El ceremonial de los Actos Acad\u00e9micos solemnes en la Universidad de Le\u00f3n.<\/strong><\/h3>\n<p><em>\u00a0\u00a0Ponente: Estanislao de Luis Calabuig.\u00a0<\/em>Maestro de Ceremonias de la Universidad de Le\u00f3n<\/p>\n<p><a href=\"http:\/\/grupos.unileon.es\/encuentro-protocolo\/files\/2016\/05\/congreso_protocolo-082-e1462736879168.jpg\"><img loading=\"lazy\" decoding=\"async\" class=\"wp-image-630 aligncenter\" src=\"http:\/\/grupos.unileon.es\/encuentro-protocolo\/files\/2016\/05\/congreso_protocolo-082-e1462736879168-300x265.jpg\" alt=\"congreso_protocolo-082\" width=\"405\" height=\"358\" srcset=\"https:\/\/grupos.unileon.es\/encuentro-protocolo\/files\/2016\/05\/congreso_protocolo-082-e1462736879168-300x265.jpg 300w, https:\/\/grupos.unileon.es\/encuentro-protocolo\/files\/2016\/05\/congreso_protocolo-082-e1462736879168-768x679.jpg 768w, https:\/\/grupos.unileon.es\/encuentro-protocolo\/files\/2016\/05\/congreso_protocolo-082-e1462736879168-1024x905.jpg 1024w, https:\/\/grupos.unileon.es\/encuentro-protocolo\/files\/2016\/05\/congreso_protocolo-082-e1462736879168.jpg 1281w\" sizes=\"auto, (max-width: 405px) 100vw, 405px\" \/><\/a><\/p>\n<h3><strong>9.- Los colores del traje acad\u00e9mico: El protocolo como elemento de racionalidad.\u00a0<\/strong><\/h3>\n<p><em>Ponente: Ju\u00e1n Jos\u00e9 Fern\u00e1ndez Dom\u00ednguez.\u00a0<\/em>Decano de la Facultad de Derecho de la Universidad de Le\u00f3n<\/p>\n<p><a href=\"http:\/\/grupos.unileon.es\/encuentro-protocolo\/files\/2016\/05\/JUAN-JO-FERN\u00c1NDEZ-e1462737156459.jpg\"><img loading=\"lazy\" decoding=\"async\" class=\"wp-image-631 aligncenter\" src=\"http:\/\/grupos.unileon.es\/encuentro-protocolo\/files\/2016\/05\/JUAN-JO-FERN\u00c1NDEZ-e1462737156459-300x273.jpg\" alt=\"JUAN JO FERN\u00c1NDEZ\" width=\"413\" height=\"376\" srcset=\"https:\/\/grupos.unileon.es\/encuentro-protocolo\/files\/2016\/05\/JUAN-JO-FERN\u00c1NDEZ-e1462737156459-300x273.jpg 300w, https:\/\/grupos.unileon.es\/encuentro-protocolo\/files\/2016\/05\/JUAN-JO-FERN\u00c1NDEZ-e1462737156459-768x698.jpg 768w, https:\/\/grupos.unileon.es\/encuentro-protocolo\/files\/2016\/05\/JUAN-JO-FERN\u00c1NDEZ-e1462737156459-1024x931.jpg 1024w, https:\/\/grupos.unileon.es\/encuentro-protocolo\/files\/2016\/05\/JUAN-JO-FERN\u00c1NDEZ-e1462737156459.jpg 1209w\" sizes=\"auto, (max-width: 413px) 100vw, 413px\" \/><\/a><\/p>\n<p>Las sesiones de ponencias de la ma\u00f1ana del d\u00eda 6 de mayo fueron moderadas por D\u00f1a. Alba Nasarre Vicente, Presidenta de la AEIPU, de la Universidad de Barcelona, y D\u00f1a. Carmen Fayos Caba\u00f1ero, del Gabinete del Rector de la Universidad de Valencia.<\/p>\n<p><a href=\"http:\/\/grupos.unileon.es\/encuentro-protocolo\/files\/2016\/05\/ALBA-NASARRE-e1462739442154.jpg\"><img loading=\"lazy\" decoding=\"async\" class=\"alignnone wp-image-635\" src=\"http:\/\/grupos.unileon.es\/encuentro-protocolo\/files\/2016\/05\/ALBA-NASARRE-e1462739442154-300x271.jpg\" alt=\"ALBA NASARRE\" width=\"289\" height=\"261\" srcset=\"https:\/\/grupos.unileon.es\/encuentro-protocolo\/files\/2016\/05\/ALBA-NASARRE-e1462739442154-300x271.jpg 300w, https:\/\/grupos.unileon.es\/encuentro-protocolo\/files\/2016\/05\/ALBA-NASARRE-e1462739442154-768x695.jpg 768w, https:\/\/grupos.unileon.es\/encuentro-protocolo\/files\/2016\/05\/ALBA-NASARRE-e1462739442154-1024x926.jpg 1024w, https:\/\/grupos.unileon.es\/encuentro-protocolo\/files\/2016\/05\/ALBA-NASARRE-e1462739442154.jpg 1257w\" sizes=\"auto, (max-width: 289px) 100vw, 289px\" \/><\/a>\u00a0 \u00a0<a href=\"http:\/\/grupos.unileon.es\/encuentro-protocolo\/files\/2016\/05\/CARMEN-FAYOS-e1462739531227.jpg\"><img loading=\"lazy\" decoding=\"async\" class=\"alignnone wp-image-636\" src=\"http:\/\/grupos.unileon.es\/encuentro-protocolo\/files\/2016\/05\/CARMEN-FAYOS-e1462739531227-300x269.jpg\" alt=\"CARMEN FAYOS\" width=\"291\" height=\"261\" srcset=\"https:\/\/grupos.unileon.es\/encuentro-protocolo\/files\/2016\/05\/CARMEN-FAYOS-e1462739531227-300x269.jpg 300w, https:\/\/grupos.unileon.es\/encuentro-protocolo\/files\/2016\/05\/CARMEN-FAYOS-e1462739531227-768x688.jpg 768w, https:\/\/grupos.unileon.es\/encuentro-protocolo\/files\/2016\/05\/CARMEN-FAYOS-e1462739531227-1024x918.jpg 1024w, https:\/\/grupos.unileon.es\/encuentro-protocolo\/files\/2016\/05\/CARMEN-FAYOS-e1462739531227.jpg 1156w\" sizes=\"auto, (max-width: 291px) 100vw, 291px\" \/><\/a><\/p>\n<h3><strong>10.- Taller sobre la problem\u00e1tica actual con los colores de los trajes acad\u00e9micos y las nuevas titulaciones.<\/strong><\/h3>\n<p><em>\u00a0 \u00a0Ponentes: Laura S\u00e1nchez S\u00e1nchez y Paloma N\u00fa\u00f1ez L\u00f3pez.\u00a0Asociaci\u00f3n para el Estudio y la Investigaci\u00f3n del Protocolo Universitario.<\/em><\/p>\n<p><a href=\"http:\/\/grupos.unileon.es\/encuentro-protocolo\/files\/2016\/05\/TALLER.jpg\"><img loading=\"lazy\" decoding=\"async\" class=\"alignnone  wp-image-638\" src=\"http:\/\/grupos.unileon.es\/encuentro-protocolo\/files\/2016\/05\/TALLER-300x200.jpg\" alt=\"TALLER\" width=\"596\" height=\"397\" srcset=\"https:\/\/grupos.unileon.es\/encuentro-protocolo\/files\/2016\/05\/TALLER-300x200.jpg 300w, https:\/\/grupos.unileon.es\/encuentro-protocolo\/files\/2016\/05\/TALLER-768x512.jpg 768w, https:\/\/grupos.unileon.es\/encuentro-protocolo\/files\/2016\/05\/TALLER-1024x683.jpg 1024w, https:\/\/grupos.unileon.es\/encuentro-protocolo\/files\/2016\/05\/TALLER.jpg 1920w\" sizes=\"auto, (max-width: 596px) 100vw, 596px\" \/><\/a><\/p>\n<p><a href=\"http:\/\/grupos.unileon.es\/encuentro-protocolo\/files\/2016\/05\/TALLER-2.jpg\"><img loading=\"lazy\" decoding=\"async\" class=\"alignnone  wp-image-639\" src=\"http:\/\/grupos.unileon.es\/encuentro-protocolo\/files\/2016\/05\/TALLER-2-300x200.jpg\" alt=\"TALLER 2\" width=\"297\" height=\"198\" srcset=\"https:\/\/grupos.unileon.es\/encuentro-protocolo\/files\/2016\/05\/TALLER-2-300x200.jpg 300w, https:\/\/grupos.unileon.es\/encuentro-protocolo\/files\/2016\/05\/TALLER-2-768x512.jpg 768w, https:\/\/grupos.unileon.es\/encuentro-protocolo\/files\/2016\/05\/TALLER-2-1024x683.jpg 1024w, https:\/\/grupos.unileon.es\/encuentro-protocolo\/files\/2016\/05\/TALLER-2.jpg 1920w\" sizes=\"auto, (max-width: 297px) 100vw, 297px\" \/><\/a>\u00a0<a href=\"http:\/\/grupos.unileon.es\/encuentro-protocolo\/files\/2016\/05\/TALLER-3.jpg\"><img loading=\"lazy\" decoding=\"async\" class=\"alignnone  wp-image-640\" src=\"http:\/\/grupos.unileon.es\/encuentro-protocolo\/files\/2016\/05\/TALLER-3-300x200.jpg\" alt=\"TALLER 3\" width=\"297\" height=\"198\" srcset=\"https:\/\/grupos.unileon.es\/encuentro-protocolo\/files\/2016\/05\/TALLER-3-300x200.jpg 300w, https:\/\/grupos.unileon.es\/encuentro-protocolo\/files\/2016\/05\/TALLER-3-768x512.jpg 768w, https:\/\/grupos.unileon.es\/encuentro-protocolo\/files\/2016\/05\/TALLER-3-1024x683.jpg 1024w, https:\/\/grupos.unileon.es\/encuentro-protocolo\/files\/2016\/05\/TALLER-3.jpg 1920w\" sizes=\"auto, (max-width: 297px) 100vw, 297px\" \/><\/a><\/p>\n<p><a href=\"http:\/\/grupos.unileon.es\/encuentro-protocolo\/files\/2016\/05\/TALLER-4.jpg\"><img loading=\"lazy\" decoding=\"async\" class=\"alignnone  wp-image-641\" src=\"http:\/\/grupos.unileon.es\/encuentro-protocolo\/files\/2016\/05\/TALLER-4-300x200.jpg\" alt=\"TALLER 4\" width=\"296\" height=\"197\" srcset=\"https:\/\/grupos.unileon.es\/encuentro-protocolo\/files\/2016\/05\/TALLER-4-300x200.jpg 300w, https:\/\/grupos.unileon.es\/encuentro-protocolo\/files\/2016\/05\/TALLER-4-768x512.jpg 768w, https:\/\/grupos.unileon.es\/encuentro-protocolo\/files\/2016\/05\/TALLER-4-1024x683.jpg 1024w, https:\/\/grupos.unileon.es\/encuentro-protocolo\/files\/2016\/05\/TALLER-4.jpg 1920w\" sizes=\"auto, (max-width: 296px) 100vw, 296px\" \/><\/a>\u00a0<a href=\"http:\/\/grupos.unileon.es\/encuentro-protocolo\/files\/2016\/05\/TALLER-5.jpg\"><img loading=\"lazy\" decoding=\"async\" class=\"alignnone  wp-image-642\" src=\"http:\/\/grupos.unileon.es\/encuentro-protocolo\/files\/2016\/05\/TALLER-5-300x200.jpg\" alt=\"TALLER 5\" width=\"296\" height=\"197\" srcset=\"https:\/\/grupos.unileon.es\/encuentro-protocolo\/files\/2016\/05\/TALLER-5-300x200.jpg 300w, https:\/\/grupos.unileon.es\/encuentro-protocolo\/files\/2016\/05\/TALLER-5-768x512.jpg 768w, https:\/\/grupos.unileon.es\/encuentro-protocolo\/files\/2016\/05\/TALLER-5-1024x683.jpg 1024w, https:\/\/grupos.unileon.es\/encuentro-protocolo\/files\/2016\/05\/TALLER-5.jpg 1920w\" sizes=\"auto, (max-width: 296px) 100vw, 296px\" \/><\/a><\/p>\n<h3><strong>11.-\u00a0Aproximaci\u00f3n al protocolo y ceremonial militar.<\/strong><\/h3>\n<p><em>\u00a0 \u00a0 \u00a0Ponente: F\u00e9lix Santos \u00c1lvarez. \u00a0<\/em>Teniente Coronel de la Academia B\u00e1sica del Aire de la Virgen del Camino, Le\u00f3n. Ej\u00e9rcito del Aire. Ministerio de Defensa.<\/p>\n<p style=\"text-align: center;\"><a href=\"http:\/\/grupos.unileon.es\/encuentro-protocolo\/files\/2016\/05\/FELIX-SANTOS-e1462818806432.jpg\"><img loading=\"lazy\" decoding=\"async\" class=\"alignnone  wp-image-643\" src=\"http:\/\/grupos.unileon.es\/encuentro-protocolo\/files\/2016\/05\/FELIX-SANTOS-e1462818806432-287x300.jpg\" alt=\"FELIX SANTOS\" width=\"405\" height=\"424\" srcset=\"https:\/\/grupos.unileon.es\/encuentro-protocolo\/files\/2016\/05\/FELIX-SANTOS-e1462818806432-287x300.jpg 287w, https:\/\/grupos.unileon.es\/encuentro-protocolo\/files\/2016\/05\/FELIX-SANTOS-e1462818806432-768x802.jpg 768w, https:\/\/grupos.unileon.es\/encuentro-protocolo\/files\/2016\/05\/FELIX-SANTOS-e1462818806432-980x1024.jpg 980w, https:\/\/grupos.unileon.es\/encuentro-protocolo\/files\/2016\/05\/FELIX-SANTOS-e1462818806432.jpg 1272w\" sizes=\"auto, (max-width: 405px) 100vw, 405px\" \/><\/a><\/p>\n<h3><strong>12.-\u00a0El Protocolo en el \u00e1mbito empresarial.<\/strong><\/h3>\n<p><em>\u00a0 \u00a0 \u00a0Ponente: Cristina de la Vega Guerrero.\u00a0<\/em>Directora de Protocolo y Eventos en el Gabinete de Presidencia de Iberdrola.<\/p>\n<p>No pudo asistir al encuentro por razones de trabajo surgidos a \u00faltima hora.<\/p>\n<h3><strong>13.-\u00a0<\/strong><strong>La Semana Santa de Le\u00f3n:\u00a0<\/strong><strong>Un protocolo con m\u00e1s de cuatrocientos a\u00f1os de vida y que a\u00fan contin\u00faa evolucionando.<\/strong><\/h3>\n<p><em>\u00a0 \u00a0 \u00a0Ponente: Jos\u00e9 Antonio Fresno Castro. <\/em>Vicepresidente de la Junta Mayor de la Semana Santa de Le\u00f3n.<\/p>\n<p style=\"text-align: center;\"><a href=\"http:\/\/grupos.unileon.es\/encuentro-protocolo\/files\/2016\/05\/JA-FRESNO-e1462819042804.jpg\"><img loading=\"lazy\" decoding=\"async\" class=\"alignnone  wp-image-644\" src=\"http:\/\/grupos.unileon.es\/encuentro-protocolo\/files\/2016\/05\/JA-FRESNO-e1462819042804-300x297.jpg\" alt=\"JA FRESNO\" width=\"401\" height=\"396\" srcset=\"https:\/\/grupos.unileon.es\/encuentro-protocolo\/files\/2016\/05\/JA-FRESNO-e1462819042804-300x297.jpg 300w, https:\/\/grupos.unileon.es\/encuentro-protocolo\/files\/2016\/05\/JA-FRESNO-e1462819042804-768x760.jpg 768w, https:\/\/grupos.unileon.es\/encuentro-protocolo\/files\/2016\/05\/JA-FRESNO-e1462819042804-1024x1013.jpg 1024w, https:\/\/grupos.unileon.es\/encuentro-protocolo\/files\/2016\/05\/JA-FRESNO-e1462819042804.jpg 1276w\" sizes=\"auto, (max-width: 401px) 100vw, 401px\" \/><\/a><\/p>\n<p style=\"text-align: left;\">La sesi\u00f3n de Protocolos Institucionales estuvo moderada por D. Alfonso D\u00edaz Bezanilla, Secretario de la AEIPU, de la Universidad de Cantabria.<\/p>\n<h3><strong>14.- El protocolo y la m\u00fasica. La m\u00fasica y sus protocolos.\u00a0<\/strong><\/h3>\n<p><em>\u00a0 \u00a0 \u00a0Ponente: Ju\u00e1n Luis Garc\u00eda D\u00edez. \u00a0<\/em>Director de la Orquesta Juventudes Musicales \u2013 Universidad de Le\u00f3n<\/p>\n<p><a href=\"http:\/\/grupos.unileon.es\/encuentro-protocolo\/files\/2016\/05\/M\u00daSICA-1.jpg\"><img loading=\"lazy\" decoding=\"async\" class=\"alignnone  wp-image-645\" src=\"http:\/\/grupos.unileon.es\/encuentro-protocolo\/files\/2016\/05\/M\u00daSICA-1-300x200.jpg\" alt=\"M\u00daSICA 1\" width=\"586\" height=\"390\" srcset=\"https:\/\/grupos.unileon.es\/encuentro-protocolo\/files\/2016\/05\/M\u00daSICA-1-300x200.jpg 300w, https:\/\/grupos.unileon.es\/encuentro-protocolo\/files\/2016\/05\/M\u00daSICA-1-768x512.jpg 768w, https:\/\/grupos.unileon.es\/encuentro-protocolo\/files\/2016\/05\/M\u00daSICA-1-1024x683.jpg 1024w, https:\/\/grupos.unileon.es\/encuentro-protocolo\/files\/2016\/05\/M\u00daSICA-1.jpg 1920w\" sizes=\"auto, (max-width: 586px) 100vw, 586px\" \/><\/a><\/p>\n<p><a href=\"http:\/\/grupos.unileon.es\/encuentro-protocolo\/files\/2016\/05\/M\u00daSICA-2-e1462819680822.jpg\"><img loading=\"lazy\" decoding=\"async\" class=\"alignnone  wp-image-646\" src=\"http:\/\/grupos.unileon.es\/encuentro-protocolo\/files\/2016\/05\/M\u00daSICA-2-e1462819680822-300x133.jpg\" alt=\"M\u00daSICA 2\" width=\"586\" height=\"260\" srcset=\"https:\/\/grupos.unileon.es\/encuentro-protocolo\/files\/2016\/05\/M\u00daSICA-2-e1462819680822-300x133.jpg 300w, https:\/\/grupos.unileon.es\/encuentro-protocolo\/files\/2016\/05\/M\u00daSICA-2-e1462819680822-768x340.jpg 768w, https:\/\/grupos.unileon.es\/encuentro-protocolo\/files\/2016\/05\/M\u00daSICA-2-e1462819680822-1024x454.jpg 1024w, https:\/\/grupos.unileon.es\/encuentro-protocolo\/files\/2016\/05\/M\u00daSICA-2-e1462819680822.jpg 1905w\" sizes=\"auto, (max-width: 586px) 100vw, 586px\" \/><\/a><\/p>\n","protected":false},"excerpt":{"rendered":"<p>PONENCIAS 1.- Atribui\u00e7ao do t\u00edtulo de Doutor Honoris Causa na Universidade Portuguesa.\u00a0 \u00a0 \u00a0 \u00a0Ponente: Fernanda Mart\u00ednez Cabanelas\u00a0Ant\u00e3o.\u00a0Administradora da Universidade NOVA de Lisboa. 2.- Doctorado\u00a0Honoris Causa a la francesa.\u00a0 \u00a0 \u00a0 \u00a0Ponente: Hermenegildo L\u00f3pez Gonz\u00e1lez .\u00a0Director del \u00c1rea de Relaciones Internacionales de la Universidad de Le\u00f3n 3.- Protocolo Honoris Causa en las Universidades Brit\u00e1nicas.\u00a0 \u00a0 [&hellip;]<\/p>\n","protected":false},"author":51,"featured_media":0,"parent":0,"menu_order":0,"comment_status":"closed","ping_status":"closed","template":"","meta":{"footnotes":""},"class_list":["post-588","page","type-page","status-publish","hentry"],"_links":{"self":[{"href":"https:\/\/grupos.unileon.es\/encuentro-protocolo\/wp-json\/wp\/v2\/pages\/588","targetHints":{"allow":["GET"]}}],"collection":[{"href":"https:\/\/grupos.unileon.es\/encuentro-protocolo\/wp-json\/wp\/v2\/pages"}],"about":[{"href":"https:\/\/grupos.unileon.es\/encuentro-protocolo\/wp-json\/wp\/v2\/types\/page"}],"author":[{"embeddable":true,"href":"https:\/\/grupos.unileon.es\/encuentro-protocolo\/wp-json\/wp\/v2\/users\/51"}],"replies":[{"embeddable":true,"href":"https:\/\/grupos.unileon.es\/encuentro-protocolo\/wp-json\/wp\/v2\/comments?post=588"}],"version-history":[{"count":9,"href":"https:\/\/grupos.unileon.es\/encuentro-protocolo\/wp-json\/wp\/v2\/pages\/588\/revisions"}],"predecessor-version":[{"id":647,"href":"https:\/\/grupos.unileon.es\/encuentro-protocolo\/wp-json\/wp\/v2\/pages\/588\/revisions\/647"}],"wp:attachment":[{"href":"https:\/\/grupos.unileon.es\/encuentro-protocolo\/wp-json\/wp\/v2\/media?parent=588"}],"curies":[{"name":"wp","href":"https:\/\/api.w.org\/{rel}","templated":true}]}}