{"id":590,"date":"2016-05-08T12:52:27","date_gmt":"2016-05-08T11:52:27","guid":{"rendered":"http:\/\/grupos.unileon.es\/encuentro-protocolo\/?page_id=590"},"modified":"2016-05-09T21:44:58","modified_gmt":"2016-05-09T20:44:58","slug":"actividades-culturales-2","status":"publish","type":"page","link":"https:\/\/grupos.unileon.es\/encuentro-protocolo\/actividades-culturales-2\/","title":{"rendered":"Actividades Culturales"},"content":{"rendered":"<h1><em>Fotograf\u00eda oficial del Encuentro<\/em><\/h1>\n<p><a href=\"http:\/\/grupos.unileon.es\/encuentro-protocolo\/files\/2016\/05\/FOTO-OFICIAL-e1462821322683.jpg\"><img loading=\"lazy\" decoding=\"async\" class=\"alignnone wp-image-649\" src=\"http:\/\/grupos.unileon.es\/encuentro-protocolo\/files\/2016\/05\/FOTO-OFICIAL-e1462821322683-300x173.jpg\" alt=\"FOTO OFICIAL\" width=\"541\" height=\"312\" srcset=\"https:\/\/grupos.unileon.es\/encuentro-protocolo\/files\/2016\/05\/FOTO-OFICIAL-e1462821322683-300x173.jpg 300w, https:\/\/grupos.unileon.es\/encuentro-protocolo\/files\/2016\/05\/FOTO-OFICIAL-e1462821322683-768x442.jpg 768w, https:\/\/grupos.unileon.es\/encuentro-protocolo\/files\/2016\/05\/FOTO-OFICIAL-e1462821322683-1024x589.jpg 1024w, https:\/\/grupos.unileon.es\/encuentro-protocolo\/files\/2016\/05\/FOTO-OFICIAL-e1462821322683.jpg 1819w\" sizes=\"auto, (max-width: 541px) 100vw, 541px\" \/><\/a><\/p>\n<h1><em>Ruinas romanas en Le\u00f3n.<\/em><\/h1>\n<p><a href=\"http:\/\/grupos.unileon.es\/encuentro-protocolo\/files\/2016\/05\/RUINAS-ROMANAS-LEON-e1462822306236.jpg\"><img loading=\"lazy\" decoding=\"async\" class=\"alignnone wp-image-651\" src=\"http:\/\/grupos.unileon.es\/encuentro-protocolo\/files\/2016\/05\/RUINAS-ROMANAS-LEON-e1462822306236-300x146.jpg\" alt=\"RUINAS ROMANAS LEON\" width=\"538\" height=\"262\" srcset=\"https:\/\/grupos.unileon.es\/encuentro-protocolo\/files\/2016\/05\/RUINAS-ROMANAS-LEON-e1462822306236-300x146.jpg 300w, https:\/\/grupos.unileon.es\/encuentro-protocolo\/files\/2016\/05\/RUINAS-ROMANAS-LEON-e1462822306236-768x374.jpg 768w, https:\/\/grupos.unileon.es\/encuentro-protocolo\/files\/2016\/05\/RUINAS-ROMANAS-LEON-e1462822306236-1024x499.jpg 1024w, https:\/\/grupos.unileon.es\/encuentro-protocolo\/files\/2016\/05\/RUINAS-ROMANAS-LEON-e1462822306236.jpg 1920w\" sizes=\"auto, (max-width: 538px) 100vw, 538px\" \/><\/a><\/p>\n<h1><em>Catedral de Le\u00f3n<\/em><\/h1>\n<p><a href=\"http:\/\/grupos.unileon.es\/encuentro-protocolo\/files\/2016\/05\/congreso_protocolo-071.jpg\"><img loading=\"lazy\" decoding=\"async\" class=\"alignnone wp-image-652\" src=\"http:\/\/grupos.unileon.es\/encuentro-protocolo\/files\/2016\/05\/congreso_protocolo-071-300x200.jpg\" alt=\"congreso_protocolo-071\" width=\"537\" height=\"358\" srcset=\"https:\/\/grupos.unileon.es\/encuentro-protocolo\/files\/2016\/05\/congreso_protocolo-071-300x200.jpg 300w, https:\/\/grupos.unileon.es\/encuentro-protocolo\/files\/2016\/05\/congreso_protocolo-071-768x512.jpg 768w, https:\/\/grupos.unileon.es\/encuentro-protocolo\/files\/2016\/05\/congreso_protocolo-071-1024x683.jpg 1024w, https:\/\/grupos.unileon.es\/encuentro-protocolo\/files\/2016\/05\/congreso_protocolo-071.jpg 1920w\" sizes=\"auto, (max-width: 537px) 100vw, 537px\" \/><\/a><\/p>\n<h1><em>De tapas por Le\u00f3n<\/em><\/h1>\n<p><a href=\"http:\/\/grupos.unileon.es\/encuentro-protocolo\/files\/2016\/05\/TAPAS-1.jpg\"><img loading=\"lazy\" decoding=\"async\" class=\"alignnone wp-image-653\" src=\"http:\/\/grupos.unileon.es\/encuentro-protocolo\/files\/2016\/05\/TAPAS-1-300x200.jpg\" alt=\"TAPAS 1\" width=\"264\" height=\"176\" srcset=\"https:\/\/grupos.unileon.es\/encuentro-protocolo\/files\/2016\/05\/TAPAS-1-300x200.jpg 300w, https:\/\/grupos.unileon.es\/encuentro-protocolo\/files\/2016\/05\/TAPAS-1-768x512.jpg 768w, https:\/\/grupos.unileon.es\/encuentro-protocolo\/files\/2016\/05\/TAPAS-1-1024x683.jpg 1024w, https:\/\/grupos.unileon.es\/encuentro-protocolo\/files\/2016\/05\/TAPAS-1.jpg 1920w\" sizes=\"auto, (max-width: 264px) 100vw, 264px\" \/><\/a>\u00a0<a href=\"http:\/\/grupos.unileon.es\/encuentro-protocolo\/files\/2016\/05\/TAPAS-2.jpg\"><img loading=\"lazy\" decoding=\"async\" class=\"alignnone wp-image-654\" src=\"http:\/\/grupos.unileon.es\/encuentro-protocolo\/files\/2016\/05\/TAPAS-2-300x200.jpg\" alt=\"TAPAS 2\" width=\"266\" height=\"177\" srcset=\"https:\/\/grupos.unileon.es\/encuentro-protocolo\/files\/2016\/05\/TAPAS-2-300x200.jpg 300w, https:\/\/grupos.unileon.es\/encuentro-protocolo\/files\/2016\/05\/TAPAS-2-768x512.jpg 768w, https:\/\/grupos.unileon.es\/encuentro-protocolo\/files\/2016\/05\/TAPAS-2-1024x683.jpg 1024w, https:\/\/grupos.unileon.es\/encuentro-protocolo\/files\/2016\/05\/TAPAS-2.jpg 1920w\" sizes=\"auto, (max-width: 266px) 100vw, 266px\" \/><\/a><\/p>\n<h1><em>Colegiata de San Isidoro<\/em><\/h1>\n<p><a href=\"http:\/\/grupos.unileon.es\/encuentro-protocolo\/files\/2016\/05\/COLEGIATA-2.jpg\"><img loading=\"lazy\" decoding=\"async\" class=\"alignnone wp-image-657\" src=\"http:\/\/grupos.unileon.es\/encuentro-protocolo\/files\/2016\/05\/COLEGIATA-2-200x300.jpg\" alt=\"COLEGIATA 2\" width=\"263\" height=\"395\" srcset=\"https:\/\/grupos.unileon.es\/encuentro-protocolo\/files\/2016\/05\/COLEGIATA-2-200x300.jpg 200w, https:\/\/grupos.unileon.es\/encuentro-protocolo\/files\/2016\/05\/COLEGIATA-2-768x1152.jpg 768w, https:\/\/grupos.unileon.es\/encuentro-protocolo\/files\/2016\/05\/COLEGIATA-2-683x1024.jpg 683w, https:\/\/grupos.unileon.es\/encuentro-protocolo\/files\/2016\/05\/COLEGIATA-2.jpg 1280w\" sizes=\"auto, (max-width: 263px) 100vw, 263px\" \/><\/a>\u00a0<a href=\"http:\/\/grupos.unileon.es\/encuentro-protocolo\/files\/2016\/05\/COLEGIATA-1.jpg\"><img loading=\"lazy\" decoding=\"async\" class=\"alignnone wp-image-656\" src=\"http:\/\/grupos.unileon.es\/encuentro-protocolo\/files\/2016\/05\/COLEGIATA-1-200x300.jpg\" alt=\"COLEGIATA 1\" width=\"263\" height=\"395\" srcset=\"https:\/\/grupos.unileon.es\/encuentro-protocolo\/files\/2016\/05\/COLEGIATA-1-200x300.jpg 200w, https:\/\/grupos.unileon.es\/encuentro-protocolo\/files\/2016\/05\/COLEGIATA-1-768x1152.jpg 768w, https:\/\/grupos.unileon.es\/encuentro-protocolo\/files\/2016\/05\/COLEGIATA-1-683x1024.jpg 683w, https:\/\/grupos.unileon.es\/encuentro-protocolo\/files\/2016\/05\/COLEGIATA-1.jpg 1280w\" sizes=\"auto, (max-width: 263px) 100vw, 263px\" \/><\/a><\/p>\n<p><a href=\"http:\/\/grupos.unileon.es\/encuentro-protocolo\/files\/2016\/05\/COLEGIATA-3.jpg\"><img loading=\"lazy\" decoding=\"async\" class=\"alignnone wp-image-658\" src=\"http:\/\/grupos.unileon.es\/encuentro-protocolo\/files\/2016\/05\/COLEGIATA-3-300x200.jpg\" alt=\"COLEGIATA 3\" width=\"528\" height=\"352\" srcset=\"https:\/\/grupos.unileon.es\/encuentro-protocolo\/files\/2016\/05\/COLEGIATA-3-300x200.jpg 300w, https:\/\/grupos.unileon.es\/encuentro-protocolo\/files\/2016\/05\/COLEGIATA-3-768x512.jpg 768w, https:\/\/grupos.unileon.es\/encuentro-protocolo\/files\/2016\/05\/COLEGIATA-3-1024x683.jpg 1024w, https:\/\/grupos.unileon.es\/encuentro-protocolo\/files\/2016\/05\/COLEGIATA-3.jpg 1920w\" sizes=\"auto, (max-width: 528px) 100vw, 528px\" \/><\/a><\/p>\n<h1><em>Cena de clausura<\/em><\/h1>\n<p><a href=\"http:\/\/grupos.unileon.es\/encuentro-protocolo\/files\/2016\/05\/CENA-CLAUSURA-2.jpg\"><img loading=\"lazy\" decoding=\"async\" class=\"alignnone wp-image-660\" src=\"http:\/\/grupos.unileon.es\/encuentro-protocolo\/files\/2016\/05\/CENA-CLAUSURA-2-300x200.jpg\" alt=\"CENA CLAUSURA 2\" width=\"528\" height=\"352\" srcset=\"https:\/\/grupos.unileon.es\/encuentro-protocolo\/files\/2016\/05\/CENA-CLAUSURA-2-300x200.jpg 300w, https:\/\/grupos.unileon.es\/encuentro-protocolo\/files\/2016\/05\/CENA-CLAUSURA-2-768x512.jpg 768w, https:\/\/grupos.unileon.es\/encuentro-protocolo\/files\/2016\/05\/CENA-CLAUSURA-2-1024x683.jpg 1024w, https:\/\/grupos.unileon.es\/encuentro-protocolo\/files\/2016\/05\/CENA-CLAUSURA-2.jpg 1920w\" sizes=\"auto, (max-width: 528px) 100vw, 528px\" \/><\/a><\/p>\n<p><a href=\"http:\/\/grupos.unileon.es\/encuentro-protocolo\/files\/2016\/05\/CENA-CLAUSURA-1.jpg\"><img loading=\"lazy\" decoding=\"async\" class=\"alignnone wp-image-661\" src=\"http:\/\/grupos.unileon.es\/encuentro-protocolo\/files\/2016\/05\/CENA-CLAUSURA-1-300x200.jpg\" alt=\"CENA CLAUSURA 1\" width=\"528\" height=\"352\" srcset=\"https:\/\/grupos.unileon.es\/encuentro-protocolo\/files\/2016\/05\/CENA-CLAUSURA-1-300x200.jpg 300w, https:\/\/grupos.unileon.es\/encuentro-protocolo\/files\/2016\/05\/CENA-CLAUSURA-1-768x512.jpg 768w, https:\/\/grupos.unileon.es\/encuentro-protocolo\/files\/2016\/05\/CENA-CLAUSURA-1-1024x683.jpg 1024w, https:\/\/grupos.unileon.es\/encuentro-protocolo\/files\/2016\/05\/CENA-CLAUSURA-1.jpg 1920w\" sizes=\"auto, (max-width: 528px) 100vw, 528px\" \/><\/a><\/p>\n<h1><em>Ruinas de Asturica Augusta<\/em><\/h1>\n<p><a href=\"http:\/\/grupos.unileon.es\/encuentro-protocolo\/files\/2016\/05\/ASTURICA-AUGUSTA.jpg\"><img loading=\"lazy\" decoding=\"async\" class=\"alignnone wp-image-662\" src=\"http:\/\/grupos.unileon.es\/encuentro-protocolo\/files\/2016\/05\/ASTURICA-AUGUSTA-300x200.jpg\" alt=\"ASTURICA AUGUSTA\" width=\"527\" height=\"352\" srcset=\"https:\/\/grupos.unileon.es\/encuentro-protocolo\/files\/2016\/05\/ASTURICA-AUGUSTA-300x200.jpg 300w, https:\/\/grupos.unileon.es\/encuentro-protocolo\/files\/2016\/05\/ASTURICA-AUGUSTA-768x512.jpg 768w, https:\/\/grupos.unileon.es\/encuentro-protocolo\/files\/2016\/05\/ASTURICA-AUGUSTA-1024x683.jpg 1024w, https:\/\/grupos.unileon.es\/encuentro-protocolo\/files\/2016\/05\/ASTURICA-AUGUSTA.jpg 1920w\" sizes=\"auto, (max-width: 527px) 100vw, 527px\" \/><\/a><\/p>\n<h1><em>F\u00e1brica de chocolate en Astorga<\/em><\/h1>\n<p><a href=\"http:\/\/grupos.unileon.es\/encuentro-protocolo\/files\/2016\/05\/FABRICA-CHOCOLATE.jpg\"><img loading=\"lazy\" decoding=\"async\" class=\"alignnone wp-image-663\" src=\"http:\/\/grupos.unileon.es\/encuentro-protocolo\/files\/2016\/05\/FABRICA-CHOCOLATE-300x200.jpg\" alt=\"FABRICA CHOCOLATE\" width=\"526\" height=\"350\" srcset=\"https:\/\/grupos.unileon.es\/encuentro-protocolo\/files\/2016\/05\/FABRICA-CHOCOLATE-300x200.jpg 300w, https:\/\/grupos.unileon.es\/encuentro-protocolo\/files\/2016\/05\/FABRICA-CHOCOLATE-768x512.jpg 768w, https:\/\/grupos.unileon.es\/encuentro-protocolo\/files\/2016\/05\/FABRICA-CHOCOLATE-1024x683.jpg 1024w, https:\/\/grupos.unileon.es\/encuentro-protocolo\/files\/2016\/05\/FABRICA-CHOCOLATE.jpg 1920w\" sizes=\"auto, (max-width: 526px) 100vw, 526px\" \/><\/a><\/p>\n<h1><em>Castrillo de los Polvazares<\/em><\/h1>\n<p><a href=\"http:\/\/grupos.unileon.es\/encuentro-protocolo\/files\/2016\/05\/CASA-SERAF\u00cdN.jpg\"><img loading=\"lazy\" decoding=\"async\" class=\"alignnone wp-image-664\" src=\"http:\/\/grupos.unileon.es\/encuentro-protocolo\/files\/2016\/05\/CASA-SERAF\u00cdN-300x200.jpg\" alt=\"CASA SERAF\u00cdN\" width=\"527\" height=\"351\" srcset=\"https:\/\/grupos.unileon.es\/encuentro-protocolo\/files\/2016\/05\/CASA-SERAF\u00cdN-300x200.jpg 300w, https:\/\/grupos.unileon.es\/encuentro-protocolo\/files\/2016\/05\/CASA-SERAF\u00cdN-768x512.jpg 768w, https:\/\/grupos.unileon.es\/encuentro-protocolo\/files\/2016\/05\/CASA-SERAF\u00cdN-1024x683.jpg 1024w, https:\/\/grupos.unileon.es\/encuentro-protocolo\/files\/2016\/05\/CASA-SERAF\u00cdN.jpg 1920w\" sizes=\"auto, (max-width: 527px) 100vw, 527px\" \/><\/a><\/p>\n<p><a href=\"http:\/\/grupos.unileon.es\/encuentro-protocolo\/files\/2016\/05\/CASTRILLO.jpg\"><img loading=\"lazy\" decoding=\"async\" class=\"alignnone wp-image-665\" src=\"http:\/\/grupos.unileon.es\/encuentro-protocolo\/files\/2016\/05\/CASTRILLO-300x200.jpg\" alt=\"CASTRILLO\" width=\"527\" height=\"351\" srcset=\"https:\/\/grupos.unileon.es\/encuentro-protocolo\/files\/2016\/05\/CASTRILLO-300x200.jpg 300w, https:\/\/grupos.unileon.es\/encuentro-protocolo\/files\/2016\/05\/CASTRILLO-768x512.jpg 768w, https:\/\/grupos.unileon.es\/encuentro-protocolo\/files\/2016\/05\/CASTRILLO-1024x683.jpg 1024w, https:\/\/grupos.unileon.es\/encuentro-protocolo\/files\/2016\/05\/CASTRILLO.jpg 1920w\" sizes=\"auto, (max-width: 527px) 100vw, 527px\" \/><\/a><\/p>\n<p><a href=\"http:\/\/grupos.unileon.es\/encuentro-protocolo\/files\/2016\/05\/COCIDO-2.jpg\"><img loading=\"lazy\" decoding=\"async\" class=\"alignnone wp-image-667\" src=\"http:\/\/grupos.unileon.es\/encuentro-protocolo\/files\/2016\/05\/COCIDO-2-300x200.jpg\" alt=\"COCIDO 2\" width=\"527\" height=\"351\" srcset=\"https:\/\/grupos.unileon.es\/encuentro-protocolo\/files\/2016\/05\/COCIDO-2-300x200.jpg 300w, https:\/\/grupos.unileon.es\/encuentro-protocolo\/files\/2016\/05\/COCIDO-2-768x512.jpg 768w, https:\/\/grupos.unileon.es\/encuentro-protocolo\/files\/2016\/05\/COCIDO-2-1024x683.jpg 1024w, https:\/\/grupos.unileon.es\/encuentro-protocolo\/files\/2016\/05\/COCIDO-2.jpg 1920w\" sizes=\"auto, (max-width: 527px) 100vw, 527px\" \/><\/a><\/p>\n<p><a href=\"http:\/\/grupos.unileon.es\/encuentro-protocolo\/files\/2016\/05\/COCIDO-1-1.jpg\"><img loading=\"lazy\" decoding=\"async\" class=\"alignnone  wp-image-669\" src=\"http:\/\/grupos.unileon.es\/encuentro-protocolo\/files\/2016\/05\/COCIDO-1-1-300x200.jpg\" alt=\"COCIDO  1\" width=\"527\" height=\"351\" srcset=\"https:\/\/grupos.unileon.es\/encuentro-protocolo\/files\/2016\/05\/COCIDO-1-1-300x200.jpg 300w, https:\/\/grupos.unileon.es\/encuentro-protocolo\/files\/2016\/05\/COCIDO-1-1-768x512.jpg 768w, https:\/\/grupos.unileon.es\/encuentro-protocolo\/files\/2016\/05\/COCIDO-1-1-1024x683.jpg 1024w, https:\/\/grupos.unileon.es\/encuentro-protocolo\/files\/2016\/05\/COCIDO-1-1.jpg 1920w\" sizes=\"auto, (max-width: 527px) 100vw, 527px\" \/><\/a><\/p>\n<p>&nbsp;<\/p>\n<p>&nbsp;<\/p>\n","protected":false},"excerpt":{"rendered":"<p>Fotograf\u00eda oficial del Encuentro Ruinas romanas en Le\u00f3n. Catedral de Le\u00f3n De tapas por Le\u00f3n \u00a0 Colegiata de San Isidoro \u00a0 Cena de clausura Ruinas de Asturica Augusta F\u00e1brica de chocolate en Astorga Castrillo de los Polvazares &nbsp; &nbsp;<\/p>\n","protected":false},"author":51,"featured_media":0,"parent":0,"menu_order":0,"comment_status":"closed","ping_status":"closed","template":"","meta":{"footnotes":""},"class_list":["post-590","page","type-page","status-publish","hentry"],"_links":{"self":[{"href":"https:\/\/grupos.unileon.es\/encuentro-protocolo\/wp-json\/wp\/v2\/pages\/590","targetHints":{"allow":["GET"]}}],"collection":[{"href":"https:\/\/grupos.unileon.es\/encuentro-protocolo\/wp-json\/wp\/v2\/pages"}],"about":[{"href":"https:\/\/grupos.unileon.es\/encuentro-protocolo\/wp-json\/wp\/v2\/types\/page"}],"author":[{"embeddable":true,"href":"https:\/\/grupos.unileon.es\/encuentro-protocolo\/wp-json\/wp\/v2\/users\/51"}],"replies":[{"embeddable":true,"href":"https:\/\/grupos.unileon.es\/encuentro-protocolo\/wp-json\/wp\/v2\/comments?post=590"}],"version-history":[{"count":7,"href":"https:\/\/grupos.unileon.es\/encuentro-protocolo\/wp-json\/wp\/v2\/pages\/590\/revisions"}],"predecessor-version":[{"id":670,"href":"https:\/\/grupos.unileon.es\/encuentro-protocolo\/wp-json\/wp\/v2\/pages\/590\/revisions\/670"}],"wp:attachment":[{"href":"https:\/\/grupos.unileon.es\/encuentro-protocolo\/wp-json\/wp\/v2\/media?parent=590"}],"curies":[{"name":"wp","href":"https:\/\/api.w.org\/{rel}","templated":true}]}}