{"id":63,"date":"2015-11-12T13:26:11","date_gmt":"2015-11-12T12:26:11","guid":{"rendered":"http:\/\/grupos.unileon.es\/encuentro-protocolo\/?page_id=63"},"modified":"2016-03-22T12:16:48","modified_gmt":"2016-03-22T11:16:48","slug":"nombre-del-hotel","status":"publish","type":"page","link":"https:\/\/grupos.unileon.es\/encuentro-protocolo\/nombre-del-hotel\/","title":{"rendered":"INFORMACI\u00d3N HOTELES"},"content":{"rendered":"<h2><em>HOTEL SILKEN LUIS DE LE\u00d3N <\/em><\/h2>\n<p><a href=\"http:\/\/grupos.unileon.es\/encuentro-protocolo\/files\/2015\/11\/exterior.jpg\" rel=\"attachment wp-att-413\"><img loading=\"lazy\" decoding=\"async\" class=\"alignnone wp-image-413\" src=\"http:\/\/grupos.unileon.es\/encuentro-protocolo\/files\/2015\/11\/exterior-300x200.jpg\" alt=\"exterior\" width=\"197\" height=\"131\" srcset=\"https:\/\/grupos.unileon.es\/encuentro-protocolo\/files\/2015\/11\/exterior-300x200.jpg 300w, https:\/\/grupos.unileon.es\/encuentro-protocolo\/files\/2015\/11\/exterior.jpg 545w\" sizes=\"auto, (max-width: 197px) 100vw, 197px\" \/><\/a>\u00a0<a href=\"http:\/\/grupos.unileon.es\/encuentro-protocolo\/files\/2015\/11\/habitaci\u00f3n.jpg\" rel=\"attachment wp-att-414\"><img loading=\"lazy\" decoding=\"async\" class=\"alignnone wp-image-414\" src=\"http:\/\/grupos.unileon.es\/encuentro-protocolo\/files\/2015\/11\/habitaci\u00f3n-300x212.jpg\" alt=\"habitaci\u00f3n\" width=\"187\" height=\"132\" srcset=\"https:\/\/grupos.unileon.es\/encuentro-protocolo\/files\/2015\/11\/habitaci\u00f3n-300x212.jpg 300w, https:\/\/grupos.unileon.es\/encuentro-protocolo\/files\/2015\/11\/habitaci\u00f3n-768x542.jpg 768w, https:\/\/grupos.unileon.es\/encuentro-protocolo\/files\/2015\/11\/habitaci\u00f3n-1024x723.jpg 1024w, https:\/\/grupos.unileon.es\/encuentro-protocolo\/files\/2015\/11\/habitaci\u00f3n.jpg 1424w\" sizes=\"auto, (max-width: 187px) 100vw, 187px\" \/><\/a>\u00a0<a href=\"http:\/\/grupos.unileon.es\/encuentro-protocolo\/files\/2015\/11\/logotipo.png\" rel=\"attachment wp-att-415\"><img loading=\"lazy\" decoding=\"async\" class=\"alignnone wp-image-415\" src=\"http:\/\/grupos.unileon.es\/encuentro-protocolo\/files\/2015\/11\/logotipo-300x168.png\" alt=\"logotipo\" width=\"180\" height=\"101\" \/><\/a><\/p>\n<p>Categor\u00eda\u00a0\u00a0\u00a0\u00a0\u00a0\u00a0\u00a0\u00a0\u00a0\u00a0\u00a0 ****<\/p>\n<p>Direcci\u00f3n: Calle Fray Luis de Le\u00f3n, 26. 24005. Le\u00f3n<\/p>\n<p>Tel\u00e9fono : +34.987.218820<\/p>\n<p>e.mail: <a href=\"mailto:luisdeleon@hoteles-silken.com\">luisdeleon@hoteles-silken.com<\/a><\/p>\n<p>&nbsp;<\/p>\n<p>Precios ofertados Referencia: ENCUENTRO PROTOCOLO UNIVERSITARIO<\/p>\n<p>Habitaci\u00f3n doble para uso individual \u00a0 \u00a0 \u00a0 \u00a0 \u00a0 \u00a0 \u00a0 \u00a0 \u00a0 \u00a0 \u00a0\u00a0<strong>53 \u20ac<\/strong> \u00a0\u00a0\u00a0\u00a0 IVA incluido por noche<\/p>\n<p>Habitaci\u00f3n doble para uso doble\u00a0\u00a0\u00a0\u00a0\u00a0\u00a0\u00a0\u00a0\u00a0\u00a0\u00a0\u00a0 \u00a0\u00a0\u00a0\u00a0\u00a0\u00a0\u00a0\u00a0\u00a0\u00a0\u00a0\u00a0\u00a0\u00a0\u00a0 <strong>61 \u20ac<\/strong>\u00a0 \u00a0 \u00a0 IVA incluido por noche<\/p>\n<p>Desayuno \u00a0incluido<\/p>\n<p>&nbsp;<\/p>\n<h2><em>HOTEL REAL COLEGIATA<\/em><\/h2>\n<p><a href=\"http:\/\/grupos.unileon.es\/encuentro-protocolo\/files\/2015\/11\/interior.jpg\" rel=\"attachment wp-att-419\"><img loading=\"lazy\" decoding=\"async\" class=\"alignnone wp-image-419\" src=\"http:\/\/grupos.unileon.es\/encuentro-protocolo\/files\/2015\/11\/interior-300x197.jpg\" alt=\"interior\" width=\"182\" height=\"119\" srcset=\"https:\/\/grupos.unileon.es\/encuentro-protocolo\/files\/2015\/11\/interior-300x197.jpg 300w, https:\/\/grupos.unileon.es\/encuentro-protocolo\/files\/2015\/11\/interior-768x504.jpg 768w, https:\/\/grupos.unileon.es\/encuentro-protocolo\/files\/2015\/11\/interior-1024x672.jpg 1024w, https:\/\/grupos.unileon.es\/encuentro-protocolo\/files\/2015\/11\/interior.jpg 1392w\" sizes=\"auto, (max-width: 182px) 100vw, 182px\" \/><\/a>\u00a0<a href=\"http:\/\/grupos.unileon.es\/encuentro-protocolo\/files\/2015\/11\/habitaci\u00f3n-1.jpg\" rel=\"attachment wp-att-418\"><img loading=\"lazy\" decoding=\"async\" class=\"alignnone wp-image-418\" src=\"http:\/\/grupos.unileon.es\/encuentro-protocolo\/files\/2015\/11\/habitaci\u00f3n-1-300x197.jpg\" alt=\"habitaci\u00f3n\" width=\"182\" height=\"119\" srcset=\"https:\/\/grupos.unileon.es\/encuentro-protocolo\/files\/2015\/11\/habitaci\u00f3n-1-300x197.jpg 300w, https:\/\/grupos.unileon.es\/encuentro-protocolo\/files\/2015\/11\/habitaci\u00f3n-1-768x504.jpg 768w, https:\/\/grupos.unileon.es\/encuentro-protocolo\/files\/2015\/11\/habitaci\u00f3n-1-1024x671.jpg 1024w, https:\/\/grupos.unileon.es\/encuentro-protocolo\/files\/2015\/11\/habitaci\u00f3n-1.jpg 1400w\" sizes=\"auto, (max-width: 182px) 100vw, 182px\" \/><\/a>\u00a0<a href=\"http:\/\/grupos.unileon.es\/encuentro-protocolo\/files\/2015\/11\/logotipo.jpg\" rel=\"attachment wp-att-420\"><img loading=\"lazy\" decoding=\"async\" class=\"alignnone wp-image-420\" src=\"http:\/\/grupos.unileon.es\/encuentro-protocolo\/files\/2015\/11\/logotipo-300x102.jpg\" alt=\"logotipo\" width=\"185\" height=\"63\" srcset=\"https:\/\/grupos.unileon.es\/encuentro-protocolo\/files\/2015\/11\/logotipo-300x102.jpg 300w, https:\/\/grupos.unileon.es\/encuentro-protocolo\/files\/2015\/11\/logotipo.jpg 661w\" sizes=\"auto, (max-width: 185px) 100vw, 185px\" \/><\/a><\/p>\n<p>Categor\u00eda\u00a0\u00a0\u00a0\u00a0\u00a0\u00a0\u00a0\u00a0\u00a0\u00a0\u00a0 ***<\/p>\n<p>Direcci\u00f3n: Plaza de Santo Martino, 5. 24003 Le\u00f3n<\/p>\n<p>Tel\u00e9fono: +34.987.875088<\/p>\n<p>e-mail: <a href=\"mailto:reservas@hotelrealcolegiata.es\">reservas@hotelrealcolegiata.es<\/a><\/p>\n<p>&nbsp;<\/p>\n<p>Precios ofertados Referencia: ENCUENTRO PROTOCOLO UNIVERSITARIO<\/p>\n<p>Habitaci\u00f3n sencilla \u00a0 \u00a0 \u00a0 \u00a0 \u00a0 \u00a0 \u00a0 \u00a0 \u00a0 \u00a0 \u00a0 \u00a0 \u00a0 \u00a0 \u00a0 \u00a0 \u00a0 \u00a0 \u00a0 \u00a0 \u00a0 \u00a0 \u00a0 \u00a0 \u00a0<strong>53 \u20ac<\/strong>\u00a0\u00a0\u00a0\u00a0\u00a0\u00a0\u00a0 IVA incluido por noche<\/p>\n<p>Habitaci\u00f3n doble\u00a0\u00a0\u00a0\u00a0\u00a0\u00a0\u00a0\u00a0\u00a0\u00a0\u00a0\u00a0\u00a0\u00a0\u00a0\u00a0\u00a0\u00a0\u00a0\u00a0\u00a0\u00a0\u00a0\u00a0\u00a0\u00a0\u00a0\u00a0\u00a0\u00a0\u00a0\u00a0\u00a0\u00a0\u00a0\u00a0\u00a0\u00a0\u00a0\u00a0\u00a0\u00a0\u00a0 \u00a0\u00a0\u00a0\u00a0\u00a0\u00a0\u00a0\u00a0\u00a0<strong>89 \u20ac<\/strong> \u00a0\u00a0\u00a0\u00a0\u00a0\u00a0 IVA incluido por noche<\/p>\n<p>Desayuno y parking privado incluidos<\/p>\n<p>&nbsp;<\/p>\n<h2><em>HOTEL AC SAN ANTONIO LE\u00d3N<\/em><\/h2>\n<p><a href=\"http:\/\/grupos.unileon.es\/encuentro-protocolo\/files\/2015\/11\/exterior-1.jpg\" rel=\"attachment wp-att-424\"><img loading=\"lazy\" decoding=\"async\" class=\"alignnone wp-image-424\" src=\"http:\/\/grupos.unileon.es\/encuentro-protocolo\/files\/2015\/11\/exterior-1-300x208.jpg\" alt=\"exterior\" width=\"188\" height=\"130\" srcset=\"https:\/\/grupos.unileon.es\/encuentro-protocolo\/files\/2015\/11\/exterior-1-300x208.jpg 300w, https:\/\/grupos.unileon.es\/encuentro-protocolo\/files\/2015\/11\/exterior-1.jpg 610w\" sizes=\"auto, (max-width: 188px) 100vw, 188px\" \/><\/a> <a href=\"http:\/\/grupos.unileon.es\/encuentro-protocolo\/files\/2015\/11\/habitaci\u00f3n-2.jpg\" rel=\"attachment wp-att-425\"><img loading=\"lazy\" decoding=\"async\" class=\"alignnone wp-image-425\" src=\"http:\/\/grupos.unileon.es\/encuentro-protocolo\/files\/2015\/11\/habitaci\u00f3n-2-300x208.jpg\" alt=\"habitaci\u00f3n\" width=\"186\" height=\"129\" srcset=\"https:\/\/grupos.unileon.es\/encuentro-protocolo\/files\/2015\/11\/habitaci\u00f3n-2-300x208.jpg 300w, https:\/\/grupos.unileon.es\/encuentro-protocolo\/files\/2015\/11\/habitaci\u00f3n-2.jpg 610w\" sizes=\"auto, (max-width: 186px) 100vw, 186px\" \/><\/a> <a href=\"http:\/\/grupos.unileon.es\/encuentro-protocolo\/files\/2015\/11\/logotipo-1.jpg\" rel=\"attachment wp-att-426\"><img loading=\"lazy\" decoding=\"async\" class=\"alignnone wp-image-426\" src=\"http:\/\/grupos.unileon.es\/encuentro-protocolo\/files\/2015\/11\/logotipo-1.jpg\" alt=\"logotipo\" width=\"129\" height=\"129\" srcset=\"https:\/\/grupos.unileon.es\/encuentro-protocolo\/files\/2015\/11\/logotipo-1.jpg 220w, https:\/\/grupos.unileon.es\/encuentro-protocolo\/files\/2015\/11\/logotipo-1-150x150.jpg 150w\" sizes=\"auto, (max-width: 129px) 100vw, 129px\" \/><\/a><\/p>\n<h4>\u00a0 \u00a0Categor\u00eda\u00a0\u00a0\u00a0\u00a0\u00a0\u00a0\u00a0\u00a0\u00a0\u00a0\u00a0 ****<\/h4>\n<h4>\u00a0 \u00a0Direcci\u00f3n: Calle Velazquez , 18. 24005 Le\u00f3n<\/h4>\n<p>Tel\u00e9fono: +34.987.218444<\/p>\n<p>e-mail: <a href=\"mailto:acleon@ac-hotels.com\">acleon@ac-hotels.com<\/a><\/p>\n<p>&nbsp;<\/p>\n<p>Precios ofertados Referencia: ENCUENTRO PROTOCOLO UNIVERSITARIO<\/p>\n<p>Habitaci\u00f3n doble uso individual\u00a0\u00a0\u00a0\u00a0\u00a0\u00a0\u00a0\u00a0\u00a0\u00a0\u00a0\u00a0\u00a0\u00a0\u00a0\u00a0\u00a0\u00a0\u00a0\u00a0\u00a0\u00a0\u00a0\u00a0\u00a0\u00a0\u00a0\u00a0\u00a0\u00a0\u00a0\u00a0\u00a0<strong>60 \u20ac<\/strong><strong>+10%<\/strong>\u00a0de IVA por noche<\/p>\n<p>Habitaci\u00f3n doble \u00a0 \u00a0 \u00a0 \u00a0 \u00a0 \u00a0 \u00a0 \u00a0 \u00a0 \u00a0 \u00a0 \u00a0 \u00a0 \u00a0 \u00a0 \u00a0 \u00a0 \u00a0 \u00a0 \u00a0 \u00a0 \u00a0 \u00a0 \u00a0 \u00a0 \u00a0 \u00a0<strong>68 \u20ac<\/strong><strong>+10%<\/strong> de IVA por noche<\/p>\n<p>Desayuno incluido<\/p>\n<p>&nbsp;<\/p>\n<h2><em>HOTEL EUROSTARS LE\u00d3N<\/em><\/h2>\n<p><a href=\"http:\/\/grupos.unileon.es\/encuentro-protocolo\/files\/2015\/11\/exterior-2.jpg\" rel=\"attachment wp-att-432\"><img loading=\"lazy\" decoding=\"async\" class=\"alignnone wp-image-432\" src=\"http:\/\/grupos.unileon.es\/encuentro-protocolo\/files\/2015\/11\/exterior-2-300x227.jpg\" alt=\"exterior\" width=\"180\" height=\"136\" srcset=\"https:\/\/grupos.unileon.es\/encuentro-protocolo\/files\/2015\/11\/exterior-2-300x227.jpg 300w, https:\/\/grupos.unileon.es\/encuentro-protocolo\/files\/2015\/11\/exterior-2-768x582.jpg 768w, https:\/\/grupos.unileon.es\/encuentro-protocolo\/files\/2015\/11\/exterior-2-1024x776.jpg 1024w, https:\/\/grupos.unileon.es\/encuentro-protocolo\/files\/2015\/11\/exterior-2.jpg 1388w\" sizes=\"auto, (max-width: 180px) 100vw, 180px\" \/><\/a> <a href=\"http:\/\/grupos.unileon.es\/encuentro-protocolo\/files\/2015\/11\/habitaci\u00f3n-3.jpg\" rel=\"attachment wp-att-433\"><img loading=\"lazy\" decoding=\"async\" class=\"alignnone wp-image-433\" src=\"http:\/\/grupos.unileon.es\/encuentro-protocolo\/files\/2015\/11\/habitaci\u00f3n-3-300x221.jpg\" alt=\"habitaci\u00f3n\" width=\"183\" height=\"135\" srcset=\"https:\/\/grupos.unileon.es\/encuentro-protocolo\/files\/2015\/11\/habitaci\u00f3n-3-300x221.jpg 300w, https:\/\/grupos.unileon.es\/encuentro-protocolo\/files\/2015\/11\/habitaci\u00f3n-3-768x567.jpg 768w, https:\/\/grupos.unileon.es\/encuentro-protocolo\/files\/2015\/11\/habitaci\u00f3n-3-1024x756.jpg 1024w, https:\/\/grupos.unileon.es\/encuentro-protocolo\/files\/2015\/11\/habitaci\u00f3n-3.jpg 1425w\" sizes=\"auto, (max-width: 183px) 100vw, 183px\" \/><\/a> <a href=\"http:\/\/grupos.unileon.es\/encuentro-protocolo\/files\/2015\/11\/logotipo-2.jpg\" rel=\"attachment wp-att-434\"><img loading=\"lazy\" decoding=\"async\" class=\"alignnone wp-image-434\" src=\"http:\/\/grupos.unileon.es\/encuentro-protocolo\/files\/2015\/11\/logotipo-2-300x251.jpg\" alt=\"logotipo\" width=\"160\" height=\"134\" srcset=\"https:\/\/grupos.unileon.es\/encuentro-protocolo\/files\/2015\/11\/logotipo-2-300x251.jpg 300w, https:\/\/grupos.unileon.es\/encuentro-protocolo\/files\/2015\/11\/logotipo-2-768x643.jpg 768w, https:\/\/grupos.unileon.es\/encuentro-protocolo\/files\/2015\/11\/logotipo-2.jpg 997w\" sizes=\"auto, (max-width: 160px) 100vw, 160px\" \/><\/a><\/p>\n<p>Categor\u00eda\u00a0\u00a0\u00a0\u00a0\u00a0\u00a0\u00a0\u00a0\u00a0\u00a0\u00a0 ****<\/p>\n<p>Direcci\u00f3n: Calle Velazquez , 10. 24005 Le\u00f3n<\/p>\n<p>Tel\u00e9fono: +34.987.208520<\/p>\n<p>e-mail: <a href=\"mailto:reservas@eurostarsleon.com\">reservas@eurostarsleon.com<\/a><\/p>\n<p>&nbsp;<\/p>\n<p>Precios ofertados Referencia: ENCUENTRO PROTOCOLO UNIVERSITARIO<\/p>\n<p>D\u00edas 5 y 6 de mayo<\/p>\n<p>Habitaci\u00f3n doble o doble uso individual \u00a0 \u00a0 \u00a0 \u00a0 \u00a0 \u00a0 \u00a0 \u00a0 \u00a0 \u00a0 \u00a0\u00a0<strong>59 \u20ac<\/strong>\u00a0 \u00a0 \u00a0 IVA incluido por noche<\/p>\n<p>D\u00eda 7 de mayo<\/p>\n<p>Habitaci\u00f3n doble o doble uso individual \u00a0 \u00a0 \u00a0 \u00a0 \u00a0 \u00a0 \u00a0 \u00a0 \u00a0\u00a0 \u00a0 \u00a0<strong>69 \u20ac<\/strong>\u00a0 \u00a0 \u00a0 IVA incluido por noche<\/p>\n<p>Desayuno \u00a0 \u00a0 \u00a0 \u00a0 \u00a0 \u00a0 \u00a0 \u00a0 \u00a0 \u00a0 \u00a0 \u00a0 \u00a0 \u00a0 \u00a0 \u00a0 \u00a0 \u00a0 \u00a0 \u00a0 \u00a0 \u00a0 \u00a0 \u00a0 \u00a0 \u00a0 \u00a0 \u00a0 \u00a0 \u00a0 \u00a0 \u00a0 \u00a07,50 \u20ac\u00a0\u00a0\u00a0 persona IVA incluido<\/p>\n<p>&nbsp;<\/p>\n<h2><em>PARADOR HOSTAL SAN MARCOS DE LE\u00d3N<\/em><\/h2>\n<p><a href=\"http:\/\/grupos.unileon.es\/encuentro-protocolo\/files\/2015\/11\/parador-exterior.jpg\" rel=\"attachment wp-att-436\"><img loading=\"lazy\" decoding=\"async\" class=\"alignnone wp-image-436\" src=\"http:\/\/grupos.unileon.es\/encuentro-protocolo\/files\/2015\/11\/parador-exterior-300x195.jpg\" alt=\"parador exterior\" width=\"202\" height=\"131\" srcset=\"https:\/\/grupos.unileon.es\/encuentro-protocolo\/files\/2015\/11\/parador-exterior-300x195.jpg 300w, https:\/\/grupos.unileon.es\/encuentro-protocolo\/files\/2015\/11\/parador-exterior-768x500.jpg 768w, https:\/\/grupos.unileon.es\/encuentro-protocolo\/files\/2015\/11\/parador-exterior-1024x667.jpg 1024w, https:\/\/grupos.unileon.es\/encuentro-protocolo\/files\/2015\/11\/parador-exterior.jpg 1311w\" sizes=\"auto, (max-width: 202px) 100vw, 202px\" \/><\/a> <a href=\"http:\/\/grupos.unileon.es\/encuentro-protocolo\/files\/2015\/11\/habitaci\u00f3n-1-1.jpg\" rel=\"attachment wp-att-437\"><img loading=\"lazy\" decoding=\"async\" class=\"alignnone wp-image-437\" src=\"http:\/\/grupos.unileon.es\/encuentro-protocolo\/files\/2015\/11\/habitaci\u00f3n-1-1-300x200.jpg\" alt=\"habitaci\u00f3n 1\" width=\"197\" height=\"131\" srcset=\"https:\/\/grupos.unileon.es\/encuentro-protocolo\/files\/2015\/11\/habitaci\u00f3n-1-1-300x200.jpg 300w, https:\/\/grupos.unileon.es\/encuentro-protocolo\/files\/2015\/11\/habitaci\u00f3n-1-1-768x512.jpg 768w, https:\/\/grupos.unileon.es\/encuentro-protocolo\/files\/2015\/11\/habitaci\u00f3n-1-1-1024x683.jpg 1024w, https:\/\/grupos.unileon.es\/encuentro-protocolo\/files\/2015\/11\/habitaci\u00f3n-1-1.jpg 1294w\" sizes=\"auto, (max-width: 197px) 100vw, 197px\" \/><\/a> <a href=\"http:\/\/grupos.unileon.es\/encuentro-protocolo\/files\/2015\/11\/logo.jpg\" rel=\"attachment wp-att-438\"><img loading=\"lazy\" decoding=\"async\" class=\"alignnone wp-image-438\" src=\"http:\/\/grupos.unileon.es\/encuentro-protocolo\/files\/2015\/11\/logo.jpg\" alt=\"logo\" width=\"162\" height=\"80\" \/><\/a><\/p>\n<p>Categor\u00eda\u00a0\u00a0\u00a0\u00a0\u00a0\u00a0\u00a0\u00a0\u00a0\u00a0\u00a0 *****<\/p>\n<p>Direcci\u00f3n: Plaza de San Marcos, 7. 24001 Le\u00f3n<\/p>\n<p>Tel\u00e9fono: +34.987.233458<\/p>\n<p>e-mail: <a href=\"mailto:le\u00f3n@parador.es\">le\u00f3n@parador.es<\/a><\/p>\n<p>&nbsp;<\/p>\n<p>Precios ofertados Referencia: ENCUENTRO PROTOCOLO UNIVERSITARIO<\/p>\n<p>Habitaci\u00f3n individual \u00a0 \u00a0 \u00a0 \u00a0 \u00a0 \u00a0 \u00a0 \u00a0 \u00a0 \u00a0 \u00a0 \u00a0 \u00a0 \u00a0 \u00a0 \u00a0 \u00a0 \u00a0 \u00a0 \u00a0 \u00a0 \u00a0 \u00a0 \u00a0 \u00a0<strong>115 \u20ac\u00a0<\/strong>\u00a0\u00a0\u00a0 IVA incluido por noche<\/p>\n<p>Habitaci\u00f3n doble uso individual \u00a0 \u00a0 \u00a0 \u00a0 \u00a0 \u00a0 \u00a0 \u00a0 \u00a0 \u00a0 \u00a0 \u00a0 \u00a0 \u00a0 \u00a0 \u00a0 \u00a0\u00a0<strong>100 \u20ac<\/strong> \u00a0\u00a0\u00a0 IVA incluido por noche<\/p>\n<p>Desayuno incluido<\/p>\n","protected":false},"excerpt":{"rendered":"<p>HOTEL SILKEN LUIS DE LE\u00d3N \u00a0\u00a0 Categor\u00eda\u00a0\u00a0\u00a0\u00a0\u00a0\u00a0\u00a0\u00a0\u00a0\u00a0\u00a0 **** Direcci\u00f3n: Calle Fray Luis de Le\u00f3n, 26. 24005. Le\u00f3n Tel\u00e9fono : +34.987.218820 e.mail: luisdeleon@hoteles-silken.com &nbsp; Precios ofertados Referencia: ENCUENTRO PROTOCOLO UNIVERSITARIO Habitaci\u00f3n doble para uso individual \u00a0 \u00a0 \u00a0 \u00a0 \u00a0 \u00a0 \u00a0 \u00a0 \u00a0 \u00a0 \u00a0\u00a053 \u20ac \u00a0\u00a0\u00a0\u00a0 IVA incluido por noche Habitaci\u00f3n doble para uso [&hellip;]<\/p>\n","protected":false},"author":50,"featured_media":0,"parent":0,"menu_order":0,"comment_status":"closed","ping_status":"closed","template":"","meta":{"footnotes":""},"class_list":["post-63","page","type-page","status-publish","hentry"],"_links":{"self":[{"href":"https:\/\/grupos.unileon.es\/encuentro-protocolo\/wp-json\/wp\/v2\/pages\/63","targetHints":{"allow":["GET"]}}],"collection":[{"href":"https:\/\/grupos.unileon.es\/encuentro-protocolo\/wp-json\/wp\/v2\/pages"}],"about":[{"href":"https:\/\/grupos.unileon.es\/encuentro-protocolo\/wp-json\/wp\/v2\/types\/page"}],"author":[{"embeddable":true,"href":"https:\/\/grupos.unileon.es\/encuentro-protocolo\/wp-json\/wp\/v2\/users\/50"}],"replies":[{"embeddable":true,"href":"https:\/\/grupos.unileon.es\/encuentro-protocolo\/wp-json\/wp\/v2\/comments?post=63"}],"version-history":[{"count":38,"href":"https:\/\/grupos.unileon.es\/encuentro-protocolo\/wp-json\/wp\/v2\/pages\/63\/revisions"}],"predecessor-version":[{"id":486,"href":"https:\/\/grupos.unileon.es\/encuentro-protocolo\/wp-json\/wp\/v2\/pages\/63\/revisions\/486"}],"wp:attachment":[{"href":"https:\/\/grupos.unileon.es\/encuentro-protocolo\/wp-json\/wp\/v2\/media?parent=63"}],"curies":[{"name":"wp","href":"https:\/\/api.w.org\/{rel}","templated":true}]}}