{"id":67,"date":"2015-11-12T13:26:38","date_gmt":"2015-11-12T12:26:38","guid":{"rendered":"http:\/\/grupos.unileon.es\/encuentro-protocolo\/?page_id=67"},"modified":"2016-02-29T10:57:26","modified_gmt":"2016-02-29T09:57:26","slug":"secretaria-tecnica","status":"publish","type":"page","link":"https:\/\/grupos.unileon.es\/encuentro-protocolo\/secretaria-tecnica\/","title":{"rendered":"Secretar\u00eda t\u00e9cnica"},"content":{"rendered":"<p>La Secretar\u00eda T\u00e9cnica del Encuentro realizar\u00e1 las funciones de seguimiento y control de las inscripciones de los asistentes, as\u00ed como la informaci\u00f3n y atenci\u00f3n previa a las jornadas.<\/p>\n<p><strong>Responsable de la Secretar\u00eda T\u00e9cnica.<\/strong><\/p>\n<table>\n<tbody>\n<tr>\n<th>Nombre<\/th>\n<td>D\u00aa. Isabel Fern\u00e1ndez Le\u00f3n<\/td>\n<\/tr>\n<tr>\n<td colspan=\"2\">Jefa de la Unidad de Rectorado<\/td>\n<\/tr>\n<tr>\n<th>Correo electr\u00f3nico<\/th>\n<td><strong><a href=\"mailto:uleepu@unileon.es\"> uleepu@unileon.es<\/a><\/strong><\/td>\n<\/tr>\n<\/tbody>\n<\/table>\n","protected":false},"excerpt":{"rendered":"<p>La Secretar\u00eda T\u00e9cnica del Encuentro realizar\u00e1 las funciones de seguimiento y control de las inscripciones de los asistentes, as\u00ed como la informaci\u00f3n y atenci\u00f3n previa a las jornadas. Responsable de la Secretar\u00eda T\u00e9cnica. Nombre D\u00aa. Isabel Fern\u00e1ndez Le\u00f3n Jefa de la Unidad de Rectorado Correo electr\u00f3nico uleepu@unileon.es<\/p>\n","protected":false},"author":50,"featured_media":0,"parent":0,"menu_order":0,"comment_status":"closed","ping_status":"closed","template":"","meta":{"footnotes":""},"class_list":["post-67","page","type-page","status-publish","hentry"],"_links":{"self":[{"href":"https:\/\/grupos.unileon.es\/encuentro-protocolo\/wp-json\/wp\/v2\/pages\/67","targetHints":{"allow":["GET"]}}],"collection":[{"href":"https:\/\/grupos.unileon.es\/encuentro-protocolo\/wp-json\/wp\/v2\/pages"}],"about":[{"href":"https:\/\/grupos.unileon.es\/encuentro-protocolo\/wp-json\/wp\/v2\/types\/page"}],"author":[{"embeddable":true,"href":"https:\/\/grupos.unileon.es\/encuentro-protocolo\/wp-json\/wp\/v2\/users\/50"}],"replies":[{"embeddable":true,"href":"https:\/\/grupos.unileon.es\/encuentro-protocolo\/wp-json\/wp\/v2\/comments?post=67"}],"version-history":[{"count":11,"href":"https:\/\/grupos.unileon.es\/encuentro-protocolo\/wp-json\/wp\/v2\/pages\/67\/revisions"}],"predecessor-version":[{"id":449,"href":"https:\/\/grupos.unileon.es\/encuentro-protocolo\/wp-json\/wp\/v2\/pages\/67\/revisions\/449"}],"wp:attachment":[{"href":"https:\/\/grupos.unileon.es\/encuentro-protocolo\/wp-json\/wp\/v2\/media?parent=67"}],"curies":[{"name":"wp","href":"https:\/\/api.w.org\/{rel}","templated":true}]}}