{"id":69,"date":"2015-11-12T13:26:48","date_gmt":"2015-11-12T12:26:48","guid":{"rendered":"http:\/\/grupos.unileon.es\/encuentro-protocolo\/?page_id=69"},"modified":"2016-03-08T10:36:15","modified_gmt":"2016-03-08T09:36:15","slug":"coordinacion","status":"publish","type":"page","link":"https:\/\/grupos.unileon.es\/encuentro-protocolo\/coordinacion\/","title":{"rendered":"Coordinaci\u00f3n"},"content":{"rendered":"<p>La Coordinaci\u00f3n del Encuentro realizar\u00e1 las funciones de organizaci\u00f3n de las actividades t\u00e9cnicas y acad\u00e9micas relacionadas con las ponencias, as\u00ed como las actividades culturales complementarias y de infraestructura. \u00a0Ayudar\u00e1 igualmente en la funci\u00f3n de informaci\u00f3n, atenci\u00f3n y asesoramiento a los ponentes y asistentes.<\/p>\n<p><strong>Coordinador del Encuentro<\/strong><\/p>\n<table>\n<tbody>\n<tr>\n<th>Nombre<\/th>\n<td>Prof. Estanislao de Luis Calabuig<\/td>\n<\/tr>\n<tr>\n<td colspan=\"2\">Maestro de Ceremonias de la Universidad de Le\u00f3n<\/td>\n<\/tr>\n<tr>\n<th>Tel\u00e9fono<\/th>\n<td>34.987.291566<\/p>\n<p>34.689.039824<\/td>\n<\/tr>\n<tr>\n<th>Correo electr\u00f3nico<\/th>\n<td><strong><a href=\"mailto:eluic@unileon.es\"> eluic@unileon.es<\/a><\/strong><\/td>\n<\/tr>\n<\/tbody>\n<\/table>\n<p>&nbsp;<\/p>\n<p><strong>Adjunta\u00a0de Coordinaci\u00f3n<\/strong><\/p>\n<table>\n<tbody>\n<tr>\n<th>Nombre<\/th>\n<td>D\u00f1a. Carobel Bermejo Lop\u00e9z<\/td>\n<\/tr>\n<tr>\n<td colspan=\"2\">T\u00e9cnico de Administraci\u00f3n de la ULe<\/td>\n<\/tr>\n<tr>\n<th>Tel\u00e9fono<\/th>\n<td>34.639.577789<\/td>\n<\/tr>\n<tr>\n<th>Correo electr\u00f3nico<\/th>\n<td><strong><a href=\"mailto:uleepu@unileon.es\"> uleepu@unileon.es<\/a><\/strong><\/td>\n<\/tr>\n<\/tbody>\n<\/table>\n","protected":false},"excerpt":{"rendered":"<p>La Coordinaci\u00f3n del Encuentro realizar\u00e1 las funciones de organizaci\u00f3n de las actividades t\u00e9cnicas y acad\u00e9micas relacionadas con las ponencias, as\u00ed como las actividades culturales complementarias y de infraestructura. \u00a0Ayudar\u00e1 igualmente en la funci\u00f3n de informaci\u00f3n, atenci\u00f3n y asesoramiento a los ponentes y asistentes. Coordinador del Encuentro Nombre Prof. Estanislao de Luis Calabuig Maestro de Ceremonias [&hellip;]<\/p>\n","protected":false},"author":50,"featured_media":0,"parent":0,"menu_order":0,"comment_status":"closed","ping_status":"closed","template":"","meta":{"footnotes":""},"class_list":["post-69","page","type-page","status-publish","hentry"],"_links":{"self":[{"href":"https:\/\/grupos.unileon.es\/encuentro-protocolo\/wp-json\/wp\/v2\/pages\/69","targetHints":{"allow":["GET"]}}],"collection":[{"href":"https:\/\/grupos.unileon.es\/encuentro-protocolo\/wp-json\/wp\/v2\/pages"}],"about":[{"href":"https:\/\/grupos.unileon.es\/encuentro-protocolo\/wp-json\/wp\/v2\/types\/page"}],"author":[{"embeddable":true,"href":"https:\/\/grupos.unileon.es\/encuentro-protocolo\/wp-json\/wp\/v2\/users\/50"}],"replies":[{"embeddable":true,"href":"https:\/\/grupos.unileon.es\/encuentro-protocolo\/wp-json\/wp\/v2\/comments?post=69"}],"version-history":[{"count":11,"href":"https:\/\/grupos.unileon.es\/encuentro-protocolo\/wp-json\/wp\/v2\/pages\/69\/revisions"}],"predecessor-version":[{"id":453,"href":"https:\/\/grupos.unileon.es\/encuentro-protocolo\/wp-json\/wp\/v2\/pages\/69\/revisions\/453"}],"wp:attachment":[{"href":"https:\/\/grupos.unileon.es\/encuentro-protocolo\/wp-json\/wp\/v2\/media?parent=69"}],"curies":[{"name":"wp","href":"https:\/\/api.w.org\/{rel}","templated":true}]}}