{"id":71,"date":"2015-11-12T13:27:02","date_gmt":"2015-11-12T12:27:02","guid":{"rendered":"http:\/\/grupos.unileon.es\/encuentro-protocolo\/?page_id=71"},"modified":"2016-05-08T12:43:08","modified_gmt":"2016-05-08T11:43:08","slug":"medios-comunicacion","status":"publish","type":"page","link":"https:\/\/grupos.unileon.es\/encuentro-protocolo\/medios-comunicacion\/","title":{"rendered":"Medios de Comunicaci\u00f3n"},"content":{"rendered":"<h1 class=\"title\"><em>12 de febrero de 2016<\/em><\/h1>\n<h1 class=\"title\">La Universidad de Le\u00f3n acoger\u00e1 en mayo un encuentro ib\u00e9rico de protocolo universitario<\/h1>\n<div id=\"node-34649\" class=\"node clear-block\">\n<div class=\"content\">\n<p><span class=\"inline inline-left\"><img loading=\"lazy\" decoding=\"async\" class=\"image image-preview \" title=\"\" src=\"http:\/\/www.unileon.es\/files\/images\/12-Febrero-2016%20(Reuni%C3%B3n%20responsables%20Encuentro%20Ib%C3%A9rico%20de%20Protocolo%20Universitario)-01.preview.jpg\" alt=\"\" width=\"590\" height=\"335\" \/><\/span><\/p>\n<p><b>La Junta Directiva de la Asociaci\u00f3n que agrupa a estos profesionales ha mantenido una reuni\u00f3n en la ma\u00f1ana de hoy.<\/b><\/p>\n<p style=\"text-align: justify;\">La Junta Directiva de la Asociaci\u00f3n de Responsables de Protocolo Universitario de Espa\u00f1a, encabezada por su presidenta Alba Nasarre Vicente de la Universidad de Barcelona, ha mantenido una reuni\u00f3n en la ma\u00f1ana de hoy en la Sala Mart\u00edn Sarmiento del Edificio El Alb\u00e9itar, en la que se han concretado temas, fechas y actividades de cara a la celebraci\u00f3n los d\u00edas <b>5, 6 y 7 de mayo de 2016<\/b> del XV Encuentro de Responsables de Protocolo y Relaciones Institucionales de las Universidades Espa\u00f1olas y el VII encuentro Hispano Luso de Protocolo Universitario, que se desarrollar\u00e1n en Le\u00f3n.<\/p>\n<p style=\"text-align: justify;\">Adem\u00e1s de Alba Nasarre, han acudido a Le\u00f3n representantes de las universidades de Barcelona, Cat\u00f3lica de Murcia, Cantabria, La Rioja, C\u00f3rdoba y Aut\u00f3noma de Madrid, que han mantenido una sesi\u00f3n de trabajo con el catedr\u00e1tico Estanislao de Luis Calabuig, en su condici\u00f3n de maestro de ceremonias de la ULE, instituci\u00f3n que ser\u00e1 anfitriona de este importante encuentro que reunir\u00e1 a representantes de m\u00e1s de 80 universidades de la pen\u00ednsula ib\u00e9rica.<\/p>\n<p style=\"text-align: justify;\">El lema que se ha seleccionado para el encuentro de mayo es el de \u2018<i>Otros protocolos\u2019<\/i>, y servir\u00e1 para abordar el protocolo acad\u00e9mico seguido en otros pa\u00edses o la presentaci\u00f3n de eventos en otras instituciones u organismos, p\u00fablicos o privados. \u201c<i>El objetivo,<\/i> -en palabras de Estanislao de Luis<i>-, no es otro que el de enriquecer los conocimientos y promover el intercambio de experiencias, para contribuir a la mejora de la capacitaci\u00f3n profesional de los participantes y estimular la colaboraci\u00f3n interuniversitaria\u201d.<\/i><\/p>\n<p style=\"text-align: justify;\"><i><span class=\"inline inline-left\"><img loading=\"lazy\" decoding=\"async\" class=\"image image-preview \" title=\"\" src=\"http:\/\/www.unileon.es\/files\/images\/12-Febrero-2016%20(Reuni%C3%B3n%20responsables%20Encuentro%20Ib%C3%A9rico%20de%20Protocolo%20Universitario)-02.preview.jpg\" alt=\"\" width=\"590\" height=\"294\" \/><\/span><\/i><\/p>\n<p><strong><u>S\u00cdMBOLOS DE IDENTIDAD Y DIGNIDAD DE LAS UNIVERSIDADES<\/u><\/strong><\/p>\n<p style=\"text-align: justify;\">Desde la Asociaci\u00f3n que organiza este encuentro se apunta que la Universidad \u201c<i>es la instituci\u00f3n con una trayectoria m\u00e1s prolongada en el mundo occidental, tan s\u00f3lo superada por la Iglesia Cat\u00f3lica<\/i>\u201d. Adem\u00e1s, desde sus or\u00edgenes hasta el presente \u201c<i>ha desarrollado unos s\u00edmbolos de identidad y dignidad caracter\u00edsticos y esa herencia cultural es actualizada y recreada por las universidades actuales<\/i>\u201d.<\/p>\n<p style=\"text-align: justify;\">En las ceremonias y eventos que se organizan hoy, \u201c<i>cada universidad pone de manifiesto sus se\u00f1as de identidad propias, como reflejo de la riqueza y pluralidad del protocolo universitario<\/i>\u201d.<\/p>\n<p style=\"text-align: justify;\">Aunque el <a href=\"http:\/\/grupos.unileon.es\/encuentro-protocolo\/\">programa del encuentro <\/a>que se celebrar\u00e1 en Le\u00f3n a\u00fan est\u00e1 en construcci\u00f3n, est\u00e1 previsto que contemple la presentaci\u00f3n de ponencias y comunicaciones, mesas redondas y una asamblea general de la asociaci\u00f3n. Diversas visitas institucionales y de car\u00e1cter tur\u00edstico completar\u00e1n la programaci\u00f3n.<\/p>\n<ul>\n<li>Informaci\u00f3n y fotograf\u00edas del Servicio de Prensa de la Universidad de Le\u00f3n<\/li>\n<\/ul>\n<h1><em>4-8 de mayo de 2016<\/em><\/h1>\n<p style=\"text-align: justify;\">Durante los d\u00edas de celebraci\u00f3n del encuentro e inmediatos, la Universidad de Le\u00f3n dedic\u00f3 la portada principal de su p\u00e1gina web (www.unileon.es) al evento, para dar\u00a0conocimiento a toda la comunidad universitaria y poner de manifiesto la importancia las actividades que realizan los responsables de protocolo universitario.<\/p>\n<p><a href=\"http:\/\/grupos.unileon.es\/encuentro-protocolo\/files\/2015\/11\/PORTADA-DIAS-ENCUENTRO.png\"><img loading=\"lazy\" decoding=\"async\" class=\"alignnone wp-image-575\" src=\"http:\/\/grupos.unileon.es\/encuentro-protocolo\/files\/2015\/11\/PORTADA-DIAS-ENCUENTRO-300x168.png\" alt=\"PORTADA DIAS ENCUENTRO\" width=\"589\" height=\"330\" srcset=\"https:\/\/grupos.unileon.es\/encuentro-protocolo\/files\/2015\/11\/PORTADA-DIAS-ENCUENTRO-300x168.png 300w, https:\/\/grupos.unileon.es\/encuentro-protocolo\/files\/2015\/11\/PORTADA-DIAS-ENCUENTRO-768x430.png 768w, https:\/\/grupos.unileon.es\/encuentro-protocolo\/files\/2015\/11\/PORTADA-DIAS-ENCUENTRO-1024x573.png 1024w, https:\/\/grupos.unileon.es\/encuentro-protocolo\/files\/2015\/11\/PORTADA-DIAS-ENCUENTRO.png 1501w\" sizes=\"auto, (max-width: 589px) 100vw, 589px\" \/><\/a><\/p>\n<h1><em>5 de mayo de 2016<\/em><\/h1>\n<h1><strong>Expertos en protocolo de 50 universidades de Espa\u00f1a y Portugal se re\u00fanen en Le\u00f3n<\/strong><\/h1>\n<p><a href=\"http:\/\/grupos.unileon.es\/encuentro-protocolo\/files\/2015\/11\/5-DE-MAYO-1.jpg\"><img loading=\"lazy\" decoding=\"async\" class=\"alignnone wp-image-578\" src=\"http:\/\/grupos.unileon.es\/encuentro-protocolo\/files\/2015\/11\/5-DE-MAYO-1-300x178.jpg\" alt=\"5 DE MAYO 1\" width=\"590\" height=\"350\" srcset=\"https:\/\/grupos.unileon.es\/encuentro-protocolo\/files\/2015\/11\/5-DE-MAYO-1-300x178.jpg 300w, https:\/\/grupos.unileon.es\/encuentro-protocolo\/files\/2015\/11\/5-DE-MAYO-1.jpg 590w\" sizes=\"auto, (max-width: 590px) 100vw, 590px\" \/><\/a><\/p>\n<p style=\"text-align: justify;\"><strong>El encuentro hoy inaugurado dedicar\u00e1 tres jornadas al estudio de las normativas de otros pa\u00edses, y de \u2018otros protocolos\u2019 como el de la Semana Santa o el militar.<\/strong><\/p>\n<p style=\"text-align: justify;\">El Paraninfo Gord\u00f3n Ord\u00e1s de la Universidad de Le\u00f3n (ULE) ha acogido hoy el acto de inauguraci\u00f3n del\u00a0<a href=\"http:\/\/grupos.unileon.es\/encuentro-protocolo\/\">XV Encuentro de Responsables de Protocolo y Relaciones Institucionales de las Universidades Espa\u00f1olas (VII Encuentro Hispano-Luso)<\/a>\u00a0que re\u00fane a Le\u00f3n los d\u00edas 5, 6 y 7 de mayo a expertos procedentes de cerca de 50 universidades de Espa\u00f1a y Portugal.<\/p>\n<p style=\"text-align: justify;\">El encuentro se celebra bajo el lema \u2018<em>Otros protocolos\u2019<\/em>, y pretende abordar a trav\u00e9s de ponencias y talleres de trabajo el ceremonial acad\u00e9mico que se sigue en otros pa\u00edses como Portugal, Gran Breta\u00f1a,\u00a0Francia o China, as\u00ed como temas relacionados con otros \u00e1mbitos como el protocolo militar, el de la m\u00fasica y el de la Semana Santa leonesa, que tiene m\u00e1s de cuatrocientos a\u00f1os de historia, y a\u00fan contin\u00faa evolucionando.<\/p>\n<p style=\"text-align: justify;\"><a href=\"http:\/\/grupos.unileon.es\/encuentro-protocolo\/files\/2015\/11\/5-DE-MAYO-2.jpg\"><img loading=\"lazy\" decoding=\"async\" class=\"alignnone wp-image-579\" src=\"http:\/\/grupos.unileon.es\/encuentro-protocolo\/files\/2015\/11\/5-DE-MAYO-2-300x200.jpg\" alt=\"5 DE MAYO 2\" width=\"608\" height=\"405\" srcset=\"https:\/\/grupos.unileon.es\/encuentro-protocolo\/files\/2015\/11\/5-DE-MAYO-2-300x200.jpg 300w, https:\/\/grupos.unileon.es\/encuentro-protocolo\/files\/2015\/11\/5-DE-MAYO-2.jpg 590w\" sizes=\"auto, (max-width: 608px) 100vw, 608px\" \/><\/a><\/p>\n<p style=\"text-align: justify;\">El acto de apertura ha contado con la presencia del Rector de la ULE, Juan Francisco Garc\u00eda Mar\u00edn, los alcaldes de Le\u00f3n y Ponferrada, Antonio Silv\u00e1n Rodr\u00edguez y Arsenio Garc\u00eda Fuertes, y el coordinador del encuentro y maestro de ceremonias de la instituci\u00f3n acad\u00e9mica, el profesor Estanislao de Luis Galabuig, adem\u00e1s de otras personalidades como el C\u00f3nsul de Portugal en Le\u00f3n.<\/p>\n<p style=\"text-align: justify;\">El alcalde de Astorga, que se ha mostrado muy satisfecho por estar en la universidad en la que se form\u00f3 y en la que recientemente concluy\u00f3 sus estudios de doctorado, ha comentado que es muy consciente de la importancia del protocolo, \u201c<em>algo que no es del pasado, sino muy vigente, y que cuando no ha sido respetado ha llegado incluso a provocar guerras entre pa\u00edses\u201d.\u00a0<\/em>Por su parte Antonio Silv\u00e1n ha aprovechado su intervenci\u00f3n para dar la bienvenida a todos los asistentes y al tiempo formular un p\u00fablico reconocimiento al nuevo rector de la ULE, al que ha querido desear suerte al frente de la instituci\u00f3n acad\u00e9mica.<\/p>\n<p style=\"text-align: justify;\"><a href=\"http:\/\/grupos.unileon.es\/encuentro-protocolo\/files\/2015\/11\/5-DE-MAYO-3.jpg\"><img loading=\"lazy\" decoding=\"async\" class=\"alignnone wp-image-580\" src=\"http:\/\/grupos.unileon.es\/encuentro-protocolo\/files\/2015\/11\/5-DE-MAYO-3-300x187.jpg\" alt=\"5 DE MAYO 3\" width=\"609\" height=\"380\" \/><\/a><\/p>\n<p style=\"text-align: justify;\">Para el alcalde de Le\u00f3n, \u201c<em>el protocolo no deja de ser otra cosa que la aplicaci\u00f3n del sentido com\u00fan, y es fundamental en la vida actual, en las relaciones sociales y empresariales, y hasta en las espirituales<\/em>\u201d, y agradeci\u00f3 a la organizaci\u00f3n el \u201c<em>gui\u00f1o hecho a Le\u00f3n, al analizar en el programa el protocolo de una de las se\u00f1as de identidad de la ciudad, como es la Semana Santa\u201d.<\/em><\/p>\n<p style=\"text-align: justify;\">Juan Francisco Garc\u00eda Mar\u00edn ha afirmado que el protocolo \u201c<em>no es importante, sino imprescindible<\/em>\u201d y, aunque reconoci\u00f3 ser consciente de que \u201c<em>a veces no le damos la importancia que tiene\u201d,\u00a0<\/em>eso no le impidi\u00f3 concluir con un rotundo \u201c<em>menos mal que existe<\/em>\u201d, al tiempo que record\u00f3 el que hubo que seguir en su reciente investidura como rector de la ULE, en la que todo sali\u00f3 correctamente gracias al buen desempe\u00f1o del maestro de ceremonias, y coordinador del encuentro, el profesor Estanislao de Luis.<\/p>\n<p style=\"text-align: justify;\">El Rector y los alcaldes han coincidido al recomendar a todos los representantes de las cerca de cincuenta universidades de Espa\u00f1a y Portugal que asisten a las jornadas, que adem\u00e1s aprovechar las sesiones de trabajo que van a llevar a cabo, dediquen tambi\u00e9n un tiempo a conocer Le\u00f3n y Astorga, ciudades que destacan por la calidad de vida que ofrecen, y su gran oferta cultural monumental, art\u00edstica y gastron\u00f3mica.<\/p>\n<ul style=\"text-align: justify;\">\n<li><strong><u>PROTOCOLO MILITAR, MUSICAL Y DE LA SEMANA SANTA<\/u><\/strong><\/li>\n<\/ul>\n<p style=\"text-align: justify;\">Junto a los temas estrictamente universitarios y el repaso al protocolo que se emplea en otras universidades o pa\u00edses en los actos de apertura de curso, nombramiento de Doctores Honoris Causa o investidura de rectores, tambi\u00e9n se van a abordar algunos aspectos de gran inter\u00e9s, que incluso pueden llegar a generar cierta pol\u00e9mica, como es el caso del color de los trajes acad\u00e9micos de las nuevos grados, y la precisa adaptaci\u00f3n o acuerdo que es necesario alcanzar para las nuevas dobles titulaciones o los m\u00e1steres.<\/p>\n<p style=\"text-align: justify;\"><a href=\"http:\/\/grupos.unileon.es\/encuentro-protocolo\/files\/2015\/11\/5-DE-MAYO-4.jpg\"><img loading=\"lazy\" decoding=\"async\" class=\"alignnone wp-image-581\" src=\"http:\/\/grupos.unileon.es\/encuentro-protocolo\/files\/2015\/11\/5-DE-MAYO-4-300x200.jpg\" alt=\"5 DE MAYO 4\" width=\"602\" height=\"401\" \/><\/a><\/p>\n<p style=\"text-align: justify;\">El programa incorpora una charla que se van a centrar en el protocolo y ceremonial militar, tema del que se ocupar\u00e1 F\u00e9lix Santos \u00c1lvarez en la sesi\u00f3n de ponencias que se celebrar\u00e1 en la tarde del viernes 6 de mayo a partir de las 15:00 horas.<\/p>\n<p style=\"text-align: justify;\">En esa misma sesi\u00f3n\u00a0Jos\u00e9 Antonio Fresno Castro ofrecer\u00e1 una conferencia titulada: \u2018<em>La Semana Santa de Le\u00f3n: un protocolo con m\u00e1s de cuatrocientos a\u00f1os de vida y que a\u00fan contin\u00faa evolucionando\u2019<\/em>.<\/p>\n<p style=\"text-align: justify;\">Antes de la ceremonia de clausura, que est\u00e1 programada a las 19:00 horas, a\u00fan habr\u00e1 tiempo para tratar otro tema muy peculiar, como es el que protagonizar\u00e1 el Director de la Orquesta Juventudes Musicales de la ULE, Juan Luis Garc\u00eda D\u00edez, que hablar\u00e1 sobre \u2018<em>El protocolo y la m\u00fasica. La m\u00fasica y sus protocolos\u2019<\/em><\/p>\n<p style=\"text-align: justify;\">Hay que apuntar finalmente que el Encuentro ha previsto tambi\u00e9n varias actividades que permitir\u00e1n a los participantes conocer las ciudades de Astorga y Le\u00f3n, con recepciones en ambos ayuntamientos, visitas guiadas, y una excursi\u00f3n a Castrillo de los Polvazares, en donde tendr\u00e1n oportunidad de degustar un t\u00edpico cocido maragato.<\/p>\n<\/div>\n<\/div>\n","protected":false},"excerpt":{"rendered":"<p>12 de febrero de 2016 La Universidad de Le\u00f3n acoger\u00e1 en mayo un encuentro ib\u00e9rico de protocolo universitario La Junta Directiva de la Asociaci\u00f3n que agrupa a estos profesionales ha mantenido una reuni\u00f3n en la ma\u00f1ana de hoy. La Junta Directiva de la Asociaci\u00f3n de Responsables de Protocolo Universitario de Espa\u00f1a, encabezada por su presidenta [&hellip;]<\/p>\n","protected":false},"author":50,"featured_media":0,"parent":0,"menu_order":0,"comment_status":"closed","ping_status":"closed","template":"","meta":{"footnotes":""},"class_list":["post-71","page","type-page","status-publish","hentry"],"_links":{"self":[{"href":"https:\/\/grupos.unileon.es\/encuentro-protocolo\/wp-json\/wp\/v2\/pages\/71","targetHints":{"allow":["GET"]}}],"collection":[{"href":"https:\/\/grupos.unileon.es\/encuentro-protocolo\/wp-json\/wp\/v2\/pages"}],"about":[{"href":"https:\/\/grupos.unileon.es\/encuentro-protocolo\/wp-json\/wp\/v2\/types\/page"}],"author":[{"embeddable":true,"href":"https:\/\/grupos.unileon.es\/encuentro-protocolo\/wp-json\/wp\/v2\/users\/50"}],"replies":[{"embeddable":true,"href":"https:\/\/grupos.unileon.es\/encuentro-protocolo\/wp-json\/wp\/v2\/comments?post=71"}],"version-history":[{"count":10,"href":"https:\/\/grupos.unileon.es\/encuentro-protocolo\/wp-json\/wp\/v2\/pages\/71\/revisions"}],"predecessor-version":[{"id":585,"href":"https:\/\/grupos.unileon.es\/encuentro-protocolo\/wp-json\/wp\/v2\/pages\/71\/revisions\/585"}],"wp:attachment":[{"href":"https:\/\/grupos.unileon.es\/encuentro-protocolo\/wp-json\/wp\/v2\/media?parent=71"}],"curies":[{"name":"wp","href":"https:\/\/api.w.org\/{rel}","templated":true}]}}