{"id":110,"date":"2024-10-01T13:43:10","date_gmt":"2024-10-01T11:43:10","guid":{"rendered":"https:\/\/grupos.unileon.es\/gehumeco\/?page_id=110"},"modified":"2026-01-12T11:41:52","modified_gmt":"2026-01-12T10:41:52","slug":"congresos","status":"publish","type":"page","link":"https:\/\/grupos.unileon.es\/gehumeco\/congresos\/","title":{"rendered":"Congresos"},"content":{"rendered":"<h2><strong><a href=\"https:\/\/extensionuniversitaria.unileon.es\/cursos-y-matriculas\/curso\/2025con00076-congreso-internacional-el-monstruo-y-el-miedo-indagaciones-sobre-la-monstruosidad-y-su-relacion-con-lo-humano\">CONGRESO INTERNACIONAL \u201cEL MONSTRUO Y EL MIEDO. INDAGACIONES SOBRE LA MONSTRUOSIDAD Y SU RELACI\u00d3N CON LO HUMANO\u201d (2025)<\/a><\/strong><\/h2>\n<p>Durante tres d\u00edas, miembros del grupo GEHUMECO participaron activamente en el Congreso Internacional <em>\u201c<\/em>El monstruo y el miedo. Indagaciones sobre la monstruosidad y su relaci\u00f3n con lo humano<em>\u201d<\/em>, un encuentro acad\u00e9mico que reuni\u00f3 a especialistas de diversas \u00e1reas. El evento se celebr\u00f3 los d\u00edas 14, 15 y 16 de octubre en la Facultad de Filosof\u00eda y Letras de la Universidad de Le\u00f3n.<\/p>\n<p>Nuestra directora, la Dra. Imelda Mart\u00edn Junquera, fue una de las ponentes invitadas y present\u00f3 la ponencia \u201c<em>Pobres criaturas<\/em>: ecog\u00f3tico y monstruosidad femenina\u201d. La Dra. Miriam L\u00f3pez Santos tambi\u00e9n particip\u00f3 como ponente invitada con \u201cEl monstruo en el bosque: demonolog\u00eda medieval y ecog\u00f3tico en <em>El Diablo Verde<\/em>\u201d.<\/p>\n<p>Sara Familiar Rodr\u00edguez present\u00f3 su comunicaci\u00f3n \u201cLos monstruos de Sylvia Plath: naturaleza, feminidad y ecog\u00f3tico\u201d, mientras que \u00c1lvaro Delgado Ord\u00e1s expuso \u201cAlianzas posthumanas frente al tecnofeudalismo en <em>Alien: Earth<\/em> (2025)\u201d.<\/p>\n<p>Este congreso permiti\u00f3 a los miembros de GEHUMECO compartir sus investigaciones, reflexionar y debatir sobre c\u00f3mo la monstruosidad refleja, cuestiona y redefine lo humano desde un enfoque interdisciplinar.<\/p>\n<p><a href=\"https:\/\/www.unileon.es\/noticias\/el-congreso-el-monstruo-y-el-miedo-cita-en-la-ule-a-expertos-internacionales-para-explorar\">Leer m\u00e1s&#8230;<\/a><\/p>\n<p><img loading=\"lazy\" decoding=\"async\" class=\"aligncenter size-full wp-image-396\" src=\"http:\/\/grupos.unileon.es\/gehumeco\/files\/2026\/01\/Captura-de-pantalla-2026-01-12-113742.png\" alt=\"\" width=\"649\" height=\"388\" srcset=\"https:\/\/grupos.unileon.es\/gehumeco\/files\/2026\/01\/Captura-de-pantalla-2026-01-12-113742.png 649w, https:\/\/grupos.unileon.es\/gehumeco\/files\/2026\/01\/Captura-de-pantalla-2026-01-12-113742-300x179.png 300w\" sizes=\"auto, (max-width: 649px) 100vw, 649px\" \/><\/p>\n<h2><a href=\"https:\/\/fogoconference.unileon.es\/\"><strong><span style=\"font-size: 18pt;\">CONGRESO FOGO 2023: FOLCLORE Y G\u00d3TICO: ENTORNOS Y PRESENCIAS SOBRENATURALES EN EUROPA Y LAS AM\u00c9RICAS<\/span><\/strong><\/a><\/h2>\n<h2><a href=\"https:\/\/fogoconference.unileon.es\/\"><img loading=\"lazy\" decoding=\"async\" class=\"alignnone wp-image-123\" style=\"font-size: 16px;\" src=\"http:\/\/grupos.unileon.es\/gehumeco\/files\/2024\/10\/FOGO-cartel-212x300.jpeg\" alt=\"\" width=\"734\" height=\"1039\" srcset=\"https:\/\/grupos.unileon.es\/gehumeco\/files\/2024\/10\/FOGO-cartel-212x300.jpeg 212w, https:\/\/grupos.unileon.es\/gehumeco\/files\/2024\/10\/FOGO-cartel-724x1024.jpeg 724w, https:\/\/grupos.unileon.es\/gehumeco\/files\/2024\/10\/FOGO-cartel-768x1086.jpeg 768w, https:\/\/grupos.unileon.es\/gehumeco\/files\/2024\/10\/FOGO-cartel-1086x1536.jpeg 1086w, https:\/\/grupos.unileon.es\/gehumeco\/files\/2024\/10\/FOGO-cartel-1448x2048.jpeg 1448w, https:\/\/grupos.unileon.es\/gehumeco\/files\/2024\/10\/FOGO-cartel-scaled.jpeg 1810w\" sizes=\"auto, (max-width: 734px) 100vw, 734px\" \/><\/a><\/h2>\n","protected":false},"excerpt":{"rendered":"<p>CONGRESO INTERNACIONAL \u201cEL MONSTRUO Y EL MIEDO. INDAGACIONES SOBRE LA MONSTRUOSIDAD Y SU RELACI\u00d3N CON LO HUMANO\u201d (2025) Durante tres d\u00edas, miembros del grupo GEHUMECO participaron activamente en el Congreso Internacional \u201cEl monstruo y el miedo. Indagaciones sobre la monstruosidad y su relaci\u00f3n con lo humano\u201d, un encuentro acad\u00e9mico que reuni\u00f3 a especialistas de diversas [&hellip;]<\/p>\n","protected":false},"author":155,"featured_media":0,"parent":0,"menu_order":0,"comment_status":"closed","ping_status":"closed","template":"","meta":{"footnotes":""},"class_list":["post-110","page","type-page","status-publish","hentry"],"_links":{"self":[{"href":"https:\/\/grupos.unileon.es\/gehumeco\/wp-json\/wp\/v2\/pages\/110","targetHints":{"allow":["GET"]}}],"collection":[{"href":"https:\/\/grupos.unileon.es\/gehumeco\/wp-json\/wp\/v2\/pages"}],"about":[{"href":"https:\/\/grupos.unileon.es\/gehumeco\/wp-json\/wp\/v2\/types\/page"}],"author":[{"embeddable":true,"href":"https:\/\/grupos.unileon.es\/gehumeco\/wp-json\/wp\/v2\/users\/155"}],"replies":[{"embeddable":true,"href":"https:\/\/grupos.unileon.es\/gehumeco\/wp-json\/wp\/v2\/comments?post=110"}],"version-history":[{"count":16,"href":"https:\/\/grupos.unileon.es\/gehumeco\/wp-json\/wp\/v2\/pages\/110\/revisions"}],"predecessor-version":[{"id":397,"href":"https:\/\/grupos.unileon.es\/gehumeco\/wp-json\/wp\/v2\/pages\/110\/revisions\/397"}],"wp:attachment":[{"href":"https:\/\/grupos.unileon.es\/gehumeco\/wp-json\/wp\/v2\/media?parent=110"}],"curies":[{"name":"wp","href":"https:\/\/api.w.org\/{rel}","templated":true}]}}