{"id":170,"date":"2026-01-12T11:08:20","date_gmt":"2026-01-12T10:08:20","guid":{"rendered":"https:\/\/grupos.unileon.es\/gehumeco\/?page_id=170"},"modified":"2026-01-12T11:09:26","modified_gmt":"2026-01-12T10:09:26","slug":"ecocriticas-2","status":"publish","type":"page","link":"https:\/\/grupos.unileon.es\/gehumeco\/ecocriticas-2\/","title":{"rendered":"Ecocr\u00edticas 2"},"content":{"rendered":"<p>La Dra. Imelda Mart\u00edn Junquera, directora del grupo GEHUMECO, participa como editora de <em><a href=\"https:\/\/www.iberoamericana-vervuert.es\/FichaLibro.aspx?P1=258306\">Ecocr\u00edticas 2<\/a>.<\/em> Una colecci\u00f3n de ensayos acad\u00e9micos escrita \u00edntegramente en espa\u00f1ol y que actualiza los avances m\u00e1s recientes de la ecocr\u00edtica en las dos primeras d\u00e9cadas del siglo XXI. Este volumen conecta esta disciplina con otros campos de conocimiento y con distintas realidades geogr\u00e1ficas, lo que evidencia su consolidaci\u00f3n y expansi\u00f3n. A pesar de la situaci\u00f3n cr\u00edtica del planeta, los an\u00e1lisis ofrecen alternativas optimistas e innovadoras para hacer frente a la crisis clim\u00e1tica.<\/p>\n<p><img loading=\"lazy\" decoding=\"async\" class=\"aligncenter\" src=\"https:\/\/www.iberoamericana-vervuert.es\/portadas\/R258306.jpg\" width=\"323\" height=\"470\" \/><\/p>\n","protected":false},"excerpt":{"rendered":"<p>La Dra. Imelda Mart\u00edn Junquera, directora del grupo GEHUMECO, participa como editora de Ecocr\u00edticas 2. Una colecci\u00f3n de ensayos acad\u00e9micos escrita \u00edntegramente en espa\u00f1ol y que actualiza los avances m\u00e1s recientes de la ecocr\u00edtica en las dos primeras d\u00e9cadas del siglo XXI. Este volumen conecta esta disciplina con otros campos de conocimiento y con distintas [&hellip;]<\/p>\n","protected":false},"author":155,"featured_media":0,"parent":0,"menu_order":0,"comment_status":"closed","ping_status":"closed","template":"","meta":{"footnotes":""},"class_list":["post-170","page","type-page","status-publish","hentry"],"_links":{"self":[{"href":"https:\/\/grupos.unileon.es\/gehumeco\/wp-json\/wp\/v2\/pages\/170","targetHints":{"allow":["GET"]}}],"collection":[{"href":"https:\/\/grupos.unileon.es\/gehumeco\/wp-json\/wp\/v2\/pages"}],"about":[{"href":"https:\/\/grupos.unileon.es\/gehumeco\/wp-json\/wp\/v2\/types\/page"}],"author":[{"embeddable":true,"href":"https:\/\/grupos.unileon.es\/gehumeco\/wp-json\/wp\/v2\/users\/155"}],"replies":[{"embeddable":true,"href":"https:\/\/grupos.unileon.es\/gehumeco\/wp-json\/wp\/v2\/comments?post=170"}],"version-history":[{"count":6,"href":"https:\/\/grupos.unileon.es\/gehumeco\/wp-json\/wp\/v2\/pages\/170\/revisions"}],"predecessor-version":[{"id":393,"href":"https:\/\/grupos.unileon.es\/gehumeco\/wp-json\/wp\/v2\/pages\/170\/revisions\/393"}],"wp:attachment":[{"href":"https:\/\/grupos.unileon.es\/gehumeco\/wp-json\/wp\/v2\/media?parent=170"}],"curies":[{"name":"wp","href":"https:\/\/api.w.org\/{rel}","templated":true}]}}