{"id":299,"date":"2025-09-16T12:31:09","date_gmt":"2025-09-16T10:31:09","guid":{"rendered":"https:\/\/grupos.unileon.es\/gehumeco\/?page_id=299"},"modified":"2026-02-19T13:35:51","modified_gmt":"2026-02-19T12:35:51","slug":"conferencias","status":"publish","type":"page","link":"https:\/\/grupos.unileon.es\/gehumeco\/conferencias\/","title":{"rendered":"Conferencias"},"content":{"rendered":"<p><span style=\"font-size: 18pt;\"><em><strong>Ecofeminismo, poes\u00eda y lo sublime: un recorrido por la historia literaria de Norteam\u00e9rica con D\u00aa Sara Familiar Rodr\u00edguez<\/strong><\/em><\/span><\/p>\n<p><img loading=\"lazy\" decoding=\"async\" class=\"wp-image-437 alignleft\" src=\"http:\/\/grupos.unileon.es\/gehumeco\/files\/2026\/02\/02_conf_2026_Familiar-1_page-0001.jpg\" alt=\"\" width=\"292\" height=\"413\" srcset=\"https:\/\/grupos.unileon.es\/gehumeco\/files\/2026\/02\/02_conf_2026_Familiar-1_page-0001.jpg 1754w, https:\/\/grupos.unileon.es\/gehumeco\/files\/2026\/02\/02_conf_2026_Familiar-1_page-0001-212x300.jpg 212w, https:\/\/grupos.unileon.es\/gehumeco\/files\/2026\/02\/02_conf_2026_Familiar-1_page-0001-724x1024.jpg 724w, https:\/\/grupos.unileon.es\/gehumeco\/files\/2026\/02\/02_conf_2026_Familiar-1_page-0001-768x1086.jpg 768w, https:\/\/grupos.unileon.es\/gehumeco\/files\/2026\/02\/02_conf_2026_Familiar-1_page-0001-1086x1536.jpg 1086w, https:\/\/grupos.unileon.es\/gehumeco\/files\/2026\/02\/02_conf_2026_Familiar-1_page-0001-1448x2048.jpg 1448w\" sizes=\"auto, (max-width: 292px) 100vw, 292px\" \/><\/p>\n<p>El mi\u00e9rcoles 18 de febrero de 2026, a las 19:30 horas, la Fundaci\u00f3n Sierra Pambley de Le\u00f3n acogi\u00f3 la ponencia \u201cEcofeminismo, poes\u00eda y lo sublime: un recorrido por la historia literaria de Norteam\u00e9rica\u201d, impartida por la profesora de la ULE Sara Familiar Rodr\u00edguez. Esta actividad form\u00f3 parte del II Ciclo de Conferencias: De Grecia y Roma a nuestros d\u00edas, organizado por el Instituto LOU de Humanismo y Tradici\u00f3n Cl\u00e1sica de la ULE.<\/p>\n<p>Durante la charla se realiz\u00f3 un fascinante viaje por la literatura estadounidense desde una perspectiva ecofeminista e interseccional, analizando c\u00f3mo la poes\u00eda ha sido fundamental en la construcci\u00f3n de la identidad cultural y social norteamericana. El recorrido traz\u00f3 la evoluci\u00f3n po\u00e9tica desde los colonos puritanos hasta autores contempor\u00e1neos como Mary Oliver, Joy Harjo, Amanda Gorman y Maya Angelou, destacando la influencia del trascendentalismo y lo sublime.<\/p>\n<p>&nbsp;<\/p>\n<p>&nbsp;<\/p>\n<hr \/>\n<p><span style=\"font-size: 18pt;\"><strong><i>Estampas de los Borderlands: Notes on migratory <\/i>con el Dr. Santiago Vaquera-V\u00e1squez<\/strong><\/span><\/p>\n<p><img loading=\"lazy\" decoding=\"async\" class=\"wp-image-305 alignleft\" src=\"http:\/\/grupos.unileon.es\/gehumeco\/files\/2025\/07\/Santiago-Vaquera-300x300.jpg\" alt=\"\" width=\"316\" height=\"316\" srcset=\"https:\/\/grupos.unileon.es\/gehumeco\/files\/2025\/07\/Santiago-Vaquera-300x300.jpg 300w, https:\/\/grupos.unileon.es\/gehumeco\/files\/2025\/07\/Santiago-Vaquera-150x150.jpg 150w, https:\/\/grupos.unileon.es\/gehumeco\/files\/2025\/07\/Santiago-Vaquera-768x768.jpg 768w, https:\/\/grupos.unileon.es\/gehumeco\/files\/2025\/07\/Santiago-Vaquera.jpg 1024w\" sizes=\"auto, (max-width: 316px) 100vw, 316px\" \/><\/p>\n<p style=\"text-align: justify;\"><span style=\"font-weight: 400;\">El 27 de marzo de 2025, a las 12:00 horas, el aula de grados de la Facultad de Filosof\u00eda y Letras de la Universidad de Le\u00f3n tuvo el placer de acoger la conferencia del Dr. Santiago Vaquera-V\u00e1squez, titulada <\/span><i><span style=\"font-weight: 400;\">Estampas de los Borderlands: Notes on migratory<\/span><\/i><span style=\"font-weight: 400;\">, organizada por el Departamento de Filolog\u00eda Moderna en colaboraci\u00f3n con GEHUMECO. La charla, impartida en Spanglish, explor\u00f3 la compleja frontera entre Estados Unidos y M\u00e9xico, destacando c\u00f3mo este espacio geogr\u00e1fico se ha convertido en un potente s\u00edmbolo de expresi\u00f3n art\u00edstica y cultural.<\/span><\/p>\n<p style=\"text-align: justify;\"><span style=\"font-weight: 400;\">Tras la conferencia, los estudiantes de 4\u00ba curso participaron en un taller de escritura donde tuvieron la oportunidad de conocer de cerca el proceso creativo del Dr. Vaquera-V\u00e1squez, autor de varias colecciones de cuentos y relatos, entre ellos <\/span><i><span style=\"font-weight: 400;\">En el Lost \u2018n\u2019 Found<\/span><\/i><span style=\"font-weight: 400;\"> (2016).<\/span><\/p>\n<hr \/>\n<p><strong><span style=\"font-size: 18pt;\"><em>Revelations: una escritora chicana en el Camino de Santiago<\/em> con la Dra. Norma E. Cant\u00fa<\/span><\/strong><\/p>\n<p style=\"text-align: justify;\"><span style=\"font-weight: 400;\"><img loading=\"lazy\" decoding=\"async\" class=\"wp-image-327 aligncenter\" src=\"http:\/\/grupos.unileon.es\/gehumeco\/files\/2025\/09\/norma-cantu-227x300.png\" alt=\"\" width=\"306\" height=\"405\" srcset=\"https:\/\/grupos.unileon.es\/gehumeco\/files\/2025\/09\/norma-cantu-227x300.png 227w, https:\/\/grupos.unileon.es\/gehumeco\/files\/2025\/09\/norma-cantu.png 310w\" sizes=\"auto, (max-width: 306px) 100vw, 306px\" \/><\/span><\/p>\n<p style=\"text-align: justify;\"><span style=\"font-weight: 400;\">El pasado jueves 29 de mayo de 2025 a las 12:00, la sala de conferencias de la Biblioteca Central San Isidoro acogi\u00f3 la conferencia <em>Revelations: una escritora chicana en el Camino de Santiago<\/em>, impartida por la Dra. Norma Elia Cant\u00fa.<\/span><\/p>\n<p style=\"text-align: justify;\"><span style=\"font-weight: 400;\">Organizado por el Departamento de Filolog\u00eda Moderna de la Universidad en colaboraci\u00f3n con GEHUMECO, el encuentro ofreci\u00f3 a los alumnos de 3\u00ba y 4\u00ba del Grado en Filolog\u00eda Moderna: Ingl\u00e9s la oportunidad de conocer de cerca a esta destacada escritora, folklorista y catedr\u00e1tica en Trinity College (San Antonio, Texas, EE. UU.).\u00a0 Durante la conferencia, los asistentes no solo conocieron las vivencias personales de la Dra. Cant\u00fa y c\u00f3mo estas han influido en su trayectoria acad\u00e9mica y literaria, sino que tambi\u00e9n tuvieron ocasi\u00f3n de acercarse y conocer el Spanglish, una de las principales herramientas expresivas y culturales de la comunidad chicana.<\/span><\/p>\n","protected":false},"excerpt":{"rendered":"<p>Ecofeminismo, poes\u00eda y lo sublime: un recorrido por la historia literaria de Norteam\u00e9rica con D\u00aa Sara Familiar Rodr\u00edguez El mi\u00e9rcoles 18 de febrero de 2026, a las 19:30 horas, la Fundaci\u00f3n Sierra Pambley de Le\u00f3n acogi\u00f3 la ponencia \u201cEcofeminismo, poes\u00eda y lo sublime: un recorrido por la historia literaria de Norteam\u00e9rica\u201d, impartida por la profesora [&hellip;]<\/p>\n","protected":false},"author":169,"featured_media":0,"parent":0,"menu_order":0,"comment_status":"closed","ping_status":"closed","template":"","meta":{"footnotes":""},"class_list":["post-299","page","type-page","status-publish","hentry"],"_links":{"self":[{"href":"https:\/\/grupos.unileon.es\/gehumeco\/wp-json\/wp\/v2\/pages\/299","targetHints":{"allow":["GET"]}}],"collection":[{"href":"https:\/\/grupos.unileon.es\/gehumeco\/wp-json\/wp\/v2\/pages"}],"about":[{"href":"https:\/\/grupos.unileon.es\/gehumeco\/wp-json\/wp\/v2\/types\/page"}],"author":[{"embeddable":true,"href":"https:\/\/grupos.unileon.es\/gehumeco\/wp-json\/wp\/v2\/users\/169"}],"replies":[{"embeddable":true,"href":"https:\/\/grupos.unileon.es\/gehumeco\/wp-json\/wp\/v2\/comments?post=299"}],"version-history":[{"count":17,"href":"https:\/\/grupos.unileon.es\/gehumeco\/wp-json\/wp\/v2\/pages\/299\/revisions"}],"predecessor-version":[{"id":441,"href":"https:\/\/grupos.unileon.es\/gehumeco\/wp-json\/wp\/v2\/pages\/299\/revisions\/441"}],"wp:attachment":[{"href":"https:\/\/grupos.unileon.es\/gehumeco\/wp-json\/wp\/v2\/media?parent=299"}],"curies":[{"name":"wp","href":"https:\/\/api.w.org\/{rel}","templated":true}]}}