{"id":398,"date":"2026-01-15T11:40:36","date_gmt":"2026-01-15T10:40:36","guid":{"rendered":"https:\/\/grupos.unileon.es\/gehumeco\/?page_id=398"},"modified":"2026-01-15T11:41:30","modified_gmt":"2026-01-15T10:41:30","slug":"eventos","status":"publish","type":"page","link":"https:\/\/grupos.unileon.es\/gehumeco\/eventos\/","title":{"rendered":"Eventos"},"content":{"rendered":"<p><strong><span style=\"font-size: 18pt;\">Feria Literaria del Miedo 2026<\/span><\/strong><\/p>\n<p>El pasado 8 de enero, tuvo lugar la Feria Literaria del Miedo en la Facultad de Educaci\u00f3n de la Universidad de Le\u00f3n. El alumnado de 4.\u00bacurso del Grado en Educaci\u00f3n Primaria realiz\u00f3 una feria del libro infantil y juvenil, dirigida a los alumnos de 6.\u00ba de primaria del CEIP La Palomera.\u00a0 Los futuros docentes crearon un stand literario para promocionar un cl\u00e1sico de esta literatura y llevaron a cabo actividades tanto en ingl\u00e9s y como en espa\u00f1ol. Esta iniciativa permiti\u00f3 a los universitarios poner en pr\u00e1ctica los contenidos trabajados en las asignaturas de Educaci\u00f3n Literaria y Culturas de habla inglesa (menci\u00f3n en lengua inglesa).<\/p>\n<p><strong><em>Galer\u00eda<\/em><\/strong><\/p>\n<p><img loading=\"lazy\" decoding=\"async\" class=\"wp-image-400 alignleft\" src=\"http:\/\/grupos.unileon.es\/gehumeco\/files\/2026\/01\/WhatsApp-Image-2026-01-15-at-11.03.53-1.jpeg\" alt=\"\" width=\"299\" height=\"532\" srcset=\"https:\/\/grupos.unileon.es\/gehumeco\/files\/2026\/01\/WhatsApp-Image-2026-01-15-at-11.03.53-1.jpeg 899w, https:\/\/grupos.unileon.es\/gehumeco\/files\/2026\/01\/WhatsApp-Image-2026-01-15-at-11.03.53-1-169x300.jpeg 169w, https:\/\/grupos.unileon.es\/gehumeco\/files\/2026\/01\/WhatsApp-Image-2026-01-15-at-11.03.53-1-576x1024.jpeg 576w, https:\/\/grupos.unileon.es\/gehumeco\/files\/2026\/01\/WhatsApp-Image-2026-01-15-at-11.03.53-1-768x1366.jpeg 768w, https:\/\/grupos.unileon.es\/gehumeco\/files\/2026\/01\/WhatsApp-Image-2026-01-15-at-11.03.53-1-864x1536.jpeg 864w\" sizes=\"auto, (max-width: 299px) 100vw, 299px\" \/> <img loading=\"lazy\" decoding=\"async\" class=\"wp-image-401 alignleft\" src=\"http:\/\/grupos.unileon.es\/gehumeco\/files\/2026\/01\/WhatsApp-Image-2026-01-15-at-11.03.53-2.jpeg\" alt=\"\" width=\"297\" height=\"529\" srcset=\"https:\/\/grupos.unileon.es\/gehumeco\/files\/2026\/01\/WhatsApp-Image-2026-01-15-at-11.03.53-2.jpeg 899w, https:\/\/grupos.unileon.es\/gehumeco\/files\/2026\/01\/WhatsApp-Image-2026-01-15-at-11.03.53-2-169x300.jpeg 169w, https:\/\/grupos.unileon.es\/gehumeco\/files\/2026\/01\/WhatsApp-Image-2026-01-15-at-11.03.53-2-576x1024.jpeg 576w, https:\/\/grupos.unileon.es\/gehumeco\/files\/2026\/01\/WhatsApp-Image-2026-01-15-at-11.03.53-2-768x1366.jpeg 768w, https:\/\/grupos.unileon.es\/gehumeco\/files\/2026\/01\/WhatsApp-Image-2026-01-15-at-11.03.53-2-864x1536.jpeg 864w\" sizes=\"auto, (max-width: 297px) 100vw, 297px\" \/> <img loading=\"lazy\" decoding=\"async\" class=\"wp-image-405 alignleft\" src=\"http:\/\/grupos.unileon.es\/gehumeco\/files\/2026\/01\/WhatsApp-Image-2026-01-15-at-11.03.54.jpeg\" alt=\"\" width=\"315\" height=\"561\" srcset=\"https:\/\/grupos.unileon.es\/gehumeco\/files\/2026\/01\/WhatsApp-Image-2026-01-15-at-11.03.54.jpeg 899w, https:\/\/grupos.unileon.es\/gehumeco\/files\/2026\/01\/WhatsApp-Image-2026-01-15-at-11.03.54-169x300.jpeg 169w, https:\/\/grupos.unileon.es\/gehumeco\/files\/2026\/01\/WhatsApp-Image-2026-01-15-at-11.03.54-576x1024.jpeg 576w, https:\/\/grupos.unileon.es\/gehumeco\/files\/2026\/01\/WhatsApp-Image-2026-01-15-at-11.03.54-768x1366.jpeg 768w, https:\/\/grupos.unileon.es\/gehumeco\/files\/2026\/01\/WhatsApp-Image-2026-01-15-at-11.03.54-864x1536.jpeg 864w\" sizes=\"auto, (max-width: 315px) 100vw, 315px\" \/><img loading=\"lazy\" decoding=\"async\" class=\"wp-image-403 alignright\" src=\"http:\/\/grupos.unileon.es\/gehumeco\/files\/2026\/01\/WhatsApp-Image-2026-01-15-at-11.03.53-4.jpeg\" alt=\"\" width=\"315\" height=\"561\" srcset=\"https:\/\/grupos.unileon.es\/gehumeco\/files\/2026\/01\/WhatsApp-Image-2026-01-15-at-11.03.53-4.jpeg 899w, https:\/\/grupos.unileon.es\/gehumeco\/files\/2026\/01\/WhatsApp-Image-2026-01-15-at-11.03.53-4-169x300.jpeg 169w, https:\/\/grupos.unileon.es\/gehumeco\/files\/2026\/01\/WhatsApp-Image-2026-01-15-at-11.03.53-4-576x1024.jpeg 576w, https:\/\/grupos.unileon.es\/gehumeco\/files\/2026\/01\/WhatsApp-Image-2026-01-15-at-11.03.53-4-768x1366.jpeg 768w, https:\/\/grupos.unileon.es\/gehumeco\/files\/2026\/01\/WhatsApp-Image-2026-01-15-at-11.03.53-4-864x1536.jpeg 864w\" sizes=\"auto, (max-width: 315px) 100vw, 315px\" \/><\/p>\n<p>&nbsp;<\/p>\n","protected":false},"excerpt":{"rendered":"<p>Feria Literaria del Miedo 2026 El pasado 8 de enero, tuvo lugar la Feria Literaria del Miedo en la Facultad de Educaci\u00f3n de la Universidad de Le\u00f3n. El alumnado de 4.\u00bacurso del Grado en Educaci\u00f3n Primaria realiz\u00f3 una feria del libro infantil y juvenil, dirigida a los alumnos de 6.\u00ba de primaria del CEIP La [&hellip;]<\/p>\n","protected":false},"author":169,"featured_media":0,"parent":0,"menu_order":0,"comment_status":"closed","ping_status":"closed","template":"","meta":{"footnotes":""},"class_list":["post-398","page","type-page","status-publish","hentry"],"_links":{"self":[{"href":"https:\/\/grupos.unileon.es\/gehumeco\/wp-json\/wp\/v2\/pages\/398","targetHints":{"allow":["GET"]}}],"collection":[{"href":"https:\/\/grupos.unileon.es\/gehumeco\/wp-json\/wp\/v2\/pages"}],"about":[{"href":"https:\/\/grupos.unileon.es\/gehumeco\/wp-json\/wp\/v2\/types\/page"}],"author":[{"embeddable":true,"href":"https:\/\/grupos.unileon.es\/gehumeco\/wp-json\/wp\/v2\/users\/169"}],"replies":[{"embeddable":true,"href":"https:\/\/grupos.unileon.es\/gehumeco\/wp-json\/wp\/v2\/comments?post=398"}],"version-history":[{"count":4,"href":"https:\/\/grupos.unileon.es\/gehumeco\/wp-json\/wp\/v2\/pages\/398\/revisions"}],"predecessor-version":[{"id":408,"href":"https:\/\/grupos.unileon.es\/gehumeco\/wp-json\/wp\/v2\/pages\/398\/revisions\/408"}],"wp:attachment":[{"href":"https:\/\/grupos.unileon.es\/gehumeco\/wp-json\/wp\/v2\/media?parent=398"}],"curies":[{"name":"wp","href":"https:\/\/api.w.org\/{rel}","templated":true}]}}