{"id":413,"date":"2026-02-10T10:34:21","date_gmt":"2026-02-10T09:34:21","guid":{"rendered":"https:\/\/grupos.unileon.es\/gehumeco\/?page_id=413"},"modified":"2026-02-12T11:27:48","modified_gmt":"2026-02-12T10:27:48","slug":"becas-de-colaboracion","status":"publish","type":"page","link":"https:\/\/grupos.unileon.es\/gehumeco\/becas-de-colaboracion\/","title":{"rendered":"Becas de colaboraci\u00f3n"},"content":{"rendered":"<h2>LUC\u00cdA D\u00cdEZ GONZ\u00c1LEZ<\/h2>\n<p><img loading=\"lazy\" decoding=\"async\" class=\"wp-image-423 alignleft\" src=\"http:\/\/grupos.unileon.es\/gehumeco\/files\/2026\/02\/foto-yo-ii.jpeg\" alt=\"\" width=\"231\" height=\"311\" srcset=\"https:\/\/grupos.unileon.es\/gehumeco\/files\/2026\/02\/foto-yo-ii.jpeg 1172w, https:\/\/grupos.unileon.es\/gehumeco\/files\/2026\/02\/foto-yo-ii-222x300.jpeg 222w, https:\/\/grupos.unileon.es\/gehumeco\/files\/2026\/02\/foto-yo-ii-759x1024.jpeg 759w, https:\/\/grupos.unileon.es\/gehumeco\/files\/2026\/02\/foto-yo-ii-768x1037.jpeg 768w, https:\/\/grupos.unileon.es\/gehumeco\/files\/2026\/02\/foto-yo-ii-1138x1536.jpeg 1138w\" sizes=\"auto, (max-width: 231px) 100vw, 231px\" \/><\/p>\n<p><span style=\"font-weight: 400;\"><strong>Filiaci\u00f3n<\/strong>: Universidad de Le\u00f3n<\/span><\/p>\n<p style=\"text-align: left;\"><strong>Cargo<\/strong>: Becaria de Colaboraci\u00f3n (Ministerio de Educaci\u00f3n y Formaci\u00f3n Profesional), 2025-2026<\/p>\n<p style=\"text-align: left;\"><strong>Email:<a href=\"mailto:ldiezg08@estudiantes.unileon.es\">\u00a0<\/a><\/strong><a href=\"mailto:ldiezg08@estudiantes.unileon.es\">ldiezg08@estudiantes.unileon.es<\/a><\/p>\n<p style=\"text-align: left;\"><span style=\"font-weight: 400;\"><strong>ORCID<\/strong>:<a href=\"https:\/\/orcid.org\/0009-0002-5394-3697\">0009-0002-5394-3697<\/a><\/span><\/p>\n<p style=\"text-align: left;\"><strong>\u00daltimas publicaciones:\u00a0<\/strong><\/p>\n","protected":false},"excerpt":{"rendered":"<p>LUC\u00cdA D\u00cdEZ GONZ\u00c1LEZ Filiaci\u00f3n: Universidad de Le\u00f3n Cargo: Becaria de Colaboraci\u00f3n (Ministerio de Educaci\u00f3n y Formaci\u00f3n Profesional), 2025-2026 Email:\u00a0ldiezg08@estudiantes.unileon.es ORCID:0009-0002-5394-3697 \u00daltimas publicaciones:\u00a0<\/p>\n","protected":false},"author":169,"featured_media":0,"parent":0,"menu_order":0,"comment_status":"closed","ping_status":"closed","template":"","meta":{"footnotes":""},"class_list":["post-413","page","type-page","status-publish","hentry"],"_links":{"self":[{"href":"https:\/\/grupos.unileon.es\/gehumeco\/wp-json\/wp\/v2\/pages\/413","targetHints":{"allow":["GET"]}}],"collection":[{"href":"https:\/\/grupos.unileon.es\/gehumeco\/wp-json\/wp\/v2\/pages"}],"about":[{"href":"https:\/\/grupos.unileon.es\/gehumeco\/wp-json\/wp\/v2\/types\/page"}],"author":[{"embeddable":true,"href":"https:\/\/grupos.unileon.es\/gehumeco\/wp-json\/wp\/v2\/users\/169"}],"replies":[{"embeddable":true,"href":"https:\/\/grupos.unileon.es\/gehumeco\/wp-json\/wp\/v2\/comments?post=413"}],"version-history":[{"count":6,"href":"https:\/\/grupos.unileon.es\/gehumeco\/wp-json\/wp\/v2\/pages\/413\/revisions"}],"predecessor-version":[{"id":426,"href":"https:\/\/grupos.unileon.es\/gehumeco\/wp-json\/wp\/v2\/pages\/413\/revisions\/426"}],"wp:attachment":[{"href":"https:\/\/grupos.unileon.es\/gehumeco\/wp-json\/wp\/v2\/media?parent=413"}],"curies":[{"name":"wp","href":"https:\/\/api.w.org\/{rel}","templated":true}]}}