{"id":443,"date":"2026-03-11T17:20:15","date_gmt":"2026-03-11T16:20:15","guid":{"rendered":"https:\/\/grupos.unileon.es\/gehumeco\/?page_id=443"},"modified":"2026-03-11T17:21:28","modified_gmt":"2026-03-11T16:21:28","slug":"expociencia-2026","status":"publish","type":"page","link":"https:\/\/grupos.unileon.es\/gehumeco\/expociencia-2026\/","title":{"rendered":"Expociencia 2026"},"content":{"rendered":"<p><span style=\"font-size: 14pt;\"><strong>Protagonistas del terror: Explorando cuentos y criaturas<\/strong><\/span><\/p>\n<p><img loading=\"lazy\" decoding=\"async\" class=\"wp-image-446 alignleft\" src=\"http:\/\/grupos.unileon.es\/gehumeco\/files\/2026\/03\/Cartel-Expociencia.png\" alt=\"\" width=\"394\" height=\"526\" srcset=\"https:\/\/grupos.unileon.es\/gehumeco\/files\/2026\/03\/Cartel-Expociencia.png 1080w, https:\/\/grupos.unileon.es\/gehumeco\/files\/2026\/03\/Cartel-Expociencia-225x300.png 225w, https:\/\/grupos.unileon.es\/gehumeco\/files\/2026\/03\/Cartel-Expociencia-768x1024.png 768w\" sizes=\"auto, (max-width: 394px) 100vw, 394px\" \/><\/p>\n<p>Durante los d\u00edas 3, 4 y 5 de marzo, el grupo GEHUMECO particip\u00f3 en la 7.\u00aa edici\u00f3n de Expociencia Unile\u00f3n con una propuesta orientada a acercar las Humanidades al p\u00fablico general a trav\u00e9s de una experiencia creativa e inmersiva centrada en el g\u00e9nero del terror.<\/p>\n<p>La actividad, titulada \u201cProtagonistas del terror: Explorando cuentos y criaturas\u201d, se plante\u00f3 como un taller de escritura dirigido a un p\u00fablico amplio y diverso en el que los participantes pudieron crear sus propias historias de terror mientras desafiaban sus sentidos mediante distintos est\u00edmulos sensoriales. La propuesta invitaba a enfrentarse a los miedos a trav\u00e9s del descubrimiento de figuras ic\u00f3nicas de la literatura y el cine de terror, as\u00ed como de leyendas folcl\u00f3ricas, relatos populares y cl\u00e1sicos del g\u00e9nero en espa\u00f1ol, ingl\u00e9s y franc\u00e9s.<\/p>\n<p>El p\u00fablico m\u00e1s adulto particip\u00f3 en la creaci\u00f3n de un cad\u00e1ver exquisito, un ejercicio colectivo de escritura que dio lugar a historias sorprendentes y llenas de giros inesperados. A lo largo de la actividad, los participantes exploraron c\u00f3mo las sensaciones, los sonidos o los elementos inesperados pueden servir como inspiraci\u00f3n para desarrollar relatos inquietantes y experimentar con nuevas formas de narrar el miedo.<\/p>\n<p style=\"text-align: left;\">La actividad tambi\u00e9n incluy\u00f3 una propuesta pensada para los m\u00e1s peque\u00f1os. Los ni\u00f1os y ni\u00f1as que visitaron el taller pudieron crear un pasaporte para monstruos, una actividad l\u00fadica que les permiti\u00f3 dise\u00f1ar sus propias criaturas mientras participaban en el ambiente creativo del taller.<\/p>\n<p style=\"text-align: right;\"><img loading=\"lazy\" decoding=\"async\" class=\"wp-image-447 alignleft\" src=\"http:\/\/grupos.unileon.es\/gehumeco\/files\/2026\/03\/WhatsApp-Image-2026-03-11-at-17.14.38-1.jpeg\" alt=\"\" width=\"569\" height=\"427\" srcset=\"https:\/\/grupos.unileon.es\/gehumeco\/files\/2026\/03\/WhatsApp-Image-2026-03-11-at-17.14.38-1.jpeg 2048w, https:\/\/grupos.unileon.es\/gehumeco\/files\/2026\/03\/WhatsApp-Image-2026-03-11-at-17.14.38-1-300x225.jpeg 300w, https:\/\/grupos.unileon.es\/gehumeco\/files\/2026\/03\/WhatsApp-Image-2026-03-11-at-17.14.38-1-1024x768.jpeg 1024w, https:\/\/grupos.unileon.es\/gehumeco\/files\/2026\/03\/WhatsApp-Image-2026-03-11-at-17.14.38-1-768x576.jpeg 768w, https:\/\/grupos.unileon.es\/gehumeco\/files\/2026\/03\/WhatsApp-Image-2026-03-11-at-17.14.38-1-1536x1152.jpeg 1536w\" sizes=\"auto, (max-width: 569px) 100vw, 569px\" \/><\/p>\n<p><img loading=\"lazy\" decoding=\"async\" class=\"aligncenter wp-image-448\" src=\"http:\/\/grupos.unileon.es\/gehumeco\/files\/2026\/03\/WhatsApp-Image-2026-03-11-at-17.14.38.jpeg\" alt=\"\" width=\"396\" height=\"528\" srcset=\"https:\/\/grupos.unileon.es\/gehumeco\/files\/2026\/03\/WhatsApp-Image-2026-03-11-at-17.14.38.jpeg 1536w, https:\/\/grupos.unileon.es\/gehumeco\/files\/2026\/03\/WhatsApp-Image-2026-03-11-at-17.14.38-225x300.jpeg 225w, https:\/\/grupos.unileon.es\/gehumeco\/files\/2026\/03\/WhatsApp-Image-2026-03-11-at-17.14.38-768x1024.jpeg 768w, https:\/\/grupos.unileon.es\/gehumeco\/files\/2026\/03\/WhatsApp-Image-2026-03-11-at-17.14.38-1152x1536.jpeg 1152w\" sizes=\"auto, (max-width: 396px) 100vw, 396px\" \/><\/p>\n","protected":false},"excerpt":{"rendered":"<p>Protagonistas del terror: Explorando cuentos y criaturas Durante los d\u00edas 3, 4 y 5 de marzo, el grupo GEHUMECO particip\u00f3 en la 7.\u00aa edici\u00f3n de Expociencia Unile\u00f3n con una propuesta orientada a acercar las Humanidades al p\u00fablico general a trav\u00e9s de una experiencia creativa e inmersiva centrada en el g\u00e9nero del terror. La actividad, titulada [&hellip;]<\/p>\n","protected":false},"author":169,"featured_media":0,"parent":0,"menu_order":0,"comment_status":"closed","ping_status":"closed","template":"","meta":{"footnotes":""},"class_list":["post-443","page","type-page","status-publish","hentry"],"_links":{"self":[{"href":"https:\/\/grupos.unileon.es\/gehumeco\/wp-json\/wp\/v2\/pages\/443","targetHints":{"allow":["GET"]}}],"collection":[{"href":"https:\/\/grupos.unileon.es\/gehumeco\/wp-json\/wp\/v2\/pages"}],"about":[{"href":"https:\/\/grupos.unileon.es\/gehumeco\/wp-json\/wp\/v2\/types\/page"}],"author":[{"embeddable":true,"href":"https:\/\/grupos.unileon.es\/gehumeco\/wp-json\/wp\/v2\/users\/169"}],"replies":[{"embeddable":true,"href":"https:\/\/grupos.unileon.es\/gehumeco\/wp-json\/wp\/v2\/comments?post=443"}],"version-history":[{"count":8,"href":"https:\/\/grupos.unileon.es\/gehumeco\/wp-json\/wp\/v2\/pages\/443\/revisions"}],"predecessor-version":[{"id":455,"href":"https:\/\/grupos.unileon.es\/gehumeco\/wp-json\/wp\/v2\/pages\/443\/revisions\/455"}],"wp:attachment":[{"href":"https:\/\/grupos.unileon.es\/gehumeco\/wp-json\/wp\/v2\/media?parent=443"}],"curies":[{"name":"wp","href":"https:\/\/api.w.org\/{rel}","templated":true}]}}