{"id":88,"date":"2024-10-01T12:51:18","date_gmt":"2024-10-01T10:51:18","guid":{"rendered":"https:\/\/grupos.unileon.es\/gehumeco\/?page_id=88"},"modified":"2026-04-15T18:12:30","modified_gmt":"2026-04-15T16:12:30","slug":"ultimas-publicaciones","status":"publish","type":"page","link":"https:\/\/grupos.unileon.es\/gehumeco\/jornadas\/ultimas-publicaciones\/","title":{"rendered":"\u00daltimas publicaciones"},"content":{"rendered":"<p>(Para m\u00e1s informaci\u00f3n sobre los autores consulte las secciones: <a href=\"https:\/\/grupos.unileon.es\/gehumeco\/gehumeco\/miembros\/\">Miembros<\/a> y <a href=\"https:\/\/grupos.unileon.es\/gehumeco\/gehumeco\/colaboradores\/\">Colaboradores<\/a>)<\/p>\n<p><strong><span style=\"font-size: 18pt;\">2026<\/span><\/strong><\/p>\n<ul style=\"list-style-type: disc;\">\n<li>L\u00f3pez-Santos, Miriam, et\u00a0al. \u00abThe Perceptions of Early Childhood Education Teachers About Folklore as an Educational Resource\u00bb.\u00a0<em>Education Sciences<\/em>, vol. 16, n.\u00ba 3, 2026, <a href=\"https:\/\/doi.org\/10.3390\/EDUCSCI16030396\">https:\/\/doi.org\/10.3390\/EDUCSCI16030396<\/a>.<\/li>\n<\/ul>\n<ul style=\"list-style-type: circle;\">\n<li>Rivero Vadillo, Alejandro, y Irene Sanz Alonso. \u00abDe enanos y orcos: la cuesti\u00f3n tecnoindustrial en la narrativade Tolkien\u00bb. El sue\u00f1o de Yavanna: Naturalezas extra\u00f1as e imaginarias ecosociales en J. R. R. Tolkien, Plaza y Vald\u00e9s, 2026, pp. 79-98.<\/li>\n<\/ul>\n<p><span style=\"font-size: 18pt;\"><strong>2025<\/strong><\/span><\/p>\n<ul style=\"list-style-type: disc;\">\n<li>Garc\u00eda Nistal, Joaqu\u00edn, y Imelda Mart\u00edn Junquera, editores.\u00a0Docendo discimus: estudios sobre innovaci\u00f3n docente. Instituto de Humanismo y Tradici\u00f3n Cl\u00e1sica, 2025.<\/li>\n<\/ul>\n<ul style=\"list-style-type: circle;\">\n<li>Imelda Mart\u00edn Junquera, y Carmen Flys Junquera, editores.\u00a0Ecocr\u00edticas 2: evoluci\u00f3n y nuevos enfoques. Iberoamericana\/Verbuert, 2025.<\/li>\n<\/ul>\n<ul style=\"list-style-type: disc;\">\n<li>Imelda Mart\u00edn Junquera. \u00abLa reclamaci\u00f3n de la figura de la bruja\/curandera como icono poshumanista en la frontera entre M\u00e9xico\/EE. UU.\u00bb\u00a0Narrativas de resiliencia, regeneraci\u00f3n y esperanza en futuros posibles: Aproximaci\u00f3n ecocr\u00edtica, ecofeminista e intercultural a la figura de las ecobrujas, Dykinson, 2025, pp. 59-68.<\/li>\n<\/ul>\n<ul style=\"list-style-type: circle;\">\n<li><span data-ccp-props=\"{&quot;335559685&quot;:360}\">\u00a0<\/span><span data-contrast=\"auto\">L\u00f3pez Santos, Miriam, et\u00a0al. \u00abAnalysis of the influence of ChatGPT on secondary education from the perspective of teachers\u00bb.\u00a0<\/span><i><span data-contrast=\"auto\">JOTSE<\/span><\/i><span data-contrast=\"auto\">, vol. 15, n.\u00ba 2, 2025, pp. 302-21, <\/span><a href=\"https:\/\/doi.org\/10.3926\/JOTSE.3190\"><span data-contrast=\"none\">https:\/\/doi.org\/10.3926\/JOTSE.3190<\/span><\/a><span data-contrast=\"auto\">.<\/span><span data-ccp-props=\"{&quot;335559685&quot;:360}\">\u00a0<\/span><\/li>\n<\/ul>\n<ul>\n<li>Rivero-Vadillo, Alejandro. \u00abEldarin Cosmotechnics: Posthumanism, Ecology and Techne in Tolkien\u2019s Portrayal of Elven Paradises\u00bb. English Studies, vol. 106, n.\u00ba 5, 2025, pp. 674-97, https:\/\/doi.org\/10.1080\/0013838X.2024.2445538.<\/li>\n<\/ul>\n<p><span style=\"font-size: 18pt;\"><strong>2024<\/strong><\/span><\/p>\n<ul>\n<li>Casado Presa, Cristina, y Imelda Mart\u00edn Junquera. \u00abThe Ecogothic as a Catalyst of Climate Emergency: The Impact of Monstrosity \/ El Ecog\u00f3tico como catalizador de la emergencia clim\u00e1tica: el impacto de la monstruosidad\u00bb. Revista Canaria de Estudios Ingleses, vol. 89, 2024, pp. 9-14, <a href=\"https:\/\/doi.org\/10.25145\/J.RECAESIN.2024.89.00\">https:\/\/doi.org\/10.25145\/J.RECAESIN.2024.89.00<\/a>.<\/li>\n<\/ul>\n<ul style=\"list-style-type: circle;\">\n<li>L\u00f3pez Santos, Miriam. \u00abDe Frankenstein a \u00abFrankenweenie\u00bb: una mirada infantil y transgresora al mito en los l\u00edmites del posfolclore\u00bb.\u00a0<em>Folclore y g\u00f3tico: entornos y presencias sobrenaturales en la ficci\u00f3n occidental, Tirant Humanidades<\/em>, 2024, pp. 323-42.<\/li>\n<\/ul>\n<ul>\n<li>L\u00f3pez Santos, Miriam. La novela g\u00f3tica en Espa\u00f1a (1788-1833). Universidad de Le\u00f3n, 2024.<\/li>\n<\/ul>\n<ul style=\"list-style-type: circle;\">\n<li>Ordiz Alonso-Collada, In\u00e9s. \u00abEl terror de existir como mujer: g\u00f3tico y g\u00e9nero en la literatura contempor\u00e1nea\u00bb.\u00a0<em>HIOL: Hispanic Issues On Line<\/em>, vol. 34, 2024, pp. 91-112.<\/li>\n<\/ul>\n<ul>\n<li>Rivero-Vadillo, Alejandro. \u201c\u2018An Indigenous Fucking Blood Revival\u2019: Pagan Aesthetics in The US Indigenous Black Metal Scene\u201d.\u00a0<em>Complutense Journal of English Studies<\/em>, vol. 32, vol. 32, 2024, p. e81707,\u00a0<a href=\"https:\/\/doi.org\/10.5209\/cjes.81707\">https:\/\/doi.org\/10.5209\/cjes.81707<\/a><\/li>\n<\/ul>\n","protected":false},"excerpt":{"rendered":"<p>(Para m\u00e1s informaci\u00f3n sobre los autores consulte las secciones: Miembros y Colaboradores) 2026 L\u00f3pez-Santos, Miriam, et\u00a0al. \u00abThe Perceptions of Early Childhood Education Teachers About Folklore as an Educational Resource\u00bb.\u00a0Education Sciences, vol. 16, n.\u00ba 3, 2026, https:\/\/doi.org\/10.3390\/EDUCSCI16030396. Rivero Vadillo, Alejandro, y Irene Sanz Alonso. \u00abDe enanos y orcos: la cuesti\u00f3n tecnoindustrial en la narrativade Tolkien\u00bb. El [&hellip;]<\/p>\n","protected":false},"author":155,"featured_media":0,"parent":111,"menu_order":0,"comment_status":"closed","ping_status":"closed","template":"","meta":{"footnotes":""},"class_list":["post-88","page","type-page","status-publish","hentry"],"_links":{"self":[{"href":"https:\/\/grupos.unileon.es\/gehumeco\/wp-json\/wp\/v2\/pages\/88","targetHints":{"allow":["GET"]}}],"collection":[{"href":"https:\/\/grupos.unileon.es\/gehumeco\/wp-json\/wp\/v2\/pages"}],"about":[{"href":"https:\/\/grupos.unileon.es\/gehumeco\/wp-json\/wp\/v2\/types\/page"}],"author":[{"embeddable":true,"href":"https:\/\/grupos.unileon.es\/gehumeco\/wp-json\/wp\/v2\/users\/155"}],"replies":[{"embeddable":true,"href":"https:\/\/grupos.unileon.es\/gehumeco\/wp-json\/wp\/v2\/comments?post=88"}],"version-history":[{"count":9,"href":"https:\/\/grupos.unileon.es\/gehumeco\/wp-json\/wp\/v2\/pages\/88\/revisions"}],"predecessor-version":[{"id":474,"href":"https:\/\/grupos.unileon.es\/gehumeco\/wp-json\/wp\/v2\/pages\/88\/revisions\/474"}],"up":[{"embeddable":true,"href":"https:\/\/grupos.unileon.es\/gehumeco\/wp-json\/wp\/v2\/pages\/111"}],"wp:attachment":[{"href":"https:\/\/grupos.unileon.es\/gehumeco\/wp-json\/wp\/v2\/media?parent=88"}],"curies":[{"name":"wp","href":"https:\/\/api.w.org\/{rel}","templated":true}]}}