{"id":20,"date":"2019-10-21T20:10:13","date_gmt":"2019-10-21T18:10:13","guid":{"rendered":"https:\/\/grupos.unileon.es\/grado-historia\/?page_id=20"},"modified":"2025-02-24T18:39:22","modified_gmt":"2025-02-24T17:39:22","slug":"actividades-complementarias","status":"publish","type":"page","link":"https:\/\/grupos.unileon.es\/grado-historia\/actividades-complementarias\/","title":{"rendered":"Formaci\u00f3n"},"content":{"rendered":"<p>&nbsp;<\/p>\n<p><\/p>\n<div class=\"wp-block-group\"><div class=\"wp-block-group__inner-container\">\n<div class=\"wp-block-group__inner-container is-layout-flow wp-block-group-is-layout-flow\"><\/p>\n<figure class=\"wp-block-gallery aligncenter columns-1 is-cropped wp-block-gallery-1 is-layout-flex wp-block-gallery-is-layout-flex\">\n<ul class=\"blocks-gallery-grid\">\n<li class=\"blocks-gallery-item\">\n<figure><img loading=\"lazy\" decoding=\"async\" class=\"wp-image-429 aligncenter\" src=\"https:\/\/grupos.unileon.es\/grado-historia\/files\/2019\/11\/041A5158_228939.jpg\" alt=\"\" width=\"650\" height=\"433\" data-id=\"429\" \/><\/figure>\n<\/li>\n<\/ul>\n<\/figure>\n<p><\/div>\n<\/div><\/div>\n<p><\/p>\n<p><\/p>\n<p><\/p>\n<p class=\"has-text-align-center\" style=\"text-align: center;\"><span style=\"font-family: arial, helvetica, sans-serif;\">Junto a la docencia reglada, te daremos la oportunidad de lograr una formaci\u00f3n m\u00e1s completa, a trav\u00e9s de tu participaci\u00f3n en una serie de <strong>actividades complementarias <\/strong>que se realizan a lo largo del curso acad\u00e9mico. Desde viajes de estudios, a conferencias, seminarios, congresos, pr\u00e1cticas voluntarias de laboratorio o excavaciones arqueol\u00f3gicas.<\/span><\/p>\n<p style=\"text-align: center;\"><span style=\"font-size: 24px; font-family: arial, helvetica, sans-serif;\"><strong>Viaje de estudios a Santiago de Compostela, Ferrol y Lugo <\/strong><\/span><span style=\"font-size: 24px; font-family: arial, helvetica, sans-serif;\"><strong>(octubre de 2024)<\/strong><\/span><\/p>\n<p>&nbsp;<\/p>\n<p><img loading=\"lazy\" decoding=\"async\" class=\"aligncenter size-large wp-image-972\" src=\"https:\/\/grupos.unileon.es\/grado-historia\/files\/2025\/02\/Lugo-1024x768.jpg\" alt=\"\" width=\"640\" height=\"480\" srcset=\"https:\/\/grupos.unileon.es\/grado-historia\/files\/2025\/02\/Lugo-1024x768.jpg 1024w, https:\/\/grupos.unileon.es\/grado-historia\/files\/2025\/02\/Lugo-300x225.jpg 300w, https:\/\/grupos.unileon.es\/grado-historia\/files\/2025\/02\/Lugo-768x576.jpg 768w, https:\/\/grupos.unileon.es\/grado-historia\/files\/2025\/02\/Lugo-1536x1152.jpg 1536w, https:\/\/grupos.unileon.es\/grado-historia\/files\/2025\/02\/Lugo-2048x1536.jpg 2048w\" sizes=\"auto, (max-width: 640px) 100vw, 640px\" \/><\/p>\n<p><img loading=\"lazy\" decoding=\"async\" class=\"aligncenter  wp-image-970\" src=\"https:\/\/grupos.unileon.es\/grado-historia\/files\/2025\/02\/Santiago.jpg\" alt=\"\" width=\"716\" height=\"1074\" srcset=\"https:\/\/grupos.unileon.es\/grado-historia\/files\/2025\/02\/Santiago.jpg 1366w, https:\/\/grupos.unileon.es\/grado-historia\/files\/2025\/02\/Santiago-200x300.jpg 200w, https:\/\/grupos.unileon.es\/grado-historia\/files\/2025\/02\/Santiago-683x1024.jpg 683w, https:\/\/grupos.unileon.es\/grado-historia\/files\/2025\/02\/Santiago-768x1151.jpg 768w, https:\/\/grupos.unileon.es\/grado-historia\/files\/2025\/02\/Santiago-1025x1536.jpg 1025w\" sizes=\"auto, (max-width: 716px) 100vw, 716px\" \/><\/p>\n<p><img loading=\"lazy\" decoding=\"async\" class=\"aligncenter size-large wp-image-971\" src=\"https:\/\/grupos.unileon.es\/grado-historia\/files\/2025\/02\/Ferrol-1024x769.jpg\" alt=\"\" width=\"640\" height=\"481\" srcset=\"https:\/\/grupos.unileon.es\/grado-historia\/files\/2025\/02\/Ferrol-1024x769.jpg 1024w, https:\/\/grupos.unileon.es\/grado-historia\/files\/2025\/02\/Ferrol-300x225.jpg 300w, https:\/\/grupos.unileon.es\/grado-historia\/files\/2025\/02\/Ferrol-768x577.jpg 768w, https:\/\/grupos.unileon.es\/grado-historia\/files\/2025\/02\/Ferrol-1536x1153.jpg 1536w, https:\/\/grupos.unileon.es\/grado-historia\/files\/2025\/02\/Ferrol-2048x1538.jpg 2048w\" sizes=\"auto, (max-width: 640px) 100vw, 640px\" \/><\/p>\n<p style=\"text-align: center;\"><span style=\"font-size: 24px; font-family: arial, helvetica, sans-serif;\"><strong>Viaje de estudios a M\u00e9rida y B\u00e9jar <\/strong><\/span><\/p>\n<p style=\"text-align: center;\"><span style=\"font-size: 24px; font-family: arial, helvetica, sans-serif;\"><strong>(21, 22 y 23 de octubre de 2022)<\/strong><\/span><\/p>\n<p style=\"text-align: center;\"><span style=\"font-family: arial, helvetica, sans-serif;\">Durante tres d\u00edas, los estudiantes del Grado en Historia y del Doble Itinerario en Historia e Historia del Arte, visitaron los principales monumentos y yacimientos arqueol\u00f3gicos del conjunto monumental de M\u00e9rida, as\u00ed como el Museo Romano de dicha ciudad. Tambi\u00e9n tuvieron ocasi\u00f3n de conocer in situ el patrimonio hist\u00f3rico y arqueol\u00f3gico de B\u00e9jar, en la provincia de Salamanca.<\/span><\/p>\n<p><img loading=\"lazy\" decoding=\"async\" class=\"wp-image-902 aligncenter\" src=\"https:\/\/grupos.unileon.es\/grado-historia\/files\/2023\/02\/Merida-teatro-1.jpg\" alt=\"\" width=\"589\" height=\"383\" \/><\/p>\n<p>&nbsp;<\/p>\n<p><img loading=\"lazy\" decoding=\"async\" class=\"aligncenter  wp-image-895\" src=\"https:\/\/grupos.unileon.es\/grado-historia\/files\/2023\/02\/merida-domus.jpg\" alt=\"\" width=\"567\" height=\"425\" \/><\/p>\n<p>&nbsp;<\/p>\n<p><img loading=\"lazy\" decoding=\"async\" class=\"aligncenter  wp-image-896\" src=\"https:\/\/grupos.unileon.es\/grado-historia\/files\/2023\/02\/Merida-templo.jpg\" alt=\"\" width=\"582\" height=\"436\" \/><\/p>\n<p style=\"text-align: center;\"><span style=\"font-size: 24px; font-family: arial, helvetica, sans-serif;\"><strong>Excavaciones en el Castro de los Jud\u00edos <\/strong><\/span><\/p>\n<p style=\"text-align: center;\"><span style=\"font-size: 24px; font-family: arial, helvetica, sans-serif;\"><strong>(julio de 2022)<\/strong><\/span><\/p>\n<p style=\"text-align: center;\"><span style=\"font-family: arial, helvetica, sans-serif;\">A lo largo de los meses de julio, fruto del convenio entre la ULE y el Excmo. Ayuntamiento de Le\u00f3n, se desarrollaron en la juder\u00eda medieval de Puente Castro, excavaciones arqueol\u00f3gicas. En ellas los estudiantes del Grado y el Doble Itinerario, adem\u00e1s de formarse, pudieron realizar pr\u00e1cticas extracurriculares que completaban su formaci\u00f3n acad\u00e9mica.<\/span><\/p>\n<p><span style=\"font-family: arial, helvetica, sans-serif;\"><img loading=\"lazy\" decoding=\"async\" class=\"wp-image-794 aligncenter\" src=\"https:\/\/grupos.unileon.es\/grado-historia\/files\/2022\/06\/IMG_2006.jpg\" alt=\"\" width=\"620\" height=\"465\" \/><\/span><\/p>\n<p style=\"text-align: center;\"><span style=\"font-family: arial, helvetica, sans-serif;\"><img loading=\"lazy\" decoding=\"async\" class=\"wp-image-805 alignnone\" src=\"https:\/\/grupos.unileon.es\/grado-historia\/files\/2022\/06\/IMG_2065-1.jpg\" alt=\"\" width=\"620\" height=\"465\" \/><\/span><\/p>\n<p>&nbsp;<\/p>\n<p><span style=\"font-family: arial, helvetica, sans-serif;\"><\/span><\/p>\n<p style=\"text-align: center;\"><span style=\"font-size: 24px; font-family: arial, helvetica, sans-serif;\"><strong>Viaje de estudios a Portugal <\/strong><\/span><\/p>\n<p style=\"text-align: center;\"><span style=\"font-size: 24px; font-family: arial, helvetica, sans-serif;\"><strong>(22, 23 y 24 de octubre de 2021)<\/strong><\/span><\/p>\n<p style=\"text-align: center;\"><span style=\"font-family: arial, helvetica, sans-serif;\">Durante los d\u00edas se\u00f1alados, los estudiantes del Grado y del Doble Itinerario visitaron diferentes sitios arqueol\u00f3gicos, museos y monumentos del norte de Portugal: Citania de Briteiros y el Palacio de los Duques de Bragan\u00e7a en la ciudad de Guimaraes, el complejo\u00a0 arqueol\u00f3gico de San Martinho Dume, las termas del Alto da Cividade, el teatro romano, la domus de las Carvalheiras, San Frutuoso de Mont\u00e9lius y la catedral de la ciudad de Braga, as\u00ed como las fortificaciones de la Edad Moderna de Valen\u00e7a do Minho. Finalmente, el viaje concluy\u00f3 con la visita al monasterio de Celanova (Ourense).<\/span><\/p>\n<p><span style=\"font-family: arial, helvetica, sans-serif;\"><img loading=\"lazy\" decoding=\"async\" class=\"wp-image-824 aligncenter\" src=\"https:\/\/grupos.unileon.es\/grado-historia\/files\/2022\/06\/Braga.jpg\" alt=\"\" width=\"612\" height=\"459\" \/><\/span><\/p>\n<p>&nbsp;<\/p>\n<p><span style=\"font-family: arial, helvetica, sans-serif;\"><img loading=\"lazy\" decoding=\"async\" class=\"aligncenter wp-image-835\" src=\"https:\/\/grupos.unileon.es\/grado-historia\/files\/2022\/06\/Valenca.jpg\" alt=\"\" width=\"600\" height=\"450\" \/><\/span><\/p>\n<p style=\"text-align: center;\">\u00a0<\/p>\n<p class=\"has-huge-font-size\" style=\"text-align: center;\"><span style=\"font-size: 24px; font-family: arial, helvetica, sans-serif;\"><strong>Viaje de estudios a Segovia, \u00c1vila y El Escorial<\/strong><\/span><\/p>\n<p class=\"has-huge-font-size\" style=\"text-align: center;\"><span style=\"font-size: 24px; font-family: arial, helvetica, sans-serif;\"><strong> (18, 19 y 20 de octubre de 2019)<\/strong><\/span><\/p>\n<p><span style=\"font-family: arial, helvetica, sans-serif;\"><\/span><\/p>\n<p class=\"has-text-align-center\" style=\"text-align: center;\"><span style=\"font-family: arial, helvetica, sans-serif;\">Durante tres d\u00edas los estudiantes del Grado visitaron diferentes monumentos y lugares arqueol\u00f3gicos: el Real Sitio de La Granja de San Ildefonso, el acueducto y el alc\u00e1zar de Segovia, el monasterio de San Lorenzo de El Escorial, el castillo de Coca, el yacimiento romano de los Siete Ca\u00f1os, as\u00ed como los hornos bajomedievales, las tener\u00edas, las murallas y la catedral de \u00c1vila.<\/span><\/p>\n<p><span style=\"font-family: arial, helvetica, sans-serif;\"><\/p>\n<p><\/span><\/p>\n<div class=\"wp-block-group\"><div class=\"wp-block-group__inner-container\">\n<div class=\"wp-block-group__inner-container is-layout-flow wp-block-group-is-layout-flow\"><span style=\"font-family: arial, helvetica, sans-serif;\"><\/span><\/p>\n<div class=\"wp-block-group\"><div class=\"wp-block-group__inner-container\">\n<div class=\"wp-block-group__inner-container is-layout-flow wp-block-group-is-layout-flow\"><span style=\"font-family: arial, helvetica, sans-serif;\"><\/span><\/p>\n<pre class=\"wp-block-preformatted\"><span style=\"font-family: arial, helvetica, sans-serif;\"><img decoding=\"async\" class=\"wp-image-312 aligncenter\" style=\"width: 554px;\" src=\"https:\/\/grupos.unileon.es\/grado-historia\/files\/2019\/11\/Hornos.jpg\" alt=\"\" height=\"311\" \/><\/span><\/pre>\n<p><span style=\"font-family: arial, helvetica, sans-serif;\"><\/span><\/div>\n<\/div><\/div>\n<p><span style=\"font-family: arial, helvetica, sans-serif;\"><\/span><\/div>\n<\/div><\/div>\n<p><span style=\"font-family: arial, helvetica, sans-serif;\"><\/p>\n<p><\/span><\/p>\n<div class=\"wp-block-group\"><div class=\"wp-block-group__inner-container\">\n<div class=\"wp-block-group__inner-container is-layout-flow wp-block-group-is-layout-flow\"><span style=\"font-family: arial, helvetica, sans-serif;\"><\/span><\/p>\n<div class=\"wp-block-group\"><div class=\"wp-block-group__inner-container\">\n<div class=\"wp-block-group__inner-container is-layout-flow wp-block-group-is-layout-flow\"><span style=\"font-family: arial, helvetica, sans-serif;\"><\/span><\/p>\n<div class=\"wp-block-group\"><div class=\"wp-block-group__inner-container is-layout-flow wp-block-group-is-layout-flow\">\n<div class=\"wp-block-group__inner-container\">\u00a0<\/div>\n<\/div><\/div>\n<p><span style=\"font-family: arial, helvetica, sans-serif;\"><\/span><\/div>\n<\/div><\/div>\n<p><span style=\"font-family: arial, helvetica, sans-serif;\"><\/span><\/div>\n<\/div><\/div>\n<p><span style=\"font-family: arial, helvetica, sans-serif;\"><\/p>\n<p><\/span><\/p>\n<div class=\"wp-block-group\"><div class=\"wp-block-group__inner-container\">\n<div class=\"wp-block-group__inner-container is-layout-flow wp-block-group-is-layout-flow\"><span style=\"font-family: arial, helvetica, sans-serif;\"><\/span><\/p>\n<div class=\"wp-block-group\"><div class=\"wp-block-group__inner-container\">\n<div class=\"wp-block-group__inner-container is-layout-flow wp-block-group-is-layout-flow\"><span style=\"font-family: arial, helvetica, sans-serif;\"><\/span><\/p>\n<div class=\"wp-block-group\"><div class=\"wp-block-group__inner-container\">\n<div class=\"wp-block-group__inner-container is-layout-flow wp-block-group-is-layout-flow\"><span style=\"font-family: arial, helvetica, sans-serif;\"><\/span><\/p>\n<div class=\"wp-block-group\"><div class=\"wp-block-group__inner-container is-layout-flow wp-block-group-is-layout-flow\">\n<div class=\"wp-block-group__inner-container\">\u00a0<\/div>\n<\/div><\/div>\n<p><span style=\"font-family: arial, helvetica, sans-serif;\"><\/span><\/div>\n<\/div><\/div>\n<p><span style=\"font-family: arial, helvetica, sans-serif;\"><\/span><\/div>\n<\/div><\/div>\n<p><span style=\"font-family: arial, helvetica, sans-serif;\"><\/span><\/div>\n<\/div><\/div>\n<p><span style=\"font-family: arial, helvetica, sans-serif;\"><\/p>\n<p><\/span><\/p>\n<div class=\"wp-block-group\">\n<div class=\"wp-block-group__inner-container\">\n<div class=\"wp-block-group\">\n<div class=\"wp-block-group__inner-container\">\n<div class=\"wp-block-image\" style=\"text-align: left;\">\n<figure class=\"aligncenter\"><img loading=\"lazy\" decoding=\"async\" class=\"aligncenter  wp-image-36\" src=\"https:\/\/grupos.unileon.es\/grado-historia\/files\/2019\/11\/IMG-20191020-WA000225106.jpg\" alt=\"\" width=\"640\" height=\"480\" \/><\/figure>\n<\/div>\n<\/div>\n<\/div>\n<\/div>\n<\/div>\n<p><\/p>\n<p>&nbsp;<\/p>\n","protected":false},"excerpt":{"rendered":"<p>&nbsp; Junto a la docencia reglada, te daremos la oportunidad de lograr una formaci\u00f3n m\u00e1s completa, a trav\u00e9s de tu participaci\u00f3n en una serie de actividades complementarias que se realizan a lo largo del curso acad\u00e9mico. Desde viajes de estudios, a conferencias, seminarios, congresos, pr\u00e1cticas voluntarias de laboratorio o excavaciones arqueol\u00f3gicas. Viaje de estudios a [&hellip;]<\/p>\n","protected":false},"author":87,"featured_media":0,"parent":0,"menu_order":0,"comment_status":"closed","ping_status":"closed","template":"","meta":{"footnotes":""},"class_list":["post-20","page","type-page","status-publish","hentry"],"_links":{"self":[{"href":"https:\/\/grupos.unileon.es\/grado-historia\/wp-json\/wp\/v2\/pages\/20","targetHints":{"allow":["GET"]}}],"collection":[{"href":"https:\/\/grupos.unileon.es\/grado-historia\/wp-json\/wp\/v2\/pages"}],"about":[{"href":"https:\/\/grupos.unileon.es\/grado-historia\/wp-json\/wp\/v2\/types\/page"}],"author":[{"embeddable":true,"href":"https:\/\/grupos.unileon.es\/grado-historia\/wp-json\/wp\/v2\/users\/87"}],"replies":[{"embeddable":true,"href":"https:\/\/grupos.unileon.es\/grado-historia\/wp-json\/wp\/v2\/comments?post=20"}],"version-history":[{"count":134,"href":"https:\/\/grupos.unileon.es\/grado-historia\/wp-json\/wp\/v2\/pages\/20\/revisions"}],"predecessor-version":[{"id":975,"href":"https:\/\/grupos.unileon.es\/grado-historia\/wp-json\/wp\/v2\/pages\/20\/revisions\/975"}],"wp:attachment":[{"href":"https:\/\/grupos.unileon.es\/grado-historia\/wp-json\/wp\/v2\/media?parent=20"}],"curies":[{"name":"wp","href":"https:\/\/api.w.org\/{rel}","templated":true}]}}