{"id":257,"date":"2019-11-07T19:09:52","date_gmt":"2019-11-07T18:09:52","guid":{"rendered":"https:\/\/grupos.unileon.es\/grado-historia\/?page_id=257"},"modified":"2025-02-24T18:21:45","modified_gmt":"2025-02-24T17:21:45","slug":"movilidad","status":"publish","type":"page","link":"https:\/\/grupos.unileon.es\/grado-historia\/movilidad\/","title":{"rendered":"Movilidad"},"content":{"rendered":"<p><\/p>\n<figure class=\"wp-block-image\" style=\"padding-left: 40px;\"><img loading=\"lazy\" decoding=\"async\" width=\"586\" height=\"390\" class=\"wp-image-221\" src=\"https:\/\/grupos.unileon.es\/grado-historia\/files\/2019\/10\/programa_amicus2019.jpg\" alt=\"\" \/><\/figure>\n<p><\/p>\n<p><\/p>\n<p style=\"text-align: center;\"><span style=\"font-family: arial, helvetica, sans-serif; font-size: 16px;\">Como estudiante del Grado en Historia, podr\u00e1s participar en los diferentes programas de movilidad e intercambio con los que cuenta la ULE a trav\u00e9s del Vicerrectorado de Relaciones Internacionales.<\/span><\/p>\n<p style=\"text-align: center;\"><span style=\"font-family: arial, helvetica, sans-serif; font-size: 16px;\">Puedes realizar estancias en diferentes universidades\u00a0 espa\u00f1olas y extranjeras, estando previsto un procedimiento de reconocimiento acad\u00e9mico con el fin de que los participantes obteng\u00e1is acreditaci\u00f3n de los estudios realizados.<\/span><\/p>\n<p style=\"text-align: center;\"><span style=\"font-family: arial, helvetica, sans-serif; font-size: 16px;\">Posiblemente el programa m\u00e1s conocido es el <strong>ERASMUS<\/strong> que regula los intercambios con la Uni\u00f3n Europea y los pa\u00edses asociados, pero tambi\u00e9n se convocan anualmente plazas en universidades de Espa\u00f1a y del resto del mundo con las que la ULE mantiene convenios bilaterales de movilidad.<\/span><\/p>\n<p style=\"text-align: center;\"><span style=\"font-family: arial, helvetica, sans-serif; font-size: 16px;\">Te damos pues la oportunidad de poder disfrutar de una gran experiencia tanto en lo acad\u00e9mico como en lo profesional y personal, teniendo en cuenta, adem\u00e1s, que el n\u00famero de destinos suele ser superior a la demanda de los mismos.<\/span><\/p>\n<p style=\"text-align: center;\"><span style=\"font-family: arial, helvetica, sans-serif; font-size: 16px;\">Toda la informaci\u00f3n que necesitas consultar est\u00e1 en el siguiente enlace:<\/span><\/p>\n<p><span style=\"font-family: arial, helvetica, sans-serif; font-size: 16px;\"><\/p>\n<p><\/span><\/p>\n<p style=\"text-align: center;\"><span style=\"font-family: arial, helvetica, sans-serif; font-size: 16px;\"><a href=\"http:\/\/ulefmie.unileon.es\/\">http:\/\/ulefmie.unileon.es\/<\/a><\/span><\/p>\n<p><span style=\"font-family: arial, helvetica, sans-serif; font-size: 16px;\"><\/p>\n<p><\/span><\/p>\n<p style=\"text-align: center;\"><span style=\"font-family: arial, helvetica, sans-serif; font-size: 16px;\">Tambi\u00e9n te puedes poner en contacto con la responsable de movilidad del Grado:<\/span><\/p>\n<p style=\"text-align: center;\"><span style=\"font-family: arial, helvetica, sans-serif; font-size: 16px;\"> <strong>Ana M. Sixto Barcia<\/strong><\/span><\/p>\n<p><span style=\"font-family: arial, helvetica, sans-serif; font-size: 16px;\"><\/p>\n<p><\/span><\/p>\n<p style=\"text-align: center;\"><span style=\"font-family: arial, helvetica, sans-serif; font-size: 16px;\">Tel\u00e9fono: 987293753<\/span><\/p>\n<p><span style=\"font-family: arial, helvetica, sans-serif; font-size: 16px;\"><\/p>\n<p><\/span><\/p>\n<p style=\"text-align: center;\"><span style=\"font-family: arial, helvetica, sans-serif; font-size: 16px;\">Correo electr\u00f3nico: asixb@unileon.es<\/span><\/p>\n<p><\/p>\n","protected":false},"excerpt":{"rendered":"<p>Como estudiante del Grado en Historia, podr\u00e1s participar en los diferentes programas de movilidad e intercambio con los que cuenta la ULE a trav\u00e9s del Vicerrectorado de Relaciones Internacionales. Puedes realizar estancias en diferentes universidades\u00a0 espa\u00f1olas y extranjeras, estando previsto un procedimiento de reconocimiento acad\u00e9mico con el fin de que los participantes obteng\u00e1is acreditaci\u00f3n de [&hellip;]<\/p>\n","protected":false},"author":87,"featured_media":0,"parent":0,"menu_order":0,"comment_status":"closed","ping_status":"closed","template":"","meta":{"footnotes":""},"class_list":["post-257","page","type-page","status-publish","hentry"],"_links":{"self":[{"href":"https:\/\/grupos.unileon.es\/grado-historia\/wp-json\/wp\/v2\/pages\/257","targetHints":{"allow":["GET"]}}],"collection":[{"href":"https:\/\/grupos.unileon.es\/grado-historia\/wp-json\/wp\/v2\/pages"}],"about":[{"href":"https:\/\/grupos.unileon.es\/grado-historia\/wp-json\/wp\/v2\/types\/page"}],"author":[{"embeddable":true,"href":"https:\/\/grupos.unileon.es\/grado-historia\/wp-json\/wp\/v2\/users\/87"}],"replies":[{"embeddable":true,"href":"https:\/\/grupos.unileon.es\/grado-historia\/wp-json\/wp\/v2\/comments?post=257"}],"version-history":[{"count":18,"href":"https:\/\/grupos.unileon.es\/grado-historia\/wp-json\/wp\/v2\/pages\/257\/revisions"}],"predecessor-version":[{"id":969,"href":"https:\/\/grupos.unileon.es\/grado-historia\/wp-json\/wp\/v2\/pages\/257\/revisions\/969"}],"wp:attachment":[{"href":"https:\/\/grupos.unileon.es\/grado-historia\/wp-json\/wp\/v2\/media?parent=257"}],"curies":[{"name":"wp","href":"https:\/\/api.w.org\/{rel}","templated":true}]}}