{"id":339,"date":"2019-11-09T23:22:00","date_gmt":"2019-11-09T22:22:00","guid":{"rendered":"https:\/\/grupos.unileon.es\/grado-historia\/?page_id=339"},"modified":"2025-02-24T18:18:37","modified_gmt":"2025-02-24T17:18:37","slug":"estudiantes-2","status":"publish","type":"page","link":"https:\/\/grupos.unileon.es\/grado-historia\/estudiantes-2\/","title":{"rendered":"Estudiantes"},"content":{"rendered":"<p><\/p>\n<div class=\"wp-block-group\"><div class=\"wp-block-group__inner-container\">\n<div class=\"wp-block-group__inner-container is-layout-flow wp-block-group-is-layout-flow\"><\/p>\n<figure class=\"wp-block-gallery aligncenter columns-1 is-cropped wp-block-gallery-1 is-layout-flex wp-block-gallery-is-layout-flex\">\n<figure style=\"padding-left: 40px;\"><img loading=\"lazy\" decoding=\"async\" class=\"wp-image-216 aligncenter\" src=\"https:\/\/grupos.unileon.es\/grado-historia\/files\/2019\/10\/alumnos-n-Momoli-1.jpg\" alt=\"\" width=\"507\" height=\"380\" data-id=\"216\" \/><\/figure>\n<\/figure>\n<p><\/p>\n<p><\/p>\n<div class=\"wp-block-image\" style=\"text-align: center;\"><span style=\"font-size: 16px; font-family: arial, helvetica, sans-serif;\">En el Grado de Historia creemos que tu participaci\u00f3n como estudiante es importante, tanto en el aula como en las actividades complementarias de formaci\u00f3n o en los \u00f3rganos de representaci\u00f3n.<\/span><\/div>\n<\/div>\n<\/div>\n<p><span style=\"font-family: arial, helvetica, sans-serif; font-size: 16px;\"><\/p>\n<p><\/span><\/p>\n<p class=\"has-text-align-center\" style=\"text-align: center;\"><span style=\"font-family: arial, helvetica, sans-serif; font-size: 16px;\">Si crees que puedes aportar algo para la mejora de la calidad de la docencia, <strong>puedes enviar tus sugerencias<\/strong> al siguiente correo electr\u00f3nico:<\/span><\/p>\n<p><span style=\"font-family: arial, helvetica, sans-serif; font-size: 14px;\"><\/p>\n<p><\/span><\/p>\n<div class=\"wp-block-image\" style=\"text-align: center;\">\n<figure class=\"aligncenter is-resized\"><span style=\"font-family: arial, helvetica, sans-serif;\"><img loading=\"lazy\" decoding=\"async\" class=\"wp-image-357\" src=\"https:\/\/grupos.unileon.es\/grado-historia\/files\/2019\/11\/mailbox-25080_1280.png\" alt=\"\" width=\"99\" height=\"74\" \/><\/span><figcaption><span style=\"font-family: arial, helvetica, sans-serif; font-size: 16px;\">aamarg@unileon.es<\/span><\/figcaption><\/figure>\n<\/div><\/div>\n<p><span style=\"font-family: arial, helvetica, sans-serif; font-size: 16px;\"><\/p>\n<p><\/span><\/p>\n<p class=\"has-text-align-center\" style=\"text-align: center;\"><span style=\"font-family: arial, helvetica, sans-serif; font-size: 14px;\"><span style=\"font-size: 16px;\">A continuaci\u00f3n te ofrecemos los contactos de los miembros de la <strong>Comisi\u00f3n del Grado en Historia.<\/strong> Todos ellos est\u00e1n a tu disposici\u00f3n para resolver cualquier duda que tengas sobre el funcionamiento del mismo o para aclararte cuestiones de tipo acad\u00e9mico<\/span>:<\/span><\/p>\n<p><span style=\"font-family: arial, helvetica, sans-serif;\"><\/p>\n<p><\/span><\/p>\n<figure class=\"wp-block-table is-style-regular\">\n<table class=\"has-subtle-light-gray-background-color has-fixed-layout has-background aligncenter\" style=\"width: 131.472%; height: 242px;\">\n<tbody>\n<tr style=\"height: 24px;\">\n<td style=\"width: 36.4374%; height: 10px;\">\n<p><span style=\"font-family: arial, helvetica, sans-serif; font-size: 14px;\"><strong>Coordinadora de Grado<\/strong><\/span><\/p>\n<\/td>\n<td style=\"width: 35.5648%; height: 10px;\"><span style=\"font-family: arial, helvetica, sans-serif; font-size: 14px;\">Raquel Mart\u00ednez Pe\u00f1\u00edn<\/span><\/td>\n<td style=\"width: 57.6336%; height: 10px;\"><span style=\"font-family: arial, helvetica, sans-serif; font-size: 14px;\">rmarp@unileon.es<\/span><\/td>\n<\/tr>\n<tr style=\"height: 48px;\">\n<td style=\"width: 36.4374%; height: 10px;\"><span style=\"font-family: arial, helvetica, sans-serif; font-size: 14px;\"><strong>Coordinador de 1\u00ba<\/strong><\/span><\/td>\n<td style=\"width: 35.5648%; height: 10px;\"><span style=\"font-family: arial, helvetica, sans-serif; font-size: 14px;\">Miguel Gonz\u00e1lez Gonz\u00e1lez<\/span><\/td>\n<td style=\"width: 57.6336%; height: 10px;\"><span style=\"font-family: arial, helvetica, sans-serif; font-size: 14px;\">migog@unileon.es<\/span><\/td>\n<\/tr>\n<tr style=\"height: 24px;\">\n<td style=\"width: 36.4374%; height: 24px;\"><span style=\"font-family: arial, helvetica, sans-serif; font-size: 14px;\"><strong>Coordinador de 2\u00ba<\/strong><\/span><\/td>\n<td style=\"width: 35.5648%; height: 24px;\"><span style=\"font-family: arial, helvetica, sans-serif; font-size: 14px;\">Javier Revilla Casado<\/span><\/td>\n<td style=\"width: 57.6336%; height: 24px;\"><span style=\"font-family: arial, helvetica, sans-serif; font-size: 14px;\">jrevc@unileon.es<\/span><\/td>\n<\/tr>\n<tr style=\"height: 48px;\">\n<td style=\"width: 36.4374%; height: 10px;\"><span style=\"font-family: arial, helvetica, sans-serif; font-size: 14px;\"><strong>Coordinador de 3\u00ba<\/strong><\/span><\/td>\n<td style=\"width: 35.5648%; height: 10px;\"><span style=\"font-family: arial, helvetica, sans-serif; font-size: 14px;\">Carlos Fern\u00e1ndez Rodr\u00edguez<\/span><\/td>\n<td style=\"width: 57.6336%; height: 10px;\">\n<p><span style=\"font-family: arial, helvetica, sans-serif; font-size: 14px;\">c.fernandez@unileon.es<\/span><\/p>\n<\/td>\n<\/tr>\n<tr style=\"height: 24px;\">\n<td style=\"width: 36.4374%; height: 24px;\"><span style=\"font-family: arial, helvetica, sans-serif; font-size: 14px;\"><strong>Coordinador de 4\u00ba<\/strong><\/span><\/td>\n<td style=\"width: 35.5648%; height: 24px;\"><span style=\"font-family: arial, helvetica, sans-serif; font-size: 14px;\">Alfredo Mart\u00edn Garc\u00eda<\/span><\/td>\n<td style=\"width: 57.6336%; height: 24px;\"><span style=\"font-family: arial, helvetica, sans-serif; font-size: 14px;\">aamarg@unileon.es<\/span><\/td>\n<\/tr>\n<tr style=\"height: 48px;\">\n<td style=\"width: 36.4374%; height: 48px;\"><span style=\"font-family: arial, helvetica, sans-serif; font-size: 14px;\"><strong>Representante de alumnos<\/strong><\/span><\/td>\n<td style=\"width: 35.5648%; height: 48px;\"><span style=\"font-size: 14px;\">Diego Arturo Fern\u00e1ndez Paredes<\/span><\/td>\n<td style=\"width: 57.6336%; height: 48px;\">\u00a0<\/td>\n<\/tr>\n<\/tbody>\n<\/table>\n<\/figure>\n<p><span style=\"font-family: arial, helvetica, sans-serif;\"><\/p>\n<p><\/p>\n<p><\/span><\/p>\n<p>&nbsp;<\/p>\n<p class=\"has-text-align-center\" style=\"text-align: center;\"><span style=\"font-family: arial, helvetica, sans-serif; font-size: 16px;\">Si eres estudiante de <strong>primer o segundo curso<\/strong> cuentas con la ayuda espec\u00edfica de los <strong>tutores del PAT<\/strong> (Plan de Acci\u00f3n Tutorial) que facilitar\u00e1n tu integraci\u00f3n en los estudios universitarios. Con ellos realizar\u00e1s a lo largo del curso acad\u00e9mico una serie de sesiones en las que podr\u00e1s resolver dudas o plantear quejas sobre el funcionamiento del Grado. Asimismo, est\u00e1n a tu disposici\u00f3n en sus despacho para cualquier cuesti\u00f3n que quieras resolver. Los tutores de primero y segundo son los siguientes:<\/span><\/p>\n<p><span style=\"font-family: arial, helvetica, sans-serif;\"><\/span><\/p>\n<p><span style=\"font-family: arial, helvetica, sans-serif;\"><!--StartFragment--><\/span><\/p>\n<p><span style=\"font-family: arial, helvetica, sans-serif;\"><\/span><\/p>\n<figure class=\"wp-block-table aligncenter is-style-stripes\">\n<table class=\"has-subtle-light-gray-background-color has-fixed-layout has-background\" style=\"width: 100.469%;\">\n<tbody>\n<tr>\n<td style=\"text-align: center; width: 197.557px;\"><span style=\"font-family: arial, helvetica, sans-serif; font-size: 14px;\"><strong>Tutor de primero (Historia)<\/strong><\/span><\/td>\n<td style=\"text-align: center; width: 153.648px;\"><span style=\"font-family: arial, helvetica, sans-serif; font-size: 14px;\">Miguel Gonz\u00e1lez Gonz\u00e1lez<\/span><\/td>\n<td style=\"width: 130.341px; padding-left: 40px;\"><span style=\"font-family: arial, helvetica, sans-serif; font-size: 14px;\">\u00a0 \u00a0 \u00a0 \u00a0 \u00a0 \u00a0 \u00a0 \u00a0 \u00a0 \u00a0 migog@unileon.es<\/span><\/td>\n<\/tr>\n<tr>\n<td style=\"text-align: center; width: 197.557px;\"><span style=\"font-family: arial, helvetica, sans-serif; font-size: 14px;\"><strong>Tutor de primero (Doble Itinerario)<\/strong><\/span><\/td>\n<td style=\"text-align: center; width: 153.648px;\"><span style=\"font-family: arial, helvetica, sans-serif; font-size: 14px;\">Alfredo Mart\u00edn Garc\u00eda<\/span><\/td>\n<td style=\"text-align: center; width: 146.341px;\"><span style=\"font-family: arial, helvetica, sans-serif; font-size: 14px;\">aamarg@unileon.es<\/span><\/td>\n<\/tr>\n<tr>\n<td style=\"text-align: center; width: 197.557px;\"><span style=\"font-family: arial, helvetica, sans-serif; font-size: 14px;\"><strong>Tutor de segundo (Historia)<\/strong><\/span><\/td>\n<td style=\"text-align: center; width: 153.648px;\"><span style=\"font-family: arial, helvetica, sans-serif; font-size: 14px;\">Ra\u00fal Gonz\u00e1lez Gonz\u00e1lez<\/span><\/td>\n<td style=\"text-align: center; width: 146.341px;\"><span style=\"font-family: arial, helvetica, sans-serif; font-size: 14px;\">\u00a0rgonzg@unileon.es<\/span><\/td>\n<\/tr>\n<tr>\n<td style=\"text-align: center; width: 197.557px;\"><span style=\"font-family: arial, helvetica, sans-serif; font-size: 14px;\"><strong>Tutora de segundo (Doble Itinerario)<\/strong><\/span><\/td>\n<td style=\"text-align: center; width: 153.648px;\"><span style=\"font-family: arial, helvetica, sans-serif; font-size: 14px;\">\u00a0Mar\u00eda del Mar Fl\u00f3rez Crespo<\/span><\/td>\n<td style=\"text-align: center; width: 146.341px;\"><span style=\"font-family: arial, helvetica, sans-serif; font-size: 14px;\">\u00a0mmfloc@unileon.es<\/span><\/td>\n<\/tr>\n<\/tbody>\n<\/table>\n<\/figure>\n<p><\/p>\n<p><!--EndFragment--><\/p>\n<p><\/p>\n<p>&nbsp;<\/p>\n<p><\/p>\n","protected":false},"excerpt":{"rendered":"<p>En el Grado de Historia creemos que tu participaci\u00f3n como estudiante es importante, tanto en el aula como en las actividades complementarias de formaci\u00f3n o en los \u00f3rganos de representaci\u00f3n. Si crees que puedes aportar algo para la mejora de la calidad de la docencia, puedes enviar tus sugerencias al siguiente correo electr\u00f3nico: A continuaci\u00f3n [&hellip;]<\/p>\n","protected":false},"author":87,"featured_media":0,"parent":0,"menu_order":0,"comment_status":"closed","ping_status":"closed","template":"","meta":{"footnotes":""},"class_list":["post-339","page","type-page","status-publish","hentry"],"_links":{"self":[{"href":"https:\/\/grupos.unileon.es\/grado-historia\/wp-json\/wp\/v2\/pages\/339","targetHints":{"allow":["GET"]}}],"collection":[{"href":"https:\/\/grupos.unileon.es\/grado-historia\/wp-json\/wp\/v2\/pages"}],"about":[{"href":"https:\/\/grupos.unileon.es\/grado-historia\/wp-json\/wp\/v2\/types\/page"}],"author":[{"embeddable":true,"href":"https:\/\/grupos.unileon.es\/grado-historia\/wp-json\/wp\/v2\/users\/87"}],"replies":[{"embeddable":true,"href":"https:\/\/grupos.unileon.es\/grado-historia\/wp-json\/wp\/v2\/comments?post=339"}],"version-history":[{"count":67,"href":"https:\/\/grupos.unileon.es\/grado-historia\/wp-json\/wp\/v2\/pages\/339\/revisions"}],"predecessor-version":[{"id":967,"href":"https:\/\/grupos.unileon.es\/grado-historia\/wp-json\/wp\/v2\/pages\/339\/revisions\/967"}],"wp:attachment":[{"href":"https:\/\/grupos.unileon.es\/grado-historia\/wp-json\/wp\/v2\/media?parent=339"}],"curies":[{"name":"wp","href":"https:\/\/api.w.org\/{rel}","templated":true}]}}