{"id":373,"date":"2019-11-11T11:46:40","date_gmt":"2019-11-11T10:46:40","guid":{"rendered":"https:\/\/grupos.unileon.es\/grado-historia\/?page_id=373"},"modified":"2021-02-12T12:33:48","modified_gmt":"2021-02-12T11:33:48","slug":"media","status":"publish","type":"page","link":"https:\/\/grupos.unileon.es\/grado-historia\/media\/","title":{"rendered":"Videos"},"content":{"rendered":"<p><\/p>\n<p class=\"has-text-align-center\">Os proporcionamos en este apartado una serie de intervenciones de profesores del Grado en Historia en diferentes foros acad\u00e9micos. Con ello tratamos de mostrar la labor investigadora de nuestro cuadro docente.<\/p>\n<p><\/p>\n<p><\/p>\n<p><\/p>\n<p><\/p>\n<p class=\"has-text-align-center\">El profesor <strong>Federico Bernaldo de Quir\u00f3s<\/strong>, catedr\u00e1tico de Prehistoria de la ULE, nos habla en esta entrevista de su perspectiva sobre el cambio de la forma Neanderthal a la preponderancia de la forma humana moderna.<\/p>\n<p><\/p>\n<p><\/p>\n<figure class=\"wp-block-embed aligncenter is-type-video is-provider-youtube wp-block-embed-youtube wp-embed-aspect-16-9 wp-has-aspect-ratio\">\n<div class=\"wp-block-embed__wrapper\">\n<iframe loading=\"lazy\" title=\"Entrevista al professor Federico Bernaldo de Quir\u00f3s de la Univ. de Le\u00f3n\" width=\"640\" height=\"360\" src=\"https:\/\/www.youtube.com\/embed\/VRU2lB86AdM?start=898&feature=oembed\" frameborder=\"0\" allow=\"accelerometer; autoplay; clipboard-write; encrypted-media; gyroscope; picture-in-picture; web-share\" referrerpolicy=\"strict-origin-when-cross-origin\" allowfullscreen><\/iframe>\n<\/div>\n<\/figure>\n<p><\/p>\n<p><\/p>\n<p class=\"has-text-align-center\">El profesor <strong>Santiago Castellanos<\/strong>, del \u00c1rea de Historia Antigua de la ULE, defiende en este video su ponencia \u00abLa irradiaci\u00f3n del poder desde Toledo, capital del reino Visigodo\u00bb, presentada en el V Seminario de Arqueolog\u00eda, Arte e Historia Medievales celebrado en el Museo Arqueol\u00f3gico Nacional de Madrid (noviembre, 2018):<\/p>\n<p><\/p>\n<p><\/p>\n<figure class=\"wp-block-embed is-type-video is-provider-youtube wp-block-embed-youtube wp-embed-aspect-16-9 wp-has-aspect-ratio\">\n<div class=\"wp-block-embed__wrapper\">\n<iframe loading=\"lazy\" title=\"El reino visigodo de Toledo\" width=\"640\" height=\"360\" src=\"https:\/\/www.youtube.com\/embed\/wfhLhLmLDUs?start=1513&feature=oembed\" frameborder=\"0\" allow=\"accelerometer; autoplay; clipboard-write; encrypted-media; gyroscope; picture-in-picture; web-share\" referrerpolicy=\"strict-origin-when-cross-origin\" allowfullscreen><\/iframe>\n<\/div>\n<\/figure>\n<p><\/p>\n<p><\/p>\n<p class=\"has-text-align-center\">La profesora<strong> Gregoria Cavero,<\/strong> catedr\u00e1tica de Historia Medieval de la ULE, presenta la ponencia \u00abPer dies singles, singles vini potionibus sustentetur: el monje y el vino en el monacato tardoantiguo\u00bb, en el Congreso Internacional \u00abDe las cepas a las copas: La cultura del vino en su dimensi\u00f3n atl\u00e1ntica\u00bb (Jerez de la Frontera, octubre de 2019):<\/p>\n<p><\/p>\n<p><\/p>\n<figure class=\"wp-block-embed is-type-video is-provider-youtube wp-block-embed-youtube wp-embed-aspect-16-9 wp-has-aspect-ratio\">\n<div class=\"wp-block-embed__wrapper\">\n<iframe loading=\"lazy\" title=\"CONGRESO INTERNACIONAL De las cepas a las copas - Gregoria Cavero Dom\u00ednguez\" width=\"640\" height=\"360\" src=\"https:\/\/www.youtube.com\/embed\/ZxPpiNuIQN8?start=586&feature=oembed\" frameborder=\"0\" allow=\"accelerometer; autoplay; clipboard-write; encrypted-media; gyroscope; picture-in-picture; web-share\" referrerpolicy=\"strict-origin-when-cross-origin\" allowfullscreen><\/iframe>\n<\/div>\n<\/figure>\n<p><\/p>\n<p><\/p>\n<p style=\"text-align: center;\">El profesor <strong>Laureano Rubio P\u00e9rez<\/strong>, Catedr\u00e1tico de Historia Moderna de la ULE, presenta la ponencia \u00abLos bienes concejiles de aprovechamiento comunal en la provincia de Le\u00f3n\u00bb en el seminario \u00abTraxectoria dos montes comunais galegos\u00bb en el Consello da Cultura Galega (Santiago, septiembre de 2017):<\/p>\n<p><\/p>\n<p><\/p>\n<figure class=\"wp-block-embed is-type-video is-provider-youtube wp-block-embed-youtube wp-embed-aspect-16-9 wp-has-aspect-ratio\">\n<div class=\"wp-block-embed__wrapper\">\n<iframe loading=\"lazy\" title=\"Los bienes concejiles de aprovechamiento comunal en la provincia de Le\u00f3n. TDMCG 10\" width=\"640\" height=\"360\" src=\"https:\/\/www.youtube.com\/embed\/gX8bwH4n8Ss?feature=oembed\" frameborder=\"0\" allow=\"accelerometer; autoplay; clipboard-write; encrypted-media; gyroscope; picture-in-picture; web-share\" referrerpolicy=\"strict-origin-when-cross-origin\" allowfullscreen><\/iframe>\n<\/div>\n<\/figure>\n<p><\/p>\n<p><\/p>\n<p>El profesor <strong>Francisco Caranto\u00f1a<\/strong>, Catedr\u00e1tico del \u00c1rea de Historia Contempor\u00e1nea de la ULE, nos introduce en esta interesante conferencia impartida en la sede de la UNED de Ponferrada en el conocimiento de la figura del ilustrado Gaspar Melchor de Jovellanos:<\/p>\n<p><\/p>\n<p><\/p>\n<figure class=\"wp-block-embed is-type-video is-provider-youtube wp-block-embed-youtube wp-embed-aspect-16-9 wp-has-aspect-ratio\">\n<div class=\"wp-block-embed__wrapper\">\n<iframe loading=\"lazy\" title=\"Jovellanos por Francisco Caranto\u00f1a\" width=\"640\" height=\"360\" src=\"https:\/\/www.youtube.com\/embed\/0_JBg2WnWeA?feature=oembed\" frameborder=\"0\" allow=\"accelerometer; autoplay; clipboard-write; encrypted-media; gyroscope; picture-in-picture; web-share\" referrerpolicy=\"strict-origin-when-cross-origin\" allowfullscreen><\/iframe>\n<\/div>\n<\/figure>\n<p><\/p>\n<p><\/p>\n<p><\/p>\n","protected":false},"excerpt":{"rendered":"<p>Os proporcionamos en este apartado una serie de intervenciones de profesores del Grado en Historia en diferentes foros acad\u00e9micos. Con ello tratamos de mostrar la labor investigadora de nuestro cuadro docente. El profesor Federico Bernaldo de Quir\u00f3s, catedr\u00e1tico de Prehistoria de la ULE, nos habla en esta entrevista de su perspectiva sobre el cambio de [&hellip;]<\/p>\n","protected":false},"author":87,"featured_media":0,"parent":0,"menu_order":0,"comment_status":"closed","ping_status":"closed","template":"","meta":{"footnotes":""},"class_list":["post-373","page","type-page","status-publish","hentry"],"_links":{"self":[{"href":"https:\/\/grupos.unileon.es\/grado-historia\/wp-json\/wp\/v2\/pages\/373","targetHints":{"allow":["GET"]}}],"collection":[{"href":"https:\/\/grupos.unileon.es\/grado-historia\/wp-json\/wp\/v2\/pages"}],"about":[{"href":"https:\/\/grupos.unileon.es\/grado-historia\/wp-json\/wp\/v2\/types\/page"}],"author":[{"embeddable":true,"href":"https:\/\/grupos.unileon.es\/grado-historia\/wp-json\/wp\/v2\/users\/87"}],"replies":[{"embeddable":true,"href":"https:\/\/grupos.unileon.es\/grado-historia\/wp-json\/wp\/v2\/comments?post=373"}],"version-history":[{"count":14,"href":"https:\/\/grupos.unileon.es\/grado-historia\/wp-json\/wp\/v2\/pages\/373\/revisions"}],"predecessor-version":[{"id":766,"href":"https:\/\/grupos.unileon.es\/grado-historia\/wp-json\/wp\/v2\/pages\/373\/revisions\/766"}],"wp:attachment":[{"href":"https:\/\/grupos.unileon.es\/grado-historia\/wp-json\/wp\/v2\/media?parent=373"}],"curies":[{"name":"wp","href":"https:\/\/api.w.org\/{rel}","templated":true}]}}