{"id":46,"date":"2019-11-01T20:39:25","date_gmt":"2019-11-01T19:39:25","guid":{"rendered":"https:\/\/grupos.unileon.es\/grado-historia\/?page_id=46"},"modified":"2023-02-11T17:20:10","modified_gmt":"2023-02-11T16:20:10","slug":"trabajo-fin-de-grado","status":"publish","type":"page","link":"https:\/\/grupos.unileon.es\/grado-historia\/trabajo-fin-de-grado\/","title":{"rendered":"TFG"},"content":{"rendered":"<p><\/p>\n<figure class=\"wp-block-image\"><img loading=\"lazy\" decoding=\"async\" width=\"830\" height=\"422\" class=\"wp-image-180\" src=\"https:\/\/grupos.unileon.es\/grado-historia\/files\/2019\/11\/monje-copista-1.jpg\" alt=\"\" \/><\/figure>\n<p><\/p>\n<p><\/p>\n<p style=\"text-align: center;\"><span style=\"font-family: arial, helvetica, sans-serif;\">El Trabajo Fin de Grado supone la culminaci\u00f3n de tu proceso de formaci\u00f3n en el Grado. Tendr\u00e1s que demostrar ante un tribunal que cuentas con las destrezas y habilidades que has adquirido a lo largo de los diferentes cursos.<\/span><\/p>\n<p style=\"text-align: center;\"><span style=\"font-family: arial, helvetica, sans-serif;\"><\/p>\n<p><\/span><\/p>\n<p style=\"text-align: center;\"><span style=\"font-family: arial, helvetica, sans-serif;\">Toda la informaci\u00f3n sobre los Trabajos Fin de Grado (normativa, plazos, comisiones evaluadoras, oferta de temas y tutores, etc.) la puedes consultar a trav\u00e9s del siguiente enlace:<\/span><\/p>\n<p style=\"text-align: center;\"><span style=\"font-family: arial, helvetica, sans-serif;\"><\/p>\n<p><\/span><\/p>\n<p style=\"text-align: center;\"><span style=\"font-family: arial, helvetica, sans-serif;\"><a href=\"https:\/\/www.filosofiayletras.unileon.es\/trabajos-fin-de-grado\/\">https:\/\/www.filosofiayletras.unileon.es\/trabajos-fin-de-grado\/<\/a><\/span><\/p>\n<p style=\"text-align: center;\"><span style=\"font-family: arial, helvetica, sans-serif;\"><\/p>\n<p><\/span><\/p>\n<p style=\"text-align: center;\"><span style=\"font-family: arial, helvetica, sans-serif;\">\u00bf<strong>Cu\u00e1ndo puedo defender mi TFG? <\/strong><\/span><\/p>\n<p style=\"text-align: center;\"><span style=\"font-family: arial, helvetica, sans-serif;\"><\/p>\n<p><\/span><\/p>\n<p style=\"text-align: center;\"><span style=\"font-family: arial, helvetica, sans-serif;\">Para poder defenderlo es requisito imprescindible haber superado todas las asignaturas del Grado.<\/span><\/p>\n<p style=\"text-align: center;\"><span style=\"font-family: arial, helvetica, sans-serif;\"><\/p>\n<p><\/span><\/p>\n<p style=\"text-align: center;\"><span style=\"font-family: arial, helvetica, sans-serif;\"><strong>\u00bfCu\u00e1ndo debo solicitar tutor y tema?<\/strong><\/span><\/p>\n<p style=\"text-align: center;\"><span style=\"font-family: arial, helvetica, sans-serif;\"><\/p>\n<p><\/span><\/p>\n<p style=\"text-align: center;\"><span style=\"font-family: arial, helvetica, sans-serif;\">Puedes consultar los plazos en el enlace anterior. No obstante, a modo de recomendaci\u00f3n, te dir\u00edamos que no debes solicitarlos si consideras que no vas a ser capaz ese curso de aprobar todas las asignaturas.<\/span><\/p>\n<p style=\"text-align: center;\"><span style=\"font-family: arial, helvetica, sans-serif;\"><\/p>\n<p><\/span><\/p>\n<p style=\"text-align: center;\"><span style=\"font-family: arial, helvetica, sans-serif;\"><strong>\u00bfC\u00f3mo se me asigna el tutor?<\/strong><\/span><\/p>\n<p style=\"text-align: center;\"><span style=\"font-family: arial, helvetica, sans-serif;\"><\/p>\n<p><\/span><\/p>\n<p style=\"text-align: center;\"><span style=\"font-family: arial, helvetica, sans-serif;\">Hay dos maneras:<\/span><\/p>\n<p style=\"text-align: center;\"><span style=\"font-family: arial, helvetica, sans-serif;\"><\/p>\n<p><\/span><\/p>\n<ol class=\"wp-block-list\" style=\"text-align: center;\">\n<li><span style=\"font-family: arial, helvetica, sans-serif;\">Que un profesor se comprometa a dirigirme. En ese caso es necesario que estampe su firma en el impreso correspondiente, teniendo en cuenta que <strong>solamente puede firmar a dos estudiantes y a un tercero si se presentara a la convocatoria extraordinaria de diciembre<\/strong>.<\/span><\/li>\n<li><span style=\"font-family: arial, helvetica, sans-serif;\">Que la comisi\u00f3n me asigne un tutor en funci\u00f3n del orden de preferencia que he se\u00f1alado en dicho impreso. En ese caso no es necesaria la firma de un profesor. Si existe coincidencia en la preferencia de dos estudiantes, la comisi\u00f3n asignar\u00e1 dicho tema a aquel\/la que tenga una mejor calificaci\u00f3n media.<\/span><\/li>\n<\/ol>\n<p style=\"text-align: center;\"><span style=\"font-family: arial, helvetica, sans-serif;\"><\/p>\n<p><\/span><\/p>\n<p style=\"text-align: center;\"><span style=\"font-family: arial, helvetica, sans-serif;\"><strong>En caso de estar cubiertas todas las opciones de tutor y tema que he solicitado \u00bfPuedo quedarme sin tutor?<\/strong><\/span><\/p>\n<p style=\"text-align: center;\"><span style=\"font-family: arial, helvetica, sans-serif;\"><\/p>\n<p><\/span><\/p>\n<p style=\"text-align: center;\"><span style=\"font-family: arial, helvetica, sans-serif;\">Nunca. La comisi\u00f3n de coordinaci\u00f3n siempre me dar\u00e1 la oportunidad de contar con un tutor y tema para defender el TFG.<\/span><\/p>\n<p style=\"text-align: center;\"><span style=\"font-family: arial, helvetica, sans-serif;\"><\/p>\n<p><\/span><\/p>\n<p style=\"text-align: center;\"><span style=\"font-family: arial, helvetica, sans-serif;\"><strong>\u00bfLa elecci\u00f3n de un determinado tutor o tema condiciona mi futuro investigador?<\/strong><\/span><\/p>\n<p style=\"text-align: center;\"><span style=\"font-family: arial, helvetica, sans-serif;\"><\/p>\n<p><\/span><\/p>\n<p style=\"text-align: center;\"><span style=\"font-family: arial, helvetica, sans-serif;\">En absoluto. Debes considerar el TFG como una asignatura m\u00e1s del Grado. Si, una vez graduado\/a, te interesa investigar en un \u00e1rea bajo la direcci\u00f3n de otro profesor\/a lo podr\u00e1s hacer sin ning\u00fan problema.<\/span><\/p>\n<p style=\"text-align: center;\"><span style=\"font-family: arial, helvetica, sans-serif;\"><\/p>\n<p><\/span><\/p>\n<p style=\"text-align: center;\"><span style=\"font-family: arial, helvetica, sans-serif;\"><strong>\u00bfSi he solicitado tutor y tema un curso y no he defendido el TFG tengo que volver a hacerlo el curso siguiente?<\/strong><\/span><\/p>\n<p style=\"text-align: center;\"><span style=\"font-family: arial, helvetica, sans-serif;\"><\/p>\n<p><\/span><\/p>\n<p style=\"text-align: center;\"><span style=\"font-family: arial, helvetica, sans-serif;\">S\u00ed. Las adjudicaciones de tutores y temas por parte de la comisi\u00f3n de Grado se realizan todos los cursos, as\u00ed que es necesario volver a solicitarlos.<\/span><\/p>\n<p style=\"text-align: center;\"><span style=\"font-family: arial, helvetica, sans-serif;\"><\/p>\n<p><\/span><\/p>\n<p style=\"text-align: center;\"><span style=\"font-family: arial, helvetica, sans-serif;\"><strong>Una vez redactado y antes de defenderlo, \u00bfC\u00f3mo se efect\u00faa el dep\u00f3sito de mi TFG?<\/strong><\/span><\/p>\n<p style=\"text-align: center;\"><span style=\"font-family: arial, helvetica, sans-serif;\"><\/p>\n<p><\/span><\/p>\n<p style=\"text-align: center;\"><span style=\"font-family: arial, helvetica, sans-serif;\">Tomando siempre como referencia el calendario fijado en la p\u00e1gina web de la Facultad de Filosof\u00eda y Letras, en las fechas que en \u00e9l se indican deber\u00e9 solicitar, a trav\u00e9s de la aplicaci\u00f3n, el dep\u00f3sito de mi trabajo (<a href=\"https:\/\/tfg.unileon.es\/home\">https:\/\/tfg.unileon.es\/home<\/a>). Posteriormente, mi tutor\/a lo aprobar\u00e1 o rechazar\u00e1. Si lo aprueba, a continuaci\u00f3n se me informar\u00e1 del tribunal, el lugar y la hora de la defensa. Es importante no olvidar que junto a este tr\u00e1mite debo subir el trabajo a la carpeta Turnitin de la plataforma Moodle, a fin de evitar la existencia de plagios. Ese tr\u00e1mite es imprescindible para poder defender mi TFG.<\/span><\/p>\n<p style=\"text-align: center;\"><span style=\"font-family: arial, helvetica, sans-serif;\"><\/p>\n<p><\/span><\/p>\n<p style=\"text-align: center;\"><span style=\"font-family: arial, helvetica, sans-serif;\"><strong>\u00bfQu\u00e9 ocurre si el Turnitin detecta una elevado porcentaje de plagio en mi TFG?<\/strong><\/span><\/p>\n<p style=\"text-align: center;\"><span style=\"font-family: arial, helvetica, sans-serif;\"><\/p>\n<p><\/span><\/p>\n<p style=\"text-align: center;\"><span style=\"font-family: arial, helvetica, sans-serif;\">Siguiendo la normativa espec\u00edfica, se calificar\u00e1 mi trabajo con la nota m\u00e1s baja: un cero.<\/span><\/p>\n<p><\/p>\n","protected":false},"excerpt":{"rendered":"<p>El Trabajo Fin de Grado supone la culminaci\u00f3n de tu proceso de formaci\u00f3n en el Grado. Tendr\u00e1s que demostrar ante un tribunal que cuentas con las destrezas y habilidades que has adquirido a lo largo de los diferentes cursos. Toda la informaci\u00f3n sobre los Trabajos Fin de Grado (normativa, plazos, comisiones evaluadoras, oferta de temas [&hellip;]<\/p>\n","protected":false},"author":87,"featured_media":0,"parent":0,"menu_order":0,"comment_status":"closed","ping_status":"closed","template":"","meta":{"footnotes":""},"class_list":["post-46","page","type-page","status-publish","hentry"],"_links":{"self":[{"href":"https:\/\/grupos.unileon.es\/grado-historia\/wp-json\/wp\/v2\/pages\/46","targetHints":{"allow":["GET"]}}],"collection":[{"href":"https:\/\/grupos.unileon.es\/grado-historia\/wp-json\/wp\/v2\/pages"}],"about":[{"href":"https:\/\/grupos.unileon.es\/grado-historia\/wp-json\/wp\/v2\/types\/page"}],"author":[{"embeddable":true,"href":"https:\/\/grupos.unileon.es\/grado-historia\/wp-json\/wp\/v2\/users\/87"}],"replies":[{"embeddable":true,"href":"https:\/\/grupos.unileon.es\/grado-historia\/wp-json\/wp\/v2\/comments?post=46"}],"version-history":[{"count":29,"href":"https:\/\/grupos.unileon.es\/grado-historia\/wp-json\/wp\/v2\/pages\/46\/revisions"}],"predecessor-version":[{"id":921,"href":"https:\/\/grupos.unileon.es\/grado-historia\/wp-json\/wp\/v2\/pages\/46\/revisions\/921"}],"wp:attachment":[{"href":"https:\/\/grupos.unileon.es\/grado-historia\/wp-json\/wp\/v2\/media?parent=46"}],"curies":[{"name":"wp","href":"https:\/\/api.w.org\/{rel}","templated":true}]}}