{"id":510,"date":"2019-11-19T12:32:31","date_gmt":"2019-11-19T11:32:31","guid":{"rendered":"https:\/\/grupos.unileon.es\/grado-historia\/?page_id=510"},"modified":"2023-07-31T12:00:33","modified_gmt":"2023-07-31T10:00:33","slug":"doble-itinerario","status":"publish","type":"page","link":"https:\/\/grupos.unileon.es\/grado-historia\/doble-itinerario\/","title":{"rendered":"Doble Itinerario"},"content":{"rendered":"<p><\/p>\n<figure class=\"wp-block-gallery aligncenter columns-1 is-cropped wp-block-gallery-1 is-layout-flex wp-block-gallery-is-layout-flex\">\n<ul class=\"blocks-gallery-grid\">\n<li class=\"blocks-gallery-item\">\n<figure><img loading=\"lazy\" decoding=\"async\" class=\"wp-image-222 alignnone\" src=\"https:\/\/grupos.unileon.es\/grado-historia\/files\/2019\/10\/PensadorFilo-1.jpg\" alt=\"\" width=\"564\" height=\"423\" data-id=\"222\" \/><\/figure>\n<\/li>\n<\/ul>\n<\/figure>\n<p><\/p>\n<p><\/p>\n<p class=\"has-text-align-center\"><span style=\"font-family: arial, helvetica, sans-serif;\">Si te gusta la Historia y tambi\u00e9n la Historia del Arte o, simplemente, si te parece interesante poder obtener dos t\u00edtulos universitarios en cinco a\u00f1os, te aconsejamos que te matricules en el Doble Itinerario de Historia e Historia del Arte.<\/span><\/p>\n<p><span style=\"font-family: arial, helvetica, sans-serif;\"><\/p>\n<p><\/span><\/p>\n<p class=\"has-text-align-center\"><span style=\"font-family: arial, helvetica, sans-serif;\"><strong>\u00bfEs un Doble Grado?<\/strong><\/span><\/p>\n<p><span style=\"font-family: arial, helvetica, sans-serif;\"><\/p>\n<p><\/span><\/p>\n<p class=\"has-text-align-center\"><span style=\"font-family: arial, helvetica, sans-serif;\">No. Si te matriculas en el doble itinerario de la ULE estudiar\u00e1s <strong>dos Grados distintos<\/strong>: el de Historia y el de Historia del Arte. El itinerario te da la posibilidad de combinar las asignaturas de ambos grados para poder finalizar tus estudios en un per\u00edodo de cinco a\u00f1os <strong>obteniendo dos titulaciones oficiales.<\/strong> Es decir, al terminar tu per\u00edodo formativo, obtendr\u00e1s dos diplomas: uno con el t\u00edtulo de Graduado\/a en Historia y otro de Graduado\/a en Historia del Arte.<\/span><\/p>\n<p><span style=\"font-family: arial, helvetica, sans-serif;\"><\/p>\n<p><\/span><\/p>\n<p class=\"has-text-align-center\"><span style=\"font-family: arial, helvetica, sans-serif;\"><strong>Si una vez iniciados mis estudios en el Doble Itinerario prefiero seguir solamente con los estudios de Historia. \u00bfPuedo hacerlo?<\/strong><\/span><\/p>\n<p><span style=\"font-family: arial, helvetica, sans-serif;\"><\/p>\n<p><\/span><\/p>\n<p class=\"has-text-align-center\"><span style=\"font-family: arial, helvetica, sans-serif;\">Claro que s\u00ed. El plan de estudios del Doble Itinerario est\u00e1 dise\u00f1ado para que puedas cumplir con el objetivo de obtener dos titulaciones en cinco a\u00f1os. No obstante, si por el motivo que fuese, una vez iniciado el Doble Itinerario prefieres estudiar exclusivamente Historia no pasa nada. De hecho, dado que oficialmente est\u00e1s matriculado\/a en los dos grados y que durante los dos primeros cursos hay una importante coincidencia de asignaturas en sus respectivos planes de estudios, ese cambio no ser\u00e1 para nada traum\u00e1tico.<\/span><\/p>\n<p><span style=\"font-family: arial, helvetica, sans-serif;\"><\/p>\n<p><\/span><\/p>\n<p class=\"has-text-align-center\"><span style=\"font-family: arial, helvetica, sans-serif;\"><strong>\u00bfEs f\u00e1cil obtener una plaza en el Doble Itinerario?<\/strong><\/span><\/p>\n<p><span style=\"font-family: arial, helvetica, sans-serif;\"><\/p>\n<p><\/span><\/p>\n<p class=\"has-text-align-center\"><span style=\"font-family: arial, helvetica, sans-serif;\">Te recomendamos que no lo dejes para el final. En el \u00faltimo a\u00f1o se han cubierto todas las plazas ofertadas, lo que demuestra el inter\u00e9s por estos estudios. En consecuencia, es importante que en cuanto se abran los plazos te matricules a la mayor brevedad posible para evitar contratiempos.<\/span><\/p>\n<p><span style=\"font-family: arial, helvetica, sans-serif;\"><\/p>\n<p><\/span><\/p>\n<p class=\"has-text-align-center\"><span style=\"font-family: arial, helvetica, sans-serif;\"><strong>Plan de Estudios<\/strong><\/span><\/p>\n<p><span style=\"font-family: arial, helvetica, sans-serif;\"><\/p>\n<p><\/span><\/p>\n<p class=\"has-text-align-center\"><span style=\"font-family: arial, helvetica, sans-serif;\">El plan de estudios del doble itinerario te proporcionar\u00e1 una formaci\u00f3n completa en Historia e Historia del Arte, ofreci\u00e9ndote una s\u00f3lida base para poder afrontar con garant\u00edas tu futuro laboral, ya sea optando a las oposiciones de ense\u00f1anza secundaria, ya sea en otras salidas profesionales (museos, arqueolog\u00eda profesional, gesti\u00f3n de patrimonio cultural, investigaci\u00f3n&#8230;).<\/span><\/p>\n<p><span style=\"font-family: arial, helvetica, sans-serif;\"><\/p>\n<p><\/span><\/p>\n<p class=\"has-text-align-center\"><span style=\"font-family: arial, helvetica, sans-serif;\">Puedes consultar el plan en el siguiente enlace:<\/span><\/p>\n<p><span style=\"font-family: arial, helvetica, sans-serif;\"><\/p>\n<p><\/span><\/p>\n<p class=\"has-text-align-center\"><span style=\"font-family: arial, helvetica, sans-serif;\"><a href=\"https:\/\/www.unileon.es\/ficheros\/estudiantes\/tripticos2017\/doble_grado_historia_historia_del_arte.pdf\">https:\/\/www.unileon.es\/ficheros\/estudiantes\/tripticos2017\/doble_grado_historia_historia_del_arte.pdf<\/a><\/span><\/p>\n<p><\/p>\n","protected":false},"excerpt":{"rendered":"<p>Si te gusta la Historia y tambi\u00e9n la Historia del Arte o, simplemente, si te parece interesante poder obtener dos t\u00edtulos universitarios en cinco a\u00f1os, te aconsejamos que te matricules en el Doble Itinerario de Historia e Historia del Arte. \u00bfEs un Doble Grado? No. Si te matriculas en el doble itinerario de la ULE [&hellip;]<\/p>\n","protected":false},"author":87,"featured_media":0,"parent":0,"menu_order":0,"comment_status":"closed","ping_status":"closed","template":"","meta":{"footnotes":""},"class_list":["post-510","page","type-page","status-publish","hentry"],"_links":{"self":[{"href":"https:\/\/grupos.unileon.es\/grado-historia\/wp-json\/wp\/v2\/pages\/510","targetHints":{"allow":["GET"]}}],"collection":[{"href":"https:\/\/grupos.unileon.es\/grado-historia\/wp-json\/wp\/v2\/pages"}],"about":[{"href":"https:\/\/grupos.unileon.es\/grado-historia\/wp-json\/wp\/v2\/types\/page"}],"author":[{"embeddable":true,"href":"https:\/\/grupos.unileon.es\/grado-historia\/wp-json\/wp\/v2\/users\/87"}],"replies":[{"embeddable":true,"href":"https:\/\/grupos.unileon.es\/grado-historia\/wp-json\/wp\/v2\/comments?post=510"}],"version-history":[{"count":19,"href":"https:\/\/grupos.unileon.es\/grado-historia\/wp-json\/wp\/v2\/pages\/510\/revisions"}],"predecessor-version":[{"id":955,"href":"https:\/\/grupos.unileon.es\/grado-historia\/wp-json\/wp\/v2\/pages\/510\/revisions\/955"}],"wp:attachment":[{"href":"https:\/\/grupos.unileon.es\/grado-historia\/wp-json\/wp\/v2\/media?parent=510"}],"curies":[{"name":"wp","href":"https:\/\/api.w.org\/{rel}","templated":true}]}}