{"id":70,"date":"2019-11-02T21:24:22","date_gmt":"2019-11-02T20:24:22","guid":{"rendered":"https:\/\/grupos.unileon.es\/grado-historia\/?page_id=70"},"modified":"2025-05-13T12:10:30","modified_gmt":"2025-05-13T10:10:30","slug":"tablon-de-anuncios","status":"publish","type":"page","link":"https:\/\/grupos.unileon.es\/grado-historia\/tablon-de-anuncios\/","title":{"rendered":"Anuncios"},"content":{"rendered":"<p><\/p>\n<div class=\"wp-block-image\" style=\"text-align: center;\">\n<figure class=\"aligncenter is-resized\"><span style=\"font-family: arial, helvetica, sans-serif;\"><em><span style=\"font-size: 16px;\">En este espacio te informamos de todas las actividades de formaci\u00f3n que se desarrollan en el Grado a lo largo del curso, as\u00ed como de las ofertas de becas, estancias en grupos de investigaci\u00f3n, etc.:<\/span><\/em><\/span><\/figure>\n<\/div>\n<p style=\"padding-left: 200px;\"><img loading=\"lazy\" decoding=\"async\" class=\"wp-image-103\" src=\"https:\/\/grupos.unileon.es\/grado-historia\/files\/2019\/11\/Pregonero.jpg\" alt=\"\" width=\"273\" height=\"406\" \/><\/p>\n<p><\/p>\n<p><\/p>\n<p><\/p>\n<h2>\u00a0<\/h2>\n<h2 style=\"text-align: center;\">Del 16 al 19 de octubre del actual 2025 se va a celebrar en Le\u00f3n el XIV Congreso Internacional de Molinolog\u00eda (CIMO). Si tu investigaci\u00f3n y puntos de inter\u00e9s comprende alguno de los aspectos de esta materia desde el punto de vista hist\u00f3rico, t\u00e9cnico, social, del derecho, ling\u00fc\u00edstico&#8230; an\u00edmate a participar y enviar tu resumen de comunicaci\u00f3n o p\u00f3ster (plazo ampliado hasta el 5 de junio). M\u00e1s informaci\u00f3n en:<br \/><a href=\"https:\/\/congresos.unileon.es\/14cimo2025\/\" target=\"_blank\" rel=\"noopener\" data-saferedirecturl=\"https:\/\/www.google.com\/url?q=https:\/\/congresos.unileon.es\/14cimo2025\/&amp;source=gmail&amp;ust=1747217188315000&amp;usg=AOvVaw0P8DYKubo5ReOF33Vi700S\">https:\/\/congresos.unileon.es\/<wbr \/>14cimo2025\/<\/a><\/h2>\n<h2>\u00a0<\/h2>\n<h2>\u00a0<\/h2>\n<h2 style=\"padding-left: 120px;\">\u00a0<\/h2>\n<p><\/p>\n","protected":false},"excerpt":{"rendered":"<p>\u00a0 Del 16 al 19 de octubre del actual 2025 se va a celebrar en Le\u00f3n el XIV Congreso Internacional de Molinolog\u00eda (CIMO). Si tu investigaci\u00f3n y puntos de inter\u00e9s comprende alguno de los aspectos de esta materia desde el punto de vista hist\u00f3rico, t\u00e9cnico, social, del derecho, ling\u00fc\u00edstico&#8230; an\u00edmate a participar y enviar tu [&hellip;]<\/p>\n","protected":false},"author":87,"featured_media":0,"parent":0,"menu_order":0,"comment_status":"closed","ping_status":"closed","template":"","meta":{"footnotes":""},"class_list":["post-70","page","type-page","status-publish","hentry"],"_links":{"self":[{"href":"https:\/\/grupos.unileon.es\/grado-historia\/wp-json\/wp\/v2\/pages\/70","targetHints":{"allow":["GET"]}}],"collection":[{"href":"https:\/\/grupos.unileon.es\/grado-historia\/wp-json\/wp\/v2\/pages"}],"about":[{"href":"https:\/\/grupos.unileon.es\/grado-historia\/wp-json\/wp\/v2\/types\/page"}],"author":[{"embeddable":true,"href":"https:\/\/grupos.unileon.es\/grado-historia\/wp-json\/wp\/v2\/users\/87"}],"replies":[{"embeddable":true,"href":"https:\/\/grupos.unileon.es\/grado-historia\/wp-json\/wp\/v2\/comments?post=70"}],"version-history":[{"count":80,"href":"https:\/\/grupos.unileon.es\/grado-historia\/wp-json\/wp\/v2\/pages\/70\/revisions"}],"predecessor-version":[{"id":981,"href":"https:\/\/grupos.unileon.es\/grado-historia\/wp-json\/wp\/v2\/pages\/70\/revisions\/981"}],"wp:attachment":[{"href":"https:\/\/grupos.unileon.es\/grado-historia\/wp-json\/wp\/v2\/media?parent=70"}],"curies":[{"name":"wp","href":"https:\/\/api.w.org\/{rel}","templated":true}]}}