{"id":80,"date":"2019-11-02T21:38:24","date_gmt":"2019-11-02T20:38:24","guid":{"rendered":"https:\/\/grupos.unileon.es\/grado-historia\/?page_id=80"},"modified":"2023-02-11T17:17:52","modified_gmt":"2023-02-11T16:17:52","slug":"investigacion","status":"publish","type":"page","link":"https:\/\/grupos.unileon.es\/grado-historia\/investigacion\/","title":{"rendered":"Investigaci\u00f3n"},"content":{"rendered":"<p><\/p>\n<p class=\"has-text-align-center\"><img loading=\"lazy\" decoding=\"async\" width=\"750\" height=\"155\" class=\"wp-image-193\" style=\"width: 750px;\" src=\"https:\/\/grupos.unileon.es\/grado-historia\/files\/2019\/11\/aulaPCs-CRAI-TIC-1-1.jpg\" alt=\"\" \/><\/p>\n<p><\/p>\n<p><\/p>\n<p class=\"has-text-align-center\"><span style=\"font-family: arial, helvetica, sans-serif;\">El cuadro docente del Grado en Historia cuenta con una importante trayectoria investigadora desarrollada en diferentes campos, desde los estudios de Prehistoria y Arqueolog\u00eda, al an\u00e1lisis del Mundo Antiguo, de la Edad Media, el Mundo Moderno, la Edad Contempor\u00e1nea, la Historia de Am\u00e9rica o la Antropolog\u00eda Social, entre otros.<\/span><\/p>\n<p><span style=\"font-family: arial, helvetica, sans-serif;\"><\/p>\n<p><\/span><\/p>\n<p class=\"has-text-align-center\"><span style=\"font-family: arial, helvetica, sans-serif;\">Podr\u00e1s formarte como investigador\/a en aquella \u00e1rea que te resulte m\u00e1s interesante. Como inicio en tu formaci\u00f3n puedes participar en las<strong> residencias de verano<\/strong> de los diferentes grupos de investigaci\u00f3n, colaborar en los laboratorios de Prehistoria y Arqueolog\u00eda o formar parte de las campa\u00f1as arqueol\u00f3gicas. Tambi\u00e9n puedes optar a las becas de colaboraci\u00f3n del Departamento de Historia.<\/span><\/p>\n<p><span style=\"font-family: arial, helvetica, sans-serif;\"><\/p>\n<p><\/span><\/p>\n<p style=\"text-align: center;\"><span style=\"font-family: arial, helvetica, sans-serif;\">El Departamento de Historia edita la <strong>revista de acceso abierto \u00abEstudios Human\u00edsticos. Historia\u00bb<\/strong>, dirigida preferentemente a la comunidad cient\u00edfica y universitaria. En ella existe un apartado espec\u00edfico dedicado a los investigadores noveles, con el fin de servir de escaparate para aquellos de vosotros interesados en sumergiros en el mundo de la investigaci\u00f3n.<\/span><\/p>\n<p><\/p>\n<p><\/p>\n<div class=\"wp-block-image\">\n<figure class=\"aligncenter\"><img loading=\"lazy\" decoding=\"async\" width=\"232\" height=\"332\" class=\"wp-image-302\" src=\"https:\/\/grupos.unileon.es\/grado-historia\/files\/2019\/11\/Cubierta_Estudios_human\u00edsticos_Historia_general_red1.jpg\" alt=\"\" \/><figcaption>Portada de Estudios Human\u00edsticos. Historia<\/figcaption><\/figure>\n<\/div>\n<p><\/p>\n<p><\/p>\n<p class=\"has-text-align-center\"><a href=\"http:\/\/revpubli.unileon.es\/ojs\/index.php\/EEHHHistoria\">http:\/\/revpubli.unil<span style=\"font-family: arial, helvetica, sans-serif;\">eon.es\/ojs\/index.php\/EEHHHistoria<\/span><\/a><\/p>\n<p><span style=\"font-family: arial, helvetica, sans-serif;\"><\/p>\n<p><\/span><\/p>\n<p class=\"has-text-align-center\"><span style=\"font-family: arial, helvetica, sans-serif;\">Adem\u00e1s de la labor investigadora que desempe\u00f1an cada uno de los profesores\/as a nivel individual, muchos de ellos se hallan integrados en distintos <strong>grupos de investigaci\u00f3n<\/strong>. A trav\u00e9s de sus diferentes programas formativos, puedes introducirse en el estudio del pasado. Estos son los grupos vinculados a profesores del Grado:<\/span><\/p>\n<p><span style=\"font-family: arial, helvetica, sans-serif;\"><\/p>\n<p><\/span><\/p>\n<p class=\"has-text-align-center\"><span style=\"font-family: arial, helvetica, sans-serif;\"><strong>CONCEJO:<\/strong><\/span><\/p>\n<p><span style=\"font-family: arial, helvetica, sans-serif;\"><\/p>\n<p><\/span><\/p>\n<p class=\"has-text-align-center\"><span style=\"font-family: arial, helvetica, sans-serif;\"><a href=\"https:\/\/www.unileon.es\/grupos-investigacion\/detalles-grupo.php?id=3&amp;grp=455\">https:\/\/www.unileon.es\/grupos-investigacion\/detalles-grupo.php?id=3&amp;grp=455<\/a><\/span><\/p>\n<p><span style=\"font-family: arial, helvetica, sans-serif;\"><\/p>\n<p><\/span><\/p>\n<p class=\"has-text-align-center\"><span style=\"font-family: arial, helvetica, sans-serif;\"><strong>ESTUDIOS MEDIEVALES DE LA IGLESIA DE CASTILLA Y LE\u00d3N: <\/strong><\/span><\/p>\n<p><span style=\"font-family: arial, helvetica, sans-serif;\"><\/p>\n<p><\/span><\/p>\n<p class=\"has-text-align-center\"><span style=\"font-family: arial, helvetica, sans-serif;\"><a href=\"https:\/\/www.unileon.es\/grupos-investigacion\/detalles-grupo.php?id=3&amp;grp=410\">https:\/\/www.unileon.es\/grupos-investigacion\/detalles-grupo.php?id=3&amp;grp=410<\/a><\/span><\/p>\n<p><span style=\"font-family: arial, helvetica, sans-serif;\"><\/p>\n<p><\/span><\/p>\n<p class=\"has-text-align-center\"><span style=\"font-family: arial, helvetica, sans-serif;\"><strong>GEOLOG\u00cdA AMBIENTAL, CUATERNARIO Y GEODIVERSIDAD: <\/strong><\/span><\/p>\n<p><span style=\"font-family: arial, helvetica, sans-serif;\"><\/p>\n<p><\/span><\/p>\n<p class=\"has-text-align-center\"><span style=\"font-family: arial, helvetica, sans-serif;\"><a href=\"https:\/\/www.unileon.es\/grupos-investigacion\/detalles-grupo.php?id=3&amp;grp=426\">https:\/\/www.unileon.es\/grupos-investigacion\/detalles-grupo.php?id=3&amp;grp=426<\/a><\/span><\/p>\n<p><span style=\"font-family: arial, helvetica, sans-serif;\"><\/p>\n<p><\/span><\/p>\n<p class=\"has-text-align-center\"><span style=\"font-family: arial, helvetica, sans-serif;\"><b>HUMANISTAS:<\/b><\/span><\/p>\n<p><span style=\"font-family: arial, helvetica, sans-serif;\"><\/p>\n<p><\/span><\/p>\n<p class=\"has-text-align-center\"><span style=\"font-family: arial, helvetica, sans-serif;\"><a href=\"https:\/\/www.unileon.es\/grupos-investigacion\/detalles-grupo.php?id=3&amp;grp=443\">https:\/\/www.unileon.es\/grupos-investigacion\/detalles-grupo.php?id=3&amp;grp=443<\/a><\/span><\/p>\n<p><span style=\"font-family: arial, helvetica, sans-serif;\"><\/p>\n<p><\/span><\/p>\n<p class=\"has-text-align-center\"><span style=\"font-family: arial, helvetica, sans-serif;\"><strong>TEMAS HIST\u00d3RICOS:<\/strong><\/span><\/p>\n<p><span style=\"font-family: arial, helvetica, sans-serif;\"><\/p>\n<p><\/span><\/p>\n<p class=\"has-text-align-center\"><span style=\"font-family: arial, helvetica, sans-serif;\"><a href=\"https:\/\/www.unileon.es\/grupos-investigacion\/detalles-grupo.php?id=3&amp;grp=404\">https:\/\/www.unileon.es\/grupos-investigacion\/detalles-grupo.php?id=3&amp;grp=404<\/a><\/span><\/p>\n<p><span style=\"font-family: arial, helvetica, sans-serif;\"><\/p>\n<p><\/span><\/p>\n<figure class=\"wp-block-image is-resized\"><span style=\"font-family: arial, helvetica, sans-serif;\"><img loading=\"lazy\" decoding=\"async\" class=\"wp-image-201\" src=\"https:\/\/grupos.unileon.es\/grado-historia\/files\/2019\/11\/image-3.png\" alt=\"\" width=\"668\" height=\"92\" \/><\/span><\/figure>\n<p><span style=\"font-family: arial, helvetica, sans-serif;\"><\/p>\n<p><\/span><\/p>\n<figure class=\"wp-block-embed-wordpress aligncenter wp-block-embed is-type-wp-embed is-provider-expociencia\"><figcaption><span style=\"font-family: arial, helvetica, sans-serif;\"><span style=\"font-family: arial, helvetica, sans-serif;\"><span style=\"font-family: arial, helvetica, sans-serif;\"><span style=\"font-size: 16px;\">En el siguiente video el profesor Carlos Fern\u00e1ndez, del \u00c1rea de Prehistoria de la ULE, te explica la labor desarrollada en el laboratorio de dicha \u00e1rea de conocimiento:<\/span><\/p>\n<p><\/span><\/span><\/span><\/p>\n<p><a href=\"https:\/\/expociencia.unileon.es\/project\/laboratorio-de-prehistoria\/\">https:\/\/expociencia.unileon.es\/project\/laboratorio-de-prehistoria\/<\/a><\/p>\n<\/figcaption><\/figure>\n<p><\/p>\n<p><\/p>\n<figure class=\"wp-block-embed-youtube alignleft wp-block-embed is-type-video is-provider-youtube wp-embed-aspect-16-9 wp-has-aspect-ratio\">\n<div class=\"wp-block-embed__wrapper\"><span style=\"font-size: 16px;\">En este otro documento audiovisual, el profesor Francisco Caranto\u00f1a del \u00c1rea de Historia Contempor\u00e1nea de la ULE, participa junto a otros expertos en una mesa redonda sobre las Cortes de C\u00e1diz de 1812 en La 2 de TVE.<\/span><\/div>\n<div>\u00a0<\/div>\n<div>\n<p><iframe loading=\"lazy\" title=\"Las Cortes de C\u00e1diz y la Constituci\u00f3n de 1812 (La Pepa)\" width=\"640\" height=\"360\" src=\"https:\/\/www.youtube.com\/embed\/z_mnScHK3SU?feature=oembed\" frameborder=\"0\" allow=\"accelerometer; autoplay; clipboard-write; encrypted-media; gyroscope; picture-in-picture; web-share\" referrerpolicy=\"strict-origin-when-cross-origin\" allowfullscreen><\/iframe><\/p>\n<\/div>\n<\/figure>\n<div>\u00a0<\/div>\n<figure class=\"wp-block-embed-youtube alignleft wp-block-embed is-type-video is-provider-youtube wp-embed-aspect-16-9 wp-has-aspect-ratio\">\n<div>\u00a0<\/div>\n<\/figure>\n<div>\u00a0<\/div>\n<div>\u00a0<\/div>\n<div>\u00a0<\/div>\n<div>\u00a0<\/div>\n<p><\/p>\n<p><\/p>\n","protected":false},"excerpt":{"rendered":"<p>El cuadro docente del Grado en Historia cuenta con una importante trayectoria investigadora desarrollada en diferentes campos, desde los estudios de Prehistoria y Arqueolog\u00eda, al an\u00e1lisis del Mundo Antiguo, de la Edad Media, el Mundo Moderno, la Edad Contempor\u00e1nea, la Historia de Am\u00e9rica o la Antropolog\u00eda Social, entre otros. Podr\u00e1s formarte como investigador\/a en aquella [&hellip;]<\/p>\n","protected":false},"author":87,"featured_media":0,"parent":0,"menu_order":0,"comment_status":"closed","ping_status":"closed","template":"","meta":{"footnotes":""},"class_list":["post-80","page","type-page","status-publish","hentry"],"_links":{"self":[{"href":"https:\/\/grupos.unileon.es\/grado-historia\/wp-json\/wp\/v2\/pages\/80","targetHints":{"allow":["GET"]}}],"collection":[{"href":"https:\/\/grupos.unileon.es\/grado-historia\/wp-json\/wp\/v2\/pages"}],"about":[{"href":"https:\/\/grupos.unileon.es\/grado-historia\/wp-json\/wp\/v2\/types\/page"}],"author":[{"embeddable":true,"href":"https:\/\/grupos.unileon.es\/grado-historia\/wp-json\/wp\/v2\/users\/87"}],"replies":[{"embeddable":true,"href":"https:\/\/grupos.unileon.es\/grado-historia\/wp-json\/wp\/v2\/comments?post=80"}],"version-history":[{"count":62,"href":"https:\/\/grupos.unileon.es\/grado-historia\/wp-json\/wp\/v2\/pages\/80\/revisions"}],"predecessor-version":[{"id":919,"href":"https:\/\/grupos.unileon.es\/grado-historia\/wp-json\/wp\/v2\/pages\/80\/revisions\/919"}],"wp:attachment":[{"href":"https:\/\/grupos.unileon.es\/grado-historia\/wp-json\/wp\/v2\/media?parent=80"}],"curies":[{"name":"wp","href":"https:\/\/api.w.org\/{rel}","templated":true}]}}