{"id":82,"date":"2019-11-02T21:46:20","date_gmt":"2019-11-02T20:46:20","guid":{"rendered":"https:\/\/grupos.unileon.es\/grado-historia\/?page_id=82"},"modified":"2022-09-17T18:23:07","modified_gmt":"2022-09-17T16:23:07","slug":"contacto","status":"publish","type":"page","link":"https:\/\/grupos.unileon.es\/grado-historia\/contacto\/","title":{"rendered":"Contacto"},"content":{"rendered":"<p><\/p>\n<div class=\"wp-block-image\">\n<figure class=\"aligncenter\"><img loading=\"lazy\" decoding=\"async\" width=\"498\" height=\"329\" class=\"wp-image-85\" src=\"https:\/\/grupos.unileon.es\/grado-historia\/files\/2019\/11\/Tr\u00e5dtelefon-illustration.png\" alt=\"\" \/><\/figure>\n<\/div>\n<p><\/p>\n<p><\/p>\n<p style=\"text-align: center;\"><span style=\"font-family: arial, helvetica, sans-serif;\">Si quieres saber algo m\u00e1s sobre el Grado en Historia o el Doble Grado en Historia e Historia del Arte, puedes ponerte en contacto con nosotros a trav\u00e9s del siguiente correo electr\u00f3nico: <strong>aamarg@unileon.es<\/strong><\/span><\/p>\n<p><span style=\"font-family: arial, helvetica, sans-serif;\"><\/p>\n<p><\/span><\/p>\n<p style=\"text-align: center;\"><span style=\"font-family: arial, helvetica, sans-serif;\">Tambi\u00e9n puedes llamarnos al siguiente tel\u00e9fono: <strong>987291609<\/strong><\/span><\/p>\n<p><span style=\"font-family: arial, helvetica, sans-serif;\"><\/p>\n<p><\/span><\/p>\n<p style=\"text-align: center;\"><span style=\"font-family: arial, helvetica, sans-serif;\"><strong>\u00a1\u00a1ESTAREMOS ENCANTADOS DE AYUDARTE!!<\/strong><\/span><\/p>\n<p><\/p>\n","protected":false},"excerpt":{"rendered":"<p>Si quieres saber algo m\u00e1s sobre el Grado en Historia o el Doble Grado en Historia e Historia del Arte, puedes ponerte en contacto con nosotros a trav\u00e9s del siguiente correo electr\u00f3nico: aamarg@unileon.es Tambi\u00e9n puedes llamarnos al siguiente tel\u00e9fono: 987291609 \u00a1\u00a1ESTAREMOS ENCANTADOS DE AYUDARTE!!<\/p>\n","protected":false},"author":87,"featured_media":0,"parent":0,"menu_order":0,"comment_status":"closed","ping_status":"closed","template":"","meta":{"footnotes":""},"class_list":["post-82","page","type-page","status-publish","hentry"],"_links":{"self":[{"href":"https:\/\/grupos.unileon.es\/grado-historia\/wp-json\/wp\/v2\/pages\/82","targetHints":{"allow":["GET"]}}],"collection":[{"href":"https:\/\/grupos.unileon.es\/grado-historia\/wp-json\/wp\/v2\/pages"}],"about":[{"href":"https:\/\/grupos.unileon.es\/grado-historia\/wp-json\/wp\/v2\/types\/page"}],"author":[{"embeddable":true,"href":"https:\/\/grupos.unileon.es\/grado-historia\/wp-json\/wp\/v2\/users\/87"}],"replies":[{"embeddable":true,"href":"https:\/\/grupos.unileon.es\/grado-historia\/wp-json\/wp\/v2\/comments?post=82"}],"version-history":[{"count":31,"href":"https:\/\/grupos.unileon.es\/grado-historia\/wp-json\/wp\/v2\/pages\/82\/revisions"}],"predecessor-version":[{"id":863,"href":"https:\/\/grupos.unileon.es\/grado-historia\/wp-json\/wp\/v2\/pages\/82\/revisions\/863"}],"wp:attachment":[{"href":"https:\/\/grupos.unileon.es\/grado-historia\/wp-json\/wp\/v2\/media?parent=82"}],"curies":[{"name":"wp","href":"https:\/\/api.w.org\/{rel}","templated":true}]}}