{"id":1019,"date":"2013-05-15T07:59:38","date_gmt":"2013-05-15T07:59:38","guid":{"rendered":"http:\/\/grupos.unileon.es\/ingecart\/?page_id=1019"},"modified":"2014-05-06T11:25:24","modified_gmt":"2014-05-06T11:25:24","slug":"2012-2","status":"publish","type":"page","link":"https:\/\/grupos.unileon.es\/ingecart\/2012-2\/","title":{"rendered":"2012"},"content":{"rendered":"<h1><strong>Revistas cient\u00edficas (English)<\/strong><\/h1>\n<p>&nbsp;<\/p>\n<ul>\n<li>\u00a0<em>Gonz\u00e1lez-Fern\u00e1ndez, A.B.; Marcelo, V.; Valenciano, J.V.; Rodr\u00edguez-P\u00e9rez, J.R. (2012).\u00a0<\/em><strong><a href=\"http:\/\/grupos.unileon.es\/ingecart\/files\/2013\/05\/SHor_2012.pdf\">Relationship between physical and chemical parameters for four commercial grape varieties from the Bierzo region (Spain). <\/a><\/strong> <i>Scientia Horticulturae, 147:<\/i> 111\u2013117.<\/li>\n<\/ul>\n<p>&nbsp;<\/p>\n<ul>\n<li><em>Ord\u00f3\u00f1ez, C.; Saavedra, A.; Rodr\u00edguez-P\u00e9rez, J.R.; Castedo-Dorado, F.; Covi\u00e1n, E. (2012).<\/em> <strong><a href=\"http:\/\/grupos.unileon.es\/ingecart\/files\/2013\/05\/EMS_2012.pdf\">Using model-based geostatistics to predict lightning-caused wildfires.<\/a><\/strong><i>Environmental Modelling &amp; Software 29<\/i>: 44-50.<\/li>\n<\/ul>\n<p>&nbsp;<\/p>\n<ul>\n<li>\n<div class=\"bold refAuthorTitle\" style=\"color: #2e2e2e;\"><em><span class=\"previewTxt\" style=\"color: #2e2e2e !important;\">Castedo-Dorado, F.<\/span><span style=\"color: #c0c0c0;\">,\u00a0<\/span><span class=\"previewTxt\" style=\"color: #2e2e2e !important;\">G\u00f3mez-Garc\u00eda, E.<\/span><span style=\"color: #c0c0c0;\">,\u00a0<\/span><span class=\"previewTxt\" style=\"color: #2e2e2e !important;\">Di\u00e9guez-Aranda, U.<\/span><span style=\"color: #c0c0c0;\">,\u00a0<\/span><span class=\"previewTxt\" style=\"color: #2e2e2e !important;\">Barrio-Anta, M.<\/span><span style=\"color: #c0c0c0;\">,\u00a0<\/span><\/em><span class=\"previewTxt\" style=\"color: #2e2e2e !important;\"><em>Crecente-Campo, F. <strong>\u00a0<\/strong><span class=\"txtSmaller\"><em>(2012<\/em>)\u00a0<\/span><\/em>\u00a0<\/span><strong><a href=\"http:\/\/www.scopus.com\/record\/display.url?view=basic&amp;eid=2-s2.0-84882262761&amp;origin=resultslist\" target=\"_blank\">Aboveground stand-level biomass estimation: A comparison of two methods for major forest species in northwest Spain.<\/a>\u00a0<\/strong><em><span class=\"txtSmaller\" style=\"color: #2e2e2e;\">Annals of Forest Science<\/span><span style=\"color: #2e2e2e;\">\u00a0\u00a0<\/span><span style=\"color: #2e2e2e;\">69<\/span><span style=\"color: #2e2e2e;\">\u00a0\u00a0<\/span><span style=\"color: #2e2e2e;\">(6)<\/span><span style=\"color: #2e2e2e;\">\u00a0\u00a0<\/span><span style=\"color: #2e2e2e;\">PP. 735 &#8211; 746<\/span><span style=\"color: #2e2e2e;\">\u00a0<\/span><\/em><\/div>\n<\/li>\n<\/ul>\n<p>&nbsp;<\/p>\n<ul>\n<li>\n<div class=\"bold refAuthorTitle\" style=\"color: #2e2e2e;\"><em><span class=\"previewTxt\" style=\"color: #2e2e2e !important;\">Castedo-Dorado, F.<\/span><span style=\"color: #c0c0c0;\">,\u00a0<\/span><span class=\"previewTxt\" style=\"color: #2e2e2e !important;\">G\u00f3mez-V\u00e1zquez, I.<\/span><span style=\"color: #c0c0c0;\">,\u00a0<\/span><span class=\"previewTxt\" style=\"color: #2e2e2e !important;\">Fernandes, P.M.<\/span><span style=\"color: #c0c0c0;\">,\u00a0<\/span><span class=\"previewTxt\" style=\"color: #2e2e2e !important;\">Crecente-Campo, F.(2012) \u00a0<\/span><\/em><strong><a href=\"http:\/\/grupos.unileon.es\/ingecart\/files\/2014\/05\/Shrub-fuel-characteristics-estimated-from-overstory-variables-in-NW-Spain-pine-stands_2012_Forest-Ecology-and-Management.pdf\" target=\"_blank\">Shrub fuel characteristics estimated from overstory variables in NW Spain pine stands.<\/a>\u00a0<\/strong><span class=\"txtSmaller\" style=\"color: #2e2e2e;\"><em>Forest Ecology and Management<\/em><\/span><span style=\"color: #2e2e2e;\">\u00a0\u00a0<\/span><span style=\"color: #2e2e2e;\">275<\/span><span style=\"color: #2e2e2e;\">\u00a0\u00a0<\/span><span style=\"color: #2e2e2e;\">PP. 130 &#8211; 141<\/span><\/div>\n<\/li>\n<\/ul>\n<p>&nbsp;<\/p>\n<ul>\n<li>\n<div class=\"bold refAuthorTitle\" style=\"color: #2e2e2e;\"><em><span class=\"previewTxt\" style=\"color: #2e2e2e !important;\">Sanz-Ablanedo, E.<\/span><span style=\"color: #c0c0c0;\">,\u00a0<\/span><span class=\"previewTxt\" style=\"color: #2e2e2e !important;\">Chandler, J.H.<\/span><span style=\"color: #c0c0c0;\">,\u00a0<\/span><span class=\"previewTxt\" style=\"color: #2e2e2e !important;\">Wackrow, R.(2012)<\/span><\/em><span class=\"previewTxt\" style=\"color: #2e2e2e !important;\"><strong><a href=\"http:\/\/grupos.unileon.es\/ingecart\/files\/2014\/05\/Parameterising-Internal-Camera-Geometry-with-Focusing-Distance_2012_Photogrammetric-Record.pdf\" target=\"_blank\">\u00a0<\/a><\/strong><\/span><a href=\"http:\/\/grupos.unileon.es\/ingecart\/files\/2014\/05\/Parameterising-Internal-Camera-Geometry-with-Focusing-Distance_2012_Photogrammetric-Record.pdf\" target=\"_blank\"><strong>Parameterising Internal Camera Geometry with Focusing Distance<\/strong><\/a><span class=\"txtSmaller\" style=\"color: #2e2e2e;\"><span style=\"color: #2e2e2e;\"><strong>.<\/strong> \u00a0<\/span>Photogrammetric Record<\/span><span style=\"color: #2e2e2e;\">\u00a0\u00a0<\/span><span style=\"color: #2e2e2e;\">27<\/span><span style=\"color: #2e2e2e;\">\u00a0\u00a0<\/span><span style=\"color: #2e2e2e;\">(138)<\/span><span style=\"color: #2e2e2e;\">\u00a0\u00a0<\/span><span style=\"color: #2e2e2e;\">PP. 210 &#8211; 226<\/span><\/div>\n<\/li>\n<\/ul>\n<p>&nbsp;<\/p>\n<p>&nbsp;<\/p>\n<p>&nbsp;<\/p>\n<p>&nbsp;<\/p>\n<p align=\"center\"><a href=\"http:\/\/grupos.unileon.es\/ingecart\/2011-2\/\">A\u00f1o anterior <i>(2011)<\/i><\/a> &#8212; <a href=\"http:\/\/grupos.unileon.es\/ingecart\/1029-2\/\">A\u00f1o siguiente <i>(2013)<\/i><\/a><\/p>\n<p align=\"center\"><a title=\"Publicaciones\" href=\"http:\/\/grupos.unileon.es\/ingecart\/links-prueba\/\">Ver todos<\/a><\/p>\n","protected":false},"excerpt":{"rendered":"<p>Revistas cient\u00edficas (English) &nbsp; \u00a0Gonz\u00e1lez-Fern\u00e1ndez, A.B.; Marcelo, V.; Valenciano, J.V.; Rodr\u00edguez-P\u00e9rez, J.R. (2012).\u00a0Relationship between physical and chemical parameters for four commercial grape varieties from the Bierzo region (Spain). Scientia Horticulturae, 147: 111\u2013117. &nbsp; Ord\u00f3\u00f1ez, C.; Saavedra, A.; Rodr\u00edguez-P\u00e9rez, J.R.; Castedo-Dorado, F.; Covi\u00e1n, E. (2012). Using model-based geostatistics to predict lightning-caused wildfires.Environmental Modelling &amp; Software 29: [&hellip;]<\/p>\n","protected":false},"author":14,"featured_media":0,"parent":0,"menu_order":0,"comment_status":"closed","ping_status":"open","template":"","meta":{"footnotes":""},"class_list":["post-1019","page","type-page","status-publish","hentry"],"_links":{"self":[{"href":"https:\/\/grupos.unileon.es\/ingecart\/wp-json\/wp\/v2\/pages\/1019","targetHints":{"allow":["GET"]}}],"collection":[{"href":"https:\/\/grupos.unileon.es\/ingecart\/wp-json\/wp\/v2\/pages"}],"about":[{"href":"https:\/\/grupos.unileon.es\/ingecart\/wp-json\/wp\/v2\/types\/page"}],"author":[{"embeddable":true,"href":"https:\/\/grupos.unileon.es\/ingecart\/wp-json\/wp\/v2\/users\/14"}],"replies":[{"embeddable":true,"href":"https:\/\/grupos.unileon.es\/ingecart\/wp-json\/wp\/v2\/comments?post=1019"}],"version-history":[{"count":12,"href":"https:\/\/grupos.unileon.es\/ingecart\/wp-json\/wp\/v2\/pages\/1019\/revisions"}],"predecessor-version":[{"id":1250,"href":"https:\/\/grupos.unileon.es\/ingecart\/wp-json\/wp\/v2\/pages\/1019\/revisions\/1250"}],"wp:attachment":[{"href":"https:\/\/grupos.unileon.es\/ingecart\/wp-json\/wp\/v2\/media?parent=1019"}],"curies":[{"name":"wp","href":"https:\/\/api.w.org\/{rel}","templated":true}]}}