{"id":1029,"date":"2013-05-15T08:04:09","date_gmt":"2013-05-15T08:04:09","guid":{"rendered":"http:\/\/grupos.unileon.es\/ingecart\/?page_id=1029"},"modified":"2014-05-06T09:50:26","modified_gmt":"2014-05-06T09:50:26","slug":"1029-2","status":"publish","type":"page","link":"https:\/\/grupos.unileon.es\/ingecart\/1029-2\/","title":{"rendered":"2013"},"content":{"rendered":"<h1><strong>Revistas cient\u00edficas (English)<\/strong><\/h1>\n<ul>\n<li>\u00a0<span style=\"color: #000000;\"><span style=\"color: #000000;\"><em>G\u00f3mez-V\u00e1zquez, I.,\u00a0Crecente-Campo, F.,\u00a0Di\u00e9guez-Aranda, U.,\u00a0Castedo-Dorado, F.(2013)<\/em>\u00a0<strong><a href=\"http:\/\/grupos.unileon.es\/ingecart\/files\/2014\/05\/Gomez-Vazquez-I._2013_Ann.-Forest-Sci.pdf\" target=\"_blank\">Modelling canopy fuel variables in Pinus pinaster Ait. and Pinus radiata D. Don stands in northwestern Spain.<\/a>\u00a0<\/strong><em>Annals of Forest Science<\/em>\u00a0\u00a070\u00a0\u00a0(2)\u00a0\u00a0PP. 161 &#8211; 172<br \/>\n<\/span><\/span><\/li>\n<\/ul>\n<p>&nbsp;<\/p>\n<ul>\n<li>\n<div class=\"bold refAuthorTitle\" style=\"color: #2e2e2e;\"><em><span class=\"previewTxt\" style=\"color: #2e2e2e !important;\">Crecente-Campo, F.<\/span><span style=\"color: #c0c0c0;\">,\u00a0<\/span><span class=\"previewTxt\" style=\"color: #2e2e2e !important;\">\u00c1lvarez-Gonz\u00e1lez, J.G.<\/span><span style=\"color: #c0c0c0;\">,\u00a0<\/span><span class=\"previewTxt\" style=\"color: #2e2e2e !important;\">Castedo-Dorado, F.<\/span><span style=\"color: #c0c0c0;\">,\u00a0<\/span><span class=\"previewTxt\" style=\"color: #2e2e2e !important;\">G\u00f3mez-Garc\u00eda, E.<\/span><span style=\"color: #c0c0c0;\">,\u00a0<\/span><\/em><span class=\"previewTxt\" style=\"color: #2e2e2e !important;\"><em>Di\u00e9guez-Aranda, U.(2013)<\/em><span style=\"color: #000000;\"><strong>\u00a0<\/strong><\/span><\/span><span style=\"color: rgb(128, 0, 0);\"><a href=\"http:\/\/www.scopus.com\/record\/display.url?view=basic&amp;eid=2-s2.0-84882262761&amp;origin=resultslist\" target=\"_blank\"><span style=\"color: rgb(128, 0, 0);\"><strong><span style=\"color: #000000;\">Development of crown profile models for Pinus pinaster Ait. and Pinus sylvestris L. in northwestern Spain<\/span><\/strong><\/span><\/a><strong><span style=\"text-decoration: underline;\">\u00a0<\/span><\/strong><\/span><span class=\"txtSmaller\" style=\"color: #2e2e2e;\"><span style=\"color: rgb(128, 0, 0);\">\u00a0<\/span><em>Forestry<\/em><\/span><em><span style=\"color: #2e2e2e;\">\u00a0\u00a0<\/span><span style=\"color: #2e2e2e;\">86<\/span><span style=\"color: #2e2e2e;\">\u00a0\u00a0<\/span><span style=\"color: #2e2e2e;\">(4)<\/span><span style=\"color: #2e2e2e;\">\u00a0\u00a0<\/span><span style=\"color: #2e2e2e;\">PP. 481 &#8211; 491<\/span><span style=\"color: #2e2e2e;\">\u00a0\u00a0<\/span><\/em><\/div>\n<\/li>\n<\/ul>\n<p>&nbsp;<\/p>\n<ul>\n<li>Ord\u00f3\u00f1ez, C.; Roca-Pardi\u00f1as, J.; Castedo-Dorado, F.; Rodr\u00edguez-P\u00e9rez, J.R. (2013).<a href=\"http:\/\/grupos.unileon.es\/ingecart\/files\/2013\/05\/hera_2013.pdf\"><strong>A Bootstrap-Based Covariate Selection Method for Modeling the Risk of Lightning-Induced Fires at a Local Scale: A Case Study in Northwest Spain.<\/strong>\u00a0<\/a> <i>Human and Ecological Risk Assessment, 19:<\/i> 254\u2013267.<\/li>\n<\/ul>\n<p>&nbsp;<\/p>\n<ul>\n<li>Ord\u00f3\u00f1ez-Gal\u00e1n, C.; Rodr\u00edguez P\u00e9rez, J.R.; Garc\u00eda-Cort\u00e9s, S.; Bernardo-S\u00e1nchez, A. (2013).\u00a0<strong><a href=\"http:\/\/grupos.unileon.es\/ingecart\/files\/2013\/05\/MCM_2013.pdf\">Analysis of the influence of forestry environments on the accuracy of GPS measurements by means of recurrent neural networks.<\/a><\/strong> <i>Mathematical and Computer Modelling, 57:<\/i> 2016\u20132023.<\/li>\n<\/ul>\n<p>&nbsp;<\/p>\n<ul>\n<li>Ord\u00f3\u00f1ez, C. ; Rodr\u00edguez-P\u00e9rez, J.R. ; Moreira, J.J. ; Sanz, E. (2013). <strong><a href=\"http:\/\/ieeexplore.ieee.org\/xpl\/login.jsp?tp=&amp;arnumber=6335472&amp;url=http%3A%2F%2Fieeexplore.ieee.org%2Fstamp%2Fstamp.jsp%3Ftp%3D%26arnumber%3D6335472\">Using Hyperspectral Reflectance Spectrometry and Functional Models to Characterize Vine Leaf Composition<\/a>.<\/strong> <i>Geoscience and Remote Sensing, IEEE Transactions on 51 (5):<\/i> 2610 \u2013 2618.<\/li>\n<\/ul>\n<p>&nbsp;<\/p>\n<ul>\n<li>Marabel, M.; Alvarez-Taboada, M.F.<a href=\"http:\/\/www.mdpi.com\/1424-8220\/13\/8\/10027\" target=\"_blank\"><strong> Spectroscopic Determination of Aboveground Biomass in Grasslands Using Spectral Transformations, Support Vector Machine and Partial Least Squares Regression. <\/strong><\/a><em>Sensors. 13 \u00a0(8): 10027 \u2013 10051.<\/em><\/li>\n<\/ul>\n<p>&nbsp;<\/p>\n<ul>\n<li>Fern\u00e1ndez-Luque, I.; Aguilar, F.; \u00c1lvarez, M. F.; \u00a0Aguilar, M.A. <a href=\"http:\/\/ieeexplore.ieee.org\/xpl\/RecentIssue.jsp?punumber=4609443\" target=\"_blank\"><strong>Non-Parametric Object-Based Approaches to Carry Out ISA Classification From Archival Aerial Orthoimages.<\/strong><\/a> <em>IEEE Journal of Selected Topics in Applied Earth Observations and Remote Sensing. 6 (4): 2058 &#8211; 2071.<\/em><\/li>\n<\/ul>\n<p>&nbsp;<\/p>\n<p>&nbsp;<\/p>\n<h1><b>Proceedings y actas de congresos<\/b><\/h1>\n<p>&nbsp;<\/p>\n<ul>\n<li>Faba-Fern\u00e1ndez, M.; Blanco-V\u00e1zquez, M.A.; Blanco-Oviedo, J.; Castedo-Dorado, F.; Rodr\u00edguez-P\u00e9rez, J.R. (2013).<strong><a href=\"http:\/\/www.congresoforestal.es\/actas\/doc\/6CFE\/6CFE01-359.pdf\" target=\"_blank\"> Caracterizaci\u00f3n de los incendios forestales producidos por rayo en Castilla y Le\u00f3n en el per\u00edodo 2000-2010<\/a><\/strong>. <em>En: G. Montero Gonz\u00e1lez, M. Guijarro Guzm\u00e1n et al. (eds.), Actas 6\u00ba Congreso Forestal Espa\u00f1ol CD-Rom. 6CFE01- 359: 9. Sociedad Espa\u00f1ola de Ciencias Forestales. Pontevedra<\/em>.<\/li>\n<\/ul>\n<p>&nbsp;<\/p>\n<ul>\n<li>Blanco-V\u00e1zquez, M.A.; Faba-Fern\u00e1ndez, M.; Rodr\u00edguez-P\u00e9rez, J.R.; Castedo-Dorado, F. (2013) <strong><a href=\"http:\/\/www.congresoforestal.es\/actas\/doc\/6CFE\/6CFE01-494.pdf\" target=\"_blank\">Evaluaci\u00f3n de las exactitudes obtenidas con receptores de posicionamiento por sat\u00e9lite en parcelas arboladas.<\/a><\/strong> <em>En: G. Montero Gonz\u00e1lez, M. Guijarro Guzm\u00e1n et al. (eds.), Actas 6\u00ba Congreso Forestal Espa\u00f1ol CD-Rom. 6CFE01-494: 9. Sociedad Espa\u00f1ola de Ciencias Forestales. Pontevedra.<\/em><\/li>\n<\/ul>\n<p>&nbsp;<\/p>\n<ul>\n<li>Rodr\u00edguez-P\u00e9rez, J.R.; Faba-Fern\u00e1ndez, M.; Blanco-V\u00e1zquez, M.A.; Blanco-Oviedo, J.; Castedo-Dorado, f.; Marabel, M. (2013). <strong><a href=\"http:\/\/grupos.unileon.es\/ingecart\/files\/2014\/03\/Rodriguez-PerezJR_2013_XV_AET.pdf\" target=\"_blank\">Caracterizaci\u00f3n de los rayos que ocasionan incendios forestales mediante t\u00e9cnicas de teledetecci\u00f3n de superficie y SIG<\/a><\/strong>. <em>En: A. Fern\u00e1ndez-Renau Gonz\u00e1lez-Anleo y E. de Miguel Llanes, E., (eds.), \u201cTeledetecci\u00f3n. Sistemas operacionales de observaci\u00f3n de la tierra\u201d, Actas del XV Congreso de la Asociaci\u00f3n Espa\u00f1ola de Teledetecci\u00f3n (AET). INTA, Torrej\u00f3n de Ardoz (Madrid). Pp. 4.<\/em><\/li>\n<\/ul>\n<p>&nbsp;<\/p>\n<ul>\n<li>Blanco-V\u00e1zquez, M.A.; Rodr\u00edguez-P\u00e9rez, J.R. 2013.<strong><a href=\"http:\/\/grupos.unileon.es\/ingecart\/files\/2014\/03\/BLANCO_ET_AL_JRE13.pdf\" target=\"_blank\"> Los sistemas GNSS como fuente de datos precisos para el remodelado topogr\u00e1fico de \u00e1reas degradadas por la miner\u00eda.<\/a><\/strong> <em>En: A. Garc\u00eda-\u00c1lvarez y J. Ram\u00f3n-Travieso, Restauraci\u00f3n Ecol\u00f3gica en Miner\u00eda, Memoria de las\u00a0 Jornadas cient\u00edfico-t\u00e9cnicas de Restauraci\u00f3n Ecol\u00f3gica en \u00e1reas afectadas por la miner\u00eda. Ponferrada (Le\u00f3n), 8 a 11 de mayo de 2012. Fundaci\u00f3n Ciudad de la Energ\u00eda. Pp.9. ISBN: 978-84-616-3058-5. DL: LE-1122-2013.<\/em><\/li>\n<\/ul>\n<p>&nbsp;<\/p>\n<ul>\n<li>Marabel Garc\u00eda, M.; \u00c1lvarez-Taboada, F. (2013). <a href=\"http:\/\/grupos.unileon.es\/ingecart\/files\/2014\/03\/MarabelM_XV_AET13.pdf\" target=\"_blank\"><strong>Estimaci\u00f3n de biomasa en herb\u00e1ceas a partir de datos hiperespectrales, regresi\u00f3n PLS y la transformaci\u00f3n continuum removal.<\/strong><\/a> <em>En: A. Fern\u00e1ndez-Renau Gonz\u00e1lez-Anleo y E. de Miguel Llanes, E., (eds.), \u201cTeledetecci\u00f3n. Sistemas operacionales de observaci\u00f3n de la tierra\u201d, Actas del XV Congreso de la Asociaci\u00f3n Espa\u00f1ola de Teledetecci\u00f3n (AET). INTA, Torrej\u00f3n de Ardoz (Madrid). Pp. 4.<\/em><\/li>\n<\/ul>\n<p>&nbsp;<\/p>\n<p>&nbsp;<\/p>\n<p>&nbsp;<\/p>\n<p>&nbsp;<\/p>\n<p>&nbsp;<\/p>\n<p>&nbsp;<\/p>\n<p align=\"center\"><a href=\"http:\/\/grupos.unileon.es\/ingecart\/2012-2\/\">A\u00f1o anterior <i>(2012)<\/i><\/a><i>\u00a0 <\/i>&#8212; <a title=\"2014\" href=\"http:\/\/grupos.unileon.es\/ingecart\/2014-2\/\">A\u00f1o siguiente <i>(2014)<\/i><\/a><\/p>\n<p align=\"center\"><a href=\"http:\/\/grupos.unileon.es\/ingecart\/links-prueba\/\">Ver todos<\/a><\/p>\n","protected":false},"excerpt":{"rendered":"<p>Revistas cient\u00edficas (English) \u00a0G\u00f3mez-V\u00e1zquez, I.,\u00a0Crecente-Campo, F.,\u00a0Di\u00e9guez-Aranda, U.,\u00a0Castedo-Dorado, F.(2013)\u00a0Modelling canopy fuel variables in Pinus pinaster Ait. and Pinus radiata D. Don stands in northwestern Spain.\u00a0Annals of Forest Science\u00a0\u00a070\u00a0\u00a0(2)\u00a0\u00a0PP. 161 &#8211; 172 &nbsp; Crecente-Campo, F.,\u00a0\u00c1lvarez-Gonz\u00e1lez, J.G.,\u00a0Castedo-Dorado, F.,\u00a0G\u00f3mez-Garc\u00eda, E.,\u00a0Di\u00e9guez-Aranda, U.(2013)\u00a0Development of crown profile models for Pinus pinaster Ait. and Pinus sylvestris L. in northwestern Spain\u00a0\u00a0Forestry\u00a0\u00a086\u00a0\u00a0(4)\u00a0\u00a0PP. 481 &#8211; 491\u00a0\u00a0 [&hellip;]<\/p>\n","protected":false},"author":14,"featured_media":0,"parent":0,"menu_order":0,"comment_status":"closed","ping_status":"open","template":"","meta":{"footnotes":""},"class_list":["post-1029","page","type-page","status-publish","hentry"],"_links":{"self":[{"href":"https:\/\/grupos.unileon.es\/ingecart\/wp-json\/wp\/v2\/pages\/1029","targetHints":{"allow":["GET"]}}],"collection":[{"href":"https:\/\/grupos.unileon.es\/ingecart\/wp-json\/wp\/v2\/pages"}],"about":[{"href":"https:\/\/grupos.unileon.es\/ingecart\/wp-json\/wp\/v2\/types\/page"}],"author":[{"embeddable":true,"href":"https:\/\/grupos.unileon.es\/ingecart\/wp-json\/wp\/v2\/users\/14"}],"replies":[{"embeddable":true,"href":"https:\/\/grupos.unileon.es\/ingecart\/wp-json\/wp\/v2\/comments?post=1029"}],"version-history":[{"count":25,"href":"https:\/\/grupos.unileon.es\/ingecart\/wp-json\/wp\/v2\/pages\/1029\/revisions"}],"predecessor-version":[{"id":1244,"href":"https:\/\/grupos.unileon.es\/ingecart\/wp-json\/wp\/v2\/pages\/1029\/revisions\/1244"}],"wp:attachment":[{"href":"https:\/\/grupos.unileon.es\/ingecart\/wp-json\/wp\/v2\/media?parent=1029"}],"curies":[{"name":"wp","href":"https:\/\/api.w.org\/{rel}","templated":true}]}}