{"id":110,"date":"2011-04-29T11:22:11","date_gmt":"2011-04-29T11:22:11","guid":{"rendered":"http:\/\/grupos.unileon.es\/ingecart\/?page_id=110"},"modified":"2014-05-12T10:45:13","modified_gmt":"2014-05-12T10:45:13","slug":"marco-antonio-blanco-vazquez","status":"publish","type":"page","link":"https:\/\/grupos.unileon.es\/ingecart\/personal\/marco-antonio-blanco-vazquez\/","title":{"rendered":"Marco Antonio Blanco V\u00e1zquez"},"content":{"rendered":"<p><a href=\"http:\/\/grupos.unileon.es\/ingecart\/files\/2011\/04\/marco.jpg\"><img loading=\"lazy\" decoding=\"async\" class=\"size-medium wp-image-310 aligncenter\" src=\"http:\/\/grupos.unileon.es\/ingecart\/files\/2011\/04\/marco-300x223.jpg\" alt=\"\" width=\"300\" height=\"223\" srcset=\"https:\/\/grupos.unileon.es\/ingecart\/files\/2011\/04\/marco-300x223.jpg 300w, https:\/\/grupos.unileon.es\/ingecart\/files\/2011\/04\/marco.jpg 687w\" sizes=\"auto, (max-width: 300px) 100vw, 300px\" \/><\/a><\/p>\n<p>&nbsp;<\/p>\n<p><span style=\"color: #222222;\">Formaci\u00f3n Acad\u00e9mica:<\/span><\/p>\n<ul>\n<li><strong>Ingeniero T\u00e9cnico en Topograf\u00eda. Universidad de Le\u00f3n.\u00a0<\/strong><\/li>\n<li><strong>M\u00e1ster en Geotecnolog\u00edas Cartogr\u00e1ficas en Ingenier\u00eda y Arquitectura. Universidad de Salamanca.\u00a0<\/strong><\/li>\n<li><strong>M\u00e1ster Oficial Universitario en Prevenci\u00f3n de Riesgos Laborales. Universidad a Distancia de Madrid.<\/strong><\/li>\n<\/ul>\n<p dir=\"ltr\" style=\"color: #222222;\">Categor\u00eda Profesional:<\/p>\n<ul>\n<li><strong>T\u00e9cnico de Prevenci\u00f3n de Riesgos Laborales.<\/strong><\/li>\n<\/ul>\n<p>\u00c1reas de trabajo:<\/p>\n<ul>\n<li><strong>Sistemas de informaci\u00f3n geogr\u00e1fica<\/strong><\/li>\n<li><strong>Infraestructuras de datos espaciales <\/strong><\/li>\n<li><strong>Fotogrametr\u00eda terrestre<\/strong><\/li>\n<li><strong>Sistemas de posicionamiento por sat\u00e9lite<\/strong><\/li>\n<\/ul>\n<p>&nbsp;<\/p>\n<p>Experiencias profesionales: :<\/p>\n<ul>\n<li>2011 &#8211; 2012: Grupo de investigaci\u00f3n GEOINCA GI-202, Universidad de Le\u00f3n.<\/li>\n<li>2011: Pr\u00e1cticas en de T\u00e9cnico de Prevenci\u00f3n de Riesgos Laborales.<em>PEAL Obra P\u00fablica S.A.<\/em><\/li>\n<li>2010: Pr\u00e1cticas realizando funciones de <strong>Ingeniero T\u00e9cnico en Topograf\u00eda<\/strong> en la explotaci\u00f3n minera Aguablanca (Sevilla).<br \/>\n<em>PEAL Obra P\u00fablica S.A.<\/em><\/li>\n<li>2009 \u2013 2010: Becario de colaboraci\u00f3n realizando las labores de<strong> promoci\u00f3n del Campus de Ponferrada<\/strong> y generaci\u00f3n de contenido para la <strong>p\u00e1gina Web<\/strong> institucional.<br \/>\n<em>Universidad de Le\u00f3n.<\/em><\/li>\n<li>2008: Pr\u00e1cticas realizando funciones de <strong>Ingeniero T\u00e9cnico en Topograf\u00eda<\/strong>.<br \/>\n<em>Geosat Ingenieros S.L.<\/em><\/li>\n<\/ul>\n<p>Contacto:<\/p>\n<p><strong>marco.blancovaz@gmail.com<\/strong><\/p>\n","protected":false},"excerpt":{"rendered":"<p>&nbsp; Formaci\u00f3n Acad\u00e9mica: Ingeniero T\u00e9cnico en Topograf\u00eda. Universidad de Le\u00f3n.\u00a0 M\u00e1ster en Geotecnolog\u00edas Cartogr\u00e1ficas en Ingenier\u00eda y Arquitectura. Universidad de Salamanca.\u00a0 M\u00e1ster Oficial Universitario en Prevenci\u00f3n de Riesgos Laborales. Universidad a Distancia de Madrid. Categor\u00eda Profesional: T\u00e9cnico de Prevenci\u00f3n de Riesgos Laborales. \u00c1reas de trabajo: Sistemas de informaci\u00f3n geogr\u00e1fica Infraestructuras de datos espaciales Fotogrametr\u00eda terrestre [&hellip;]<\/p>\n","protected":false},"author":3,"featured_media":0,"parent":22,"menu_order":0,"comment_status":"closed","ping_status":"open","template":"","meta":{"footnotes":""},"class_list":["post-110","page","type-page","status-publish","hentry"],"_links":{"self":[{"href":"https:\/\/grupos.unileon.es\/ingecart\/wp-json\/wp\/v2\/pages\/110","targetHints":{"allow":["GET"]}}],"collection":[{"href":"https:\/\/grupos.unileon.es\/ingecart\/wp-json\/wp\/v2\/pages"}],"about":[{"href":"https:\/\/grupos.unileon.es\/ingecart\/wp-json\/wp\/v2\/types\/page"}],"author":[{"embeddable":true,"href":"https:\/\/grupos.unileon.es\/ingecart\/wp-json\/wp\/v2\/users\/3"}],"replies":[{"embeddable":true,"href":"https:\/\/grupos.unileon.es\/ingecart\/wp-json\/wp\/v2\/comments?post=110"}],"version-history":[{"count":41,"href":"https:\/\/grupos.unileon.es\/ingecart\/wp-json\/wp\/v2\/pages\/110\/revisions"}],"predecessor-version":[{"id":1276,"href":"https:\/\/grupos.unileon.es\/ingecart\/wp-json\/wp\/v2\/pages\/110\/revisions\/1276"}],"up":[{"embeddable":true,"href":"https:\/\/grupos.unileon.es\/ingecart\/wp-json\/wp\/v2\/pages\/22"}],"wp:attachment":[{"href":"https:\/\/grupos.unileon.es\/ingecart\/wp-json\/wp\/v2\/media?parent=110"}],"curies":[{"name":"wp","href":"https:\/\/api.w.org\/{rel}","templated":true}]}}