{"id":117,"date":"2011-04-29T11:29:22","date_gmt":"2011-04-29T11:29:22","guid":{"rendered":"http:\/\/grupos.unileon.es\/ingecart\/?page_id=117"},"modified":"2014-05-12T11:01:08","modified_gmt":"2014-05-12T11:01:08","slug":"maria-nuria-fernandez-palomares","status":"publish","type":"page","link":"https:\/\/grupos.unileon.es\/ingecart\/personal\/maria-nuria-fernandez-palomares\/","title":{"rendered":"Mar\u00eda Nuria Fern\u00e1ndez Palomares"},"content":{"rendered":"<table class=\"directory\" style=\"color: #000000;\">\n<tbody>\n<tr>\n<th style=\"color: black;\">Correo<\/th>\n<td style=\"color: black;\"><a style=\"color: #bb2222;\" href=\"mailto:sercar@unileon.es\">sercar@unileon.es<\/a><\/td>\n<\/tr>\n<tr>\n<th style=\"color: black;\">Telefono<\/th>\n<td style=\"color: black;\">98729-1440<\/td>\n<\/tr>\n<tr>\n<th style=\"color: black;\">Telefono<\/th>\n<td style=\"color: black;\">98729-1526<\/td>\n<\/tr>\n<tr>\n<td style=\"color: black;\" colspan=\"2\">Edificio Servicios. Secretario de \u00c1rea. Secret. \u00c1rea Servicio de Cartograf\u00eda.<\/td>\n<\/tr>\n<tr>\n<th style=\"color: black;\">Correo<\/th>\n<td style=\"color: black;\"><a style=\"color: #930000;\" href=\"mailto:nuria.fernandez@unileon.es\">nuria.fernandez@unileon.es<\/a><\/td>\n<\/tr>\n<tr>\n<th style=\"color: black;\">Telefono<\/th>\n<td style=\"color: black;\">98744-2112<\/td>\n<\/tr>\n<tr>\n<td style=\"color: black;\" colspan=\"2\">Edificio Campus de Ponferrada. Tecnolog\u00eda Minera, Topog. y Estructuras. Ingenier\u00eda Cartogr\u00e1fica, Geod\u00e9sica y Fotogrametr\u00eda.<\/td>\n<\/tr>\n<\/tbody>\n<\/table>\n<p>&nbsp;<\/p>\n","protected":false},"excerpt":{"rendered":"<p>Correo sercar@unileon.es Telefono 98729-1440 Telefono 98729-1526 Edificio Servicios. Secretario de \u00c1rea. Secret. \u00c1rea Servicio de Cartograf\u00eda. Correo nuria.fernandez@unileon.es Telefono 98744-2112 Edificio Campus de Ponferrada. Tecnolog\u00eda Minera, Topog. y Estructuras. Ingenier\u00eda Cartogr\u00e1fica, Geod\u00e9sica y Fotogrametr\u00eda. &nbsp;<\/p>\n","protected":false},"author":3,"featured_media":0,"parent":22,"menu_order":0,"comment_status":"closed","ping_status":"open","template":"","meta":{"footnotes":""},"class_list":["post-117","page","type-page","status-publish","hentry"],"_links":{"self":[{"href":"https:\/\/grupos.unileon.es\/ingecart\/wp-json\/wp\/v2\/pages\/117","targetHints":{"allow":["GET"]}}],"collection":[{"href":"https:\/\/grupos.unileon.es\/ingecart\/wp-json\/wp\/v2\/pages"}],"about":[{"href":"https:\/\/grupos.unileon.es\/ingecart\/wp-json\/wp\/v2\/types\/page"}],"author":[{"embeddable":true,"href":"https:\/\/grupos.unileon.es\/ingecart\/wp-json\/wp\/v2\/users\/3"}],"replies":[{"embeddable":true,"href":"https:\/\/grupos.unileon.es\/ingecart\/wp-json\/wp\/v2\/comments?post=117"}],"version-history":[{"count":2,"href":"https:\/\/grupos.unileon.es\/ingecart\/wp-json\/wp\/v2\/pages\/117\/revisions"}],"predecessor-version":[{"id":1286,"href":"https:\/\/grupos.unileon.es\/ingecart\/wp-json\/wp\/v2\/pages\/117\/revisions\/1286"}],"up":[{"embeddable":true,"href":"https:\/\/grupos.unileon.es\/ingecart\/wp-json\/wp\/v2\/pages\/22"}],"wp:attachment":[{"href":"https:\/\/grupos.unileon.es\/ingecart\/wp-json\/wp\/v2\/media?parent=117"}],"curies":[{"name":"wp","href":"https:\/\/api.w.org\/{rel}","templated":true}]}}