{"id":1225,"date":"2014-05-05T08:00:42","date_gmt":"2014-05-05T08:00:42","guid":{"rendered":"http:\/\/grupos.unileon.es\/ingecart\/?page_id=1225"},"modified":"2014-05-09T18:53:58","modified_gmt":"2014-05-09T18:53:58","slug":"trabajos-fin-de-master","status":"publish","type":"page","link":"https:\/\/grupos.unileon.es\/ingecart\/trabajos-fin-de-master\/","title":{"rendered":"Trabajos Fin de M\u00e1ster"},"content":{"rendered":"<p>Estudiante: <strong>Ana Bel\u00e9n Gonz\u00e1lez Fern\u00e1ndez<\/strong><\/p>\n<p>T\u00edtulo:\u00a0<strong><em>DELIMITACI\u00d3N DE ZONAS HOMOG\u00c9NEAS DE VENDIMIA MEDIANTE SIG EN LA D.O. BIERZO (LE\u00d3N-ESPA\u00d1A)<\/em><\/strong><\/p>\n<p>Master: <strong>Master en Ingenier\u00eda de Biosistemas 2010\/11. Universidad de Le\u00f3n.<\/strong><\/p>\n<p>Convocatoria: <strong>junio 2010<\/strong><\/p>\n<p><a href=\"http:\/\/grupos.unileon.es\/ingecart\/files\/2014\/05\/TFM_AnaBGonzalez2011.pdf\" target=\"_blank\">Resumen<\/a><\/p>\n<hr \/>\n<p>Estudiante: <strong>Guillermo Marqu\u00e9s Rodr\u00edguez<\/strong><\/p>\n<p>T\u00edtulo:\u00a0<strong><em>AN\u00c1LISIS ESPACIAL DE LA INCIDENCIA DE FEN\u00d3MENOS TORMENTOSOS SOBRE CULTIVOS ARB\u00d3REOS DE CASTILLA Y LE\u00d3N<\/em><\/strong><\/p>\n<p>Master: <strong>Master en Ingenier\u00eda de Biosistemas 2010\/11. Universidad de Le\u00f3n.<\/strong><\/p>\n<p>Convocatoria: <strong>junio 2011<\/strong><\/p>\n<p><a href=\"http:\/\/grupos.unileon.es\/ingecart\/files\/2014\/05\/TFM_GuillermoMarques2012.pdf\" target=\"_blank\">Resumen<\/a><\/p>\n<hr \/>\n<p>&nbsp;<\/p>\n<hr \/>\n","protected":false},"excerpt":{"rendered":"<p>Estudiante: Ana Bel\u00e9n Gonz\u00e1lez Fern\u00e1ndez T\u00edtulo:\u00a0DELIMITACI\u00d3N DE ZONAS HOMOG\u00c9NEAS DE VENDIMIA MEDIANTE SIG EN LA D.O. BIERZO (LE\u00d3N-ESPA\u00d1A) Master: Master en Ingenier\u00eda de Biosistemas 2010\/11. Universidad de Le\u00f3n. Convocatoria: junio 2010 Resumen Estudiante: Guillermo Marqu\u00e9s Rodr\u00edguez T\u00edtulo:\u00a0AN\u00c1LISIS ESPACIAL DE LA INCIDENCIA DE FEN\u00d3MENOS TORMENTOSOS SOBRE CULTIVOS ARB\u00d3REOS DE CASTILLA Y LE\u00d3N Master: Master en Ingenier\u00eda [&hellip;]<\/p>\n","protected":false},"author":20,"featured_media":0,"parent":0,"menu_order":0,"comment_status":"closed","ping_status":"open","template":"","meta":{"footnotes":""},"class_list":["post-1225","page","type-page","status-publish","hentry"],"_links":{"self":[{"href":"https:\/\/grupos.unileon.es\/ingecart\/wp-json\/wp\/v2\/pages\/1225","targetHints":{"allow":["GET"]}}],"collection":[{"href":"https:\/\/grupos.unileon.es\/ingecart\/wp-json\/wp\/v2\/pages"}],"about":[{"href":"https:\/\/grupos.unileon.es\/ingecart\/wp-json\/wp\/v2\/types\/page"}],"author":[{"embeddable":true,"href":"https:\/\/grupos.unileon.es\/ingecart\/wp-json\/wp\/v2\/users\/20"}],"replies":[{"embeddable":true,"href":"https:\/\/grupos.unileon.es\/ingecart\/wp-json\/wp\/v2\/comments?post=1225"}],"version-history":[{"count":2,"href":"https:\/\/grupos.unileon.es\/ingecart\/wp-json\/wp\/v2\/pages\/1225\/revisions"}],"predecessor-version":[{"id":1272,"href":"https:\/\/grupos.unileon.es\/ingecart\/wp-json\/wp\/v2\/pages\/1225\/revisions\/1272"}],"wp:attachment":[{"href":"https:\/\/grupos.unileon.es\/ingecart\/wp-json\/wp\/v2\/media?parent=1225"}],"curies":[{"name":"wp","href":"https:\/\/api.w.org\/{rel}","templated":true}]}}