{"id":1258,"date":"2014-05-07T10:28:53","date_gmt":"2014-05-07T10:28:53","guid":{"rendered":"http:\/\/grupos.unileon.es\/ingecart\/?page_id=1258"},"modified":"2014-05-07T10:58:42","modified_gmt":"2014-05-07T10:58:42","slug":"trabajos-fin-de-carrera-ingenieria-tecnica-agricola","status":"publish","type":"page","link":"https:\/\/grupos.unileon.es\/ingecart\/trabajos-fin-de-carrera-ingenieria-tecnica-agricola\/","title":{"rendered":"Trabajos fin de carrera Ingenier\u00eda T\u00e9cnica Agr\u00edcola"},"content":{"rendered":"<p>&nbsp;<\/p>\n<p>Estudiante:Mercedes Fern\u00e1ndez L\u00f3pez<\/p>\n<p>T\u00edtulo: Evaluaci\u00f3n del posicionamiento con receptores Gps de doble frecuencia bajo cubierta arbolada de Pinus radiata D.Don<\/p>\n<p>Title:\u00a0Assessment of the positioning with gps receivers of double frequency under forest canopy cover of pinus radiata D.DON<\/p>\n<p>Convocatoria:\u00a0septiembre de 2009<\/p>\n<p><a href=\"http:\/\/grupos.unileon.es\/ingecart\/files\/2014\/05\/ITF_TFC_Fern%C3%A1ndez-L%C3%B3pez-Mercedes_-sep-09.pdf\" target=\"_blank\">Resumen<\/a><\/p>\n<hr \/>\n<p>&nbsp;<\/p>\n<p>Estudiante: Ana Rosa Caz\u00f3n Seco<\/p>\n<p>T\u00edtulo:\u00a0IMPLEMENTACI\u00d3N DE UN SISTEMA DE INFORMACI\u00d3N GEOGR\u00c1FICA PARA BODEGAS PRADA A TOPE<\/p>\n<p>Convocatoria: febrero \u00a0de 2003<\/p>\n<p><a href=\"http:\/\/grupos.unileon.es\/ingecart\/files\/2014\/05\/Titulo2.pdf\" target=\"_blank\">Resumen<\/a><\/p>\n<hr \/>\n<p>&nbsp;<\/p>\n<p>Estudiante:Paula Fern\u00e1ndez Trabanco<\/p>\n<p>T\u00edtulo:\u00a0EVOLUCI\u00d3N DEL CULTIVO DE LAVID Y SUS<br \/>\nREPERCUSIONES PAISAJ\u00cdSTICAS Y<br \/>\nSOCIOECON\u00d3MICAS EN EL MUNICIPIO DE BEMBIBRE<\/p>\n<p>Convocatoria: junio\u00a0de 2006<\/p>\n<p><a href=\"http:\/\/grupos.unileon.es\/ingecart\/files\/2014\/05\/pfc_word.pdf\" target=\"_blank\">Resumen<\/a><\/p>\n<hr \/>\n<p>&nbsp;<\/p>\n<p>Estudiante:N. BALBINA RODR\u00cdGUEZ MERAYO<\/p>\n<p>T\u00edtulo:\u00a0REBIGIS: SISTEMA DE INFORMACI\u00d3N GEOGR\u00c1FICO PARA DO<br \/>\nMANZANA REINETA DEL BIERZO<\/p>\n<p>Title:\u00a0THE D.O. \u201cREINETA\u201d APPLE FROM BIERZO GEOGRAPHICA<br \/>\nINFORMATION SYSTEM<\/p>\n<p>Convocatoria: febrero\u00a0de 2008<\/p>\n<p><a href=\"http:\/\/grupos.unileon.es\/ingecart\/files\/2014\/05\/Binder1.pdf\" target=\"_blank\">Resumen<\/a><\/p>\n<hr \/>\n<p>&nbsp;<\/p>\n","protected":false},"excerpt":{"rendered":"<p>&nbsp; Estudiante:Mercedes Fern\u00e1ndez L\u00f3pez T\u00edtulo: Evaluaci\u00f3n del posicionamiento con receptores Gps de doble frecuencia bajo cubierta arbolada de Pinus radiata D.Don Title:\u00a0Assessment of the positioning with gps receivers of double frequency under forest canopy cover of pinus radiata D.DON Convocatoria:\u00a0septiembre de 2009 Resumen &nbsp; Estudiante: Ana Rosa Caz\u00f3n Seco T\u00edtulo:\u00a0IMPLEMENTACI\u00d3N DE UN SISTEMA DE INFORMACI\u00d3N [&hellip;]<\/p>\n","protected":false},"author":20,"featured_media":0,"parent":0,"menu_order":0,"comment_status":"closed","ping_status":"open","template":"","meta":{"footnotes":""},"class_list":["post-1258","page","type-page","status-publish","hentry"],"_links":{"self":[{"href":"https:\/\/grupos.unileon.es\/ingecart\/wp-json\/wp\/v2\/pages\/1258","targetHints":{"allow":["GET"]}}],"collection":[{"href":"https:\/\/grupos.unileon.es\/ingecart\/wp-json\/wp\/v2\/pages"}],"about":[{"href":"https:\/\/grupos.unileon.es\/ingecart\/wp-json\/wp\/v2\/types\/page"}],"author":[{"embeddable":true,"href":"https:\/\/grupos.unileon.es\/ingecart\/wp-json\/wp\/v2\/users\/20"}],"replies":[{"embeddable":true,"href":"https:\/\/grupos.unileon.es\/ingecart\/wp-json\/wp\/v2\/comments?post=1258"}],"version-history":[{"count":4,"href":"https:\/\/grupos.unileon.es\/ingecart\/wp-json\/wp\/v2\/pages\/1258\/revisions"}],"predecessor-version":[{"id":1267,"href":"https:\/\/grupos.unileon.es\/ingecart\/wp-json\/wp\/v2\/pages\/1258\/revisions\/1267"}],"wp:attachment":[{"href":"https:\/\/grupos.unileon.es\/ingecart\/wp-json\/wp\/v2\/media?parent=1258"}],"curies":[{"name":"wp","href":"https:\/\/api.w.org\/{rel}","templated":true}]}}