{"id":1303,"date":"2014-05-20T08:41:33","date_gmt":"2014-05-20T08:41:33","guid":{"rendered":"http:\/\/grupos.unileon.es\/ingecart\/?page_id=1303"},"modified":"2014-05-20T08:48:41","modified_gmt":"2014-05-20T08:48:41","slug":"miguel-marabel-garcia","status":"publish","type":"page","link":"https:\/\/grupos.unileon.es\/ingecart\/miguel-marabel-garcia\/","title":{"rendered":"Miguel Marabel Garc\u00eda"},"content":{"rendered":"<p>&nbsp;<\/p>\n<p><a href=\"http:\/\/grupos.unileon.es\/ingecart\/files\/2014\/05\/miguel.jpg\"><img loading=\"lazy\" decoding=\"async\" class=\"alignnone size-full wp-image-1304\" src=\"http:\/\/grupos.unileon.es\/ingecart\/files\/2014\/05\/miguel.jpg\" alt=\"miguel\" width=\"195\" height=\"191\" \/><\/a><\/p>\n<p>&nbsp;<\/p>\n<p><strong>Formaci\u00f3n Acad\u00e9mica\u00a0 <\/strong><\/p>\n<p><strong>\u00a0<\/strong><\/p>\n<ul>\n<li><strong>T\u00edtulo de Ingeniero T\u00e9cnico Forestal\u00a0 esp. Explt. Forestales.<\/strong> <em>Universidad de Le\u00f3n Campus\u00a0 Ponferrada-\u00a0 Le\u00f3n<\/em><\/li>\n<li><strong>T\u00edtulo de Ingeniero de Montes.<\/strong><em> Universidad de Santiago de Compostela Campus de Lugo y Universidad agraria de Florencia (Italia) Erasmus.<\/em><\/li>\n<li><strong>Master ingenier\u00eda para el desarrollo rural<\/strong>.\u00a0 <em>Universidad de Santiago de Compostela Campus Lugo.<\/em><\/li>\n<\/ul>\n<p><strong><em>\u00a0<\/em><\/strong><\/p>\n<p>Actualmente estudios de doctorado. Denominaci\u00f3n: <strong>Estimaci\u00f3n de variables cualitativas y cuantitativas en sistemas agroforestales con sensores aerotransportados de alta resoluci\u00f3n.<\/strong><\/p>\n<p><em>Universidad y Centro: Universidad de Le\u00f3n, campus de Ponferrada<\/em><\/p>\n<p><strong>\u00a0<\/strong><\/p>\n<p><strong>Experiencia profesional<\/strong><\/p>\n<p><strong>\u00a0<\/strong><\/p>\n<ul>\n<li>2004: <strong>Pe\u00f3n especialista<\/strong> en bodegas vit\u00edcolas. Bodegas Hija de Francisco P\u00e9rez Adri\u00e1. Villafranca del Bierzo (Le\u00f3n)<\/li>\n<li>2005-2006: <strong>Pe\u00f3n especialista de brigada helitransportada<\/strong>.<\/li>\n<\/ul>\n<p>&#8211; Campa\u00f1a extinci\u00f3n forestal 2005. Grupo T.R.A.G.S.A. Base C.A.R. Cueto ( Le\u00f3n)<\/p>\n<p>&#8211; Campa\u00f1a extinci\u00f3n forestal 2006. Grupo T.R.A.G.S.A. Base C.A.R. Cueto ( Le\u00f3n)<\/p>\n<ul>\n<li>2006: <strong>Operario Capataz.<\/strong> Tratamientos contra el chancro del casta\u00f1o. Grupo T.R.A.G.S.A Corull\u00f3n (Le\u00f3n).<\/li>\n<li>2007-2009: <strong>Ingeniero T\u00e9cnico Forestal.<\/strong><\/li>\n<\/ul>\n<p>-Campa\u00f1a extinci\u00f3n forestal 2007 Empresa EURAL. Base C.A.R Medina de Pomar (Burgos).<\/p>\n<p>-Campa\u00f1a extinci\u00f3n forestal 2008 Empresa EURAL. Base ELIF Cueto (Le\u00f3n).<\/p>\n<p>-Campa\u00f1a extinci\u00f3n forestal 2009 Empresa ESTRAFOR. Base ELIF El Maillo (Salamanca).<\/p>\n<ul>\n<li>2010: <strong>Agente<\/strong> asistencia t\u00e9cnica en ADSL. Empresa SYKES. Ponferrada (Le\u00f3n).<\/li>\n<\/ul>\n<p>&nbsp;<\/p>\n<p><strong>\u00c1reas de trabajo:<\/strong><\/p>\n<ul>\n<li>Espectro-radiometr\u00eda y Teledetecci\u00f3n.<\/li>\n<li>An\u00e1lisis hiperespectral y multiespectral.<\/li>\n<li>An\u00e1lisis multivariante\u00a0de datos espectrosc\u00f3picos.<\/li>\n<li>Calibraciones radiom\u00e9tricas<\/li>\n<li>Sistemas de Informaci\u00f3n Geogr\u00e1fica<\/li>\n<li>Infraestructuras de datos espaciales<\/li>\n<\/ul>\n<p>&nbsp;<\/p>\n<p><strong>Contacto: <\/strong><\/p>\n<p><a href=\"mailto:Marabel.geoinca@gmail.com\"><strong>Marabel.geoinca@gmail.com<\/strong><\/a><\/p>\n","protected":false},"excerpt":{"rendered":"<p>&nbsp; &nbsp; Formaci\u00f3n Acad\u00e9mica\u00a0 \u00a0 T\u00edtulo de Ingeniero T\u00e9cnico Forestal\u00a0 esp. Explt. Forestales. Universidad de Le\u00f3n Campus\u00a0 Ponferrada-\u00a0 Le\u00f3n T\u00edtulo de Ingeniero de Montes. Universidad de Santiago de Compostela Campus de Lugo y Universidad agraria de Florencia (Italia) Erasmus. Master ingenier\u00eda para el desarrollo rural.\u00a0 Universidad de Santiago de Compostela Campus Lugo. \u00a0 Actualmente estudios [&hellip;]<\/p>\n","protected":false},"author":20,"featured_media":0,"parent":0,"menu_order":0,"comment_status":"closed","ping_status":"open","template":"","meta":{"footnotes":""},"class_list":["post-1303","page","type-page","status-publish","hentry"],"_links":{"self":[{"href":"https:\/\/grupos.unileon.es\/ingecart\/wp-json\/wp\/v2\/pages\/1303","targetHints":{"allow":["GET"]}}],"collection":[{"href":"https:\/\/grupos.unileon.es\/ingecart\/wp-json\/wp\/v2\/pages"}],"about":[{"href":"https:\/\/grupos.unileon.es\/ingecart\/wp-json\/wp\/v2\/types\/page"}],"author":[{"embeddable":true,"href":"https:\/\/grupos.unileon.es\/ingecart\/wp-json\/wp\/v2\/users\/20"}],"replies":[{"embeddable":true,"href":"https:\/\/grupos.unileon.es\/ingecart\/wp-json\/wp\/v2\/comments?post=1303"}],"version-history":[{"count":5,"href":"https:\/\/grupos.unileon.es\/ingecart\/wp-json\/wp\/v2\/pages\/1303\/revisions"}],"predecessor-version":[{"id":1309,"href":"https:\/\/grupos.unileon.es\/ingecart\/wp-json\/wp\/v2\/pages\/1303\/revisions\/1309"}],"wp:attachment":[{"href":"https:\/\/grupos.unileon.es\/ingecart\/wp-json\/wp\/v2\/media?parent=1303"}],"curies":[{"name":"wp","href":"https:\/\/api.w.org\/{rel}","templated":true}]}}