{"id":131,"date":"2011-04-29T11:35:54","date_gmt":"2011-04-29T11:35:54","guid":{"rendered":"http:\/\/grupos.unileon.es\/ingecart\/?page_id=131"},"modified":"2012-03-09T11:56:26","modified_gmt":"2012-03-09T11:56:26","slug":"ana-belen-gonzalez-fernandez","status":"publish","type":"page","link":"https:\/\/grupos.unileon.es\/ingecart\/personal\/ana-belen-gonzalez-fernandez\/","title":{"rendered":"Ana Bel\u00e9n Gonz\u00e1lez Fern\u00e1ndez"},"content":{"rendered":"<p>Trayectoria acad\u00e9mica:<\/p>\n<ul>\n<ul>\n<li>Doctorando en Ingenier\u00eda de Biosistemas<\/li>\n<\/ul>\n<\/ul>\n<p>&nbsp;<\/p>\n<ul>\n<ul>\n<li>M\u00e1ster Universitario en Investigaci\u00f3n en Ingenier\u00eda de Biosistemas (A\u00f1o 2010)<\/li>\n<\/ul>\n<\/ul>\n<p>&nbsp;<\/p>\n<ul>\n<ul>\n<li>Ingeniera Agr\u00f3noma (2008)<\/li>\n<\/ul>\n<\/ul>\n<p>&nbsp;<\/p>\n<ul>\n<ul>\n<li>Ingeniera T\u00e9cnica Agr\u00edcola especialidad Industrias Agrarias y Alimentarias (2005)<\/li>\n<\/ul>\n<\/ul>\n<p>&nbsp;<\/p>\n<ul>\n<ul>\n<li>T\u00e9cnica Superior en Industria Alimentaria (2001)<\/li>\n<\/ul>\n<\/ul>\n<p>&nbsp;<\/p>\n<ul>\n<ul>\n<li>T\u00edtulo de la tesis en cuso: <strong>Estimaci\u00f3n de variables vitivin\u00edcolas mediante t\u00e9cnicas de teledetecci\u00f3n y sistemas de informaci\u00f3n geogr\u00e1fica para su integraci\u00f3n en viticultura de precisi\u00f3n en la Denominaci\u00f3n de Origen Bierzo<\/strong>.<br \/>\nA\u00f1o de inicio:2011<\/li>\n<\/ul>\n<\/ul>\n<p>&nbsp;<\/p>\n<p>&nbsp;<\/p>\n<p>Participaci\u00f3n en Proyectos de Investigaci\u00f3n:<\/p>\n<p>&nbsp;<\/p>\n<ul>\n<li><strong>Aplicaci\u00f3n de la geom\u00e1tica (Sistemas de Informaci\u00f3n Geogr\u00e1fica y teledetecci\u00f3n de alta resoluci\u00f3n espacial y espectral) para la estimaci\u00f3n de variables productivas y de calidad de la vid<\/strong><br \/>\nEntidad:\u00a0Instituto Tecnol\u00f3gico Agrario de Castilla y Le\u00f3n (ITACYL)<br \/>\nDuraci\u00f3n:<strong> <\/strong>Junio 2009 &#8211; Octubre 2010<br \/>\nResponsable:\u00a0Jos\u00e9 Ram\u00f3n Rodr\u00edguez P\u00e9rez<\/li>\n<\/ul>\n<p>Becas disfrutadas:<\/p>\n<table style=\"width: 307px\" border=\"0\" cellspacing=\"0\" cellpadding=\"0\">\n<tbody>\n<tr>\n<td valign=\"bottom\" width=\"80\">Organismo<\/td>\n<td valign=\"bottom\" width=\"227\"><strong>Consejer\u00eda de Educaci\u00f3n. Junta de Castilla y Le\u00f3n<\/strong><\/td>\n<\/tr>\n<tr>\n<td valign=\"bottom\" width=\"80\">Finalidad<\/td>\n<td valign=\"bottom\" width=\"227\"><strong>Trabajo de investigaci\u00f3n<\/strong><\/td>\n<\/tr>\n<tr>\n<td valign=\"bottom\" width=\"80\">Fechas<\/td>\n<td valign=\"bottom\" width=\"227\"><strong>22\/11\/2011 &#8211;\u00a0 30\/03\/2014<\/strong><\/td>\n<\/tr>\n<tr>\n<td valign=\"bottom\" width=\"80\">Centro<\/td>\n<td valign=\"bottom\" width=\"227\"><strong>E.S.T.I.A. (Universidad de Le\u00f3n)<\/strong><\/td>\n<\/tr>\n<\/tbody>\n<\/table>\n<p>&nbsp;<\/p>\n<table style=\"width: 307px\" border=\"0\" cellspacing=\"0\" cellpadding=\"0\">\n<tbody>\n<tr>\n<td valign=\"bottom\" width=\"80\">Organismo<\/td>\n<td valign=\"bottom\" width=\"227\"><strong>FGULEM<\/strong><\/td>\n<\/tr>\n<tr>\n<td valign=\"bottom\" width=\"80\">Finalidad<\/td>\n<td valign=\"bottom\" width=\"227\"><strong>Trabajo de investigaci\u00f3n<\/strong><\/td>\n<\/tr>\n<tr>\n<td valign=\"bottom\" width=\"80\">Fechas<\/td>\n<td valign=\"bottom\" width=\"227\"><strong>21\/12\/2010 &#8211;  20\/06\/2011<\/strong><\/td>\n<\/tr>\n<tr>\n<td valign=\"bottom\" width=\"80\">Centro<\/td>\n<td valign=\"bottom\" width=\"227\"><strong>E.S.T.I.A. (Universidad de Le\u00f3n)<\/strong><\/td>\n<\/tr>\n<\/tbody>\n<\/table>\n<p>&nbsp;<\/p>\n<table style=\"width: 307px\" border=\"0\" cellspacing=\"0\" cellpadding=\"0\">\n<tbody>\n<tr>\n<td valign=\"bottom\" width=\"80\">Organismo<\/td>\n<td valign=\"bottom\" width=\"227\"><strong>Universidad de Le\u00f3n<\/strong><\/td>\n<\/tr>\n<tr>\n<td valign=\"bottom\" width=\"80\">Finalidad<\/td>\n<td valign=\"bottom\" width=\"227\"><strong>Trabajo de investigaci\u00f3n<\/strong><\/td>\n<\/tr>\n<tr>\n<td valign=\"bottom\" width=\"80\">Fechas<\/td>\n<td valign=\"bottom\" width=\"227\"><strong>1\/11\/2009 &#8211;\u00a0 31\/10\/2010<\/strong><\/td>\n<\/tr>\n<tr>\n<td valign=\"bottom\" width=\"80\">Centro<\/td>\n<td valign=\"bottom\" width=\"227\"><strong>E.S.T.I.A. (Universidad de Le\u00f3n)<\/strong><\/td>\n<\/tr>\n<\/tbody>\n<\/table>\n<p>&nbsp;<\/p>\n<table style=\"width: 307px\" border=\"0\" cellspacing=\"0\" cellpadding=\"0\">\n<tbody>\n<tr>\n<td valign=\"bottom\" width=\"80\">Organismo<\/td>\n<td valign=\"bottom\" width=\"227\"><strong>Universidad de Le\u00f3n<\/strong><\/td>\n<\/tr>\n<tr>\n<td valign=\"bottom\" width=\"80\">Finalidad<\/td>\n<td valign=\"bottom\" width=\"227\"><strong>Trabajo de investigaci\u00f3n<\/strong><\/td>\n<\/tr>\n<tr>\n<td valign=\"bottom\" width=\"80\">Fechas<\/td>\n<td valign=\"bottom\" width=\"227\"><strong>24\/07\/2009 &#8211;\u00a0 23\/10\/2009<\/strong><\/td>\n<\/tr>\n<tr>\n<td valign=\"bottom\" width=\"80\">Centro<\/td>\n<td valign=\"bottom\" width=\"227\"><strong>E.S.T.I.A. (Universidad de Le\u00f3n)<\/strong><\/td>\n<\/tr>\n<\/tbody>\n<\/table>\n<p>&nbsp;<\/p>\n<p>&nbsp;<\/p>\n<p>&nbsp;<\/p>\n<p>&nbsp;<br \/>\nOtra experiencia profesional:<\/p>\n<p><strong>2008. UCALE-COAG. Sindicato agrario. Asesoramiento agr\u00edcola. Agrosocial.<\/strong><\/p>\n<p>Contacto:<\/p>\n<p><strong>agonf@unileon.es<\/strong><\/p>\n<p>&nbsp;<\/p>\n","protected":false},"excerpt":{"rendered":"<p>Trayectoria acad\u00e9mica: Doctorando en Ingenier\u00eda de Biosistemas &nbsp; M\u00e1ster Universitario en Investigaci\u00f3n en Ingenier\u00eda de Biosistemas (A\u00f1o 2010) &nbsp; Ingeniera Agr\u00f3noma (2008) &nbsp; Ingeniera T\u00e9cnica Agr\u00edcola especialidad Industrias Agrarias y Alimentarias (2005) &nbsp; T\u00e9cnica Superior en Industria Alimentaria (2001) &nbsp; T\u00edtulo de la tesis en cuso: Estimaci\u00f3n de variables vitivin\u00edcolas mediante t\u00e9cnicas de teledetecci\u00f3n y [&hellip;]<\/p>\n","protected":false},"author":3,"featured_media":0,"parent":22,"menu_order":0,"comment_status":"closed","ping_status":"open","template":"","meta":{"footnotes":""},"class_list":["post-131","page","type-page","status-publish","hentry"],"_links":{"self":[{"href":"https:\/\/grupos.unileon.es\/ingecart\/wp-json\/wp\/v2\/pages\/131","targetHints":{"allow":["GET"]}}],"collection":[{"href":"https:\/\/grupos.unileon.es\/ingecart\/wp-json\/wp\/v2\/pages"}],"about":[{"href":"https:\/\/grupos.unileon.es\/ingecart\/wp-json\/wp\/v2\/types\/page"}],"author":[{"embeddable":true,"href":"https:\/\/grupos.unileon.es\/ingecart\/wp-json\/wp\/v2\/users\/3"}],"replies":[{"embeddable":true,"href":"https:\/\/grupos.unileon.es\/ingecart\/wp-json\/wp\/v2\/comments?post=131"}],"version-history":[{"count":29,"href":"https:\/\/grupos.unileon.es\/ingecart\/wp-json\/wp\/v2\/pages\/131\/revisions"}],"predecessor-version":[{"id":453,"href":"https:\/\/grupos.unileon.es\/ingecart\/wp-json\/wp\/v2\/pages\/131\/revisions\/453"}],"up":[{"embeddable":true,"href":"https:\/\/grupos.unileon.es\/ingecart\/wp-json\/wp\/v2\/pages\/22"}],"wp:attachment":[{"href":"https:\/\/grupos.unileon.es\/ingecart\/wp-json\/wp\/v2\/media?parent=131"}],"curies":[{"name":"wp","href":"https:\/\/api.w.org\/{rel}","templated":true}]}}