{"id":1325,"date":"2014-05-21T09:37:23","date_gmt":"2014-05-21T09:37:23","guid":{"rendered":"http:\/\/grupos.unileon.es\/ingecart\/?page_id=1325"},"modified":"2014-05-30T10:31:32","modified_gmt":"2014-05-30T10:31:32","slug":"jose-ramon-proyectos","status":"publish","type":"page","link":"https:\/\/grupos.unileon.es\/ingecart\/jose-ramon-proyectos\/","title":{"rendered":"Jose Ramon proyectos"},"content":{"rendered":"<p><img loading=\"lazy\" decoding=\"async\" class=\"alignnone  wp-image-1314\" src=\"http:\/\/grupos.unileon.es\/ingecart\/files\/2014\/05\/barra-300x3.jpg\" alt=\"barra\" width=\"640\" height=\"5\" \/><br \/>\n<a href=\"http:\/\/grupos.unileon.es\/ingecart\/personal\/jose-ramon-rodriguez-perez\/\">Inicio<\/a> \u00a0 \u00a0 \u00a0 \u00a0 \u00a0 \u00a0 \u00a0 \u00a0 \u00a0 \u00a0 <a href=\"http:\/\/grupos.unileon.es\/ingecart\/jose-ramon-docencia\/\">Docencia<\/a>\u00a0\u00a0 \u00a0 \u00a0 \u00a0 \u00a0 \u00a0 \u00a0 \u00a0 \u00a0 \u00a0\u00a0<a href=\"http:\/\/grupos.unileon.es\/ingecart\/jose-ramon-publicaciones\/\">Publicaciones<\/a>\u00a0\u00a0 \u00a0 \u00a0 \u00a0 \u00a0 \u00a0 \u00a0 \u00a0 \u00a0 \u00a0\u00a0<a href=\"http:\/\/grupos.unileon.es\/ingecart\/jose-ramon-proyectos\/\">Proyectos<\/a><br \/>\n<img loading=\"lazy\" decoding=\"async\" class=\"alignnone  wp-image-1314\" src=\"http:\/\/grupos.unileon.es\/ingecart\/files\/2014\/05\/barra-300x3.jpg\" alt=\"barra\" width=\"640\" height=\"5\" \/><\/p>\n<h2 class=\"contentheading\" style=\"font-weight: bold; color: #555555;\"><\/h2>\n<h2 class=\"contentheading\" style=\"font-weight: bold; color: #555555;\">Proyectos I+D+i competitivos<img loading=\"lazy\" decoding=\"async\" class=\"alignnone  wp-image-1314\" src=\"http:\/\/grupos.unileon.es\/ingecart\/files\/2014\/05\/barra-300x3.jpg\" alt=\"barra\" width=\"640\" height=\"5\" \/><\/h2>\n<p>&nbsp;<\/p>\n<ul>\n<li><em>T\u00cdTULO:<\/em> \u201c<strong>An\u00e1lisis de la distribuci\u00f3n espacial y temporal y caracterizaci\u00f3n de fen\u00f3menos tormentosos en el medio agr\u00edcola y forestal de la Meseta Central y del Norte de Espa\u00f1a<\/strong>\u201d. <em>ENTIDAD<\/em> FINANCIADORA: Universidad de Le\u00f3n. <em>DURACI\u00d3N:<\/em> desde 17\/12\/2012 hasta 31\/12\/2013. <em>INVESTIGADOR RESPONSABLE:<\/em> RODR\u00cdGUEZ-P\u00c9REZ, J.R.<\/li>\n<\/ul>\n<p>&nbsp;<\/p>\n<ul>\n<li><em>T\u00cdTULO:\u00a0<\/em><strong style=\"font-weight: bold;\">\u00a0Insumos y bioestimulantes ecol\u00f3gicos para la obtenci\u00f3n de vino y aceite alta gama-AGROECO\u00bb.\u00a0<\/strong><em>ENTIDAD<\/em>\u00a0FINANCIADORA:\u00a0por<strong style=\"font-weight: bold;\">\u00a0<\/strong>Agricultura y Bodega Renacimiento de Olivares, S.L. (ABRO), gracias al proyecto IDI-20120889 del CDTI. Universidad\u00a0de Le\u00f3n <span style=\"color: #555555;\">2004<\/span>.\u00a0<em>INVESTIGADOR RESPONSABLE:<\/em>\u00a0RODR\u00cdGUEZ-P\u00c9REZ, J.R.<\/li>\n<\/ul>\n<p>&nbsp;<\/p>\n<ul>\n<li><em>T\u00cdTULO: <\/em><strong>\u00abDesarrollo y puesta en marcha del Sistema de Informaci\u00f3n Geogr\u00e1fica para el Banco de Tierras del Bierzo (BaTiBiSIG).\u00bb<\/strong><em><strong style=\"color: #555555;\"> \u00a0<\/strong><em>ENTIDAD FINANCIADORA:<\/em><strong style=\"color: #555555;\">\u00a0<\/strong><\/em><span style=\"color: #555555;\">Consejo Comarcal del Bierzo. Universidad\u00a0de Le\u00f3n 2004.\u00a0<em>INVESTIGADOR RESPONSABLE:<\/em>\u00a0RODR\u00cdGUEZ-P\u00c9REZ, J.R.<\/span><\/li>\n<\/ul>\n<p>&nbsp;<\/p>\n<ul>\n<li><em style=\"font-style: italic;\">T\u00cdTULO:\u00a0<\/em><strong style=\"font-weight: bold; color: #000000;\">\u00ab<em style=\"color: #555555;\">\u00a0<\/em><a style=\"color: #930000;\" title=\"P\u00e1gina del proyecto\" href=\"http:\/\/grupos.unileon.es\/ingecart\/proyectos\/analisis-del-funcionamiento-de-receptores-de-posicionamiento-por-satelite-en-entornos-forestales-evaluacion-de-los-errores-de-posicionamiento-gnss-bajo-cubierta-arbolada-le241a11-2\/\"><strong>An\u00e1lisis del funcionamiento de receptores de posicionamiento por sat\u00e9lite en entornos forestales: evaluaci\u00f3n de los errores de posicionamiento GNSS bajo cubierta arbolada (LE241A11-2).<\/strong><\/a>\u00ab<\/strong><em style=\"font-style: italic;\"><strong style=\"color: #555555;\">\u00a0\u00a0<\/strong><em style=\"font-style: italic;\">ENTIDAD FINANCIADORA:<\/em><strong style=\"color: #555555;\">\u00a0<\/strong><\/em>Junta de Castilla y Le\u00f3n, Consejer\u00eda de Educaci\u00f3n. Universidad de Le\u00f3n, Universidad de Vigo<em style=\"font-style: italic;\"><strong style=\"color: #555555;\">.<\/strong><span style=\"color: #555555;\">\u00a02011-2012.\u00a0<em style=\"font-style: italic;\">INVESTIGADOR RESPONSABLE:<\/em>\u00a0<\/span><\/em><span style=\"color: #555555;\">RODR\u00cdGUEZ-P\u00c9REZ, J.R.<\/span><\/li>\n<\/ul>\n<p>&nbsp;<\/p>\n<ul>\n<li><em>T\u00cdTULO:\u00a0<\/em><strong>\u00ab<\/strong><strong>Sistemas de Informaci\u00f3n Geogr\u00e1fica de c\u00f3digo abierto. Aplicaciones para las actividades agrarias en Castilla y Le\u00f3n.<\/strong><strong>\u00ab<\/strong><em><strong style=\"color: #555555;\">\u00a0\u00a0<\/strong><em>ENTIDAD FINANCIADORA:<\/em><\/em>Universidad de Le\u00f3n<em><em>.<\/em><span style=\"color: #555555;\">\u00a0 2011.\u00a0<em>INVESTIGADOR RESPONSABLE:<\/em>\u00a0<\/span><\/em><span style=\"color: #555555;\">RODR\u00cdGUEZ-P\u00c9REZ, J.R<\/span><em><span style=\"color: #555555;\">.<\/span><\/em><\/li>\n<\/ul>\n<p>&nbsp;<\/p>\n<ul>\n<li><em>T\u00cdTULO:\u00a0<\/em><strong>\u00abSistemas de Informaci\u00f3n Geogr\u00e1fica de c\u00f3digo abierto. Aplicaciones para las actividades agrarias en Castilla y Le\u00f3n.\u00bb<\/strong><em><strong style=\"color: #555555;\">\u00a0\u00a0<\/strong><em>ENTIDAD FINANCIADORA:<\/em><\/em><span style=\"color: #555555;\">Instituto Tecnol\u00f3gico Agrario de Castilla y Le\u00f3n (ITACYL)\u00a0<\/span>Universidad de Le\u00f3n<em><em>.<\/em><span style=\"color: #555555;\">\u00a0 2010.\u00a0<em>INVESTIGADOR RESPONSABLE:<\/em>\u00a0<\/span><\/em><span style=\"color: #555555;\">RODR\u00cdGUEZ-P\u00c9REZ, J.R<\/span><em><span style=\"color: #555555;\">.<\/span><\/em><\/li>\n<\/ul>\n<p>&nbsp;<\/p>\n<ul>\n<li><em>T\u00cdTULO:\u00a0<\/em><strong>\u00abAplicaci\u00f3n de la geom\u00e1tica (Sistemas de Informaci\u00f3n Geogr\u00e1fica y teledetecci\u00f3n de alta resoluci\u00f3n espacial y espectral) para la estimaci\u00f3n de variables productivas y de calidad de la vid.\u00bb<\/strong><em><strong style=\"color: #555555;\">\u00a0\u00a0<\/strong><em>ENTIDAD FINANCIADORA:<\/em><\/em><span style=\"color: #555555;\">Instituto Tecnol\u00f3gico Agrario de Castilla y Le\u00f3n (ITACYL)\u00a0<\/span>Universidad de Le\u00f3n<em><em>.<\/em><span style=\"color: #555555;\">\u00a0 2009-2010.\u00a0<em>INVESTIGADOR RESPONSABLE:<\/em>\u00a0<\/span><\/em><span style=\"color: #555555;\">RODR\u00cdGUEZ-P\u00c9REZ, J.R<\/span><em><span style=\"color: #555555;\">.<\/span><\/em><\/li>\n<\/ul>\n<p>&nbsp;<\/p>\n<ul>\n<li><em>T\u00cdTULO:\u00a0<\/em><strong>\u00abDesarrollo e implementaci\u00f3n de un sistema de viticultura de precisi\u00f3n en la denominaci\u00f3n de origen Bierzo, mediante la integraci\u00f3n de monitores de rendimiento. Sistemas de informaci\u00f3n geogr\u00e1fica y teledectecci\u00f3n de alta resoluci\u00f3n espacial.\u00bb<\/strong><em><strong style=\"color: #555555;\">\u00a0\u00a0<\/strong><\/em>ENTIDAD FINANCIADORA:<span style=\"color: #555555;\">Junta de Castilla y Le\u00f3n. Universidad de Le\u00f3n<\/span><em>.<\/em><em><span style=\"color: #555555;\">\u00a0 2007-2008.\u00a0<em>INVESTIGADOR RESPONSABLE:<\/em>\u00a0<\/span><\/em><span style=\"color: #555555;\">RODR\u00cdGUEZ-P\u00c9REZ, J.R<\/span><em><span style=\"color: #555555;\">.<\/span><\/em><\/li>\n<\/ul>\n<p>&nbsp;<\/p>\n<ul>\n<li><em>T\u00cdTULO:\u00a0<\/em><strong>\u00abEvaluaci\u00f3n de receptores de Sistemas de Posicionamiento por Sat\u00e9lite bajo cubierta arb\u00f3rea.\u00bb<\/strong><em><strong style=\"color: #555555;\">\u00a0\u00a0<\/strong><em>ENTIDAD FINANCIADORA:\u00a0<\/em><\/em><span style=\"color: #555555;\">Universidad de Le\u00f3n<\/span><em><em>.<\/em><span style=\"color: #555555;\">\u00a0 2007.\u00a0<em>INVESTIGADOR RESPONSABLE:<\/em>\u00a0<\/span><\/em><span style=\"color: #555555;\">RODR\u00cdGUEZ-P\u00c9REZ, J.R.<\/span><\/li>\n<\/ul>\n<p>&nbsp;<\/p>\n<p>&nbsp;<\/p>\n<h2 class=\"contentheading\" style=\"font-weight: bold; color: #555555;\">Proyectos I+D+i no competitivos<img loading=\"lazy\" decoding=\"async\" class=\"alignnone  wp-image-1314\" src=\"http:\/\/grupos.unileon.es\/ingecart\/files\/2014\/05\/barra-300x3.jpg\" alt=\"barra\" width=\"640\" height=\"5\" \/><\/h2>\n<p>&nbsp;<\/p>\n<ul>\n<li><em>T\u00cdTULO:\u00a0<\/em><strong>\u00abLevantamiento topogr\u00e1fico de dos escombreras en Tremor de Arriba (Le\u00f3n) para su restauraci\u00f3n.\u00bb<\/strong><em><strong style=\"color: #555555;\">\u00a0\u00a0<\/strong><em>ENTIDAD FINANCIADORA:\u00a0<\/em><\/em>Fundaci\u00f3n Ciudad de la Energ\u00eda. Universidad\u00a0de Le\u00f3n<em><em>.<\/em><span style=\"color: #555555;\">\u00a0 2008.\u00a0<em>INVESTIGADOR RESPONSABLE:<\/em>\u00a0<\/span><\/em><span style=\"color: #555555;\">RODR\u00cdGUEZ-P\u00c9REZ, J.R.<\/span><\/li>\n<\/ul>\n<p>&nbsp;<\/p>\n<ul>\n<li><em>T\u00cdTULO:\u00a0<\/em><strong>\u00abMantenimiento y mejora de Bases de Datos y Sistema de Informaci\u00f3n Geogr\u00e1fica de Descendientes de J. Palacios, S.L.\u00bb<\/strong><em><strong style=\"color: #555555;\">\u00a0\u00a0<\/strong><em>ENTIDAD FINANCIADORA:<\/em><\/em><span style=\"color: #555555;\">Descendientes de J. Palacios. Universidad\u00a0de Le\u00f3n.<\/span><em><span style=\"color: #555555;\">\u00a0 2008.\u00a0<em>INVESTIGADOR RESPONSABLE:<\/em>\u00a0<\/span><\/em><span style=\"color: #555555;\">RODR\u00cdGUEZ-P\u00c9REZ, J.R.<\/span><\/li>\n<\/ul>\n<p>&nbsp;<\/p>\n<ul>\n<li><em>T\u00cdTULO:\u00a0<\/em><strong>\u00abIntegraci\u00f3n de la Geom\u00e1tica en la producci\u00f3n agraria. Desarrollo del Sistema de Informaci\u00f3n Geogr\u00e1fica para los frutales de calidad del Bierzo (FRUBIGIS).\u00bb<\/strong><em><strong style=\"color: #555555;\">\u00a0\u00a0<\/strong><em>ENTIDAD FINANCIADORA:<\/em><\/em>Asociaci\u00f3n Berciana de Agricultores. Universidad\u00a0de Le\u00f3n<em><em><span style=\"color: #555555;\">.<\/span><\/em><span style=\"color: #555555;\">\u00a0 2007-2008.\u00a0<em>INVESTIGADOR RESPONSABLE:<\/em>\u00a0<\/span><\/em><span style=\"color: #555555;\">RODR\u00cdGUEZ-P\u00c9REZ, J.R.<\/span><\/li>\n<\/ul>\n<p>&nbsp;<\/p>\n<ul>\n<li><em>T\u00cdTULO:\u00a0<\/em><strong>\u00ab<span style=\"font-weight: normal; color: #555555;\">\u00a0<\/span>Realizaci\u00f3n y procesado mediante sistemas de informaci\u00f3n geogr\u00e1fica del modelo digital del terreno en el entorno de la central de Compostilla II (Ponferrada-Le\u00f3n) \/ An\u00e1lisis mediante GIS de la topograf\u00eda del entorno del embalse de B\u00e1rcena.\u00bb<\/strong><em><strong style=\"color: #555555;\">\u00a0\u00a0<\/strong><em>ENTIDAD FINANCIADORA: <\/em><\/em><span style=\"color: #555555;\">AMBINOR consultor\u00eda y proyectos, S.L.\u00a0<\/span><span style=\"color: #555555;\">Universidad\u00a0de Le\u00f3n<\/span><em><em><span style=\"color: #555555;\">.<\/span><\/em><span style=\"color: #555555;\">\u00a0 2006.\u00a0<em>INVESTIGADOR RESPONSABLE:<\/em>\u00a0<\/span><\/em><span style=\"color: #555555;\">RODR\u00cdGUEZ-P\u00c9REZ, J.R<\/span><em><span style=\"color: #555555;\">.<\/span><\/em><\/li>\n<\/ul>\n<p>&nbsp;<\/p>\n","protected":false},"excerpt":{"rendered":"<p>Inicio \u00a0 \u00a0 \u00a0 \u00a0 \u00a0 \u00a0 \u00a0 \u00a0 \u00a0 \u00a0 Docencia\u00a0\u00a0 \u00a0 \u00a0 \u00a0 \u00a0 \u00a0 \u00a0 \u00a0 \u00a0 \u00a0\u00a0Publicaciones\u00a0\u00a0 \u00a0 \u00a0 \u00a0 \u00a0 \u00a0 \u00a0 \u00a0 \u00a0 \u00a0\u00a0Proyectos Proyectos I+D+i competitivos &nbsp; T\u00cdTULO: \u201cAn\u00e1lisis de la distribuci\u00f3n espacial y temporal y caracterizaci\u00f3n de fen\u00f3menos tormentosos en el medio agr\u00edcola y forestal de la [&hellip;]<\/p>\n","protected":false},"author":20,"featured_media":0,"parent":0,"menu_order":0,"comment_status":"closed","ping_status":"open","template":"","meta":{"footnotes":""},"class_list":["post-1325","page","type-page","status-publish","hentry"],"_links":{"self":[{"href":"https:\/\/grupos.unileon.es\/ingecart\/wp-json\/wp\/v2\/pages\/1325","targetHints":{"allow":["GET"]}}],"collection":[{"href":"https:\/\/grupos.unileon.es\/ingecart\/wp-json\/wp\/v2\/pages"}],"about":[{"href":"https:\/\/grupos.unileon.es\/ingecart\/wp-json\/wp\/v2\/types\/page"}],"author":[{"embeddable":true,"href":"https:\/\/grupos.unileon.es\/ingecart\/wp-json\/wp\/v2\/users\/20"}],"replies":[{"embeddable":true,"href":"https:\/\/grupos.unileon.es\/ingecart\/wp-json\/wp\/v2\/comments?post=1325"}],"version-history":[{"count":15,"href":"https:\/\/grupos.unileon.es\/ingecart\/wp-json\/wp\/v2\/pages\/1325\/revisions"}],"predecessor-version":[{"id":1411,"href":"https:\/\/grupos.unileon.es\/ingecart\/wp-json\/wp\/v2\/pages\/1325\/revisions\/1411"}],"wp:attachment":[{"href":"https:\/\/grupos.unileon.es\/ingecart\/wp-json\/wp\/v2\/media?parent=1325"}],"curies":[{"name":"wp","href":"https:\/\/api.w.org\/{rel}","templated":true}]}}