{"id":133,"date":"2011-04-29T11:36:41","date_gmt":"2011-04-29T11:36:41","guid":{"rendered":"http:\/\/grupos.unileon.es\/ingecart\/?page_id=133"},"modified":"2014-05-12T11:03:45","modified_gmt":"2014-05-12T11:03:45","slug":"antonio-hernendez-garcia-monge","status":"publish","type":"page","link":"https:\/\/grupos.unileon.es\/ingecart\/personal\/antonio-hernendez-garcia-monge\/","title":{"rendered":"Antonio Hern\u00e9ndez Garc\u00eda-Monge"},"content":{"rendered":"<table class=\"directory\" style=\"color: #000000;\">\n<tbody>\n<tr>\n<th style=\"color: black;\">Correo<\/th>\n<td style=\"color: black;\"><a style=\"color: #930000;\" href=\"mailto:aherg@unileon.es\">aherg@unileon.es<\/a><\/td>\n<\/tr>\n<tr>\n<td style=\"color: black;\" colspan=\"2\">Edificio E.super.y T\u00e9cnica de Ingenieros de Minas. Tecnolog\u00eda Minera, Topog. y Estructuras. Ingenier\u00eda Cartogr\u00e1fica, Geod\u00e9sica y Fotogrametr\u00eda.<\/td>\n<\/tr>\n<\/tbody>\n<\/table>\n","protected":false},"excerpt":{"rendered":"<p>Correo aherg@unileon.es Edificio E.super.y T\u00e9cnica de Ingenieros de Minas. Tecnolog\u00eda Minera, Topog. y Estructuras. Ingenier\u00eda Cartogr\u00e1fica, Geod\u00e9sica y Fotogrametr\u00eda.<\/p>\n","protected":false},"author":3,"featured_media":0,"parent":22,"menu_order":0,"comment_status":"closed","ping_status":"open","template":"","meta":{"footnotes":""},"class_list":["post-133","page","type-page","status-publish","hentry"],"_links":{"self":[{"href":"https:\/\/grupos.unileon.es\/ingecart\/wp-json\/wp\/v2\/pages\/133","targetHints":{"allow":["GET"]}}],"collection":[{"href":"https:\/\/grupos.unileon.es\/ingecart\/wp-json\/wp\/v2\/pages"}],"about":[{"href":"https:\/\/grupos.unileon.es\/ingecart\/wp-json\/wp\/v2\/types\/page"}],"author":[{"embeddable":true,"href":"https:\/\/grupos.unileon.es\/ingecart\/wp-json\/wp\/v2\/users\/3"}],"replies":[{"embeddable":true,"href":"https:\/\/grupos.unileon.es\/ingecart\/wp-json\/wp\/v2\/comments?post=133"}],"version-history":[{"count":2,"href":"https:\/\/grupos.unileon.es\/ingecart\/wp-json\/wp\/v2\/pages\/133\/revisions"}],"predecessor-version":[{"id":1288,"href":"https:\/\/grupos.unileon.es\/ingecart\/wp-json\/wp\/v2\/pages\/133\/revisions\/1288"}],"up":[{"embeddable":true,"href":"https:\/\/grupos.unileon.es\/ingecart\/wp-json\/wp\/v2\/pages\/22"}],"wp:attachment":[{"href":"https:\/\/grupos.unileon.es\/ingecart\/wp-json\/wp\/v2\/media?parent=133"}],"curies":[{"name":"wp","href":"https:\/\/api.w.org\/{rel}","templated":true}]}}