{"id":135,"date":"2011-04-29T11:37:17","date_gmt":"2011-04-29T11:37:17","guid":{"rendered":"http:\/\/grupos.unileon.es\/ingecart\/?page_id=135"},"modified":"2014-05-12T11:04:57","modified_gmt":"2014-05-12T11:04:57","slug":"fernando-otero-torices","status":"publish","type":"page","link":"https:\/\/grupos.unileon.es\/ingecart\/personal\/fernando-otero-torices\/","title":{"rendered":"Fernando Otero Torices"},"content":{"rendered":"<table class=\"directory\" style=\"color: #000000;\">\n<tbody>\n<tr>\n<th style=\"color: black;\">Correo<\/th>\n<td style=\"color: black;\"><a style=\"color: #930000;\" href=\"mailto:fernando.otero@unileon.es\">fernando.otero@unileon.es<\/a><\/td>\n<\/tr>\n<tr>\n<td style=\"color: black;\" colspan=\"2\">Edificio E.super.y T\u00e9cnica de Ingenieros de Minas. Tecnolog\u00eda Minera, Topog. y Estructuras. Ingenier\u00eda Cartogr\u00e1fica, Geod\u00e9sica y Fotogrametr\u00eda.<\/td>\n<\/tr>\n<\/tbody>\n<\/table>\n<p>&nbsp;<\/p>\n","protected":false},"excerpt":{"rendered":"<p>Correo fernando.otero@unileon.es Edificio E.super.y T\u00e9cnica de Ingenieros de Minas. Tecnolog\u00eda Minera, Topog. y Estructuras. Ingenier\u00eda Cartogr\u00e1fica, Geod\u00e9sica y Fotogrametr\u00eda. &nbsp;<\/p>\n","protected":false},"author":3,"featured_media":0,"parent":22,"menu_order":0,"comment_status":"closed","ping_status":"open","template":"","meta":{"footnotes":""},"class_list":["post-135","page","type-page","status-publish","hentry"],"_links":{"self":[{"href":"https:\/\/grupos.unileon.es\/ingecart\/wp-json\/wp\/v2\/pages\/135","targetHints":{"allow":["GET"]}}],"collection":[{"href":"https:\/\/grupos.unileon.es\/ingecart\/wp-json\/wp\/v2\/pages"}],"about":[{"href":"https:\/\/grupos.unileon.es\/ingecart\/wp-json\/wp\/v2\/types\/page"}],"author":[{"embeddable":true,"href":"https:\/\/grupos.unileon.es\/ingecart\/wp-json\/wp\/v2\/users\/3"}],"replies":[{"embeddable":true,"href":"https:\/\/grupos.unileon.es\/ingecart\/wp-json\/wp\/v2\/comments?post=135"}],"version-history":[{"count":2,"href":"https:\/\/grupos.unileon.es\/ingecart\/wp-json\/wp\/v2\/pages\/135\/revisions"}],"predecessor-version":[{"id":1289,"href":"https:\/\/grupos.unileon.es\/ingecart\/wp-json\/wp\/v2\/pages\/135\/revisions\/1289"}],"up":[{"embeddable":true,"href":"https:\/\/grupos.unileon.es\/ingecart\/wp-json\/wp\/v2\/pages\/22"}],"wp:attachment":[{"href":"https:\/\/grupos.unileon.es\/ingecart\/wp-json\/wp\/v2\/media?parent=135"}],"curies":[{"name":"wp","href":"https:\/\/api.w.org\/{rel}","templated":true}]}}