{"id":144,"date":"2011-04-29T11:40:30","date_gmt":"2011-04-29T11:40:30","guid":{"rendered":"http:\/\/grupos.unileon.es\/ingecart\/?page_id=144"},"modified":"2014-05-12T11:02:24","modified_gmt":"2014-05-12T11:02:24","slug":"francisco-gonzalez-bernardo","status":"publish","type":"page","link":"https:\/\/grupos.unileon.es\/ingecart\/personal\/francisco-gonzalez-bernardo\/","title":{"rendered":"Francisco Gonz\u00e1lez Bernardo"},"content":{"rendered":"<p><span style=\"text-decoration: underline;\"><\/span><\/p>\n<table class=\"directory\" style=\"color: #000000;\">\n<tbody>\n<tr>\n<th style=\"color: black;\">Correo<\/th>\n<td style=\"color: black;\"><a style=\"color: #930000;\" href=\"mailto:francisco.gonzalez@unileon.es\">francisco.gonzalez@unileon.es<\/a><\/td>\n<\/tr>\n<tr>\n<th style=\"color: black;\">Telefono<\/th>\n<td style=\"color: black;\">98744-2111<\/td>\n<\/tr>\n<tr>\n<td style=\"color: black;\" colspan=\"2\">Edificio Campus de Ponferrada. Tecnolog\u00eda Minera, Topog. y Estructuras. Ingenier\u00eda Cartogr\u00e1fica, Geod\u00e9sica y Fotogrametr\u00eda.<\/td>\n<\/tr>\n<\/tbody>\n<\/table>\n<p>&nbsp;<\/p>\n","protected":false},"excerpt":{"rendered":"<p>Correo francisco.gonzalez@unileon.es Telefono 98744-2111 Edificio Campus de Ponferrada. Tecnolog\u00eda Minera, Topog. y Estructuras. Ingenier\u00eda Cartogr\u00e1fica, Geod\u00e9sica y Fotogrametr\u00eda. &nbsp;<\/p>\n","protected":false},"author":3,"featured_media":0,"parent":22,"menu_order":0,"comment_status":"closed","ping_status":"open","template":"","meta":{"footnotes":""},"class_list":["post-144","page","type-page","status-publish","hentry"],"_links":{"self":[{"href":"https:\/\/grupos.unileon.es\/ingecart\/wp-json\/wp\/v2\/pages\/144","targetHints":{"allow":["GET"]}}],"collection":[{"href":"https:\/\/grupos.unileon.es\/ingecart\/wp-json\/wp\/v2\/pages"}],"about":[{"href":"https:\/\/grupos.unileon.es\/ingecart\/wp-json\/wp\/v2\/types\/page"}],"author":[{"embeddable":true,"href":"https:\/\/grupos.unileon.es\/ingecart\/wp-json\/wp\/v2\/users\/3"}],"replies":[{"embeddable":true,"href":"https:\/\/grupos.unileon.es\/ingecart\/wp-json\/wp\/v2\/comments?post=144"}],"version-history":[{"count":2,"href":"https:\/\/grupos.unileon.es\/ingecart\/wp-json\/wp\/v2\/pages\/144\/revisions"}],"predecessor-version":[{"id":1287,"href":"https:\/\/grupos.unileon.es\/ingecart\/wp-json\/wp\/v2\/pages\/144\/revisions\/1287"}],"up":[{"embeddable":true,"href":"https:\/\/grupos.unileon.es\/ingecart\/wp-json\/wp\/v2\/pages\/22"}],"wp:attachment":[{"href":"https:\/\/grupos.unileon.es\/ingecart\/wp-json\/wp\/v2\/media?parent=144"}],"curies":[{"name":"wp","href":"https:\/\/api.w.org\/{rel}","templated":true}]}}