{"id":166,"date":"2011-04-29T12:24:30","date_gmt":"2011-04-29T12:24:30","guid":{"rendered":"http:\/\/grupos.unileon.es\/ingecart\/?page_id=166"},"modified":"2013-06-03T08:21:42","modified_gmt":"2013-06-03T08:21:42","slug":"servicios","status":"publish","type":"page","link":"https:\/\/grupos.unileon.es\/ingecart\/servicios\/","title":{"rendered":"Servicios"},"content":{"rendered":"<p>El grupo <em><strong>GEOINCA<\/strong><\/em> cuenta con la experiencia y equipamiento para ofrecer los siguientes servicios:<\/p>\n<ul>\n<ul>\n<li><strong>Cartograf\u00eda digital <\/strong>: cartograf\u00eda topogr\u00e1fica y tem\u00e1tica a diferentes escalas.<br \/>\n<a href=\"http:\/\/grupos.unileon.es\/ingecart\/files\/2011\/04\/Rendimiento_vid.pdf\">Mapa de rendimiento en vi\u00f1edo <\/a><\/li>\n<\/ul>\n<\/ul>\n<p>&nbsp;<\/p>\n<ul>\n<ul>\n<li><strong>Seguimiento de recursos agrarios y forestales: <\/strong>t\u00e9cnicas de SIG y teledetecci\u00f3n permiten hacer una monitorizaci\u00f3n continua de cultivos agr\u00edcolas y cubiertas forestales para optimizar su gesti\u00f3n.<br \/>\n<a href=\"http:\/\/grupos.unileon.es\/ingecart\/files\/2011\/04\/Seguimiento.pdf\">Sistema de Informaci\u00f3n Geogr\u00e1fica para seguimiento de frutales en El Bierzo <\/a><\/li>\n<\/ul>\n<\/ul>\n<p>&nbsp;<\/p>\n<ul>\n<ul>\n<li><strong>Levantamientos topogr\u00e1ficos:\u00a0<\/strong>levantamientos taquim\u00e9tricos, planim\u00e9tricos y altim\u00e9tricos con la precisi\u00f3n requerida por el demandante del servicio.<br \/>\n<a href=\"http:\/\/grupos.unileon.es\/ingecart\/files\/2011\/04\/Taquimetrico.pdf\">Levantamiento taquim\u00e9trico ejemplo <\/a><\/li>\n<\/ul>\n<\/ul>\n<p>&nbsp;<\/p>\n<ul>\n<ul>\n<li><strong>Fotogrametr\u00eda:<\/strong> Calibraci\u00f3n geom\u00e9trica de c\u00e1maras est\u00e1ndar para su uso en levantamientos terrestres o a\u00e9reos. El campo de calibraci\u00f3n del servicio tiene unas dimensiones aproximadas de 15x10m y permite la calibraci\u00f3n geom\u00e9trica de c\u00e1maras est\u00e1ndar enfocadas al infinito.<\/li>\n<\/ul>\n<\/ul>\n<p>&nbsp;<\/p>\n<p>&nbsp;<\/p>\n<p>&nbsp;<\/p>\n","protected":false},"excerpt":{"rendered":"<p>El grupo GEOINCA cuenta con la experiencia y equipamiento para ofrecer los siguientes servicios: Cartograf\u00eda digital : cartograf\u00eda topogr\u00e1fica y tem\u00e1tica a diferentes escalas. Mapa de rendimiento en vi\u00f1edo &nbsp; Seguimiento de recursos agrarios y forestales: t\u00e9cnicas de SIG y teledetecci\u00f3n permiten hacer una monitorizaci\u00f3n continua de cultivos agr\u00edcolas y cubiertas forestales para optimizar su [&hellip;]<\/p>\n","protected":false},"author":3,"featured_media":0,"parent":0,"menu_order":0,"comment_status":"closed","ping_status":"open","template":"","meta":{"footnotes":""},"class_list":["post-166","page","type-page","status-publish","hentry"],"_links":{"self":[{"href":"https:\/\/grupos.unileon.es\/ingecart\/wp-json\/wp\/v2\/pages\/166","targetHints":{"allow":["GET"]}}],"collection":[{"href":"https:\/\/grupos.unileon.es\/ingecart\/wp-json\/wp\/v2\/pages"}],"about":[{"href":"https:\/\/grupos.unileon.es\/ingecart\/wp-json\/wp\/v2\/types\/page"}],"author":[{"embeddable":true,"href":"https:\/\/grupos.unileon.es\/ingecart\/wp-json\/wp\/v2\/users\/3"}],"replies":[{"embeddable":true,"href":"https:\/\/grupos.unileon.es\/ingecart\/wp-json\/wp\/v2\/comments?post=166"}],"version-history":[{"count":20,"href":"https:\/\/grupos.unileon.es\/ingecart\/wp-json\/wp\/v2\/pages\/166\/revisions"}],"predecessor-version":[{"id":1109,"href":"https:\/\/grupos.unileon.es\/ingecart\/wp-json\/wp\/v2\/pages\/166\/revisions\/1109"}],"wp:attachment":[{"href":"https:\/\/grupos.unileon.es\/ingecart\/wp-json\/wp\/v2\/media?parent=166"}],"curies":[{"name":"wp","href":"https:\/\/api.w.org\/{rel}","templated":true}]}}