{"id":22,"date":"2011-04-28T09:35:03","date_gmt":"2011-04-28T09:35:03","guid":{"rendered":"http:\/\/grupos.unileon.es\/ingecart\/?page_id=22"},"modified":"2014-05-20T08:54:15","modified_gmt":"2014-05-20T08:54:15","slug":"personal","status":"publish","type":"page","link":"https:\/\/grupos.unileon.es\/ingecart\/personal\/","title":{"rendered":"Personal"},"content":{"rendered":"<div style=\"text-align: left;\">\n<p>&nbsp;<\/p>\n<table>\n<tbody>\n<tr>\n<td width=\"282\"><strong>Miembros<\/strong><\/td>\n<td width=\"357\"><strong>Categor\u00eda<\/strong><\/td>\n<\/tr>\n<tr>\n<td width=\"282\"><a href=\"http:\/\/grupos.unileon.es\/ingecart\/laura-alvarez-deprado\/\">\u00c1LVAREZ DE PRADO, LAURA<\/a><\/td>\n<td width=\"357\">Profesor colaborador<\/td>\n<\/tr>\n<tr>\n<td width=\"282\"><a href=\"http:\/\/grupos.unileon.es\/ingecart\/personal\/maria-flor-alvarez-taboada\/\">\u00c1LVAREZ TABOADA, MAR\u00cdA FLOR<\/a><\/td>\n<td width=\"357\">Profesor Titular de Universidad<\/td>\n<\/tr>\n<tr>\n<td class=\"mceSelected\" width=\"282\"><a href=\"http:\/\/grupos.unileon.es\/ingecart\/marco-antonio-blanco-vazquez\/\">BLANCO V\u00c1ZQUEZ, MARCO ANTONIO<\/a><\/td>\n<td class=\"mceSelected\" width=\"357\">Personal contratado<\/td>\n<\/tr>\n<tr>\n<td width=\"282\"><a href=\"http:\/\/fernandocastedodorado.unileon.es\/\">CASTEDO DORADO, FERNANDO<\/a><\/td>\n<td width=\"357\">Profesor Titular de Universidad<\/td>\n<\/tr>\n<tr>\n<td width=\"282\"><a href=\"http:\/\/grupos.unileon.es\/ingecart\/personal\/rogelio-cuellas-garcia\/\">CUELLAS GARCIA, ROGELIO<\/a><\/td>\n<td width=\"357\">Profesor Asociado<\/td>\n<\/tr>\n<tr>\n<td width=\"282\"><a href=\"http:\/\/grupos.unileon.es\/ingecart\/personal\/maria-nuria-fernandez-palomares\/\">FERN\u00c1NDEZ PALOMARES, MAR\u00cdA NURIA<\/a><\/td>\n<td width=\"357\">Profesor colaborador<\/td>\n<\/tr>\n<tr>\n<td width=\"282\"><a href=\"http:\/\/grupos.unileon.es\/ingecart\/personal\/francisco-gonzalez-bernardo\/\">GONZ\u00c1LEZ BERNARDO, FRANCISCO<\/a><\/td>\n<td width=\"357\">Profesor colaborador<\/td>\n<\/tr>\n<tr>\n<td width=\"282\"><a href=\"http:\/\/grupos.unileon.es\/ingecart\/personal\/ana-belen-gonzalez-fernandez\/\">GONZ\u00c1LEZ FERN\u00c1NDEZ, ANA BEL\u00c9N<\/a><\/td>\n<td width=\"357\">Personal docente investigador<\/td>\n<\/tr>\n<tr>\n<td width=\"282\"><a href=\"http:\/\/grupos.unileon.es\/ingecart\/personal\/antonio-hernendez-garcia-monge\/\">HERN\u00c1NDEZ GARC\u00cdA-MONGE, ANTONIO<\/a><\/td>\n<td width=\"357\">Profesor asociado<\/td>\n<\/tr>\n<tr>\n<td width=\"282\"><a href=\"http:\/\/grupos.unileon.es\/ingecart\/miguel-marabel-garcia\/\">MARABEL GARCIA, MIGUEL<\/a><\/td>\n<td width=\"357\">Personal contratado<\/td>\n<\/tr>\n<tr>\n<td width=\"282\"><a href=\"http:\/\/grupos.unileon.es\/ingecart\/personal\/fernando-otero-torices\/\">OTERO TORICES, FERNANDO<\/a><\/td>\n<td width=\"357\">Profesor asociado<\/td>\n<\/tr>\n<tr>\n<td width=\"282\">RIESCO PUENTE, H\u00c9CTOR<\/td>\n<td width=\"357\">Colaborador del grupo<\/td>\n<\/tr>\n<tr>\n<td width=\"282\"><a href=\"http:\/\/grupos.unileon.es\/ingecart\/personal\/jose-ramon-rodriguez-perez\/\">RODR\u00cdGUEZ P\u00c9REZ, JOS\u00c9 RAM\u00d3N<\/a><\/td>\n<td width=\"357\"><strong>Profesor Titular de Universidad (Responsable y contacto)<\/strong><\/td>\n<\/tr>\n<tr>\n<td width=\"282\"><a href=\"http:\/\/grupos.unileon.es\/ingecart\/personal\/enoc-sanz-ablanedo\/\">SANZ ABLANEDO, ENOC<\/a><\/td>\n<td width=\"357\">Profesor contratado Doctor<\/td>\n<\/tr>\n<tr>\n<td width=\"282\"><a href=\"http:\/\/grupos.unileon.es\/ingecart\/personal\/miryam-elena-valle-feijoo\/\">VALLE FEIJOO, MIRYAM ELENA<\/a><\/td>\n<td width=\"357\">Profesor colaborador<\/td>\n<\/tr>\n<tr>\n<td width=\"282\"><a href=\"http:\/\/grupos.unileon.es\/ingecart\/personal\/julio-viejo-diez\/\">VIEJO D\u00cdEZ, JULIO<\/a><\/td>\n<td width=\"357\">Profesor titular de la Escuela Universitaria<\/td>\n<\/tr>\n<\/tbody>\n<\/table>\n<p>&nbsp;<\/p>\n<p>&nbsp;<\/p>\n<p>&nbsp;<\/p>\n<p>&nbsp;<\/p>\n<\/div>\n<div style=\"text-align: left;\">\n<p>&nbsp;<\/p>\n<p>&nbsp;<\/p>\n<p>&nbsp;<\/p>\n<p>&nbsp;<\/p>\n<\/div>\n","protected":false},"excerpt":{"rendered":"<p>&nbsp; Miembros Categor\u00eda \u00c1LVAREZ DE PRADO, LAURA Profesor colaborador \u00c1LVAREZ TABOADA, MAR\u00cdA FLOR Profesor Titular de Universidad BLANCO V\u00c1ZQUEZ, MARCO ANTONIO Personal contratado CASTEDO DORADO, FERNANDO Profesor Titular de Universidad CUELLAS GARCIA, ROGELIO Profesor Asociado FERN\u00c1NDEZ PALOMARES, MAR\u00cdA NURIA Profesor colaborador GONZ\u00c1LEZ BERNARDO, FRANCISCO Profesor colaborador GONZ\u00c1LEZ FERN\u00c1NDEZ, ANA BEL\u00c9N Personal docente investigador HERN\u00c1NDEZ GARC\u00cdA-MONGE, [&hellip;]<\/p>\n","protected":false},"author":3,"featured_media":0,"parent":0,"menu_order":0,"comment_status":"closed","ping_status":"open","template":"","meta":{"footnotes":""},"class_list":["post-22","page","type-page","status-publish","hentry"],"_links":{"self":[{"href":"https:\/\/grupos.unileon.es\/ingecart\/wp-json\/wp\/v2\/pages\/22","targetHints":{"allow":["GET"]}}],"collection":[{"href":"https:\/\/grupos.unileon.es\/ingecart\/wp-json\/wp\/v2\/pages"}],"about":[{"href":"https:\/\/grupos.unileon.es\/ingecart\/wp-json\/wp\/v2\/types\/page"}],"author":[{"embeddable":true,"href":"https:\/\/grupos.unileon.es\/ingecart\/wp-json\/wp\/v2\/users\/3"}],"replies":[{"embeddable":true,"href":"https:\/\/grupos.unileon.es\/ingecart\/wp-json\/wp\/v2\/comments?post=22"}],"version-history":[{"count":43,"href":"https:\/\/grupos.unileon.es\/ingecart\/wp-json\/wp\/v2\/pages\/22\/revisions"}],"predecessor-version":[{"id":1312,"href":"https:\/\/grupos.unileon.es\/ingecart\/wp-json\/wp\/v2\/pages\/22\/revisions\/1312"}],"wp:attachment":[{"href":"https:\/\/grupos.unileon.es\/ingecart\/wp-json\/wp\/v2\/media?parent=22"}],"curies":[{"name":"wp","href":"https:\/\/api.w.org\/{rel}","templated":true}]}}