{"id":24,"date":"2011-04-28T09:35:14","date_gmt":"2011-04-28T09:35:14","guid":{"rendered":"http:\/\/grupos.unileon.es\/ingecart\/?page_id=24"},"modified":"2015-03-18T21:42:17","modified_gmt":"2015-03-18T21:42:17","slug":"proyectos","status":"publish","type":"page","link":"https:\/\/grupos.unileon.es\/ingecart\/proyectos\/","title":{"rendered":"Proyectos"},"content":{"rendered":"<h1><strong>Proyectos de investigaci\u00f3n (Concurrencia competitiva)<br \/>\n<\/strong><\/h1>\n<p>&nbsp;<\/p>\n<h2><strong>a) Dirigidos por personal de GI202-GEOINCA<\/strong><\/h2>\n<ul>\n<li>Rodr\u00edguez-P\u00e9rez, J. R. (2014). <strong>Insumos y bioestimulantes ecol\u00f3gicos para la obtenci\u00f3n de vino y aceite alta gama- AGROECO .Financiado por <\/strong>Agricultura y Bodega Renacimiento de Olivares, S.L. (ABRO), gracias al proyecto IDI-20120889 del CDTI. Universidad\u00a0de Le\u00f3n.<\/li>\n<\/ul>\n<ul>\n<li>\u00a0Rodr\u00edguez-P\u00e9rez, J. R. (2014). <strong>Desarrollo y puesta en marcha del Sistema de Informaci\u00f3n Geogr\u00e1fica para el Banco de Tierras del Bierzo (BaTiBiSIG). <\/strong>Consejo Comarcal del Bierzo. Universidad\u00a0de Le\u00f3n.<\/li>\n<\/ul>\n<ul>\n<li>Rodr\u00edguez-P\u00e9rez, J. R. (2011-2012) <a title=\"P\u00e1gina del proyecto\" href=\"http:\/\/grupos.unileon.es\/ingecart\/proyectos\/analisis-del-funcionamiento-de-receptores-de-posicionamiento-por-satelite-en-entornos-forestales-evaluacion-de-los-errores-de-posicionamiento-gnss-bajo-cubierta-arbolada-le241a11-2\/\"><strong>An\u00e1lisis del funcionamiento de receptores de posicionamiento por sat\u00e9lite en entornos forestales: evaluaci\u00f3n de los errores de posicionamiento GNSS bajo cubierta arbolada (LE241A11-2). <\/strong><\/a>Junta de Castilla y Le\u00f3n, Consejer\u00eda de Educaci\u00f3n. Universidad de Le\u00f3n, Universidad de Vigo.<\/li>\n<\/ul>\n<ul>\n<li>Rodr\u00edguez-P\u00e9rez, J. R. (2011). <strong>Utilizaci\u00f3n de software de c\u00f3digo abierto para la implementaci\u00f3n de infraestructuras de datos espaciales. <\/strong>Universidad de Le\u00f3n.<\/li>\n<\/ul>\n<ul>\n<li>Rodr\u00edguez-P\u00e9rez, J. R. (2010) <strong>Sistemas de Informaci\u00f3n Geogr\u00e1fica de c\u00f3digo abierto. Aplicaciones para las actividades agrarias en Castilla y Le\u00f3n. <\/strong>Instituto Tecnol\u00f3gico Agrario de Castilla y Le\u00f3n (ITACYL). Universidad de Le\u00f3n.<\/li>\n<\/ul>\n<ul>\n<li>\u00c1lvarez-Taboada, M. F. (2009-2010) <strong>Calibraci\u00f3n radiom\u00e9trica de im\u00e1genes digitales para el control de cambio clim\u00e1tico y biomasa en \u00e1reas contaminadas o degradadas mediante empleo de la banda infrarroja. <\/strong>Wide World Geographic, S.L. Universidad\u00a0de Le\u00f3n.<\/li>\n<\/ul>\n<ul>\n<li>Rodr\u00edguez-P\u00e9rez, J. R. (2009-2010) <strong>Aplicaci\u00f3n de la geom\u00e1tica (Sistemas de Informaci\u00f3n Geogr\u00e1fica y teledetecci\u00f3n de alta resoluci\u00f3n espacial y espectral) para la estimaci\u00f3n de variables productivas y de calidad de la vid. <\/strong>Instituto Tecnol\u00f3gico Agrario de Castilla y Le\u00f3n (ITACYL). Universidad de Le\u00f3n.<\/li>\n<\/ul>\n<ul>\n<li>Fernando Castedo Dorado (2009-2012) <strong>Influence of thinning treatments in production, mechanical estability and wildfire risk in Pinus radiata D. Don and Pinus Pinaster Ait. in NW Spain. <\/strong>National Research council. Universidad\u00a0de Le\u00f3n, Universidad de Oviedo, Universidad de Santiago.<\/li>\n<\/ul>\n<ul>\n<li>Rodr\u00edguez-P\u00e9rez, J. R. (2007-2008) <strong>Desarrollo e implementaci\u00f3n de un sistema de viticultura de precisi\u00f3n en la denominaci\u00f3n de origen Bierzo, mediante la integraci\u00f3n de monitores de rendimiento. Sistemas de informaci\u00f3n geogr\u00e1fica y teledectecci\u00f3n de alta resoluci\u00f3n espacial. <\/strong>Junta de Castilla y Le\u00f3n. Universidad de Le\u00f3n.<\/li>\n<\/ul>\n<ul>\n<li>Flor \u00c1lvarez Taboada (2007-2009) <strong>Calibraci\u00f3n radiom\u00e9trica de c\u00e1maras digitales a\u00e9reas. Aplicaci\u00f3n para la clasificaci\u00f3n autom\u00e1tica de coberturas de suelo y estimaci\u00f3n de biomasa. <\/strong>Junta de Castilla y Le\u00f3n. Universidad\u00a0de Le\u00f3n.<\/li>\n<\/ul>\n<ul>\n<li>Rodr\u00edguez-P\u00e9rez, J. R. (2007) <strong>Evaluaci\u00f3n de receptores de Sistemas de Posicionamiento por Sat\u00e9lite bajo cubierta arb\u00f3rea. <\/strong>Universidad de Le\u00f3n.<\/li>\n<\/ul>\n<p>&nbsp;<\/p>\n<h2><strong>b) No dirigidos por personal de GI202-GEOINCA<\/strong><\/h2>\n<p>&nbsp;<\/p>\n<ul>\n<li>Tom Dijkstra (2011-2012). <strong>Capturing All Fresh Information on the Zhouqu Landslide Disaster, in the Gansu Province of China that Took Place on the 8th August 2010. <\/strong>U.K. National Environment Research Council (NERC). University of Portsmouth (Drs 178 Gibson and Whitwhorth) and\u00a0 British Geological Surv, Loughborough University.<\/li>\n<\/ul>\n<ul>\n<li>Andy Hodson (2010-2012). <strong>Glacier Surface roughness.<\/strong><em>\u00a0 <\/em>U.K. National Environment Research Council (NERC). Prifysgol Aberystwyth University, Loughborough University, Universidad de Le\u00f3n.Daniel Jos\u00e9 Bartolom\u00e9 Rodr\u00edguez (2010-2012). <strong>Caracterizacion genetica y morfologica de encastes de la raza de lidia RZ2008-00005-C.\u00a0 <\/strong>Ministerio De Ciencia e Innovaci\u00f3n &#8211; INIA. Instituto tecnol\u00f3gico agrario de Castilla y Le\u00f3n &#8211; Universidad de Le\u00f3n.<\/li>\n<\/ul>\n<ul>\n<li>Arias-P\u00e9rez, B (2009-2010). <strong>Evaluaci\u00f3n de la precisi\u00f3n y fiabilidad de la red GNSS de estaciones permanentes de Castilla y Le\u00f3n. <\/strong>Instituto Tecnol\u00f3gico Agrario de Castilla y Le\u00f3n (ITACYL). Universidad de Le\u00f3n.<\/li>\n<\/ul>\n<ul>\n<li>Casquero-Luelmo, P. A.<em> (2007-2010). <\/em><strong>Multiplicaci\u00f3n, caracterizaci\u00f3n y documentaci\u00f3n de las accesiones espa\u00f1olas de jud\u00eda. <\/strong>Instituto Nacional de investigaci\u00f3n y tecnolog\u00eda agraria. Universidad\u00a0de Le\u00f3n.<\/li>\n<\/ul>\n<ul>\n<li>Jos\u00e9 Antonio Vega Hidalgo (2007-2010).<strong>Rehabilitaci\u00f3n de suelos afectados por incendios forestales: b\u00fasqueda de indicadores de severidad y de t\u00e9cnicas de mitigaci\u00f3n de la erosi\u00f3n post-fuego. <\/strong>Ministerio de Educaci\u00f3n y Ciencia-Instituto Nacional de Investigaci\u00f3n y Tecnolog\u00eda Agraria y Alimentaria (INIA). Universidad\u00a0de Le\u00f3n.<\/li>\n<\/ul>\n<ul>\n<li>Alfonso Fern\u00e1ndez Manso (2004-2006). <strong>Aplicaci\u00f3n de nuevas t\u00e9cnicas de procesamiento digital de im\u00e1genes de sat\u00e9lites para la estimaci\u00f3n de recursos forestales (LE25\/04). <\/strong>Junta de Castilla y Le\u00f3n. Universidad de Le\u00f3n, Universidad de Vigo, Universidad de Valladolid y Universidad de Santiago de Compostela.<\/li>\n<\/ul>\n<ul>\n<li>Lorenzo-Cimadevila,\u00a0H. (2007-2009).<strong>Indicadores de la severidad del fuego en suelos de Galicia: determinaci\u00f3n, evaluaci\u00f3n y cartograf\u00eda empleando Teledetecci\u00f3n y SIG. <\/strong>MEC. Programa Nacional de Recursos y Tecnolog\u00edas Agroalimentarias. Universidad de Vigo, Universidad de Le\u00f3n.<\/li>\n<\/ul>\n<ul>\n<li>Alberto Rojo Alboreca. (2007-2009). <strong>Realizaci\u00f3n dun programa de divulgaci\u00f3n sobre ferramentas para a xesti\u00f3n sostible de montes en Galicia. Convenios con Entidad p\u00fablica. <\/strong>Conseller\u00eda de Medio Rural, Xunta de Galicia.<\/li>\n<\/ul>\n<ul>\n<li>M\u00aa Jes\u00fas Lamela Rey. (2005-2008). <strong>Modelo probabil\u00edstico para c\u00e1lculo de placas de vidrio laminado: propuesta de norma para edificaci\u00f3n. <\/strong><br \/>\nMinisterio, Plan Nacional I+D. Universidad de Oviedo, Universidad de Sevilla, Universidad de Le\u00f3n.<\/li>\n<\/ul>\n<ul>\n<li>Roque J. Rodr\u00edguez Soalleiro. (2004-2007). <strong>Tratamientos selv\u00edcolas y modelos de \u00e1rbol en pinares atl\u00e1nticos (AGL2004-07976-C02-01).\u00a0 <\/strong>V National R&amp;D&amp;I Plan 2004-2007. EPS (USC); Instituto de Investigaciones Agrobiol\u00f3gicas de Galicia (CSIC).<\/li>\n<\/ul>\n<ul>\n<li>Bernardo Llamas. (2004-2006). <strong>La ecoeficiencia en el aprovechamiento integral de los residuos de actividades silv\u00edcolas. Usos en construcci\u00f3n. <\/strong>Diputaci\u00f3n de Le\u00f3n. Universidad de Le\u00f3n, ENERMITEC.<\/li>\n<\/ul>\n<ul>\n<li>Asunci\u00f3n C\u00e1mara Obreg\u00f3n. (2004-2006).<strong>Estudio del crecimiento y producci\u00f3n en pinares regulares de Pinus radiata D. Don en Asturias. <\/strong>Estudio del crecimiento y producci\u00f3n en pinares regulares de Pinus radiata D. Don en Asturias. Universidad de Oviedo; Universidad de Santiago de Compostela; Universidad de Le\u00f3n; Instituto de Desarrollo Rural (Conserjer\u00eda de Medio Rural y Pesca del Principado de Asturias).<\/li>\n<\/ul>\n<ul>\n<li>Enrique Valero Guti\u00e9rrez del Olmo. (2003-2005). <strong>I+D da Aplicaci\u00f3n de Teledetecci\u00f3n e Sistemas de Informaci\u00f3n Xeogr\u00e1fica para a caracterizaci\u00f3n do estado sanitario das masas de Eucalyptus globulus en Galicia, con particular aplicaci\u00f3n \u00e1 avaliaci\u00f3n dos danos por Gonipterus scutellatus. <\/strong>Xunta de Galicia. Universidad de Le\u00f3n, Universidad de Vigo<\/li>\n<\/ul>\n<ul>\n<li>Valero-Guti\u00e9rrez del Olmo, E. (2003-2005). <strong>Aplicaci\u00f3n de teledetecci\u00f3n y SIG para la caracterizaci\u00f3n del estado sanitario de las masas de <em>Eucalyptus globulus<\/em> en Galicia, con particular aplicaci\u00f3n a la evaluaci\u00f3n de los da\u00f1os por <em>Gonipterus scutellatus. <\/em><\/strong>Xunta de Galicia. Plan Galego IDIT 2002-2005. Universidad de Vigo.<\/li>\n<\/ul>\n<ul>\n<li>Michael Wulder. (2003-2004). <strong>Synthesis and assessment of remote sensing techniques for detection of green, red, and grey stages of MPB attack. <\/strong>Natural Resources Canada (Canadian Government). Natural Resources Canada (Canadian Government).<\/li>\n<\/ul>\n<ul>\n<li>Zarco-Tejada, P. (2003-2005). <strong>Estimaci\u00f3n de Variables Biof\u00edsicas en Vi\u00f1edo mediante m\u00e9todos de Teledetecci\u00f3n Hiperespectral y Sat\u00e9lites de Alta Resoluci\u00f3n Espacial para su Integraci\u00f3n en Agricultura de Precisi\u00f3n (VINSAT) (VA108\/03). <\/strong>Junta de Castilla y Le\u00f3n. Universidad de Valladolid.<\/li>\n<\/ul>\n<ul>\n<li>Alfonso Fern\u00e1ndez Manso. (2001-2003). <strong>Estudio dendrom\u00e9trico de las principales especies forestales productivas del noroeste de Castilla y Le\u00f3n. <\/strong>Universidad de Le\u00f3n.<\/li>\n<\/ul>\n<ul>\n<li>Juan Gabriel \u00c1lvarez Gonzalez, Ana Cabaneiro Albaladejo. (200-2003). <strong>Crecimiento y evoluci\u00f3n de las masas de pinar en Galicia. <\/strong>Ministerio de Ciencia y Tecnolog\u00eda. National Plan of I+D+I (2000-2003). Universidad de Santiago de Compostela e Instituto de Investigaciones Agrobiol\u00f3gicas de Galicia, CSIC, Santiago de Compostela.<\/li>\n<\/ul>\n<h1><span style=\"color: #000000; font-size: 31px; line-height: 46px;\"><strong>Contratos de investigaci\u00f3n con empresas y\/o administraciones<\/strong><\/span><\/h1>\n<h2><strong>a) Dirigidos por personal de GI202-GEOINCA<\/strong><\/h2>\n<p>&nbsp;<\/p>\n<ul>\n<li>Rodr\u00edguez-P\u00e9rez, J. R. (2008). <strong>Levantamiento topogr\u00e1fico de dos escombreras en Tremor de Arriba (Le\u00f3n) para su restauraci\u00f3n. <\/strong>Fundaci\u00f3n Ciudad de la Energ\u00eda. Universidad\u00a0de Le\u00f3n.<\/li>\n<\/ul>\n<ul>\n<li>Rodr\u00edguez-P\u00e9rez, J. R. (2008). <strong>Mantenimiento y mejora de Bases de Datos y Sistema de Informaci\u00f3n Geogr\u00e1fica de Descendientes de J. Palacios, S.L. <\/strong>Descendientes de J. Palacios. Universidad\u00a0de Le\u00f3n.<\/li>\n<\/ul>\n<ul>\n<li>Rodr\u00edguez-P\u00e9rez, J. R. (2007-2008). <strong>Integraci\u00f3n de la Geom\u00e1tica en la producci\u00f3n agraria. Desarrollo del Sistema de Informaci\u00f3n Geogr\u00e1fica para los frutales de calidad del Bierzo (FRUBIGIS). <\/strong>Asociaci\u00f3n Berciana de Agricultores. Universidad\u00a0de Le\u00f3n.<\/li>\n<\/ul>\n<ul>\n<li>Rodr\u00edguez-P\u00e9rez, J. R. (2006). <strong>Realizaci\u00f3n y procesado mediante sistemas de informaci\u00f3n geogr\u00e1fica del modelo digital del terreno en el entorno de la central de Compostilla II (Ponferrada-Le\u00f3n) \/ An\u00e1lisis mediante GIS de la topograf\u00eda del entorno del embalse de B\u00e1rcena. <\/strong>AMBINOR consultor\u00eda y proyectos, S.L. Universidad\u00a0de Le\u00f3n.<\/li>\n<\/ul>\n<ul>\n<li>Sanz-Ablanedo, E. (2006). <strong>Modelo digital del terreno para la clausura del vertedero de Puente Domingo Fl\u00f3rez (con receptores GNSS). <\/strong>Compa\u00f1\u00eda de Servicios Integrados de Calidad y ControL, S.A. Universidad\u00a0de Le\u00f3n.<\/li>\n<\/ul>\n<p>&nbsp;<\/p>\n<h2><strong>b) No dirigidos por personal de GI202-GEOINCA<\/strong><\/h2>\n<p>&nbsp;<\/p>\n<ul>\n<li>Casquero-Luelmo, P. A. (2007). <strong>Multiplicaci\u00f3n, caracterizaci\u00f3n y documentaci\u00f3n de las accesiones espa\u00f1olas de jud\u00eda. <\/strong>Instituto Nacional de Investigaci\u00f3n y Tecnolog\u00eda Agraria. Universidad\u00a0de Le\u00f3n.<\/li>\n<\/ul>\n<ul>\n<li>Marcelo-Gabella, V. (2006). <strong>Control del Bitter Pit en la manzana reineta del Bierzo. <\/strong>Asociaci\u00f3n Berciana de Agricultores. Universidad\u00a0de Le\u00f3n.<\/li>\n<\/ul>\n<p>&nbsp;<\/p>\n<p>&nbsp;<\/p>\n<p>Universidad de Le\u00f3n<\/p>\n","protected":false},"excerpt":{"rendered":"<p>Proyectos de investigaci\u00f3n (Concurrencia competitiva) &nbsp; a) Dirigidos por personal de GI202-GEOINCA Rodr\u00edguez-P\u00e9rez, J. R. (2014). Insumos y bioestimulantes ecol\u00f3gicos para la obtenci\u00f3n de vino y aceite alta gama- AGROECO .Financiado por Agricultura y Bodega Renacimiento de Olivares, S.L. (ABRO), gracias al proyecto IDI-20120889 del CDTI. Universidad\u00a0de Le\u00f3n. \u00a0Rodr\u00edguez-P\u00e9rez, J. R. (2014). Desarrollo y puesta [&hellip;]<\/p>\n","protected":false},"author":3,"featured_media":0,"parent":0,"menu_order":0,"comment_status":"closed","ping_status":"open","template":"","meta":{"footnotes":""},"class_list":["post-24","page","type-page","status-publish","hentry"],"_links":{"self":[{"href":"https:\/\/grupos.unileon.es\/ingecart\/wp-json\/wp\/v2\/pages\/24","targetHints":{"allow":["GET"]}}],"collection":[{"href":"https:\/\/grupos.unileon.es\/ingecart\/wp-json\/wp\/v2\/pages"}],"about":[{"href":"https:\/\/grupos.unileon.es\/ingecart\/wp-json\/wp\/v2\/types\/page"}],"author":[{"embeddable":true,"href":"https:\/\/grupos.unileon.es\/ingecart\/wp-json\/wp\/v2\/users\/3"}],"replies":[{"embeddable":true,"href":"https:\/\/grupos.unileon.es\/ingecart\/wp-json\/wp\/v2\/comments?post=24"}],"version-history":[{"count":115,"href":"https:\/\/grupos.unileon.es\/ingecart\/wp-json\/wp\/v2\/pages\/24\/revisions"}],"predecessor-version":[{"id":1154,"href":"https:\/\/grupos.unileon.es\/ingecart\/wp-json\/wp\/v2\/pages\/24\/revisions\/1154"}],"wp:attachment":[{"href":"https:\/\/grupos.unileon.es\/ingecart\/wp-json\/wp\/v2\/media?parent=24"}],"curies":[{"name":"wp","href":"https:\/\/api.w.org\/{rel}","templated":true}]}}