{"id":319,"date":"2011-05-04T08:22:45","date_gmt":"2011-05-04T08:22:45","guid":{"rendered":"http:\/\/grupos.unileon.es\/ingecart\/?page_id=319"},"modified":"2012-03-09T12:52:49","modified_gmt":"2012-03-09T12:52:49","slug":"tesis-doctorales","status":"publish","type":"page","link":"https:\/\/grupos.unileon.es\/ingecart\/tesis-doctorales\/","title":{"rendered":"Tesis doctorales"},"content":{"rendered":"<div style=\"text-align: left\">\n<p><span style=\"font-size: small\"><span style=\"border-collapse: collapse;line-height: 24px\"><span style=\"font-size: small\">\u00a0<\/span><\/span><\/span><\/p>\n<div>\n<table border=\"1\" cellspacing=\"0\" cellpadding=\"0\">\n<tbody>\n<tr>\n<td width=\"467\"><strong>T\u00edtulo de la tesis<\/strong><\/td>\n<td width=\"108\"><strong>Inicio<\/strong><\/td>\n<td width=\"110\"><strong>Estado<\/strong><\/td>\n<\/tr>\n<tr>\n<td width=\"467\"><strong>Control de la deformaci\u00f3n en s\u00f3lidos mediante t\u00e9cnicas de fotogrametr\u00eda de objeto cercano: aplicaci\u00f3n a un problema de dise\u00f1o estructural <\/strong><br \/>\n(Autor: Enoc Sanz Ablanedo)<\/td>\n<td width=\"108\">2006<\/td>\n<td width=\"110\">Le\u00edda<br \/>\n(29-05-2009)<\/td>\n<\/tr>\n<tr>\n<td width=\"467\"><strong>Metodolog\u00eda para la estimaci\u00f3n regional de la capacidad de almacenamiento de CO<sub>2<\/sub> en formaciones permeables profundas y sus incertidumbres \u00a0*<\/strong><br \/>\n(Autor: Antonio Hurtado Bezos)<\/td>\n<td width=\"108\">2007<\/td>\n<td width=\"110\">Le\u00edda<br \/>\n(29-10-2009)<\/td>\n<\/tr>\n<tr>\n<td width=\"467\"><strong>Evaluaci\u00f3n del efecto de los incendios en los procesos erosivos mediante sensores remotos y sistemas de informaci\u00f3n geogr\u00e1fica<\/strong><br \/>\n(Doctorando: Federico Santiago Giovanardi Gonz\u00e1lez)<\/td>\n<td width=\"108\">2008<\/td>\n<td width=\"110\">En curso<\/td>\n<\/tr>\n<tr>\n<td width=\"467\"><strong>Yacimientos de icnitas de dinosaurios de la Cuenca de Cameros (N de Espa\u00f1a): an\u00e1lisis de poblaciones y aplicaci\u00f3n de nuevas tecnolog\u00edas SIG. Valoraci\u00f3n y diagn\u00f3stico del Patrimonio Paleontol\u00f3gico<\/strong><br \/>\n(Doctorando: Esperanza Garc\u00eda Ortiz de Landaluze)<\/td>\n<td width=\"108\">2010<\/td>\n<td width=\"110\">En curso<\/td>\n<\/tr>\n<tr>\n<td width=\"467\"><strong>Estimaci\u00f3n de variables vitivin\u00edcolas mediante t\u00e9cnicas de teledetecci\u00f3n y Sistemas de Informaci\u00f3n Geogr\u00e1fica para su integraci\u00f3n en viticultura de precisi\u00f3n en la Denominaci\u00f3n de Origen Bierzo<\/strong><br \/>\n(Doctorando: Ana Bel\u00e9n Gonz\u00e1lez Fern\u00e1ndez)<\/td>\n<td width=\"108\">2011<\/td>\n<td width=\"110\">En curso<\/td>\n<\/tr>\n<tr>\n<td width=\"467\"><strong>An\u00e1lisis del funcionamiento de receptores GNSS bajo cubierta arbolada<\/strong><br \/>\n(Doctorando: Marco Antonio Blanco V\u00e1zquez)<\/td>\n<td width=\"108\">2011<\/td>\n<td width=\"110\">En curso<\/td>\n<\/tr>\n<\/tbody>\n<\/table>\n<\/div>\n<div><\/div>\n<div>\n<p>* Tesis reconocida con el Premio Tesis Doctoral C\u00e1tedra HUNOSA (Edici\u00f3n 2010: 6000\u20ac)<\/p>\n<\/div>\n<p>&nbsp;<\/p>\n<p>&nbsp;<\/p>\n<p>&nbsp;<\/p>\n<p>&nbsp;<\/p>\n<\/div>\n","protected":false},"excerpt":{"rendered":"<p>\u00a0 T\u00edtulo de la tesis Inicio Estado Control de la deformaci\u00f3n en s\u00f3lidos mediante t\u00e9cnicas de fotogrametr\u00eda de objeto cercano: aplicaci\u00f3n a un problema de dise\u00f1o estructural (Autor: Enoc Sanz Ablanedo) 2006 Le\u00edda (29-05-2009) Metodolog\u00eda para la estimaci\u00f3n regional de la capacidad de almacenamiento de CO2 en formaciones permeables profundas y sus incertidumbres \u00a0* (Autor: [&hellip;]<\/p>\n","protected":false},"author":3,"featured_media":0,"parent":0,"menu_order":0,"comment_status":"closed","ping_status":"open","template":"","meta":{"footnotes":""},"class_list":["post-319","page","type-page","status-publish","hentry"],"_links":{"self":[{"href":"https:\/\/grupos.unileon.es\/ingecart\/wp-json\/wp\/v2\/pages\/319","targetHints":{"allow":["GET"]}}],"collection":[{"href":"https:\/\/grupos.unileon.es\/ingecart\/wp-json\/wp\/v2\/pages"}],"about":[{"href":"https:\/\/grupos.unileon.es\/ingecart\/wp-json\/wp\/v2\/types\/page"}],"author":[{"embeddable":true,"href":"https:\/\/grupos.unileon.es\/ingecart\/wp-json\/wp\/v2\/users\/3"}],"replies":[{"embeddable":true,"href":"https:\/\/grupos.unileon.es\/ingecart\/wp-json\/wp\/v2\/comments?post=319"}],"version-history":[{"count":16,"href":"https:\/\/grupos.unileon.es\/ingecart\/wp-json\/wp\/v2\/pages\/319\/revisions"}],"predecessor-version":[{"id":325,"href":"https:\/\/grupos.unileon.es\/ingecart\/wp-json\/wp\/v2\/pages\/319\/revisions\/325"}],"wp:attachment":[{"href":"https:\/\/grupos.unileon.es\/ingecart\/wp-json\/wp\/v2\/media?parent=319"}],"curies":[{"name":"wp","href":"https:\/\/api.w.org\/{rel}","templated":true}]}}