{"id":34,"date":"2011-04-28T09:40:10","date_gmt":"2011-04-28T09:40:10","guid":{"rendered":"http:\/\/grupos.unileon.es\/ingecart\/?page_id=34"},"modified":"2014-04-28T11:23:53","modified_gmt":"2014-04-28T11:23:53","slug":"contacto","status":"publish","type":"page","link":"https:\/\/grupos.unileon.es\/ingecart\/contacto\/","title":{"rendered":"Contacto"},"content":{"rendered":"<h3><b>Grupo de investigaci\u00f3n 202 (GEOINCA)<\/b>.<\/h3>\n<p><em><span style=\"text-decoration: underline;\">Direcci\u00f3n:<\/span><\/em> Universidad de Le\u00f3n. Avenida de Astorga, s\/n. 24400 Ponferrada. Le\u00f3n. Espa\u00f1a<\/p>\n<p><em><span style=\"text-decoration: underline;\">Phone<\/span><\/em>: +34 987442000<\/p>\n<p><em><span style=\"text-decoration: underline;\">Fax<\/span><\/em>: +34 987442070<\/p>\n<p><em><span style=\"text-decoration: underline;\">Corre<\/span><span style=\"text-decoration: underline;\">o<\/span><\/em><span style=\"text-decoration: underline;\"> <em>electr\u00f3nico<\/em><\/span>: jrrodp@unileon.es<\/p>\n<p><iframe loading=\"lazy\" width=\"425\" height=\"350\" frameborder=\"0\" scrolling=\"no\" marginheight=\"0\" marginwidth=\"0\" src=\"https:\/\/maps.google.es\/maps?f=q&amp;source=embed&amp;hl=es&amp;geocode=&amp;q=Universidad+De+Ponferrada&amp;aq=0&amp;oq=universidad+de+pon&amp;sll=42.550111,-6.581299&amp;sspn=0.010496,0.016544&amp;t=m&amp;ie=UTF8&amp;hq=&amp;hnear=Universidad+De+Ponferrada&amp;ll=42.550111,-6.581299&amp;spn=0.041985,0.066175&amp;z=14&amp;iwloc=A&amp;output=embed\"><\/iframe><br \/><small><a href=\"https:\/\/maps.google.es\/maps?f=q&amp;source=embed&amp;hl=es&amp;geocode=&amp;q=Universidad+De+Ponferrada&amp;aq=0&amp;oq=universidad+de+pon&amp;sll=42.550111,-6.581299&amp;sspn=0.010496,0.016544&amp;t=m&amp;ie=UTF8&amp;hq=&amp;hnear=Universidad+De+Ponferrada&amp;ll=42.550111,-6.581299&amp;spn=0.041985,0.066175&amp;z=14&amp;iwloc=A\" style=\"color:#0000FF;text-align:left\">Ver mapa m\u00e1s grande<\/a><\/small><\/p>\n","protected":false},"excerpt":{"rendered":"<p>Grupo de investigaci\u00f3n 202 (GEOINCA). Direcci\u00f3n: Universidad de Le\u00f3n. Avenida de Astorga, s\/n. 24400 Ponferrada. Le\u00f3n. Espa\u00f1a Phone: +34 987442000 Fax: +34 987442070 Correo electr\u00f3nico: jrrodp@unileon.es Ver mapa m\u00e1s grande<\/p>\n","protected":false},"author":3,"featured_media":0,"parent":0,"menu_order":0,"comment_status":"closed","ping_status":"open","template":"","meta":{"footnotes":""},"class_list":["post-34","page","type-page","status-publish","hentry"],"_links":{"self":[{"href":"https:\/\/grupos.unileon.es\/ingecart\/wp-json\/wp\/v2\/pages\/34","targetHints":{"allow":["GET"]}}],"collection":[{"href":"https:\/\/grupos.unileon.es\/ingecart\/wp-json\/wp\/v2\/pages"}],"about":[{"href":"https:\/\/grupos.unileon.es\/ingecart\/wp-json\/wp\/v2\/types\/page"}],"author":[{"embeddable":true,"href":"https:\/\/grupos.unileon.es\/ingecart\/wp-json\/wp\/v2\/users\/3"}],"replies":[{"embeddable":true,"href":"https:\/\/grupos.unileon.es\/ingecart\/wp-json\/wp\/v2\/comments?post=34"}],"version-history":[{"count":23,"href":"https:\/\/grupos.unileon.es\/ingecart\/wp-json\/wp\/v2\/pages\/34\/revisions"}],"predecessor-version":[{"id":1198,"href":"https:\/\/grupos.unileon.es\/ingecart\/wp-json\/wp\/v2\/pages\/34\/revisions\/1198"}],"wp:attachment":[{"href":"https:\/\/grupos.unileon.es\/ingecart\/wp-json\/wp\/v2\/media?parent=34"}],"curies":[{"name":"wp","href":"https:\/\/api.w.org\/{rel}","templated":true}]}}